{"id":1593,"date":"2014-10-29T11:16:20","date_gmt":"2014-10-29T10:16:20","guid":{"rendered":"https:\/\/sito.se.vkube.cloud\/?page_id=1593"},"modified":"2014-10-29T11:27:46","modified_gmt":"2014-10-29T10:27:46","slug":"folj-med-shf-pa-en-utbildningsresa-till-usa","status":"publish","type":"page","link":"https:\/\/hovslagareforeningen.se\/en\/folj-med-shf-pa-en-utbildningsresa-till-usa\/","title":{"rendered":"F\u00f6lj med SHF p\u00e5 en utbildningsresa till USA!"},"content":{"rendered":"<p>&nbsp;<\/p>\n<h2><span style=\"color: #0000ff;\">\u00a0<strong>Svenska Hovslagaref\u00f6reningen reser \u00e5ter v\u00e4sterut!<\/strong><\/span><\/h2>\n<p><img data-recalc-dims=\"1\" loading=\"lazy\" decoding=\"async\" class=\"alignleft  wp-image-1595\" src=\"https:\/\/i0.wp.com\/hovslagareforeningen.se\/wp-content\/uploads\/2014\/10\/Kansas-City-Scout-Sculpture.jpg?resize=606%2C455&#038;ssl=1\" alt=\"Kansas-City-Scout-Sculpture\" width=\"606\" height=\"455\" srcset=\"https:\/\/i0.wp.com\/hovslagareforeningen.se\/wp-content\/uploads\/2014\/10\/Kansas-City-Scout-Sculpture.jpg?resize=1024%2C768&amp;ssl=1 1024w, https:\/\/i0.wp.com\/hovslagareforeningen.se\/wp-content\/uploads\/2014\/10\/Kansas-City-Scout-Sculpture.jpg?resize=300%2C225&amp;ssl=1 300w, https:\/\/i0.wp.com\/hovslagareforeningen.se\/wp-content\/uploads\/2014\/10\/Kansas-City-Scout-Sculpture.jpg?resize=600%2C450&amp;ssl=1 600w, https:\/\/i0.wp.com\/hovslagareforeningen.se\/wp-content\/uploads\/2014\/10\/Kansas-City-Scout-Sculpture.jpg?w=1600&amp;ssl=1 1600w\" sizes=\"auto, (max-width: 606px) 100vw, 606px\" \/><\/p>\n<p>&nbsp;<\/p>\n<p>&nbsp;<\/p>\n<p>&nbsp;<\/p>\n<p>&nbsp;<\/p>\n<p>&nbsp;<\/p>\n<p>&nbsp;<\/p>\n<p>&nbsp;<\/p>\n<p>&nbsp;<\/p>\n<p>&nbsp;<\/p>\n<p>&nbsp;<\/p>\n<p>&nbsp;<\/p>\n<p>&nbsp;<\/p>\n<p>&nbsp;<\/p>\n<p>&nbsp;<\/p>\n<p>&nbsp;<\/p>\n<p>&nbsp;<\/p>\n<p>&nbsp;<\/p>\n<p><strong><em>Efter f\u00f6rra \u00e5rets succ\u00e9 arrangerar SHF \u00e5ter en utbildningsresa till USA! Vi reser den 21 februari 2015- 8 mars 2015.<\/em><\/strong><\/p>\n<p><strong><em>Vi bes\u00f6ker bland annat AFAs \u00e5rliga konvent, Oklahoma och Dallas i Texas!<\/em><\/strong><\/p>\n<p>&nbsp;<\/p>\n<p><strong>Program<\/strong><\/p>\n<p>Utresa fr\u00e5n Kastrup eller Arlanda 21 februari 2015 till Kansas City, USA. Vi hyr bilar med plats f\u00f6r 6-7 personer. Tv\u00e5 personer per bil turas om att k\u00f6ra.<\/p>\n<p>Vi b\u00f6rjar med att bes\u00f6ka AFAs \u00e5rliga konvent p\u00e5 Sheraton Overland Park i Kansas\u00a0 City. P\u00e5 konventet deltar vi i m\u00e4ngder av olika f\u00f6rel\u00e4sningar, demonstrationer och hands on\u00a0 clinics.<\/p>\n<p><a href=\"http:\/\/americanfarriers.org\/annual-convention\/annual-convention\/\"><img data-recalc-dims=\"1\" loading=\"lazy\" decoding=\"async\" class=\"alignleft size-full wp-image-1596\" src=\"https:\/\/i0.wp.com\/hovslagareforeningen.se\/wp-content\/uploads\/2014\/10\/Overland-Park-LogoRevised-2-1-287x289.jpg?resize=287%2C289&#038;ssl=1\" alt=\"Overland-Park-LogoRevised-2-1-287x289\" width=\"287\" height=\"289\" srcset=\"https:\/\/i0.wp.com\/hovslagareforeningen.se\/wp-content\/uploads\/2014\/10\/Overland-Park-LogoRevised-2-1-287x289.jpg?resize=287%2C289&amp;ssl=1 287w, https:\/\/i0.wp.com\/hovslagareforeningen.se\/wp-content\/uploads\/2014\/10\/Overland-Park-LogoRevised-2-1-287x289.jpg?resize=150%2C150&amp;ssl=1 150w\" sizes=\"auto, (max-width: 287px) 100vw, 287px\" \/><\/a><\/p>\n<p>http:\/\/americanfarriers.org\/annual-convention\/annual-convention\/<\/p>\n<p>&nbsp;<\/p>\n<p>D\u00e4refter beger vi oss\u00a0 till en hovslagarskola i Oklahoma, vi tittar f\u00f6rst\u00e5s in i flera hovslagaraff\u00e4rer och h\u00e4lsar p\u00e5 hos uppf\u00f6dare och karant\u00e4nstall.<\/p>\n<p>N\u00e4r vi sedan far vidare s\u00f6derut passerar vi ett Rescuecenter f\u00f6r vilda djur, mera hovslagaraff\u00e4rer och vi bes\u00f6ker n\u00e5gra av v\u00e4rldens b\u00e4sta westernryttare och deras hovslagare p\u00e5 fina anl\u00e4ggningar runt om i Whitesboro. Vi avslutar resan med en trevlig helg i Fort Worth, Dallas med bl.a. Rodeon p\u00e5 Stockyards och v\u00e4rldens st\u00f6rsta honkytonkst\u00e4lle: Billy Bobs Texas !<\/p>\n<p>www.billybobstexas.com<\/p>\n<p>Hemresa fr\u00e5n Dallas, Texas den 8 mars 2015 till Kastrup eller Arlanda.<\/p>\n<p>Anm\u00e4l snarast m\u00f6jligt, dock senast 20 november 2014!<\/p>\n<p>&nbsp;<\/p>\n<p>&nbsp;<\/p>\n<p>Pris: Prelimin\u00e4rt 16 000 kr varav anm\u00e4lningsavgift 8000 kr. Priset kan beh\u00f6va justeras upp eller ned med ca 2000 kr.<\/p>\n<p>Priset inkluderar flyg fr\u00e5n Kastrup eller Arlanda, hotell med del i dubbelrum, bilhyra samt anm\u00e4lningsavgift till AFA.<\/p>\n<p>Enkelrum kan f\u00e5s mot extra kostnad.<\/p>\n<p>Icke medlemmar i SHF betalar en extra anm\u00e4lningsavgift om 1500 kr. G\u00e4ller ej medlems medf\u00f6ljande partner. Resterande del faktureras efter bokning. Anm\u00e4lan \u00e4r bindande. Resan och vistelsen sker p\u00e5 helt eget ansvar.<\/p>\n<p>Om s\u00e5 \u00f6nskas kan man k\u00f6pa till resef\u00f6rs\u00e4kring f\u00f6r 595 kr och avbest\u00e4llningskydd f\u00f6r ca 695 kr.<\/p>\n<p>Det kr\u00e4vs visum f\u00f6r att resa till USA. Alla resen\u00e4rer ansvarar sj\u00e4lva f\u00f6r att s\u00f6ka ESTA (visum) till USA. se till att ditt pass har mer \u00e4n 6 m\u00e5naders giltighetstid kvar n\u00e4r du ans\u00f6ker. H\u00e4r ans\u00f6ker du om visum:\u00a0https:\/\/esta.cbp.dhs.gov\/esta\/<\/p>\n<p>&nbsp;<\/p>\n<p><img data-recalc-dims=\"1\" loading=\"lazy\" decoding=\"async\" class=\"alignleft size-full wp-image-1597\" src=\"https:\/\/i0.wp.com\/hovslagareforeningen.se\/wp-content\/uploads\/2014\/10\/stockyards-championship-rodeo-992691-regular.jpg?resize=510%2C265&#038;ssl=1\" alt=\"stockyards-championship-rodeo-992691-regular\" width=\"510\" height=\"265\" srcset=\"https:\/\/i0.wp.com\/hovslagareforeningen.se\/wp-content\/uploads\/2014\/10\/stockyards-championship-rodeo-992691-regular.jpg?w=510&amp;ssl=1 510w, https:\/\/i0.wp.com\/hovslagareforeningen.se\/wp-content\/uploads\/2014\/10\/stockyards-championship-rodeo-992691-regular.jpg?resize=300%2C155&amp;ssl=1 300w\" sizes=\"auto, (max-width: 510px) 100vw, 510px\" \/><\/p>\n<p>&nbsp;<\/p>\n<p>&nbsp;<\/p>\n<p>Anm\u00e4l dig genom att maila eller skicka in en kopia p\u00e5 ditt pass till kansliet. Ange namn, personnummer, fullst\u00e4ndig adress, telefonnummer, \u00f6nskad avreseort och uppge om du vill k\u00f6pa till f\u00f6rs\u00e4kringar. \u00a0Anm\u00e4lan ska f\u00f6ljas av en inbetalning av anm\u00e4lningsavgiften 8000 kr p\u00e5 plusgiro 11 41 13-4.Ange ditt namn vid inbetalning. Anm\u00e4lan \u00e4r giltig n\u00e4r avgiften \u00e4r inbetalad.<\/p>\n<p>&nbsp;<\/p>\n<p>&nbsp;<\/p>\n<p>&nbsp;<\/p>\n<p>Vid fr\u00e5gor om resan kontakta Zeta L\u00e5ng p\u00e5 telefon: 073-346 92 93 eller mail zeta.lang@gmail.com<\/p>\n<p>Vid fr\u00e5gor ang\u00e5ende bokning mm kontakta Magdalena p\u00e5 kansliet, 0722-088 008 eller kansliet@hovslagareforeningen.se<\/p>\n<p>Kansli SHF kansliet@hovslagareforeningen.se Alestadsv. 167 27595 Sj\u00f6bo<\/p>\n<p>&nbsp;<\/p>\n<h3><strong><span style=\"color: #0000ff;\">Kom med p\u00e5 denna fantastiska resa!<\/span><\/strong><\/h3>","protected":false},"excerpt":{"rendered":"<p>&nbsp; \u00a0Svenska Hovslagaref\u00f6reningen reser \u00e5ter v\u00e4sterut! &nbsp; &nbsp; &nbsp; &nbsp; &nbsp; &nbsp; &nbsp; &nbsp; &nbsp; &nbsp; &nbsp; &nbsp; &nbsp; &nbsp; &nbsp; &nbsp; &nbsp; Efter f\u00f6rra \u00e5rets succ\u00e9 arrangerar SHF \u00e5ter [&hellip;]<\/p>\n","protected":false},"author":399,"featured_media":1595,"parent":0,"menu_order":0,"comment_status":"closed","ping_status":"closed","template":"","meta":{"_EventAllDay":false,"_EventTimezone":"","_EventStartDate":"","_EventEndDate":"","_EventStartDateUTC":"","_EventEndDateUTC":"","_EventShowMap":false,"_EventShowMapLink":false,"_EventURL":"","_EventCost":"","_EventCostDescription":"","_EventCurrencySymbol":"","_EventCurrencyCode":"","_EventCurrencyPosition":"","_EventDateTimeSeparator":"","_EventTimeRangeSeparator":"","_EventOrganizerID":[],"_EventVenueID":[],"_OrganizerEmail":"","_OrganizerPhone":"","_OrganizerWebsite":"","_VenueAddress":"","_VenueCity":"","_VenueCountry":"","_VenueProvince":"","_VenueState":"","_VenueZip":"","_VenuePhone":"","_VenueURL":"","_VenueStateProvince":"","_VenueLat":"","_VenueLng":"","_VenueShowMap":false,"_VenueShowMapLink":false,"footnotes":""},"class_list":["post-1593","page","type-page","status-publish","has-post-thumbnail","hentry"],"blocksy_meta":[],"yoast_head":"<!-- This site is optimized with the Yoast SEO plugin v27.4 - https:\/\/yoast.com\/product\/yoast-seo-wordpress\/ -->\n<title>F\u00f6lj med SHF p\u00e5 en utbildningsresa till USA! - Svenska Hovslagaref\u00f6reningen<\/title>\n<meta name=\"robots\" content=\"index, follow, max-snippet:-1, max-image-preview:large, max-video-preview:-1\" \/>\n<link rel=\"canonical\" href=\"https:\/\/hovslagareforeningen.se\/en\/folj-med-shf-pa-en-utbildningsresa-till-usa\/\" \/>\n<meta property=\"og:locale\" content=\"en_GB\" \/>\n<meta property=\"og:type\" content=\"article\" \/>\n<meta property=\"og:title\" content=\"F\u00f6lj med SHF p\u00e5 en utbildningsresa till USA! - Svenska Hovslagaref\u00f6reningen\" \/>\n<meta property=\"og:description\" content=\"&nbsp; \u00a0Svenska Hovslagaref\u00f6reningen reser \u00e5ter v\u00e4sterut! &nbsp; &nbsp; &nbsp; &nbsp; &nbsp; &nbsp; &nbsp; &nbsp; &nbsp; &nbsp; &nbsp; &nbsp; &nbsp; &nbsp; &nbsp; &nbsp; &nbsp; Efter f\u00f6rra \u00e5rets succ\u00e9 arrangerar SHF \u00e5ter [&hellip;]\" \/>\n<meta property=\"og:url\" content=\"https:\/\/hovslagareforeningen.se\/en\/folj-med-shf-pa-en-utbildningsresa-till-usa\/\" \/>\n<meta property=\"og:site_name\" content=\"Svenska Hovslagaref\u00f6reningen\" \/>\n<meta property=\"article:publisher\" content=\"https:\/\/www.facebook.com\/SvenskaHovslagareforeningen\" \/>\n<meta property=\"article:modified_time\" content=\"2014-10-29T10:27:46+00:00\" \/>\n<meta property=\"og:image\" content=\"https:\/\/i0.wp.com\/hovslagareforeningen.se\/wp-content\/uploads\/2014\/10\/Kansas-City-Scout-Sculpture.jpg?fit=1600%2C1200&ssl=1\" \/>\n\t<meta property=\"og:image:width\" content=\"1600\" \/>\n\t<meta property=\"og:image:height\" content=\"1200\" \/>\n\t<meta property=\"og:image:type\" content=\"image\/jpeg\" \/>\n<meta name=\"twitter:card\" content=\"summary_large_image\" \/>\n<meta name=\"twitter:label1\" content=\"Estimated reading time\" \/>\n\t<meta name=\"twitter:data1\" content=\"3 minutes\" \/>\n<script type=\"application\/ld+json\" class=\"yoast-schema-graph\">{\"@context\":\"https:\\\/\\\/schema.org\",\"@graph\":[{\"@type\":\"WebPage\",\"@id\":\"https:\\\/\\\/hovslagareforeningen.se\\\/folj-med-shf-pa-en-utbildningsresa-till-usa\\\/\",\"url\":\"https:\\\/\\\/hovslagareforeningen.se\\\/folj-med-shf-pa-en-utbildningsresa-till-usa\\\/\",\"name\":\"F\u00f6lj med SHF p\u00e5 en utbildningsresa till USA! - Svenska Hovslagaref\u00f6reningen\",\"isPartOf\":{\"@id\":\"https:\\\/\\\/hovslagareforeningen.se\\\/#website\"},\"primaryImageOfPage\":{\"@id\":\"https:\\\/\\\/hovslagareforeningen.se\\\/folj-med-shf-pa-en-utbildningsresa-till-usa\\\/#primaryimage\"},\"image\":{\"@id\":\"https:\\\/\\\/hovslagareforeningen.se\\\/folj-med-shf-pa-en-utbildningsresa-till-usa\\\/#primaryimage\"},\"thumbnailUrl\":\"https:\\\/\\\/i0.wp.com\\\/hovslagareforeningen.se\\\/wp-content\\\/uploads\\\/2014\\\/10\\\/Kansas-City-Scout-Sculpture.jpg?fit=1600%2C1200&ssl=1\",\"datePublished\":\"2014-10-29T10:16:20+00:00\",\"dateModified\":\"2014-10-29T10:27:46+00:00\",\"breadcrumb\":{\"@id\":\"https:\\\/\\\/hovslagareforeningen.se\\\/folj-med-shf-pa-en-utbildningsresa-till-usa\\\/#breadcrumb\"},\"inLanguage\":\"en-GB\",\"potentialAction\":[{\"@type\":\"ReadAction\",\"target\":[\"https:\\\/\\\/hovslagareforeningen.se\\\/folj-med-shf-pa-en-utbildningsresa-till-usa\\\/\"]}]},{\"@type\":\"ImageObject\",\"inLanguage\":\"en-GB\",\"@id\":\"https:\\\/\\\/hovslagareforeningen.se\\\/folj-med-shf-pa-en-utbildningsresa-till-usa\\\/#primaryimage\",\"url\":\"https:\\\/\\\/i0.wp.com\\\/hovslagareforeningen.se\\\/wp-content\\\/uploads\\\/2014\\\/10\\\/Kansas-City-Scout-Sculpture.jpg?fit=1600%2C1200&ssl=1\",\"contentUrl\":\"https:\\\/\\\/i0.wp.com\\\/hovslagareforeningen.se\\\/wp-content\\\/uploads\\\/2014\\\/10\\\/Kansas-City-Scout-Sculpture.jpg?fit=1600%2C1200&ssl=1\",\"width\":1600,\"height\":1200},{\"@type\":\"BreadcrumbList\",\"@id\":\"https:\\\/\\\/hovslagareforeningen.se\\\/folj-med-shf-pa-en-utbildningsresa-till-usa\\\/#breadcrumb\",\"itemListElement\":[{\"@type\":\"ListItem\",\"position\":1,\"name\":\"Hem\",\"item\":\"https:\\\/\\\/hovslagareforeningen.se\\\/\"},{\"@type\":\"ListItem\",\"position\":2,\"name\":\"F\u00f6lj med SHF p\u00e5 en utbildningsresa till USA!\"}]},{\"@type\":\"WebSite\",\"@id\":\"https:\\\/\\\/hovslagareforeningen.se\\\/#website\",\"url\":\"https:\\\/\\\/hovslagareforeningen.se\\\/\",\"name\":\"Svenska Hovslagaref\u00f6reningen\",\"description\":\"\",\"publisher\":{\"@id\":\"https:\\\/\\\/hovslagareforeningen.se\\\/#organization\"},\"potentialAction\":[{\"@type\":\"SearchAction\",\"target\":{\"@type\":\"EntryPoint\",\"urlTemplate\":\"https:\\\/\\\/hovslagareforeningen.se\\\/?s={search_term_string}\"},\"query-input\":{\"@type\":\"PropertyValueSpecification\",\"valueRequired\":true,\"valueName\":\"search_term_string\"}}],\"inLanguage\":\"en-GB\"},{\"@type\":\"Organization\",\"@id\":\"https:\\\/\\\/hovslagareforeningen.se\\\/#organization\",\"name\":\"Svenska Hovslagaref\u00f6reningen\",\"url\":\"https:\\\/\\\/hovslagareforeningen.se\\\/\",\"logo\":{\"@type\":\"ImageObject\",\"inLanguage\":\"en-GB\",\"@id\":\"https:\\\/\\\/hovslagareforeningen.se\\\/#\\\/schema\\\/logo\\\/image\\\/\",\"url\":\"https:\\\/\\\/i0.wp.com\\\/hovslagareforeningen.se\\\/wp-content\\\/uploads\\\/2025\\\/12\\\/SHF-logo.png?fit=594%2C558&ssl=1\",\"contentUrl\":\"https:\\\/\\\/i0.wp.com\\\/hovslagareforeningen.se\\\/wp-content\\\/uploads\\\/2025\\\/12\\\/SHF-logo.png?fit=594%2C558&ssl=1\",\"width\":594,\"height\":558,\"caption\":\"Svenska Hovslagaref\u00f6reningen\"},\"image\":{\"@id\":\"https:\\\/\\\/hovslagareforeningen.se\\\/#\\\/schema\\\/logo\\\/image\\\/\"},\"sameAs\":[\"https:\\\/\\\/www.facebook.com\\\/SvenskaHovslagareforeningen\",\"https:\\\/\\\/www.instagram.com\\\/svenska_hovslagareforeningen\"]}]}<\/script>\n<!-- \/ Yoast SEO plugin. -->","yoast_head_json":{"title":"F\u00f6lj med SHF p\u00e5 en utbildningsresa till USA! - Svenska Hovslagaref\u00f6reningen","robots":{"index":"index","follow":"follow","max-snippet":"max-snippet:-1","max-image-preview":"max-image-preview:large","max-video-preview":"max-video-preview:-1"},"canonical":"https:\/\/hovslagareforeningen.se\/en\/folj-med-shf-pa-en-utbildningsresa-till-usa\/","og_locale":"en_GB","og_type":"article","og_title":"F\u00f6lj med SHF p\u00e5 en utbildningsresa till USA! - Svenska Hovslagaref\u00f6reningen","og_description":"&nbsp; \u00a0Svenska Hovslagaref\u00f6reningen reser \u00e5ter v\u00e4sterut! &nbsp; &nbsp; &nbsp; &nbsp; &nbsp; &nbsp; &nbsp; &nbsp; &nbsp; &nbsp; &nbsp; &nbsp; &nbsp; &nbsp; &nbsp; &nbsp; &nbsp; Efter f\u00f6rra \u00e5rets succ\u00e9 arrangerar SHF \u00e5ter [&hellip;]","og_url":"https:\/\/hovslagareforeningen.se\/en\/folj-med-shf-pa-en-utbildningsresa-till-usa\/","og_site_name":"Svenska Hovslagaref\u00f6reningen","article_publisher":"https:\/\/www.facebook.com\/SvenskaHovslagareforeningen","article_modified_time":"2014-10-29T10:27:46+00:00","og_image":[{"width":1600,"height":1200,"url":"https:\/\/i0.wp.com\/hovslagareforeningen.se\/wp-content\/uploads\/2014\/10\/Kansas-City-Scout-Sculpture.jpg?fit=1600%2C1200&ssl=1","type":"image\/jpeg"}],"twitter_card":"summary_large_image","twitter_misc":{"Estimated reading time":"3 minutes"},"schema":{"@context":"https:\/\/schema.org","@graph":[{"@type":"WebPage","@id":"https:\/\/hovslagareforeningen.se\/folj-med-shf-pa-en-utbildningsresa-till-usa\/","url":"https:\/\/hovslagareforeningen.se\/folj-med-shf-pa-en-utbildningsresa-till-usa\/","name":"F\u00f6lj med SHF p\u00e5 en utbildningsresa till USA! - Svenska Hovslagaref\u00f6reningen","isPartOf":{"@id":"https:\/\/hovslagareforeningen.se\/#website"},"primaryImageOfPage":{"@id":"https:\/\/hovslagareforeningen.se\/folj-med-shf-pa-en-utbildningsresa-till-usa\/#primaryimage"},"image":{"@id":"https:\/\/hovslagareforeningen.se\/folj-med-shf-pa-en-utbildningsresa-till-usa\/#primaryimage"},"thumbnailUrl":"https:\/\/i0.wp.com\/hovslagareforeningen.se\/wp-content\/uploads\/2014\/10\/Kansas-City-Scout-Sculpture.jpg?fit=1600%2C1200&ssl=1","datePublished":"2014-10-29T10:16:20+00:00","dateModified":"2014-10-29T10:27:46+00:00","breadcrumb":{"@id":"https:\/\/hovslagareforeningen.se\/folj-med-shf-pa-en-utbildningsresa-till-usa\/#breadcrumb"},"inLanguage":"en-GB","potentialAction":[{"@type":"ReadAction","target":["https:\/\/hovslagareforeningen.se\/folj-med-shf-pa-en-utbildningsresa-till-usa\/"]}]},{"@type":"ImageObject","inLanguage":"en-GB","@id":"https:\/\/hovslagareforeningen.se\/folj-med-shf-pa-en-utbildningsresa-till-usa\/#primaryimage","url":"https:\/\/i0.wp.com\/hovslagareforeningen.se\/wp-content\/uploads\/2014\/10\/Kansas-City-Scout-Sculpture.jpg?fit=1600%2C1200&ssl=1","contentUrl":"https:\/\/i0.wp.com\/hovslagareforeningen.se\/wp-content\/uploads\/2014\/10\/Kansas-City-Scout-Sculpture.jpg?fit=1600%2C1200&ssl=1","width":1600,"height":1200},{"@type":"BreadcrumbList","@id":"https:\/\/hovslagareforeningen.se\/folj-med-shf-pa-en-utbildningsresa-till-usa\/#breadcrumb","itemListElement":[{"@type":"ListItem","position":1,"name":"Hem","item":"https:\/\/hovslagareforeningen.se\/"},{"@type":"ListItem","position":2,"name":"F\u00f6lj med SHF p\u00e5 en utbildningsresa till USA!"}]},{"@type":"WebSite","@id":"https:\/\/hovslagareforeningen.se\/#website","url":"https:\/\/hovslagareforeningen.se\/","name":"Svenska Hovslagaref\u00f6reningen","description":"","publisher":{"@id":"https:\/\/hovslagareforeningen.se\/#organization"},"potentialAction":[{"@type":"SearchAction","target":{"@type":"EntryPoint","urlTemplate":"https:\/\/hovslagareforeningen.se\/?s={search_term_string}"},"query-input":{"@type":"PropertyValueSpecification","valueRequired":true,"valueName":"search_term_string"}}],"inLanguage":"en-GB"},{"@type":"Organization","@id":"https:\/\/hovslagareforeningen.se\/#organization","name":"Svenska Hovslagaref\u00f6reningen","url":"https:\/\/hovslagareforeningen.se\/","logo":{"@type":"ImageObject","inLanguage":"en-GB","@id":"https:\/\/hovslagareforeningen.se\/#\/schema\/logo\/image\/","url":"https:\/\/i0.wp.com\/hovslagareforeningen.se\/wp-content\/uploads\/2025\/12\/SHF-logo.png?fit=594%2C558&ssl=1","contentUrl":"https:\/\/i0.wp.com\/hovslagareforeningen.se\/wp-content\/uploads\/2025\/12\/SHF-logo.png?fit=594%2C558&ssl=1","width":594,"height":558,"caption":"Svenska Hovslagaref\u00f6reningen"},"image":{"@id":"https:\/\/hovslagareforeningen.se\/#\/schema\/logo\/image\/"},"sameAs":["https:\/\/www.facebook.com\/SvenskaHovslagareforeningen","https:\/\/www.instagram.com\/svenska_hovslagareforeningen"]}]}},"jetpack_sharing_enabled":true,"_links":{"self":[{"href":"https:\/\/hovslagareforeningen.se\/en\/wp-json\/wp\/v2\/pages\/1593","targetHints":{"allow":["GET"]}}],"collection":[{"href":"https:\/\/hovslagareforeningen.se\/en\/wp-json\/wp\/v2\/pages"}],"about":[{"href":"https:\/\/hovslagareforeningen.se\/en\/wp-json\/wp\/v2\/types\/page"}],"author":[{"embeddable":true,"href":"https:\/\/hovslagareforeningen.se\/en\/wp-json\/wp\/v2\/users\/399"}],"replies":[{"embeddable":true,"href":"https:\/\/hovslagareforeningen.se\/en\/wp-json\/wp\/v2\/comments?post=1593"}],"version-history":[{"count":0,"href":"https:\/\/hovslagareforeningen.se\/en\/wp-json\/wp\/v2\/pages\/1593\/revisions"}],"wp:featuredmedia":[{"embeddable":true,"href":"https:\/\/hovslagareforeningen.se\/en\/wp-json\/wp\/v2\/media\/1595"}],"wp:attachment":[{"href":"https:\/\/hovslagareforeningen.se\/en\/wp-json\/wp\/v2\/media?parent=1593"}],"curies":[{"name":"wp","href":"https:\/\/api.w.org\/{rel}","templated":true}]}}