{"id":162,"date":"2013-09-24T14:30:57","date_gmt":"2013-09-24T12:30:57","guid":{"rendered":"http:\/\/hovslagar14.84.vildmarksdata.net\/?page_id=162"},"modified":"2026-04-22T08:30:40","modified_gmt":"2026-04-22T06:30:40","slug":"valberedningen","status":"publish","type":"page","link":"https:\/\/hovslagareforeningen.se\/en\/valberedningen\/","title":{"rendered":"Valberedningen"},"content":{"rendered":"<div class=\"wp-block-group is-vertical is-layout-flex wp-container-core-group-is-layout-be2c40a1 wp-block-group-is-layout-flex\" style=\"margin-top:0\">\n<div class=\"wp-block-group kontaktperson wp-container-content-69bc4bdf is-layout-flex wp-container-core-group-is-layout-2c56412c wp-block-group-is-layout-flex\" style=\"border-radius:4px;padding-top:0;padding-right:0;padding-bottom:0;padding-left:0\">\n<figure class=\"wp-block-image size-medium has-custom-border wp-duotone-grayscale\"><img data-recalc-dims=\"1\" loading=\"lazy\" decoding=\"async\" width=\"225\" height=\"300\" src=\"https:\/\/i0.wp.com\/hovslagareforeningen.se\/wp-content\/uploads\/2025\/12\/jacob-norberg.jpeg?resize=225%2C300&#038;ssl=1\" alt=\"\" class=\"wp-image-7867\" style=\"border-radius:4px;aspect-ratio:3\/4;object-fit:cover\" srcset=\"https:\/\/i0.wp.com\/hovslagareforeningen.se\/wp-content\/uploads\/2025\/12\/jacob-norberg-scaled.jpeg?resize=225%2C300&amp;ssl=1 225w, https:\/\/i0.wp.com\/hovslagareforeningen.se\/wp-content\/uploads\/2025\/12\/jacob-norberg-scaled.jpeg?resize=768%2C1024&amp;ssl=1 768w, https:\/\/i0.wp.com\/hovslagareforeningen.se\/wp-content\/uploads\/2025\/12\/jacob-norberg-scaled.jpeg?resize=450%2C600&amp;ssl=1 450w, https:\/\/i0.wp.com\/hovslagareforeningen.se\/wp-content\/uploads\/2025\/12\/jacob-norberg-scaled.jpeg?resize=1152%2C1536&amp;ssl=1 1152w, https:\/\/i0.wp.com\/hovslagareforeningen.se\/wp-content\/uploads\/2025\/12\/jacob-norberg-scaled.jpeg?resize=1536%2C2048&amp;ssl=1 1536w, https:\/\/i0.wp.com\/hovslagareforeningen.se\/wp-content\/uploads\/2025\/12\/jacob-norberg-scaled.jpeg?resize=9%2C12&amp;ssl=1 9w, https:\/\/i0.wp.com\/hovslagareforeningen.se\/wp-content\/uploads\/2025\/12\/jacob-norberg-scaled.jpeg?resize=1080%2C1440&amp;ssl=1 1080w, https:\/\/i0.wp.com\/hovslagareforeningen.se\/wp-content\/uploads\/2025\/12\/jacob-norberg-scaled.jpeg?resize=1320%2C1760&amp;ssl=1 1320w, https:\/\/i0.wp.com\/hovslagareforeningen.se\/wp-content\/uploads\/2025\/12\/jacob-norberg-scaled.jpeg?resize=600%2C800&amp;ssl=1 600w, https:\/\/i0.wp.com\/hovslagareforeningen.se\/wp-content\/uploads\/2025\/12\/jacob-norberg-scaled.jpeg?w=1920&amp;ssl=1 1920w\" sizes=\"auto, (max-width: 225px) 100vw, 225px\" \/><\/figure>\n\n\n\n<div class=\"wp-block-group is-vertical is-layout-flex wp-container-core-group-is-layout-0b059b65 wp-block-group-is-layout-flex\" style=\"padding-top:var(--wp--preset--spacing--20);padding-right:0;padding-bottom:var(--wp--preset--spacing--20);padding-left:0\">\n<h2 class=\"wp-block-heading\"><strong>Jacob Norberg<\/strong><\/h2>\n\n\n\n<p>Sammankallande<\/p>\n\n\n\n<p><\/p>\n\n\n<div class=\"ct-block-wrapper\" style=\"margin-top:var(--wp--preset--spacing--30);\">\n<div class=\"ct-contact-info-block\" style=\"--theme-icon-size:12px;--items-spacing:12px;--items-direction:column;--theme-link-hover-color:var(--wp--preset--color--palette-color-1);--theme-icon-color:var(--wp--preset--color--palette-color-3);--theme-icon-hover-color:var(--wp--preset--color--palette-color-3);\">\n\t\t<ul data-icons-type=\"simple\">\n\t\t\t\t\t\t\t\t\t\t\t<li class=\"\">\n\t\t\t\t\t<span class=\"ct-icon-container\"><svg width=\"18\" height=\"18\" viewbox=\"0 0 20 20\" aria-hidden=\"true\"><path d=\"M10,0C4.5,0,0,4.5,0,10s4.5,10,10,10h5v-2h-5c-4.4,0-8-3.6-8-8s3.6-8,8-8s8,3.6,8,8v1.5c0,0.8-0.7,1.5-1.5,1.5S15,12.3,15,11.5V10c0-2.7-2.3-5-5-5s-5,2.3-5,5s2.3,5,5,5c1.4,0,2.7-0.6,3.6-1.6c0.6,0.9,1.7,1.6,2.9,1.6c1.9,0,3.5-1.6,3.5-3.5V10C20,4.5,15.5,0,10,0zM10,7c1.7,0,3,1.3,3,3s-1.3,3-3,3s-3-1.3-3-3S8.3,7,10,7z\"\/><\/svg><\/span>\n\t\t\t\t\t\t\t\t\t\t\t<div class=\"contact-info\">\n\t\t\t\t\t\t\t\t\t\t\t\t\t\t\t<span class=\"contact-title\">\n\t\t\t\t\t\t\t\t\tSkicka e-post\t\t\t\t\t\t\t\t<\/span>\n\t\t\t\t\t\t\t\n\t\t\t\t\t\t\t\t\t\t\t\t\t\t\t<span class=\"contact-text\">\n\t\t\t\t\t\t\t\t\t\t\t\t\t\t\t\t\t\t\t<a href=\"mailto:&#106;&#119;&#110;&#111;rbe&#114;&#103;&#064;ho&#116;m&#097;i&#108;.&#099;om\" >\n\t\t\t\t\t\t\t\t\t\n\t\t\t\t\t\t\t\t\tjw&#110;or&#98;&#101;&#114;&#103;&#64;h&#111;&#116;&#109;&#97;i&#108;.com\n\t\t\t\t\t\t\t\t\t\t\t\t\t\t\t\t\t\t\t<\/a>\n\t\t\t\t\t\t\t\t\t\t\t\t\t\t\t\t\t<\/span>\n\t\t\t\t\t\t\t\t\t\t\t\t\t<\/div>\n\t\t\t\t\t\t\t\t\t<\/li>\n\t\t\t\t\t\t\t\t\t\t\t<li class=\"\">\n\t\t\t\t\t<span class=\"ct-icon-container\"><svg width=\"18\" height=\"18\" viewbox=\"0 0 20 20\" aria-hidden=\"true\"><path d=\"M4.4,0C4,0,3.6,0.2,3.2,0.4l0,0l0,0L0.8,2.9l0,0C0,3.6-0.2,4.7,0.1,5.6c0,0,0,0,0,0c0.7,1.9,2.3,5.5,5.6,8.7c3.3,3.3,6.9,4.9,8.7,5.6h0c0.9,0.3,1.9,0.1,2.7-0.5l2.4-2.4c0.6-0.6,0.6-1.7,0-2.4l-3.1-3.1l0,0c-0.6-0.6-1.8-0.6-2.4,0l-1.5,1.5c-0.6-0.3-1.9-1-3.1-2.2C8,9.5,7.4,8.2,7.2,7.6l1.5-1.5c0.6-0.6,0.7-1.7,0-2.4l0,0L8.6,3.6L5.6,0.5l0,0l0,0C5.2,0.2,4.8,0,4.4,0zM4.4,1.5c0.1,0,0.1,0,0.2,0.1l3.1,3.1l0.1,0.1c0,0,0,0.1,0,0.2L5.7,6.9L5.3,7.3l0.2,0.5c0,0,0.9,2.4,2.7,4.1L8.4,12c1.8,1.6,3.9,2.5,3.9,2.5l0.5,0.2l2.3-2.3c0.1-0.1,0.1-0.1,0.2,0l3.1,3.1c0.1,0.1,0.1,0.1,0,0.2l-2.4,2.4c-0.4,0.3-0.7,0.4-1.2,0.2c-1.7-0.7-5.1-2.2-8.1-5.2c-3-3-4.6-6.5-5.2-8.2c-0.1-0.3,0-0.8,0.2-1l0,0l2.3-2.4C4.2,1.6,4.3,1.5,4.4,1.5z\"\/><\/svg><\/span>\n\t\t\t\t\t\t\t\t\t\t\t<div class=\"contact-info\">\n\t\t\t\t\t\t\t\t\t\t\t\t\t\t\t<span class=\"contact-title\">\n\t\t\t\t\t\t\t\t\tTelefon:\t\t\t\t\t\t\t\t<\/span>\n\t\t\t\t\t\t\t\n\t\t\t\t\t\t\t\t\t\t\t\t\t\t\t<span class=\"contact-text\">\n\t\t\t\t\t\t\t\t\t\t\t\t\t\t\t\t\t\t\t<a href=\"tel:070-591%2051%2077\" >\n\t\t\t\t\t\t\t\t\t\n\t\t\t\t\t\t\t\t\t070-591 51 77\n\t\t\t\t\t\t\t\t\t\t\t\t\t\t\t\t\t\t\t<\/a>\n\t\t\t\t\t\t\t\t\t\t\t\t\t\t\t\t\t<\/span>\n\t\t\t\t\t\t\t\t\t\t\t\t\t<\/div>\n\t\t\t\t\t\t\t\t\t<\/li>\n\t\t\t\t\t<\/ul>\n\n\t\t<\/div>\n<\/div><\/div>\n<\/div>\n\n\n\n<div class=\"wp-block-group kontaktperson wp-container-content-69bc4bdf is-layout-flex wp-container-core-group-is-layout-2c56412c wp-block-group-is-layout-flex\" style=\"border-radius:4px;padding-top:0;padding-right:0;padding-bottom:0;padding-left:0\">\n<figure class=\"wp-block-image size-medium has-custom-border wp-duotone-grayscale\"><img data-recalc-dims=\"1\" loading=\"lazy\" decoding=\"async\" width=\"300\" height=\"297\" src=\"https:\/\/i0.wp.com\/hovslagareforeningen.se\/wp-content\/uploads\/2022\/06\/Helena.jpg?resize=300%2C297&#038;ssl=1\" alt=\"\" class=\"wp-image-5320\" style=\"border-radius:4px;aspect-ratio:3\/4;object-fit:cover\" srcset=\"https:\/\/i0.wp.com\/hovslagareforeningen.se\/wp-content\/uploads\/2022\/06\/Helena.jpg?resize=300%2C297&amp;ssl=1 300w, https:\/\/i0.wp.com\/hovslagareforeningen.se\/wp-content\/uploads\/2022\/06\/Helena.jpg?resize=1024%2C1015&amp;ssl=1 1024w, https:\/\/i0.wp.com\/hovslagareforeningen.se\/wp-content\/uploads\/2022\/06\/Helena.jpg?resize=150%2C150&amp;ssl=1 150w, https:\/\/i0.wp.com\/hovslagareforeningen.se\/wp-content\/uploads\/2022\/06\/Helena.jpg?resize=768%2C761&amp;ssl=1 768w, https:\/\/i0.wp.com\/hovslagareforeningen.se\/wp-content\/uploads\/2022\/06\/Helena.jpg?resize=606%2C600&amp;ssl=1 606w, https:\/\/i0.wp.com\/hovslagareforeningen.se\/wp-content\/uploads\/2022\/06\/Helena.jpg?resize=600%2C594&amp;ssl=1 600w, https:\/\/i0.wp.com\/hovslagareforeningen.se\/wp-content\/uploads\/2022\/06\/Helena.jpg?w=1080&amp;ssl=1 1080w\" sizes=\"auto, (max-width: 300px) 100vw, 300px\" \/><\/figure>\n\n\n\n<div class=\"wp-block-group is-vertical is-layout-flex wp-container-core-group-is-layout-0b059b65 wp-block-group-is-layout-flex\" style=\"padding-top:var(--wp--preset--spacing--20);padding-right:0;padding-bottom:var(--wp--preset--spacing--20);padding-left:0\">\n<h2 class=\"wp-block-heading\"><strong>Helena Andersson<\/strong><\/h2>\n<\/div>\n<\/div>\n\n\n\n<div class=\"wp-block-group kontaktperson wp-container-content-69bc4bdf is-layout-flex wp-container-core-group-is-layout-2c56412c wp-block-group-is-layout-flex\" style=\"border-radius:4px;padding-top:0;padding-right:0;padding-bottom:0;padding-left:0\">\n<figure class=\"wp-block-image size-medium has-custom-border wp-duotone-grayscale\"><img data-recalc-dims=\"1\" loading=\"lazy\" decoding=\"async\" width=\"231\" height=\"300\" src=\"https:\/\/i0.wp.com\/hovslagareforeningen.se\/wp-content\/uploads\/2026\/04\/Nikki-Mattsson-Arets-affarsplan300.jpg?resize=231%2C300&#038;ssl=1\" alt=\"\" class=\"wp-image-8337\" style=\"border-radius:4px;aspect-ratio:3\/4;object-fit:cover\" srcset=\"https:\/\/i0.wp.com\/hovslagareforeningen.se\/wp-content\/uploads\/2026\/04\/Nikki-Mattsson-Arets-affarsplan300.jpg?resize=231%2C300&amp;ssl=1 231w, https:\/\/i0.wp.com\/hovslagareforeningen.se\/wp-content\/uploads\/2026\/04\/Nikki-Mattsson-Arets-affarsplan300.jpg?resize=9%2C12&amp;ssl=1 9w, https:\/\/i0.wp.com\/hovslagareforeningen.se\/wp-content\/uploads\/2026\/04\/Nikki-Mattsson-Arets-affarsplan300.jpg?w=396&amp;ssl=1 396w\" sizes=\"auto, (max-width: 231px) 100vw, 231px\" \/><\/figure>\n\n\n\n<div class=\"wp-block-group is-vertical is-layout-flex wp-container-core-group-is-layout-0b059b65 wp-block-group-is-layout-flex\" style=\"padding-top:var(--wp--preset--spacing--20);padding-right:0;padding-bottom:var(--wp--preset--spacing--20);padding-left:0\">\n<h2 class=\"wp-block-heading\">Nikki Mattsson<\/h2>\n<\/div>\n<\/div>\n<\/div>\n\n\n\n<div class=\"wp-block-group is-layout-constrained wp-block-group-is-layout-constrained\" style=\"margin-top:var(--wp--preset--spacing--70)\">\n<h2 class=\"wp-block-heading\">Kap 5 Valberedning<\/h2>\n\n\n\n<p>26 \u00a7 Sammans\u00e4ttning<br>26.1 Valberedningen best\u00e5r av tre r\u00f6stber\u00e4ttigade medlemmar enligt \u00a7 14.2,<br>varav en av \u00e5rsm\u00f6tet utses till sammankallande. Ledam\u00f6terna v\u00e4ljs \u00e5rligen<br>av \u00e5rsm\u00f6tet f\u00f6r perioden fram till n\u00e4sta \u00e5rsm\u00f6te.<br>27 \u00a7 \u00c5liggande<br>27.1 Valberedningen skall senast tre m\u00e5nader f\u00f6re \u00e5rsm\u00f6te tillfr\u00e5ga samtliga<br>styrelseledam\u00f6ter, om de st\u00e5r till f\u00f6rfogande f\u00f6r n\u00e4sta mandatperiod.<br>27.2 Senast tv\u00e5 m\u00e5nader f\u00f6re \u00e5rsm\u00f6te skall valberedningen meddela<br>r\u00f6stber\u00e4ttigade medlemmar uppgift p\u00e5 dem som st\u00e5r i tur att avg\u00e5 och<br>namnen p\u00e5 dem som har avb\u00f6jt \u00e5terval. Valberedningens f\u00f6rslag skall<br>bifogas \u00f6vriga \u00e5rsm\u00f6teshandlingar som skall vara medlemmarna tillhanda<br>senast tv\u00e5 veckor f\u00f6re \u00e5rsm\u00f6tet.<br>28 \u00a7 F\u00f6rslagsr\u00e4tt<br>28.1 Medlem i f\u00f6reningen b\u00f6r senast fem veckor f\u00f6re \u00e5rsm\u00f6te, till den<br>sammankallande i valberedningen, inl\u00e4mna f\u00f6rslag p\u00e5 kandidater f\u00f6r de<br>befattningar f\u00f6r vilka val skall ske. F\u00f6rslag kan \u00e4ven l\u00e4mnas p\u00e5 \u00e5rsm\u00f6tet.<br>29 \u00a7 Kandidatnominering<br>29.1 Den sammankallande i valberedningen meddelar vid m\u00f6tet de inkomna<br>namnf\u00f6rslagen samt valberedningens f\u00f6rslag. Valberedningen har r\u00e4tt att,<br>i egenskap av medlemmar i f\u00f6reningen, avge f\u00f6rslag p\u00e5 kandidater i s\u00e5v\u00e4l<br>styrelse som valberedning.<\/p>\n<\/div>","protected":false},"excerpt":{"rendered":"<p>Jacob Norberg Sammankallande Helena Andersson Nikki Mattsson Kap 5 Valberedning 26 \u00a7 Sammans\u00e4ttning26.1 Valberedningen best\u00e5r av tre r\u00f6stber\u00e4ttigade medlemmar enligt \u00a7 14.2,varav en av \u00e5rsm\u00f6tet utses till sammankallande. Ledam\u00f6terna v\u00e4ljs [&hellip;]<\/p>\n","protected":false},"author":399,"featured_media":0,"parent":0,"menu_order":0,"comment_status":"closed","ping_status":"closed","template":"","meta":{"_EventAllDay":false,"_EventTimezone":"","_EventStartDate":"","_EventEndDate":"","_EventStartDateUTC":"","_EventEndDateUTC":"","_EventShowMap":false,"_EventShowMapLink":false,"_EventURL":"","_EventCost":"","_EventCostDescription":"","_EventCurrencySymbol":"","_EventCurrencyCode":"","_EventCurrencyPosition":"","_EventDateTimeSeparator":"","_EventTimeRangeSeparator":"","_EventOrganizerID":[],"_EventVenueID":[],"_OrganizerEmail":"","_OrganizerPhone":"","_OrganizerWebsite":"","_VenueAddress":"","_VenueCity":"","_VenueCountry":"","_VenueProvince":"","_VenueState":"","_VenueZip":"","_VenuePhone":"","_VenueURL":"","_VenueStateProvince":"","_VenueLat":"","_VenueLng":"","_VenueShowMap":false,"_VenueShowMapLink":false,"footnotes":""},"class_list":["post-162","page","type-page","status-publish","hentry"],"blocksy_meta":[],"yoast_head":"<!-- This site is optimized with the Yoast SEO plugin v27.4 - https:\/\/yoast.com\/product\/yoast-seo-wordpress\/ -->\n<title>Valberedningen - Svenska Hovslagaref\u00f6reningen<\/title>\n<meta name=\"robots\" content=\"index, follow, max-snippet:-1, max-image-preview:large, max-video-preview:-1\" \/>\n<link rel=\"canonical\" href=\"https:\/\/hovslagareforeningen.se\/en\/valberedningen\/\" \/>\n<meta property=\"og:locale\" content=\"en_GB\" \/>\n<meta property=\"og:type\" content=\"article\" \/>\n<meta property=\"og:title\" content=\"Valberedningen - Svenska Hovslagaref\u00f6reningen\" \/>\n<meta property=\"og:description\" content=\"Jacob Norberg Sammankallande Helena Andersson Nikki Mattsson Kap 5 Valberedning 26 \u00a7 Sammans\u00e4ttning26.1 Valberedningen best\u00e5r av tre r\u00f6stber\u00e4ttigade medlemmar enligt \u00a7 14.2,varav en av \u00e5rsm\u00f6tet utses till sammankallande. Ledam\u00f6terna v\u00e4ljs [&hellip;]\" \/>\n<meta property=\"og:url\" content=\"https:\/\/hovslagareforeningen.se\/en\/valberedningen\/\" \/>\n<meta property=\"og:site_name\" content=\"Svenska Hovslagaref\u00f6reningen\" \/>\n<meta property=\"article:publisher\" content=\"https:\/\/www.facebook.com\/SvenskaHovslagareforeningen\" \/>\n<meta property=\"article:modified_time\" content=\"2026-04-22T06:30:40+00:00\" \/>\n<meta property=\"og:image\" content=\"https:\/\/hovslagareforeningen.se\/wp-content\/uploads\/2025\/12\/jacob-norberg-225x300.jpeg\" \/>\n<meta name=\"twitter:card\" content=\"summary_large_image\" \/>\n<meta name=\"twitter:label1\" content=\"Estimated reading time\" \/>\n\t<meta name=\"twitter:data1\" content=\"2 minutes\" \/>\n<script type=\"application\/ld+json\" class=\"yoast-schema-graph\">{\"@context\":\"https:\\\/\\\/schema.org\",\"@graph\":[{\"@type\":\"WebPage\",\"@id\":\"https:\\\/\\\/hovslagareforeningen.se\\\/valberedningen\\\/\",\"url\":\"https:\\\/\\\/hovslagareforeningen.se\\\/valberedningen\\\/\",\"name\":\"Valberedningen - Svenska Hovslagaref\u00f6reningen\",\"isPartOf\":{\"@id\":\"https:\\\/\\\/hovslagareforeningen.se\\\/#website\"},\"primaryImageOfPage\":{\"@id\":\"https:\\\/\\\/hovslagareforeningen.se\\\/valberedningen\\\/#primaryimage\"},\"image\":{\"@id\":\"https:\\\/\\\/hovslagareforeningen.se\\\/valberedningen\\\/#primaryimage\"},\"thumbnailUrl\":\"https:\\\/\\\/hovslagareforeningen.se\\\/wp-content\\\/uploads\\\/2025\\\/12\\\/jacob-norberg-225x300.jpeg\",\"datePublished\":\"2013-09-24T12:30:57+00:00\",\"dateModified\":\"2026-04-22T06:30:40+00:00\",\"breadcrumb\":{\"@id\":\"https:\\\/\\\/hovslagareforeningen.se\\\/valberedningen\\\/#breadcrumb\"},\"inLanguage\":\"en-GB\",\"potentialAction\":[{\"@type\":\"ReadAction\",\"target\":[\"https:\\\/\\\/hovslagareforeningen.se\\\/valberedningen\\\/\"]}]},{\"@type\":\"ImageObject\",\"inLanguage\":\"en-GB\",\"@id\":\"https:\\\/\\\/hovslagareforeningen.se\\\/valberedningen\\\/#primaryimage\",\"url\":\"https:\\\/\\\/hovslagareforeningen.se\\\/wp-content\\\/uploads\\\/2025\\\/12\\\/jacob-norberg-225x300.jpeg\",\"contentUrl\":\"https:\\\/\\\/hovslagareforeningen.se\\\/wp-content\\\/uploads\\\/2025\\\/12\\\/jacob-norberg-225x300.jpeg\"},{\"@type\":\"BreadcrumbList\",\"@id\":\"https:\\\/\\\/hovslagareforeningen.se\\\/valberedningen\\\/#breadcrumb\",\"itemListElement\":[{\"@type\":\"ListItem\",\"position\":1,\"name\":\"Hem\",\"item\":\"https:\\\/\\\/hovslagareforeningen.se\\\/\"},{\"@type\":\"ListItem\",\"position\":2,\"name\":\"Valberedningen\"}]},{\"@type\":\"WebSite\",\"@id\":\"https:\\\/\\\/hovslagareforeningen.se\\\/#website\",\"url\":\"https:\\\/\\\/hovslagareforeningen.se\\\/\",\"name\":\"Svenska Hovslagaref\u00f6reningen\",\"description\":\"\",\"publisher\":{\"@id\":\"https:\\\/\\\/hovslagareforeningen.se\\\/#organization\"},\"potentialAction\":[{\"@type\":\"SearchAction\",\"target\":{\"@type\":\"EntryPoint\",\"urlTemplate\":\"https:\\\/\\\/hovslagareforeningen.se\\\/?s={search_term_string}\"},\"query-input\":{\"@type\":\"PropertyValueSpecification\",\"valueRequired\":true,\"valueName\":\"search_term_string\"}}],\"inLanguage\":\"en-GB\"},{\"@type\":\"Organization\",\"@id\":\"https:\\\/\\\/hovslagareforeningen.se\\\/#organization\",\"name\":\"Svenska Hovslagaref\u00f6reningen\",\"url\":\"https:\\\/\\\/hovslagareforeningen.se\\\/\",\"logo\":{\"@type\":\"ImageObject\",\"inLanguage\":\"en-GB\",\"@id\":\"https:\\\/\\\/hovslagareforeningen.se\\\/#\\\/schema\\\/logo\\\/image\\\/\",\"url\":\"https:\\\/\\\/i0.wp.com\\\/hovslagareforeningen.se\\\/wp-content\\\/uploads\\\/2025\\\/12\\\/SHF-logo.png?fit=594%2C558&ssl=1\",\"contentUrl\":\"https:\\\/\\\/i0.wp.com\\\/hovslagareforeningen.se\\\/wp-content\\\/uploads\\\/2025\\\/12\\\/SHF-logo.png?fit=594%2C558&ssl=1\",\"width\":594,\"height\":558,\"caption\":\"Svenska Hovslagaref\u00f6reningen\"},\"image\":{\"@id\":\"https:\\\/\\\/hovslagareforeningen.se\\\/#\\\/schema\\\/logo\\\/image\\\/\"},\"sameAs\":[\"https:\\\/\\\/www.facebook.com\\\/SvenskaHovslagareforeningen\",\"https:\\\/\\\/www.instagram.com\\\/svenska_hovslagareforeningen\"]}]}<\/script>\n<!-- \/ Yoast SEO plugin. -->","yoast_head_json":{"title":"Valberedningen - Svenska Hovslagaref\u00f6reningen","robots":{"index":"index","follow":"follow","max-snippet":"max-snippet:-1","max-image-preview":"max-image-preview:large","max-video-preview":"max-video-preview:-1"},"canonical":"https:\/\/hovslagareforeningen.se\/en\/valberedningen\/","og_locale":"en_GB","og_type":"article","og_title":"Valberedningen - Svenska Hovslagaref\u00f6reningen","og_description":"Jacob Norberg Sammankallande Helena Andersson Nikki Mattsson Kap 5 Valberedning 26 \u00a7 Sammans\u00e4ttning26.1 Valberedningen best\u00e5r av tre r\u00f6stber\u00e4ttigade medlemmar enligt \u00a7 14.2,varav en av \u00e5rsm\u00f6tet utses till sammankallande. Ledam\u00f6terna v\u00e4ljs [&hellip;]","og_url":"https:\/\/hovslagareforeningen.se\/en\/valberedningen\/","og_site_name":"Svenska Hovslagaref\u00f6reningen","article_publisher":"https:\/\/www.facebook.com\/SvenskaHovslagareforeningen","article_modified_time":"2026-04-22T06:30:40+00:00","og_image":[{"url":"https:\/\/hovslagareforeningen.se\/wp-content\/uploads\/2025\/12\/jacob-norberg-225x300.jpeg","type":"","width":"","height":""}],"twitter_card":"summary_large_image","twitter_misc":{"Estimated reading time":"2 minutes"},"schema":{"@context":"https:\/\/schema.org","@graph":[{"@type":"WebPage","@id":"https:\/\/hovslagareforeningen.se\/valberedningen\/","url":"https:\/\/hovslagareforeningen.se\/valberedningen\/","name":"Valberedningen - Svenska Hovslagaref\u00f6reningen","isPartOf":{"@id":"https:\/\/hovslagareforeningen.se\/#website"},"primaryImageOfPage":{"@id":"https:\/\/hovslagareforeningen.se\/valberedningen\/#primaryimage"},"image":{"@id":"https:\/\/hovslagareforeningen.se\/valberedningen\/#primaryimage"},"thumbnailUrl":"https:\/\/hovslagareforeningen.se\/wp-content\/uploads\/2025\/12\/jacob-norberg-225x300.jpeg","datePublished":"2013-09-24T12:30:57+00:00","dateModified":"2026-04-22T06:30:40+00:00","breadcrumb":{"@id":"https:\/\/hovslagareforeningen.se\/valberedningen\/#breadcrumb"},"inLanguage":"en-GB","potentialAction":[{"@type":"ReadAction","target":["https:\/\/hovslagareforeningen.se\/valberedningen\/"]}]},{"@type":"ImageObject","inLanguage":"en-GB","@id":"https:\/\/hovslagareforeningen.se\/valberedningen\/#primaryimage","url":"https:\/\/hovslagareforeningen.se\/wp-content\/uploads\/2025\/12\/jacob-norberg-225x300.jpeg","contentUrl":"https:\/\/hovslagareforeningen.se\/wp-content\/uploads\/2025\/12\/jacob-norberg-225x300.jpeg"},{"@type":"BreadcrumbList","@id":"https:\/\/hovslagareforeningen.se\/valberedningen\/#breadcrumb","itemListElement":[{"@type":"ListItem","position":1,"name":"Hem","item":"https:\/\/hovslagareforeningen.se\/"},{"@type":"ListItem","position":2,"name":"Valberedningen"}]},{"@type":"WebSite","@id":"https:\/\/hovslagareforeningen.se\/#website","url":"https:\/\/hovslagareforeningen.se\/","name":"Svenska Hovslagaref\u00f6reningen","description":"","publisher":{"@id":"https:\/\/hovslagareforeningen.se\/#organization"},"potentialAction":[{"@type":"SearchAction","target":{"@type":"EntryPoint","urlTemplate":"https:\/\/hovslagareforeningen.se\/?s={search_term_string}"},"query-input":{"@type":"PropertyValueSpecification","valueRequired":true,"valueName":"search_term_string"}}],"inLanguage":"en-GB"},{"@type":"Organization","@id":"https:\/\/hovslagareforeningen.se\/#organization","name":"Svenska Hovslagaref\u00f6reningen","url":"https:\/\/hovslagareforeningen.se\/","logo":{"@type":"ImageObject","inLanguage":"en-GB","@id":"https:\/\/hovslagareforeningen.se\/#\/schema\/logo\/image\/","url":"https:\/\/i0.wp.com\/hovslagareforeningen.se\/wp-content\/uploads\/2025\/12\/SHF-logo.png?fit=594%2C558&ssl=1","contentUrl":"https:\/\/i0.wp.com\/hovslagareforeningen.se\/wp-content\/uploads\/2025\/12\/SHF-logo.png?fit=594%2C558&ssl=1","width":594,"height":558,"caption":"Svenska Hovslagaref\u00f6reningen"},"image":{"@id":"https:\/\/hovslagareforeningen.se\/#\/schema\/logo\/image\/"},"sameAs":["https:\/\/www.facebook.com\/SvenskaHovslagareforeningen","https:\/\/www.instagram.com\/svenska_hovslagareforeningen"]}]}},"jetpack_sharing_enabled":true,"_links":{"self":[{"href":"https:\/\/hovslagareforeningen.se\/en\/wp-json\/wp\/v2\/pages\/162","targetHints":{"allow":["GET"]}}],"collection":[{"href":"https:\/\/hovslagareforeningen.se\/en\/wp-json\/wp\/v2\/pages"}],"about":[{"href":"https:\/\/hovslagareforeningen.se\/en\/wp-json\/wp\/v2\/types\/page"}],"author":[{"embeddable":true,"href":"https:\/\/hovslagareforeningen.se\/en\/wp-json\/wp\/v2\/users\/399"}],"replies":[{"embeddable":true,"href":"https:\/\/hovslagareforeningen.se\/en\/wp-json\/wp\/v2\/comments?post=162"}],"version-history":[{"count":0,"href":"https:\/\/hovslagareforeningen.se\/en\/wp-json\/wp\/v2\/pages\/162\/revisions"}],"wp:attachment":[{"href":"https:\/\/hovslagareforeningen.se\/en\/wp-json\/wp\/v2\/media?parent=162"}],"curies":[{"name":"wp","href":"https:\/\/api.w.org\/{rel}","templated":true}]}}