{"id":1623,"date":"2014-11-27T12:23:04","date_gmt":"2014-11-27T11:23:04","guid":{"rendered":"https:\/\/sito.se.vkube.cloud\/?page_id=1623"},"modified":"2014-11-27T12:24:25","modified_gmt":"2014-11-27T11:24:25","slug":"journalforing","status":"publish","type":"page","link":"https:\/\/hovslagareforeningen.se\/en\/godkand-hovslagare\/journalforing\/","title":{"rendered":"Journalf\u00f6ring"},"content":{"rendered":"<p><strong>Journalf\u00f6ring<\/strong><br \/>\nDu ska f\u00f6ra journal i direkt anslutning till konsultationen eller bes\u00f6ket. Du ska \u00e4ven f\u00f6ra journal \u00f6ver rutinbehandlingar s\u00e5som en normalskoning. Till journalen h\u00f6r \u00e4ven r\u00f6ntgenbilder, remisser, remissvar, analysuppgifter fr\u00e5n laboratorier och liknande samt andra dokument eller datafiler som har medicinsk anknytning till djuret.<\/p>\n<p>Du f\u00e5r bara skriva journal p\u00e5 svenska, norska eller danska. T\u00e4nk \u00e4ven p\u00e5 att vara noggrann s\u00e5 att det du skriver kan l\u00e4sas och f\u00f6rst\u00e5s av andra. Om du skulle bli anm\u00e4ld till ansvarsn\u00e4mnden ligger journalen till grund f\u00f6r deras bed\u00f6mning. Du f\u00e5r inte g\u00f6ra det du skrivit in i journalen ol\u00e4sligt, beh\u00f6ver du r\u00e4tta en oriktig uppgift s\u00e5 drar du ett streck \u00f6ver det felaktiga men ser till att det fortfarande g\u00e5r att l\u00e4sa allt som st\u00e5r. Sedan kan du skriva in r\u00e4ttelsen som ocks\u00e5 ska undertecknas och dateras av dig.<\/p>\n<p>Journaler ska bevaras i minst fem \u00e5r, r\u00e4knat fr\u00e5n dagen f\u00f6r det sista inf\u00f6randet.<\/p>\n<p>Det finns inga best\u00e4mmelser om i vilken form journalen ska f\u00f6ras, men den ska f\u00f6ras p\u00e5 ett s\u00e5dant s\u00e4tt att du kan ta fram uppgifter om en viss konsultation. Det \u00e4r allts\u00e5 till\u00e5tet att f\u00f6ra journal f\u00f6rhand eller i ett journaldatasystem, bara alla krav uppfylls.<\/p>\n<p><strong>Journalen ska inneh\u00e5lla detta<\/strong><br \/>\nJournalen ska n\u00e4r det \u00e4r m\u00f6jligt inneh\u00e5lla f\u00f6ljande uppgifter:<\/p>\n<p>djurh\u00e5llarens namn, adress och telefonnummer samt eventuellt produktionsplatsnummer (ppn)<br \/>\ndjurslag<br \/>\ndjurets k\u00f6n<br \/>\ndjurets \u00e5lder eller \u00e5ldersgrupp<br \/>\ndjurets identitet<br \/>\nF\u00f6r varje unders\u00f6kning och behandling ska du ange f\u00f6ljande i journalen<\/p>\n<p>datum<br \/>\ntidpunkt<br \/>\nanamnes<br \/>\nstatus<br \/>\ni f\u00f6rekommande fall diagnos, anledning till behandling och typ av behandling<br \/>\nnamn och titel p\u00e5 den som utf\u00f6rt unders\u00f6kningen eller behandlingen<br \/>\nVid behandling med l\u00e4kemedel ska journalen dessutom inneh\u00e5lla uppgifter om<\/p>\n<p>l\u00e4kemedlets namn<br \/>\nstyrka och dosering<br \/>\nbehandlingstidens l\u00e4ngd, samt, vid behandling av djur som \u00e4r avsedda f\u00f6r livsmedels\u00e4ndam\u00e5l<br \/>\nkarenstid, angiven i enlighet med Livsmedelsverkets f\u00f6reskrifter (LIVSFS 2009:3) om karenstider.<\/p>\n<p>&nbsp;<\/p>\n<p>K\u00e4lla: Jordbruksverket<\/p>","protected":false},"excerpt":{"rendered":"<p>Journalf\u00f6ring Du ska f\u00f6ra journal i direkt anslutning till konsultationen eller bes\u00f6ket. Du ska \u00e4ven f\u00f6ra journal \u00f6ver rutinbehandlingar s\u00e5som en normalskoning. Till journalen h\u00f6r \u00e4ven r\u00f6ntgenbilder, remisser, remissvar, analysuppgifter [&hellip;]<\/p>\n","protected":false},"author":399,"featured_media":0,"parent":542,"menu_order":0,"comment_status":"closed","ping_status":"closed","template":"","meta":{"_EventAllDay":false,"_EventTimezone":"","_EventStartDate":"","_EventEndDate":"","_EventStartDateUTC":"","_EventEndDateUTC":"","_EventShowMap":false,"_EventShowMapLink":false,"_EventURL":"","_EventCost":"","_EventCostDescription":"","_EventCurrencySymbol":"","_EventCurrencyCode":"","_EventCurrencyPosition":"","_EventDateTimeSeparator":"","_EventTimeRangeSeparator":"","_EventOrganizerID":[],"_EventVenueID":[],"_OrganizerEmail":"","_OrganizerPhone":"","_OrganizerWebsite":"","_VenueAddress":"","_VenueCity":"","_VenueCountry":"","_VenueProvince":"","_VenueState":"","_VenueZip":"","_VenuePhone":"","_VenueURL":"","_VenueStateProvince":"","_VenueLat":"","_VenueLng":"","_VenueShowMap":false,"_VenueShowMapLink":false,"footnotes":""},"class_list":["post-1623","page","type-page","status-publish","hentry"],"blocksy_meta":[],"yoast_head":"<!-- This site is optimized with the Yoast SEO plugin v27.5 - https:\/\/yoast.com\/product\/yoast-seo-wordpress\/ -->\n<title>Journalf\u00f6ring - Svenska Hovslagaref\u00f6reningen<\/title>\n<meta name=\"robots\" content=\"index, follow, max-snippet:-1, max-image-preview:large, max-video-preview:-1\" \/>\n<link rel=\"canonical\" href=\"https:\/\/hovslagareforeningen.se\/en\/godkand-hovslagare\/journalforing\/\" \/>\n<meta property=\"og:locale\" content=\"en_GB\" \/>\n<meta property=\"og:type\" content=\"article\" \/>\n<meta property=\"og:title\" content=\"Journalf\u00f6ring - Svenska Hovslagaref\u00f6reningen\" \/>\n<meta property=\"og:description\" content=\"Journalf\u00f6ring Du ska f\u00f6ra journal i direkt anslutning till konsultationen eller bes\u00f6ket. Du ska \u00e4ven f\u00f6ra journal \u00f6ver rutinbehandlingar s\u00e5som en normalskoning. Till journalen h\u00f6r \u00e4ven r\u00f6ntgenbilder, remisser, remissvar, analysuppgifter [&hellip;]\" \/>\n<meta property=\"og:url\" content=\"https:\/\/hovslagareforeningen.se\/en\/godkand-hovslagare\/journalforing\/\" \/>\n<meta property=\"og:site_name\" content=\"Svenska Hovslagaref\u00f6reningen\" \/>\n<meta property=\"article:publisher\" content=\"https:\/\/www.facebook.com\/SvenskaHovslagareforeningen\" \/>\n<meta property=\"article:modified_time\" content=\"2014-11-27T11:24:25+00:00\" \/>\n<meta name=\"twitter:card\" content=\"summary_large_image\" \/>\n<meta name=\"twitter:label1\" content=\"Estimated reading time\" \/>\n\t<meta name=\"twitter:data1\" content=\"2 minutes\" \/>\n<script type=\"application\/ld+json\" class=\"yoast-schema-graph\">{\"@context\":\"https:\\\/\\\/schema.org\",\"@graph\":[{\"@type\":\"WebPage\",\"@id\":\"https:\\\/\\\/hovslagareforeningen.se\\\/godkand-hovslagare\\\/journalforing\\\/\",\"url\":\"https:\\\/\\\/hovslagareforeningen.se\\\/godkand-hovslagare\\\/journalforing\\\/\",\"name\":\"Journalf\u00f6ring - Svenska Hovslagaref\u00f6reningen\",\"isPartOf\":{\"@id\":\"https:\\\/\\\/hovslagareforeningen.se\\\/#website\"},\"datePublished\":\"2014-11-27T11:23:04+00:00\",\"dateModified\":\"2014-11-27T11:24:25+00:00\",\"breadcrumb\":{\"@id\":\"https:\\\/\\\/hovslagareforeningen.se\\\/godkand-hovslagare\\\/journalforing\\\/#breadcrumb\"},\"inLanguage\":\"en-GB\",\"potentialAction\":[{\"@type\":\"ReadAction\",\"target\":[\"https:\\\/\\\/hovslagareforeningen.se\\\/godkand-hovslagare\\\/journalforing\\\/\"]}]},{\"@type\":\"BreadcrumbList\",\"@id\":\"https:\\\/\\\/hovslagareforeningen.se\\\/godkand-hovslagare\\\/journalforing\\\/#breadcrumb\",\"itemListElement\":[{\"@type\":\"ListItem\",\"position\":1,\"name\":\"Hem\",\"item\":\"https:\\\/\\\/hovslagareforeningen.se\\\/\"},{\"@type\":\"ListItem\",\"position\":2,\"name\":\"Godk\u00e4nd hovslagare\",\"item\":\"https:\\\/\\\/hovslagareforeningen.se\\\/godkand-hovslagare\\\/\"},{\"@type\":\"ListItem\",\"position\":3,\"name\":\"Journalf\u00f6ring\"}]},{\"@type\":\"WebSite\",\"@id\":\"https:\\\/\\\/hovslagareforeningen.se\\\/#website\",\"url\":\"https:\\\/\\\/hovslagareforeningen.se\\\/\",\"name\":\"Svenska Hovslagaref\u00f6reningen\",\"description\":\"\",\"publisher\":{\"@id\":\"https:\\\/\\\/hovslagareforeningen.se\\\/#organization\"},\"potentialAction\":[{\"@type\":\"SearchAction\",\"target\":{\"@type\":\"EntryPoint\",\"urlTemplate\":\"https:\\\/\\\/hovslagareforeningen.se\\\/?s={search_term_string}\"},\"query-input\":{\"@type\":\"PropertyValueSpecification\",\"valueRequired\":true,\"valueName\":\"search_term_string\"}}],\"inLanguage\":\"en-GB\"},{\"@type\":\"Organization\",\"@id\":\"https:\\\/\\\/hovslagareforeningen.se\\\/#organization\",\"name\":\"Svenska Hovslagaref\u00f6reningen\",\"url\":\"https:\\\/\\\/hovslagareforeningen.se\\\/\",\"logo\":{\"@type\":\"ImageObject\",\"inLanguage\":\"en-GB\",\"@id\":\"https:\\\/\\\/hovslagareforeningen.se\\\/#\\\/schema\\\/logo\\\/image\\\/\",\"url\":\"https:\\\/\\\/i0.wp.com\\\/hovslagareforeningen.se\\\/wp-content\\\/uploads\\\/2025\\\/12\\\/SHF-logo.png?fit=594%2C558&ssl=1\",\"contentUrl\":\"https:\\\/\\\/i0.wp.com\\\/hovslagareforeningen.se\\\/wp-content\\\/uploads\\\/2025\\\/12\\\/SHF-logo.png?fit=594%2C558&ssl=1\",\"width\":594,\"height\":558,\"caption\":\"Svenska Hovslagaref\u00f6reningen\"},\"image\":{\"@id\":\"https:\\\/\\\/hovslagareforeningen.se\\\/#\\\/schema\\\/logo\\\/image\\\/\"},\"sameAs\":[\"https:\\\/\\\/www.facebook.com\\\/SvenskaHovslagareforeningen\",\"https:\\\/\\\/www.instagram.com\\\/svenska_hovslagareforeningen\"]}]}<\/script>\n<!-- \/ Yoast SEO plugin. -->","yoast_head_json":{"title":"Journalf\u00f6ring - Svenska Hovslagaref\u00f6reningen","robots":{"index":"index","follow":"follow","max-snippet":"max-snippet:-1","max-image-preview":"max-image-preview:large","max-video-preview":"max-video-preview:-1"},"canonical":"https:\/\/hovslagareforeningen.se\/en\/godkand-hovslagare\/journalforing\/","og_locale":"en_GB","og_type":"article","og_title":"Journalf\u00f6ring - Svenska Hovslagaref\u00f6reningen","og_description":"Journalf\u00f6ring Du ska f\u00f6ra journal i direkt anslutning till konsultationen eller bes\u00f6ket. Du ska \u00e4ven f\u00f6ra journal \u00f6ver rutinbehandlingar s\u00e5som en normalskoning. Till journalen h\u00f6r \u00e4ven r\u00f6ntgenbilder, remisser, remissvar, analysuppgifter [&hellip;]","og_url":"https:\/\/hovslagareforeningen.se\/en\/godkand-hovslagare\/journalforing\/","og_site_name":"Svenska Hovslagaref\u00f6reningen","article_publisher":"https:\/\/www.facebook.com\/SvenskaHovslagareforeningen","article_modified_time":"2014-11-27T11:24:25+00:00","twitter_card":"summary_large_image","twitter_misc":{"Estimated reading time":"2 minutes"},"schema":{"@context":"https:\/\/schema.org","@graph":[{"@type":"WebPage","@id":"https:\/\/hovslagareforeningen.se\/godkand-hovslagare\/journalforing\/","url":"https:\/\/hovslagareforeningen.se\/godkand-hovslagare\/journalforing\/","name":"Journalf\u00f6ring - Svenska Hovslagaref\u00f6reningen","isPartOf":{"@id":"https:\/\/hovslagareforeningen.se\/#website"},"datePublished":"2014-11-27T11:23:04+00:00","dateModified":"2014-11-27T11:24:25+00:00","breadcrumb":{"@id":"https:\/\/hovslagareforeningen.se\/godkand-hovslagare\/journalforing\/#breadcrumb"},"inLanguage":"en-GB","potentialAction":[{"@type":"ReadAction","target":["https:\/\/hovslagareforeningen.se\/godkand-hovslagare\/journalforing\/"]}]},{"@type":"BreadcrumbList","@id":"https:\/\/hovslagareforeningen.se\/godkand-hovslagare\/journalforing\/#breadcrumb","itemListElement":[{"@type":"ListItem","position":1,"name":"Hem","item":"https:\/\/hovslagareforeningen.se\/"},{"@type":"ListItem","position":2,"name":"Godk\u00e4nd hovslagare","item":"https:\/\/hovslagareforeningen.se\/godkand-hovslagare\/"},{"@type":"ListItem","position":3,"name":"Journalf\u00f6ring"}]},{"@type":"WebSite","@id":"https:\/\/hovslagareforeningen.se\/#website","url":"https:\/\/hovslagareforeningen.se\/","name":"Svenska Hovslagaref\u00f6reningen","description":"","publisher":{"@id":"https:\/\/hovslagareforeningen.se\/#organization"},"potentialAction":[{"@type":"SearchAction","target":{"@type":"EntryPoint","urlTemplate":"https:\/\/hovslagareforeningen.se\/?s={search_term_string}"},"query-input":{"@type":"PropertyValueSpecification","valueRequired":true,"valueName":"search_term_string"}}],"inLanguage":"en-GB"},{"@type":"Organization","@id":"https:\/\/hovslagareforeningen.se\/#organization","name":"Svenska Hovslagaref\u00f6reningen","url":"https:\/\/hovslagareforeningen.se\/","logo":{"@type":"ImageObject","inLanguage":"en-GB","@id":"https:\/\/hovslagareforeningen.se\/#\/schema\/logo\/image\/","url":"https:\/\/i0.wp.com\/hovslagareforeningen.se\/wp-content\/uploads\/2025\/12\/SHF-logo.png?fit=594%2C558&ssl=1","contentUrl":"https:\/\/i0.wp.com\/hovslagareforeningen.se\/wp-content\/uploads\/2025\/12\/SHF-logo.png?fit=594%2C558&ssl=1","width":594,"height":558,"caption":"Svenska Hovslagaref\u00f6reningen"},"image":{"@id":"https:\/\/hovslagareforeningen.se\/#\/schema\/logo\/image\/"},"sameAs":["https:\/\/www.facebook.com\/SvenskaHovslagareforeningen","https:\/\/www.instagram.com\/svenska_hovslagareforeningen"]}]}},"jetpack_sharing_enabled":true,"_links":{"self":[{"href":"https:\/\/hovslagareforeningen.se\/en\/wp-json\/wp\/v2\/pages\/1623","targetHints":{"allow":["GET"]}}],"collection":[{"href":"https:\/\/hovslagareforeningen.se\/en\/wp-json\/wp\/v2\/pages"}],"about":[{"href":"https:\/\/hovslagareforeningen.se\/en\/wp-json\/wp\/v2\/types\/page"}],"author":[{"embeddable":true,"href":"https:\/\/hovslagareforeningen.se\/en\/wp-json\/wp\/v2\/users\/399"}],"replies":[{"embeddable":true,"href":"https:\/\/hovslagareforeningen.se\/en\/wp-json\/wp\/v2\/comments?post=1623"}],"version-history":[{"count":0,"href":"https:\/\/hovslagareforeningen.se\/en\/wp-json\/wp\/v2\/pages\/1623\/revisions"}],"up":[{"embeddable":true,"href":"https:\/\/hovslagareforeningen.se\/en\/wp-json\/wp\/v2\/pages\/542"}],"wp:attachment":[{"href":"https:\/\/hovslagareforeningen.se\/en\/wp-json\/wp\/v2\/media?parent=1623"}],"curies":[{"name":"wp","href":"https:\/\/api.w.org\/{rel}","templated":true}]}}