{"id":172,"date":"2013-09-24T14:32:49","date_gmt":"2013-09-24T12:32:49","guid":{"rendered":"http:\/\/hovslagar14.84.vildmarksdata.net\/?page_id=172"},"modified":"2026-03-15T16:50:27","modified_gmt":"2026-03-15T15:50:27","slug":"bli-medlem","status":"publish","type":"page","link":"https:\/\/hovslagareforeningen.se\/en\/bli-medlem\/","title":{"rendered":"Bli Medlem"},"content":{"rendered":"<div class=\"wp-block-group is-layout-constrained wp-block-group-is-layout-constrained\">\n<div class=\"wp-block-columns page-columns is-layout-flex wp-container-core-columns-is-layout-c1fa583f wp-block-columns-is-layout-flex\">\n<div class=\"wp-block-column is-layout-flow wp-container-core-column-is-layout-8d453c1a wp-block-column-is-layout-flow\" style=\"flex-basis:66.66%\">\n<div class=\"wp-block-group is-vertical is-layout-flex wp-container-core-group-is-layout-fe9cc265 wp-block-group-is-layout-flex\">\n<h1 class=\"wp-block-heading\">V\u00e4lkommen till v\u00e5rt starka n\u00e4tverk av hovslagare!<\/h1>\n\n\n\n<p>Du f\u00e5r en stark organisation i ryggen som bevakar dina intressen och ett kansli att v\u00e4nda dig till f\u00f6r r\u00e5dgivning och information.<\/p>\n\n\n\n<p>Att vara medlem i SHF inneb\u00e4r trygghet f\u00f6r dig som hovslagare och ger dig m\u00f6jlighet att utvecklas i ditt f\u00f6retagande\/ hantverk\/ arbete.<\/p>\n\n\n\n<p>Det \u00e4r en kvalitetst\u00e4mpel. Alla h\u00e4st\u00e4gare vet att SHF organiserar utbildade och f\u00f6rs\u00e4krade hovslagare. Vi marknadsf\u00f6r dig gentemot h\u00e4st\u00e4gare: p\u00e5 v\u00e5r hemsida, p\u00e5 m\u00e4ssor och i branschmedia.<\/p>\n\n\n\n<p>Svenska Hovslagaref\u00f6reningen \u00e4r en rikst\u00e4ckande f\u00f6rening. V\u00e5rt \u00f6vergripande arbete med att tillvarata de utbildade hovslagarnas intressen tar sin form i att vi driver k\u00e5rens fr\u00e5gor mot politiker och beslutsfattare. Vi fungerar som remissinstans och opinionsbildare i viktiga fr\u00e5gor. Inte minst \u00e4r vi n\u00e4rvarande vid de hovslagarskolor som vill ha v\u00e5r hj\u00e4lp, f\u00f6r att s\u00e4kerst\u00e4lla kvaliteten p\u00e5 utbildningarna som granskare och som medlem i utbildningsr\u00e5det. Det \u00e4r SHF som granskar ges\u00e4ll- och m\u00e4starproven.<\/p>\n<\/div>\n\n\n\n<div class=\"wp-block-group is-vertical is-layout-flex wp-container-core-group-is-layout-fe9cc265 wp-block-group-is-layout-flex\">\n<h2 class=\"wp-block-heading\">F\u00f6rs\u00e4kringar f\u00f6r medlemmar*<\/h2>\n\n\n\n<p>I medlemsavgiften ing\u00e5r f\u00f6ljande f\u00f6rs\u00e4kringar:<\/p>\n\n\n\n<p><strong>Olycksfallsf\u00f6rs\u00e4kring:&nbsp;<\/strong>F\u00f6rs\u00e4kringen omfattar olycksfallskada som drabbar de f\u00f6rs\u00e4krade, medlemmar i Svenska Hovslagaref\u00f6reningen. F\u00f6rs\u00e4kringen g\u00e4ller vid olycksfall som intr\u00e4ffar i arbete som hovslagare i egen firma eller som anst\u00e4lld hovslagare samt under den direkta f\u00e4rden till och fr\u00e5n s\u00e5dant arbete.<\/p>\n\n\n\n<p><strong>Ansvarsf\u00f6rs\u00e4kring:&nbsp;<\/strong>F\u00f6rs\u00e4kringen g\u00e4ller i hela v\u00e4rlden utom USA och Kanada. F\u00f6rs\u00e4kringsbeloppet \u00e4r 10 Mkr per skada och 20 Mkr per f\u00f6rs\u00e4krings\u00e5r. Grundsj\u00e4lvrisken \u00e4r 5 000 kr.<\/p>\n\n\n\n<p><strong>R\u00e4ttskyddsf\u00f6rs\u00e4kring:&nbsp;<\/strong>F\u00f6rs\u00e4kringen g\u00e4ller inom Norden och omfattar tvistem\u00e5l samt skattem\u00e5l. F\u00f6rs\u00e4kringsbeloppet \u00e4r 250 000 kr per skada dock max 2 Mkr per \u00e5r. Sj\u00e4lvrisken \u00e4r 20 procent av skadebeloppet j\u00e4mte grundsj\u00e4lvrisk&nbsp; 9 000 kr.<\/p>\n\n\n\n<p><strong>Professionsansvarsf\u00f6rs\u00e4kring, r\u00e5dgivande verksamhet:&nbsp;<\/strong>F\u00f6rs\u00e4kringen g\u00e4ller inom Norden och omfattar skadest\u00e5nd till f\u00f6ljd av r\u00e5dgivande verksamhet. F\u00f6rs\u00e4kringsbeloppet \u00e4r 500 000 kr per skada och max 500 000 kr per \u00e5r. Sj\u00e4lvrisken \u00e4r 20 000 kr.<\/p>\n\n\n\n<p><em>Ut\u00f6ver de f\u00f6rs\u00e4kringar som ing\u00e5r i medlemsavgiften finns m\u00f6jlighet att komplettera det privata skyddet ytterligare genom SHFs f\u00f6rm\u00e5nliga gruppavtal: Sjukavbrottsf\u00f6rs\u00e4kring, sjukv\u00e5rdsf\u00f6rs\u00e4kring, livf\u00f6rs\u00e4kring, sjukf\u00f6rs\u00e4kring, barnf\u00f6rs\u00e4kring.<\/em><\/p>\n\n\n\n<p>Ytterligare information om de olika f\u00f6rs\u00e4kringarna f\u00e5s vid f\u00f6rfr\u00e5gan till <a href=\"mailto:kansliet@hovslagareforeningen.se\">kansliet@hovslagareforeningen.se<\/a>.<\/p>\n\n\n\n<p><em>*G\u00e4ller ej l\u00e4rlingsmedlemmar. L\u00e4rlingsmedlemmar omfattas endast av olycksfallsf\u00f6rs\u00e4kringen.<\/em><\/p>\n<\/div>\n\n\n\n<div class=\"wp-block-group is-vertical is-layout-flex wp-container-core-group-is-layout-fe9cc265 wp-block-group-is-layout-flex\">\n<h2 class=\"wp-block-heading\">Vad kr\u00e4vs f\u00f6r att bli medlem?<\/h2>\n\n\n\n<p>F\u00f6r att bli medlem kr\u00e4vs det att du har ett examensbevis ifr\u00e5n en av Svenska Hovslagaref\u00f6reningen godk\u00e4nd utbildning eller dokumenterad motsvarande utbildning, till exempel Riksanl\u00e4ggningarna, alternativt genomf\u00f6r ges\u00e4llprovet med godk\u00e4nt resultat, alternativt \u00e4r Av Jordbruksverket godk\u00e4nd hovslagare.<\/p>\n\n\n\n<p>F\u00f6r att en utbildning skall vara godk\u00e4nd av Svenska Hovslagaref\u00f6reningen beh\u00f6ver SHF ha insyn i utbildningsplanen, vara remissinstans samt att f\u00f6reningens granskare examinerar eleverna!<\/p>\n\n\n\n<p><strong>Av Svenska Hovslagaref\u00f6reningen idag godk\u00e4nda utbildningar<\/strong>:<\/p>\n\n\n\n<ul class=\"wp-block-list\">\n<li>BYS, Biologiska Yrkesh\u00f6gskolan Skara<\/li>\n\n\n\n<li>Jensen YH, Sigtuna<\/li>\n\n\n\n<li>Lerum Vuxenutbildning<\/li>\n\n\n\n<li>Yrkesh\u00f6gskolan i Skellefte\u00e5<\/li>\n<\/ul>\n\n\n\n<p><strong><strong>\u00c4ldre nerlagda utbildningar som ocks\u00e5 \u00e4r godk\u00e4nda:<\/strong><\/strong><\/p>\n\n\n\n<ul class=\"wp-block-list\">\n<li>Hantverksl\u00e4rling, Stiftelsen Hantverk &amp; Utbildning<\/li>\n\n\n\n<li>Lernia<\/li>\n\n\n\n<li>Stockholms Hantverksf\u00f6rening<\/li>\n<\/ul>\n\n\n\n<p><strong><strong><strong>Andra utbildningar som medf\u00f6r m\u00f6jlighet till medlemsskap:<\/strong><\/strong><\/strong><\/p>\n\n\n\n<ul class=\"wp-block-list\">\n<li>Flyinge hovslagarskola<\/li>\n\n\n\n<li>RS Str\u00f6msholms hovslagarskola<\/li>\n\n\n\n<li>W\u00e5ngen hovslagarskola<\/li>\n<\/ul>\n<\/div>\n\n\n\n<div class=\"wp-block-group is-vertical is-layout-flex wp-container-core-group-is-layout-fe9cc265 wp-block-group-is-layout-flex\">\n<h2 class=\"wp-block-heading\">Medlemskap och \u00e5rsavgift<\/h2>\n\n\n\n<p><a href=\"https:\/\/hovslagareforeningen.se\/en\/medlemskap\/\">Fullt medlemskap<\/a>: 3 620 kr<\/p>\n\n\n\n<p><a href=\"https:\/\/hovslagareforeningen.se\/en\/medlemskap\/\">F\u00f6retagsmedlemskap<\/a>: 3 620 kr + ev anst\u00e4llda<\/p>\n\n\n\n<p><a href=\"https:\/\/hovslagareforeningen.se\/en\/medlemskap\/\">L\u00e4rlingsmedlemskap<\/a>: 1 681 kr<\/p>\n\n\n\n<p><a href=\"https:\/\/hovslagareforeningen.se\/en\/medlemskap\/\">St\u00f6djande medlemskap<\/a>: 760 kr<br><br><\/p>\n\n\n\n<h2 class=\"wp-block-heading\">Stadgar<\/h2>\n\n\n\n<p>V\u00e5ra stadgar kan du l\u00e4sa <a href=\"https:\/\/hovslagareforeningen.se\/wp-content\/uploads\/2026\/01\/Stadgar-uppdaterad-251101.pdf\">h\u00e4r.<\/a><\/p>\n<\/div>\n\n\n\n<div class=\"wp-block-group is-vertical is-layout-flex wp-container-core-group-is-layout-fe9cc265 wp-block-group-is-layout-flex\">\n<h2 class=\"wp-block-heading\">Vad f\u00e5r du f\u00f6r medlemsavgiften?<\/h2>\n\n\n\n<p>Du f\u00e5r:<\/p>\n\n\n\n<ul class=\"wp-block-list\">\n<li>Ett kansli som ni kan ringa till n\u00e4r ni har fr\u00e5gor mm.<\/li>\n\n\n\n<li>Mentorer du kan v\u00e4nda dig till ang\u00e5ende problem, tillv\u00e4gag\u00e5ngs\u00e4tt eller bara f\u00f6r att ha ett bollplank.<\/li>\n\n\n\n<li>En informativ webbsida med bl.a. reklam &amp; l\u00e4nkning f\u00f6r eget hovslageri = S\u00f6k Hovslagare.<\/li>\n\n\n\n<li>Kraftigt subventionerade f\u00f6rs\u00e4kringar. Bara ansvarsf\u00f6rs\u00e4kringen skulle kosta mer \u00e4n medlemsavgiften att teckna privat.<\/li>\n\n\n\n<li>Hovslagarmagasinet 6 ggr per \u00e5r.<\/li>\n\n\n\n<li>Ett \u00e5rsm\u00f6te per \u00e5r med gratis f\u00f6rel\u00e4sningar mm.<\/li>\n\n\n\n<li>Olika kurser och f\u00f6rel\u00e4sningar som alla \u00e4r subventionerade f\u00f6r medlemmar.<\/li>\n\n\n\n<li>M\u00f6jlighet att s\u00f6ka utbildningsbidrag f\u00f6r resor, kurser, f\u00f6rel\u00e4sningar mm. Eget eller i grupp.<\/li>\n\n\n\n<li>Smidest\u00e4vlingar i och utanf\u00f6r Sverige. Lokala, SM, EM, VM<\/li>\n\n\n\n<li>Styrelsemedlemmar m.fl. som representerar er medlemmar hos olika myndigheter och institutioner i olika fr\u00e5gor.<\/li>\n\n\n\n<li>M\u00f6jlighet att k\u00f6pa reklamkl\u00e4der till subventionerat pris.<\/li>\n\n\n\n<li>Medlemskap i EFFA som bl.a. arrangerar EM vartannat \u00e5r och en utbildningsm\u00e4ssa vartannat \u00e5r p\u00e5 olika platser i Europa, samt jobbar f\u00f6r en Europeisk certifiering av hovslagare. www.eurofarrier.org<\/li>\n\n\n\n<li>Medlemskap i Hantverkarnas Riksorganisation. Med bl.a. ett mycket bra f\u00f6rm\u00e5nspaket. www.hantverkarna.se<\/li>\n\n\n\n<li>Med mera!<\/li>\n<\/ul>\n\n\n\n<p><\/p>\n<\/div>\n<\/div>\n\n\n\n<div class=\"wp-block-column is-layout-flow wp-block-column-is-layout-flow\" style=\"flex-basis:33.33%\">\n<div class=\"wp-block-group is-vertical is-layout-flex wp-container-core-group-is-layout-4b827052 wp-block-group-is-layout-flex\">\n<div class=\"wp-block-group has-palette-color-2-color has-palette-color-4-background-color has-text-color has-background has-link-color wp-elements-e539f987033e483b29a2a4ac3033f73a is-vertical is-content-justification-left is-layout-flex wp-container-core-group-is-layout-85a7ce9e wp-block-group-is-layout-flex\" style=\"border-top-left-radius:0px;border-top-right-radius:0px;border-bottom-left-radius:4px;border-bottom-right-radius:4px;padding-top:var(--wp--preset--spacing--70);padding-right:var(--wp--preset--spacing--60);padding-bottom:var(--wp--preset--spacing--70);padding-left:var(--wp--preset--spacing--60)\">\n<h2 class=\"wp-block-heading has-text-align-left has-palette-color-2-color has-text-color has-link-color wp-elements-87e569772828dadc8126ed5bb96c9e3a\"><strong>Hur blir jag medlem?<\/strong><\/h2>\n\n\n\n<p>Ifylld medlemsans\u00f6kan skickas till kansliet via email eller post.<\/p>\n\n\n\n<p><strong>E-post<\/strong><br><a href=\"mailto:kansliet@hovslagareforeningen.se\">kansliet@hovslagareforeningen.se<\/a><\/p>\n\n\n\n<p><strong>Adress<\/strong><br>SHF Kansli<br>Alsj\u00f6 Krokv\u00e4g 24, 443 72 Gr\u00e5bo<\/p>\n\n\n\n<div class=\"wp-block-buttons is-layout-flex wp-container-core-buttons-is-layout-67feda54 wp-block-buttons-is-layout-flex\" style=\"margin-top:var(--wp--preset--spacing--40)\">\n<div class=\"wp-block-button has-custom-width wp-block-button__width-100\"><a class=\"wp-block-button__link wp-element-button\" href=\"https:\/\/hovslagareforeningen.se\/wp-content\/uploads\/2021\/02\/ANSOKAN-OM-MEDLEMSKAP_2.pdf\">Ans\u00f6kan om medlemskap<\/a><\/div>\n\n\n\n<div class=\"wp-block-button has-custom-width wp-block-button__width-100 is-style-outline is-style-outline--1\"><a class=\"wp-block-button__link wp-element-button\" href=\"https:\/\/hovslagareforeningen.se\/wp-content\/uploads\/2021\/02\/ANSOKAN-OM-FORETAGSMEDLEMSKAP-2.pdf\">Ans\u00f6kan om f\u00f6retagsmedlemskap<\/a><\/div>\n<\/div>\n<\/div>\n<\/div>\n<\/div>\n<\/div>\n<\/div>","protected":false},"excerpt":{"rendered":"<p>V\u00e4lkommen till v\u00e5rt starka n\u00e4tverk av hovslagare! Du f\u00e5r en stark organisation i ryggen som bevakar dina intressen och ett kansli att v\u00e4nda dig till f\u00f6r r\u00e5dgivning och information. Att [&hellip;]<\/p>\n","protected":false},"author":399,"featured_media":0,"parent":0,"menu_order":0,"comment_status":"closed","ping_status":"closed","template":"","meta":{"_EventAllDay":false,"_EventTimezone":"","_EventStartDate":"","_EventEndDate":"","_EventStartDateUTC":"","_EventEndDateUTC":"","_EventShowMap":false,"_EventShowMapLink":false,"_EventURL":"","_EventCost":"","_EventCostDescription":"","_EventCurrencySymbol":"","_EventCurrencyCode":"","_EventCurrencyPosition":"","_EventDateTimeSeparator":"","_EventTimeRangeSeparator":"","_EventOrganizerID":[],"_EventVenueID":[],"_OrganizerEmail":"","_OrganizerPhone":"","_OrganizerWebsite":"","_VenueAddress":"","_VenueCity":"","_VenueCountry":"","_VenueProvince":"","_VenueState":"","_VenueZip":"","_VenuePhone":"","_VenueURL":"","_VenueStateProvince":"","_VenueLat":"","_VenueLng":"","_VenueShowMap":false,"_VenueShowMapLink":false,"footnotes":""},"class_list":["post-172","page","type-page","status-publish","hentry"],"blocksy_meta":{"has_hero_section":"enabled","hero_elements":[{"id":"custom_title","enabled":false,"heading_tag":"h1","title":"Home","__id":"9j4CVAgA9_sF-hhaki_4H"},{"id":"custom_description","enabled":false,"description_visibility":{"desktop":true,"tablet":true,"mobile":false},"__id":"FkfBOULCAEMeKFM0DQqUW"},{"id":"custom_meta","enabled":false,"meta_elements":[{"id":"author","enabled":true,"label":"By","has_author_avatar":"yes","avatar_size":25},{"id":"post_date","enabled":true,"label":"On","date_format_source":"default","date_format":"M j, Y"},{"id":"updated_date","enabled":false,"label":"On","date_format_source":"default","date_format":"M j, Y"},{"id":"categories","enabled":false,"label":"In","style":"simple"},{"id":"comments","enabled":true}],"page_meta_elements":{"joined":true,"articles_count":true,"comments":true},"__id":"3aBtiQhWHM_sU0lB6soLy"},{"id":"breadcrumbs","enabled":true,"__id":"c0iLlmPDSzl2i_CNRXmVS"}],"styles_descriptor":{"styles":{"desktop":"[data-prefix=\"single_page\"] .entry-header .page-title {--theme-font-size:30px;} [data-prefix=\"single_page\"] .entry-header .entry-meta {--theme-font-weight:600;--theme-text-transform:uppercase;--theme-font-size:12px;--theme-line-height:1.3;}","tablet":"","mobile":""},"google_fonts":{"Open Sans":["n4","n6"]},"version":6}},"yoast_head":"<!-- This site is optimized with the Yoast SEO plugin v27.4 - https:\/\/yoast.com\/product\/yoast-seo-wordpress\/ -->\n<title>Bli Medlem - Svenska Hovslagaref\u00f6reningen<\/title>\n<meta name=\"robots\" content=\"index, follow, max-snippet:-1, max-image-preview:large, max-video-preview:-1\" \/>\n<link rel=\"canonical\" href=\"https:\/\/hovslagareforeningen.se\/en\/bli-medlem\/\" \/>\n<meta property=\"og:locale\" content=\"en_GB\" \/>\n<meta property=\"og:type\" content=\"article\" \/>\n<meta property=\"og:title\" content=\"Bli Medlem - Svenska Hovslagaref\u00f6reningen\" \/>\n<meta property=\"og:description\" content=\"V\u00e4lkommen till v\u00e5rt starka n\u00e4tverk av hovslagare! Du f\u00e5r en stark organisation i ryggen som bevakar dina intressen och ett kansli att v\u00e4nda dig till f\u00f6r r\u00e5dgivning och information. Att [&hellip;]\" \/>\n<meta property=\"og:url\" content=\"https:\/\/hovslagareforeningen.se\/en\/bli-medlem\/\" \/>\n<meta property=\"og:site_name\" content=\"Svenska Hovslagaref\u00f6reningen\" \/>\n<meta property=\"article:publisher\" content=\"https:\/\/www.facebook.com\/SvenskaHovslagareforeningen\" \/>\n<meta property=\"article:modified_time\" content=\"2026-03-15T15:50:27+00:00\" \/>\n<meta name=\"twitter:card\" content=\"summary_large_image\" \/>\n<meta name=\"twitter:label1\" content=\"Estimated reading time\" \/>\n\t<meta name=\"twitter:data1\" content=\"4 minutes\" \/>\n<script type=\"application\/ld+json\" class=\"yoast-schema-graph\">{\"@context\":\"https:\\\/\\\/schema.org\",\"@graph\":[{\"@type\":\"WebPage\",\"@id\":\"https:\\\/\\\/hovslagareforeningen.se\\\/bli-medlem\\\/\",\"url\":\"https:\\\/\\\/hovslagareforeningen.se\\\/bli-medlem\\\/\",\"name\":\"Bli Medlem - Svenska Hovslagaref\u00f6reningen\",\"isPartOf\":{\"@id\":\"https:\\\/\\\/hovslagareforeningen.se\\\/#website\"},\"datePublished\":\"2013-09-24T12:32:49+00:00\",\"dateModified\":\"2026-03-15T15:50:27+00:00\",\"breadcrumb\":{\"@id\":\"https:\\\/\\\/hovslagareforeningen.se\\\/bli-medlem\\\/#breadcrumb\"},\"inLanguage\":\"en-GB\",\"potentialAction\":[{\"@type\":\"ReadAction\",\"target\":[\"https:\\\/\\\/hovslagareforeningen.se\\\/bli-medlem\\\/\"]}]},{\"@type\":\"BreadcrumbList\",\"@id\":\"https:\\\/\\\/hovslagareforeningen.se\\\/bli-medlem\\\/#breadcrumb\",\"itemListElement\":[{\"@type\":\"ListItem\",\"position\":1,\"name\":\"Hem\",\"item\":\"https:\\\/\\\/hovslagareforeningen.se\\\/\"},{\"@type\":\"ListItem\",\"position\":2,\"name\":\"Bli Medlem\"}]},{\"@type\":\"WebSite\",\"@id\":\"https:\\\/\\\/hovslagareforeningen.se\\\/#website\",\"url\":\"https:\\\/\\\/hovslagareforeningen.se\\\/\",\"name\":\"Svenska Hovslagaref\u00f6reningen\",\"description\":\"\",\"publisher\":{\"@id\":\"https:\\\/\\\/hovslagareforeningen.se\\\/#organization\"},\"potentialAction\":[{\"@type\":\"SearchAction\",\"target\":{\"@type\":\"EntryPoint\",\"urlTemplate\":\"https:\\\/\\\/hovslagareforeningen.se\\\/?s={search_term_string}\"},\"query-input\":{\"@type\":\"PropertyValueSpecification\",\"valueRequired\":true,\"valueName\":\"search_term_string\"}}],\"inLanguage\":\"en-GB\"},{\"@type\":\"Organization\",\"@id\":\"https:\\\/\\\/hovslagareforeningen.se\\\/#organization\",\"name\":\"Svenska Hovslagaref\u00f6reningen\",\"url\":\"https:\\\/\\\/hovslagareforeningen.se\\\/\",\"logo\":{\"@type\":\"ImageObject\",\"inLanguage\":\"en-GB\",\"@id\":\"https:\\\/\\\/hovslagareforeningen.se\\\/#\\\/schema\\\/logo\\\/image\\\/\",\"url\":\"https:\\\/\\\/i0.wp.com\\\/hovslagareforeningen.se\\\/wp-content\\\/uploads\\\/2025\\\/12\\\/SHF-logo.png?fit=594%2C558&ssl=1\",\"contentUrl\":\"https:\\\/\\\/i0.wp.com\\\/hovslagareforeningen.se\\\/wp-content\\\/uploads\\\/2025\\\/12\\\/SHF-logo.png?fit=594%2C558&ssl=1\",\"width\":594,\"height\":558,\"caption\":\"Svenska Hovslagaref\u00f6reningen\"},\"image\":{\"@id\":\"https:\\\/\\\/hovslagareforeningen.se\\\/#\\\/schema\\\/logo\\\/image\\\/\"},\"sameAs\":[\"https:\\\/\\\/www.facebook.com\\\/SvenskaHovslagareforeningen\",\"https:\\\/\\\/www.instagram.com\\\/svenska_hovslagareforeningen\"]}]}<\/script>\n<!-- \/ Yoast SEO plugin. -->","yoast_head_json":{"title":"Bli Medlem - Svenska Hovslagaref\u00f6reningen","robots":{"index":"index","follow":"follow","max-snippet":"max-snippet:-1","max-image-preview":"max-image-preview:large","max-video-preview":"max-video-preview:-1"},"canonical":"https:\/\/hovslagareforeningen.se\/en\/bli-medlem\/","og_locale":"en_GB","og_type":"article","og_title":"Bli Medlem - Svenska Hovslagaref\u00f6reningen","og_description":"V\u00e4lkommen till v\u00e5rt starka n\u00e4tverk av hovslagare! Du f\u00e5r en stark organisation i ryggen som bevakar dina intressen och ett kansli att v\u00e4nda dig till f\u00f6r r\u00e5dgivning och information. Att [&hellip;]","og_url":"https:\/\/hovslagareforeningen.se\/en\/bli-medlem\/","og_site_name":"Svenska Hovslagaref\u00f6reningen","article_publisher":"https:\/\/www.facebook.com\/SvenskaHovslagareforeningen","article_modified_time":"2026-03-15T15:50:27+00:00","twitter_card":"summary_large_image","twitter_misc":{"Estimated reading time":"4 minutes"},"schema":{"@context":"https:\/\/schema.org","@graph":[{"@type":"WebPage","@id":"https:\/\/hovslagareforeningen.se\/bli-medlem\/","url":"https:\/\/hovslagareforeningen.se\/bli-medlem\/","name":"Bli Medlem - Svenska Hovslagaref\u00f6reningen","isPartOf":{"@id":"https:\/\/hovslagareforeningen.se\/#website"},"datePublished":"2013-09-24T12:32:49+00:00","dateModified":"2026-03-15T15:50:27+00:00","breadcrumb":{"@id":"https:\/\/hovslagareforeningen.se\/bli-medlem\/#breadcrumb"},"inLanguage":"en-GB","potentialAction":[{"@type":"ReadAction","target":["https:\/\/hovslagareforeningen.se\/bli-medlem\/"]}]},{"@type":"BreadcrumbList","@id":"https:\/\/hovslagareforeningen.se\/bli-medlem\/#breadcrumb","itemListElement":[{"@type":"ListItem","position":1,"name":"Hem","item":"https:\/\/hovslagareforeningen.se\/"},{"@type":"ListItem","position":2,"name":"Bli Medlem"}]},{"@type":"WebSite","@id":"https:\/\/hovslagareforeningen.se\/#website","url":"https:\/\/hovslagareforeningen.se\/","name":"Svenska Hovslagaref\u00f6reningen","description":"","publisher":{"@id":"https:\/\/hovslagareforeningen.se\/#organization"},"potentialAction":[{"@type":"SearchAction","target":{"@type":"EntryPoint","urlTemplate":"https:\/\/hovslagareforeningen.se\/?s={search_term_string}"},"query-input":{"@type":"PropertyValueSpecification","valueRequired":true,"valueName":"search_term_string"}}],"inLanguage":"en-GB"},{"@type":"Organization","@id":"https:\/\/hovslagareforeningen.se\/#organization","name":"Svenska Hovslagaref\u00f6reningen","url":"https:\/\/hovslagareforeningen.se\/","logo":{"@type":"ImageObject","inLanguage":"en-GB","@id":"https:\/\/hovslagareforeningen.se\/#\/schema\/logo\/image\/","url":"https:\/\/i0.wp.com\/hovslagareforeningen.se\/wp-content\/uploads\/2025\/12\/SHF-logo.png?fit=594%2C558&ssl=1","contentUrl":"https:\/\/i0.wp.com\/hovslagareforeningen.se\/wp-content\/uploads\/2025\/12\/SHF-logo.png?fit=594%2C558&ssl=1","width":594,"height":558,"caption":"Svenska Hovslagaref\u00f6reningen"},"image":{"@id":"https:\/\/hovslagareforeningen.se\/#\/schema\/logo\/image\/"},"sameAs":["https:\/\/www.facebook.com\/SvenskaHovslagareforeningen","https:\/\/www.instagram.com\/svenska_hovslagareforeningen"]}]}},"jetpack_sharing_enabled":true,"_links":{"self":[{"href":"https:\/\/hovslagareforeningen.se\/en\/wp-json\/wp\/v2\/pages\/172","targetHints":{"allow":["GET"]}}],"collection":[{"href":"https:\/\/hovslagareforeningen.se\/en\/wp-json\/wp\/v2\/pages"}],"about":[{"href":"https:\/\/hovslagareforeningen.se\/en\/wp-json\/wp\/v2\/types\/page"}],"author":[{"embeddable":true,"href":"https:\/\/hovslagareforeningen.se\/en\/wp-json\/wp\/v2\/users\/399"}],"replies":[{"embeddable":true,"href":"https:\/\/hovslagareforeningen.se\/en\/wp-json\/wp\/v2\/comments?post=172"}],"version-history":[{"count":0,"href":"https:\/\/hovslagareforeningen.se\/en\/wp-json\/wp\/v2\/pages\/172\/revisions"}],"wp:attachment":[{"href":"https:\/\/hovslagareforeningen.se\/en\/wp-json\/wp\/v2\/media?parent=172"}],"curies":[{"name":"wp","href":"https:\/\/api.w.org\/{rel}","templated":true}]}}