{"id":176,"date":"2013-09-24T14:33:24","date_gmt":"2013-09-24T12:33:24","guid":{"rendered":"http:\/\/hovslagar14.84.vildmarksdata.net\/?page_id=176"},"modified":"2026-04-22T08:23:52","modified_gmt":"2026-04-22T06:23:52","slug":"hedersmedlemmar","status":"publish","type":"page","link":"https:\/\/hovslagareforeningen.se\/en\/hedersmedlemmar\/","title":{"rendered":"Hedersmedlemmar"},"content":{"rendered":"<div class=\"wp-block-group is-layout-constrained wp-block-group-is-layout-constrained\">\n<div class=\"wp-block-columns is-layout-flex wp-container-core-columns-is-layout-7ee84d44 wp-block-columns-is-layout-flex\">\n<div class=\"wp-block-column is-layout-flow wp-block-column-is-layout-flow\" style=\"flex-basis:66.66%\">\n<p>SHF \u2013 Har sedan 1972 utsett elva stycken hedersmedlemmar:<\/p>\n\n\n\n<ul class=\"wp-block-list\">\n<li><strong>Christian Martinius 2026<\/strong><\/li>\n\n\n\n<li><strong>Ove Wattle 2025<\/strong><\/li>\n\n\n\n<li><strong>Michael Knap 2023<\/strong><\/li>\n\n\n\n<li><strong>B\u00f6rje Wetterlind 2023<\/strong><\/li>\n\n\n\n<li><strong>Rose-Marie Clark 2021<\/strong><\/li>\n\n\n\n<li><strong>Sven Eriksson 2012<\/strong><\/li>\n\n\n\n<li><strong>Stig Bruun 2012<\/strong><\/li>\n\n\n\n<li><strong>Peppe Frosch<\/strong><\/li>\n\n\n\n<li><strong>\u00c5ke Ros\u00e9n<\/strong><\/li>\n\n\n\n<li><strong>Mats Persson<\/strong><\/li>\n\n\n\n<li><strong>Kerstin Haga-Wilund<\/strong><\/li>\n\n\n\n<li><strong>Leif G Pettersson ( SHF\u00b4s grundare, gick ur tiden 2022)<\/strong><\/li>\n<\/ul>\n\n\n\n<p>Hedersmedlemmar kan bara utses en g\u00e5ng om \u00e5ret p\u00e5 f\u00f6reningens \u00e5rsm\u00f6te. F\u00f6rslag till Hedersmedlem skall i god tid och med en v\u00e4lformulerad motivation skickas in till styrelsen. Styrelsen sammanst\u00e4ller sedan de inkomna f\u00f6rslagen som medlemmarna sedan beslutar om p\u00e5 \u00e5rsm\u00f6tet. Kriterierna f\u00f6r att erh\u00e5lla titeln hedersmedlem finns upptagna i f\u00f6reningens stadgar \u00a74.5.<\/p>\n<\/div>\n\n\n\n<div class=\"wp-block-column is-layout-flow wp-block-column-is-layout-flow\" style=\"flex-basis:33.33%\">\n<figure class=\"wp-block-image aligncenter size-thumbnail has-custom-border\"><img data-recalc-dims=\"1\" loading=\"lazy\" decoding=\"async\" width=\"150\" height=\"150\" src=\"https:\/\/i0.wp.com\/hovslagareforeningen.se\/wp-content\/uploads\/2025\/05\/shfmejl.png?resize=150%2C150&#038;ssl=1\" alt=\"\" class=\"wp-image-7203\" style=\"border-radius:4px\" srcset=\"https:\/\/i0.wp.com\/hovslagareforeningen.se\/wp-content\/uploads\/2025\/05\/shfmejl.png?resize=150%2C150&amp;ssl=1 150w, https:\/\/i0.wp.com\/hovslagareforeningen.se\/wp-content\/uploads\/2025\/05\/shfmejl.png?resize=100%2C100&amp;ssl=1 100w, https:\/\/i0.wp.com\/hovslagareforeningen.se\/wp-content\/uploads\/2025\/05\/shfmejl.png?zoom=2&amp;resize=150%2C150&amp;ssl=1 300w\" sizes=\"auto, (max-width: 150px) 100vw, 150px\" \/><\/figure>\n<\/div>\n<\/div>\n<\/div>","protected":false},"excerpt":{"rendered":"<p>SHF \u2013 Har sedan 1972 utsett elva stycken hedersmedlemmar: Hedersmedlemmar kan bara utses en g\u00e5ng om \u00e5ret p\u00e5 f\u00f6reningens \u00e5rsm\u00f6te. F\u00f6rslag till Hedersmedlem skall i god tid och med en [&hellip;]<\/p>\n","protected":false},"author":399,"featured_media":0,"parent":0,"menu_order":0,"comment_status":"closed","ping_status":"closed","template":"","meta":{"_EventAllDay":false,"_EventTimezone":"","_EventStartDate":"","_EventEndDate":"","_EventStartDateUTC":"","_EventEndDateUTC":"","_EventShowMap":false,"_EventShowMapLink":false,"_EventURL":"","_EventCost":"","_EventCostDescription":"","_EventCurrencySymbol":"","_EventCurrencyCode":"","_EventCurrencyPosition":"","_EventDateTimeSeparator":"","_EventTimeRangeSeparator":"","_EventOrganizerID":[],"_EventVenueID":[],"_OrganizerEmail":"","_OrganizerPhone":"","_OrganizerWebsite":"","_VenueAddress":"","_VenueCity":"","_VenueCountry":"","_VenueProvince":"","_VenueState":"","_VenueZip":"","_VenuePhone":"","_VenueURL":"","_VenueStateProvince":"","_VenueLat":"","_VenueLng":"","_VenueShowMap":false,"_VenueShowMapLink":false,"footnotes":""},"class_list":["post-176","page","type-page","status-publish","hentry"],"blocksy_meta":[],"yoast_head":"<!-- This site is optimized with the Yoast SEO plugin v27.4 - https:\/\/yoast.com\/product\/yoast-seo-wordpress\/ -->\n<title>Hedersmedlemmar - Svenska Hovslagaref\u00f6reningen<\/title>\n<meta name=\"robots\" content=\"index, follow, max-snippet:-1, max-image-preview:large, max-video-preview:-1\" \/>\n<link rel=\"canonical\" href=\"https:\/\/hovslagareforeningen.se\/en\/hedersmedlemmar\/\" \/>\n<meta property=\"og:locale\" content=\"en_GB\" \/>\n<meta property=\"og:type\" content=\"article\" \/>\n<meta property=\"og:title\" content=\"Hedersmedlemmar - Svenska Hovslagaref\u00f6reningen\" \/>\n<meta property=\"og:description\" content=\"SHF \u2013 Har sedan 1972 utsett elva stycken hedersmedlemmar: Hedersmedlemmar kan bara utses en g\u00e5ng om \u00e5ret p\u00e5 f\u00f6reningens \u00e5rsm\u00f6te. F\u00f6rslag till Hedersmedlem skall i god tid och med en [&hellip;]\" \/>\n<meta property=\"og:url\" content=\"https:\/\/hovslagareforeningen.se\/en\/hedersmedlemmar\/\" \/>\n<meta property=\"og:site_name\" content=\"Svenska Hovslagaref\u00f6reningen\" \/>\n<meta property=\"article:publisher\" content=\"https:\/\/www.facebook.com\/SvenskaHovslagareforeningen\" \/>\n<meta property=\"article:modified_time\" content=\"2026-04-22T06:23:52+00:00\" \/>\n<meta property=\"og:image\" content=\"https:\/\/hovslagareforeningen.se\/wp-content\/uploads\/2025\/05\/shfmejl-150x150.png\" \/>\n<meta name=\"twitter:card\" content=\"summary_large_image\" \/>\n<meta name=\"twitter:label1\" content=\"Estimated reading time\" \/>\n\t<meta name=\"twitter:data1\" content=\"1 minute\" \/>\n<script type=\"application\/ld+json\" class=\"yoast-schema-graph\">{\"@context\":\"https:\\\/\\\/schema.org\",\"@graph\":[{\"@type\":\"WebPage\",\"@id\":\"https:\\\/\\\/hovslagareforeningen.se\\\/hedersmedlemmar\\\/\",\"url\":\"https:\\\/\\\/hovslagareforeningen.se\\\/hedersmedlemmar\\\/\",\"name\":\"Hedersmedlemmar - Svenska Hovslagaref\u00f6reningen\",\"isPartOf\":{\"@id\":\"https:\\\/\\\/hovslagareforeningen.se\\\/#website\"},\"primaryImageOfPage\":{\"@id\":\"https:\\\/\\\/hovslagareforeningen.se\\\/hedersmedlemmar\\\/#primaryimage\"},\"image\":{\"@id\":\"https:\\\/\\\/hovslagareforeningen.se\\\/hedersmedlemmar\\\/#primaryimage\"},\"thumbnailUrl\":\"https:\\\/\\\/hovslagareforeningen.se\\\/wp-content\\\/uploads\\\/2025\\\/05\\\/shfmejl-150x150.png\",\"datePublished\":\"2013-09-24T12:33:24+00:00\",\"dateModified\":\"2026-04-22T06:23:52+00:00\",\"breadcrumb\":{\"@id\":\"https:\\\/\\\/hovslagareforeningen.se\\\/hedersmedlemmar\\\/#breadcrumb\"},\"inLanguage\":\"en-GB\",\"potentialAction\":[{\"@type\":\"ReadAction\",\"target\":[\"https:\\\/\\\/hovslagareforeningen.se\\\/hedersmedlemmar\\\/\"]}]},{\"@type\":\"ImageObject\",\"inLanguage\":\"en-GB\",\"@id\":\"https:\\\/\\\/hovslagareforeningen.se\\\/hedersmedlemmar\\\/#primaryimage\",\"url\":\"https:\\\/\\\/hovslagareforeningen.se\\\/wp-content\\\/uploads\\\/2025\\\/05\\\/shfmejl-150x150.png\",\"contentUrl\":\"https:\\\/\\\/hovslagareforeningen.se\\\/wp-content\\\/uploads\\\/2025\\\/05\\\/shfmejl-150x150.png\"},{\"@type\":\"BreadcrumbList\",\"@id\":\"https:\\\/\\\/hovslagareforeningen.se\\\/hedersmedlemmar\\\/#breadcrumb\",\"itemListElement\":[{\"@type\":\"ListItem\",\"position\":1,\"name\":\"Hem\",\"item\":\"https:\\\/\\\/hovslagareforeningen.se\\\/\"},{\"@type\":\"ListItem\",\"position\":2,\"name\":\"Hedersmedlemmar\"}]},{\"@type\":\"WebSite\",\"@id\":\"https:\\\/\\\/hovslagareforeningen.se\\\/#website\",\"url\":\"https:\\\/\\\/hovslagareforeningen.se\\\/\",\"name\":\"Svenska Hovslagaref\u00f6reningen\",\"description\":\"\",\"publisher\":{\"@id\":\"https:\\\/\\\/hovslagareforeningen.se\\\/#organization\"},\"potentialAction\":[{\"@type\":\"SearchAction\",\"target\":{\"@type\":\"EntryPoint\",\"urlTemplate\":\"https:\\\/\\\/hovslagareforeningen.se\\\/?s={search_term_string}\"},\"query-input\":{\"@type\":\"PropertyValueSpecification\",\"valueRequired\":true,\"valueName\":\"search_term_string\"}}],\"inLanguage\":\"en-GB\"},{\"@type\":\"Organization\",\"@id\":\"https:\\\/\\\/hovslagareforeningen.se\\\/#organization\",\"name\":\"Svenska Hovslagaref\u00f6reningen\",\"url\":\"https:\\\/\\\/hovslagareforeningen.se\\\/\",\"logo\":{\"@type\":\"ImageObject\",\"inLanguage\":\"en-GB\",\"@id\":\"https:\\\/\\\/hovslagareforeningen.se\\\/#\\\/schema\\\/logo\\\/image\\\/\",\"url\":\"https:\\\/\\\/i0.wp.com\\\/hovslagareforeningen.se\\\/wp-content\\\/uploads\\\/2025\\\/12\\\/SHF-logo.png?fit=594%2C558&ssl=1\",\"contentUrl\":\"https:\\\/\\\/i0.wp.com\\\/hovslagareforeningen.se\\\/wp-content\\\/uploads\\\/2025\\\/12\\\/SHF-logo.png?fit=594%2C558&ssl=1\",\"width\":594,\"height\":558,\"caption\":\"Svenska Hovslagaref\u00f6reningen\"},\"image\":{\"@id\":\"https:\\\/\\\/hovslagareforeningen.se\\\/#\\\/schema\\\/logo\\\/image\\\/\"},\"sameAs\":[\"https:\\\/\\\/www.facebook.com\\\/SvenskaHovslagareforeningen\",\"https:\\\/\\\/www.instagram.com\\\/svenska_hovslagareforeningen\"]}]}<\/script>\n<!-- \/ Yoast SEO plugin. -->","yoast_head_json":{"title":"Hedersmedlemmar - Svenska Hovslagaref\u00f6reningen","robots":{"index":"index","follow":"follow","max-snippet":"max-snippet:-1","max-image-preview":"max-image-preview:large","max-video-preview":"max-video-preview:-1"},"canonical":"https:\/\/hovslagareforeningen.se\/en\/hedersmedlemmar\/","og_locale":"en_GB","og_type":"article","og_title":"Hedersmedlemmar - Svenska Hovslagaref\u00f6reningen","og_description":"SHF \u2013 Har sedan 1972 utsett elva stycken hedersmedlemmar: Hedersmedlemmar kan bara utses en g\u00e5ng om \u00e5ret p\u00e5 f\u00f6reningens \u00e5rsm\u00f6te. F\u00f6rslag till Hedersmedlem skall i god tid och med en [&hellip;]","og_url":"https:\/\/hovslagareforeningen.se\/en\/hedersmedlemmar\/","og_site_name":"Svenska Hovslagaref\u00f6reningen","article_publisher":"https:\/\/www.facebook.com\/SvenskaHovslagareforeningen","article_modified_time":"2026-04-22T06:23:52+00:00","og_image":[{"url":"https:\/\/hovslagareforeningen.se\/wp-content\/uploads\/2025\/05\/shfmejl-150x150.png","type":"","width":"","height":""}],"twitter_card":"summary_large_image","twitter_misc":{"Estimated reading time":"1 minute"},"schema":{"@context":"https:\/\/schema.org","@graph":[{"@type":"WebPage","@id":"https:\/\/hovslagareforeningen.se\/hedersmedlemmar\/","url":"https:\/\/hovslagareforeningen.se\/hedersmedlemmar\/","name":"Hedersmedlemmar - Svenska Hovslagaref\u00f6reningen","isPartOf":{"@id":"https:\/\/hovslagareforeningen.se\/#website"},"primaryImageOfPage":{"@id":"https:\/\/hovslagareforeningen.se\/hedersmedlemmar\/#primaryimage"},"image":{"@id":"https:\/\/hovslagareforeningen.se\/hedersmedlemmar\/#primaryimage"},"thumbnailUrl":"https:\/\/hovslagareforeningen.se\/wp-content\/uploads\/2025\/05\/shfmejl-150x150.png","datePublished":"2013-09-24T12:33:24+00:00","dateModified":"2026-04-22T06:23:52+00:00","breadcrumb":{"@id":"https:\/\/hovslagareforeningen.se\/hedersmedlemmar\/#breadcrumb"},"inLanguage":"en-GB","potentialAction":[{"@type":"ReadAction","target":["https:\/\/hovslagareforeningen.se\/hedersmedlemmar\/"]}]},{"@type":"ImageObject","inLanguage":"en-GB","@id":"https:\/\/hovslagareforeningen.se\/hedersmedlemmar\/#primaryimage","url":"https:\/\/hovslagareforeningen.se\/wp-content\/uploads\/2025\/05\/shfmejl-150x150.png","contentUrl":"https:\/\/hovslagareforeningen.se\/wp-content\/uploads\/2025\/05\/shfmejl-150x150.png"},{"@type":"BreadcrumbList","@id":"https:\/\/hovslagareforeningen.se\/hedersmedlemmar\/#breadcrumb","itemListElement":[{"@type":"ListItem","position":1,"name":"Hem","item":"https:\/\/hovslagareforeningen.se\/"},{"@type":"ListItem","position":2,"name":"Hedersmedlemmar"}]},{"@type":"WebSite","@id":"https:\/\/hovslagareforeningen.se\/#website","url":"https:\/\/hovslagareforeningen.se\/","name":"Svenska Hovslagaref\u00f6reningen","description":"","publisher":{"@id":"https:\/\/hovslagareforeningen.se\/#organization"},"potentialAction":[{"@type":"SearchAction","target":{"@type":"EntryPoint","urlTemplate":"https:\/\/hovslagareforeningen.se\/?s={search_term_string}"},"query-input":{"@type":"PropertyValueSpecification","valueRequired":true,"valueName":"search_term_string"}}],"inLanguage":"en-GB"},{"@type":"Organization","@id":"https:\/\/hovslagareforeningen.se\/#organization","name":"Svenska Hovslagaref\u00f6reningen","url":"https:\/\/hovslagareforeningen.se\/","logo":{"@type":"ImageObject","inLanguage":"en-GB","@id":"https:\/\/hovslagareforeningen.se\/#\/schema\/logo\/image\/","url":"https:\/\/i0.wp.com\/hovslagareforeningen.se\/wp-content\/uploads\/2025\/12\/SHF-logo.png?fit=594%2C558&ssl=1","contentUrl":"https:\/\/i0.wp.com\/hovslagareforeningen.se\/wp-content\/uploads\/2025\/12\/SHF-logo.png?fit=594%2C558&ssl=1","width":594,"height":558,"caption":"Svenska Hovslagaref\u00f6reningen"},"image":{"@id":"https:\/\/hovslagareforeningen.se\/#\/schema\/logo\/image\/"},"sameAs":["https:\/\/www.facebook.com\/SvenskaHovslagareforeningen","https:\/\/www.instagram.com\/svenska_hovslagareforeningen"]}]}},"jetpack_sharing_enabled":true,"_links":{"self":[{"href":"https:\/\/hovslagareforeningen.se\/en\/wp-json\/wp\/v2\/pages\/176","targetHints":{"allow":["GET"]}}],"collection":[{"href":"https:\/\/hovslagareforeningen.se\/en\/wp-json\/wp\/v2\/pages"}],"about":[{"href":"https:\/\/hovslagareforeningen.se\/en\/wp-json\/wp\/v2\/types\/page"}],"author":[{"embeddable":true,"href":"https:\/\/hovslagareforeningen.se\/en\/wp-json\/wp\/v2\/users\/399"}],"replies":[{"embeddable":true,"href":"https:\/\/hovslagareforeningen.se\/en\/wp-json\/wp\/v2\/comments?post=176"}],"version-history":[{"count":0,"href":"https:\/\/hovslagareforeningen.se\/en\/wp-json\/wp\/v2\/pages\/176\/revisions"}],"wp:attachment":[{"href":"https:\/\/hovslagareforeningen.se\/en\/wp-json\/wp\/v2\/media?parent=176"}],"curies":[{"name":"wp","href":"https:\/\/api.w.org\/{rel}","templated":true}]}}