{"id":1990,"date":"2016-04-06T23:21:55","date_gmt":"2016-04-06T21:21:55","guid":{"rendered":"https:\/\/sito.se.vkube.cloud\/?page_id=1990"},"modified":"2016-04-06T23:37:43","modified_gmt":"2016-04-06T21:37:43","slug":"forelasning-pa-saxtorps-hastklinik-4-maj-kl-18-00","status":"publish","type":"page","link":"https:\/\/hovslagareforeningen.se\/en\/forelasning-pa-saxtorps-hastklinik-4-maj-kl-18-00\/","title":{"rendered":"F\u00f6rel\u00e4sning p\u00e5 Saxtorps H\u00e4stklinik, 4 Maj, kl. 18.00"},"content":{"rendered":"<p><a href=\"https:\/\/hovslagareforeningen.se\/wp-content\/uploads\/2016\/04\/F\u00f6rel\u00e4sning-f\u00f6lben.pdf\">Felaktiga benst\u00e4llningar hos f\u00f6l, Rose-Marie Clark &#038; Vetrin\u00e4r Ingela Liw\u00e5ng.<\/a><\/p>","protected":false},"excerpt":{"rendered":"<p>Felaktiga benst\u00e4llningar hos f\u00f6l, Rose-Marie Clark &#038; Vetrin\u00e4r Ingela Liw\u00e5ng.<\/p>","protected":false},"author":399,"featured_media":0,"parent":0,"menu_order":0,"comment_status":"closed","ping_status":"closed","template":"","meta":{"_EventAllDay":false,"_EventTimezone":"","_EventStartDate":"","_EventEndDate":"","_EventStartDateUTC":"","_EventEndDateUTC":"","_EventShowMap":false,"_EventShowMapLink":false,"_EventURL":"","_EventCost":"","_EventCostDescription":"","_EventCurrencySymbol":"","_EventCurrencyCode":"","_EventCurrencyPosition":"","_EventDateTimeSeparator":"","_EventTimeRangeSeparator":"","_EventOrganizerID":[],"_EventVenueID":[],"_OrganizerEmail":"","_OrganizerPhone":"","_OrganizerWebsite":"","_VenueAddress":"","_VenueCity":"","_VenueCountry":"","_VenueProvince":"","_VenueState":"","_VenueZip":"","_VenuePhone":"","_VenueURL":"","_VenueStateProvince":"","_VenueLat":"","_VenueLng":"","_VenueShowMap":false,"_VenueShowMapLink":false,"footnotes":""},"class_list":["post-1990","page","type-page","status-publish","hentry"],"blocksy_meta":[],"yoast_head":"<!-- This site is optimized with the Yoast SEO plugin v27.4 - https:\/\/yoast.com\/product\/yoast-seo-wordpress\/ -->\n<title>F\u00f6rel\u00e4sning p\u00e5 Saxtorps H\u00e4stklinik, 4 Maj, kl. 18.00 - Svenska Hovslagaref\u00f6reningen<\/title>\n<meta name=\"robots\" content=\"index, follow, max-snippet:-1, max-image-preview:large, max-video-preview:-1\" \/>\n<link rel=\"canonical\" href=\"https:\/\/hovslagareforeningen.se\/en\/forelasning-pa-saxtorps-hastklinik-4-maj-kl-18-00\/\" \/>\n<meta property=\"og:locale\" content=\"en_GB\" \/>\n<meta property=\"og:type\" content=\"article\" \/>\n<meta property=\"og:title\" content=\"F\u00f6rel\u00e4sning p\u00e5 Saxtorps H\u00e4stklinik, 4 Maj, kl. 18.00 - Svenska Hovslagaref\u00f6reningen\" \/>\n<meta property=\"og:description\" content=\"Felaktiga benst\u00e4llningar hos f\u00f6l, Rose-Marie Clark &#038; Vetrin\u00e4r Ingela Liw\u00e5ng.\" \/>\n<meta property=\"og:url\" content=\"https:\/\/hovslagareforeningen.se\/en\/forelasning-pa-saxtorps-hastklinik-4-maj-kl-18-00\/\" \/>\n<meta property=\"og:site_name\" content=\"Svenska Hovslagaref\u00f6reningen\" \/>\n<meta property=\"article:publisher\" content=\"https:\/\/www.facebook.com\/SvenskaHovslagareforeningen\" \/>\n<meta property=\"article:modified_time\" content=\"2016-04-06T21:37:43+00:00\" \/>\n<meta name=\"twitter:card\" content=\"summary_large_image\" \/>\n<script type=\"application\/ld+json\" class=\"yoast-schema-graph\">{\"@context\":\"https:\\\/\\\/schema.org\",\"@graph\":[{\"@type\":\"WebPage\",\"@id\":\"https:\\\/\\\/hovslagareforeningen.se\\\/forelasning-pa-saxtorps-hastklinik-4-maj-kl-18-00\\\/\",\"url\":\"https:\\\/\\\/hovslagareforeningen.se\\\/forelasning-pa-saxtorps-hastklinik-4-maj-kl-18-00\\\/\",\"name\":\"F\u00f6rel\u00e4sning p\u00e5 Saxtorps H\u00e4stklinik, 4 Maj, kl. 18.00 - Svenska Hovslagaref\u00f6reningen\",\"isPartOf\":{\"@id\":\"https:\\\/\\\/hovslagareforeningen.se\\\/#website\"},\"datePublished\":\"2016-04-06T21:21:55+00:00\",\"dateModified\":\"2016-04-06T21:37:43+00:00\",\"breadcrumb\":{\"@id\":\"https:\\\/\\\/hovslagareforeningen.se\\\/forelasning-pa-saxtorps-hastklinik-4-maj-kl-18-00\\\/#breadcrumb\"},\"inLanguage\":\"en-GB\",\"potentialAction\":[{\"@type\":\"ReadAction\",\"target\":[\"https:\\\/\\\/hovslagareforeningen.se\\\/forelasning-pa-saxtorps-hastklinik-4-maj-kl-18-00\\\/\"]}]},{\"@type\":\"BreadcrumbList\",\"@id\":\"https:\\\/\\\/hovslagareforeningen.se\\\/forelasning-pa-saxtorps-hastklinik-4-maj-kl-18-00\\\/#breadcrumb\",\"itemListElement\":[{\"@type\":\"ListItem\",\"position\":1,\"name\":\"Hem\",\"item\":\"https:\\\/\\\/hovslagareforeningen.se\\\/\"},{\"@type\":\"ListItem\",\"position\":2,\"name\":\"F\u00f6rel\u00e4sning p\u00e5 Saxtorps H\u00e4stklinik, 4 Maj, kl. 18.00\"}]},{\"@type\":\"WebSite\",\"@id\":\"https:\\\/\\\/hovslagareforeningen.se\\\/#website\",\"url\":\"https:\\\/\\\/hovslagareforeningen.se\\\/\",\"name\":\"Svenska Hovslagaref\u00f6reningen\",\"description\":\"\",\"publisher\":{\"@id\":\"https:\\\/\\\/hovslagareforeningen.se\\\/#organization\"},\"potentialAction\":[{\"@type\":\"SearchAction\",\"target\":{\"@type\":\"EntryPoint\",\"urlTemplate\":\"https:\\\/\\\/hovslagareforeningen.se\\\/?s={search_term_string}\"},\"query-input\":{\"@type\":\"PropertyValueSpecification\",\"valueRequired\":true,\"valueName\":\"search_term_string\"}}],\"inLanguage\":\"en-GB\"},{\"@type\":\"Organization\",\"@id\":\"https:\\\/\\\/hovslagareforeningen.se\\\/#organization\",\"name\":\"Svenska Hovslagaref\u00f6reningen\",\"url\":\"https:\\\/\\\/hovslagareforeningen.se\\\/\",\"logo\":{\"@type\":\"ImageObject\",\"inLanguage\":\"en-GB\",\"@id\":\"https:\\\/\\\/hovslagareforeningen.se\\\/#\\\/schema\\\/logo\\\/image\\\/\",\"url\":\"https:\\\/\\\/i0.wp.com\\\/hovslagareforeningen.se\\\/wp-content\\\/uploads\\\/2025\\\/12\\\/SHF-logo.png?fit=594%2C558&ssl=1\",\"contentUrl\":\"https:\\\/\\\/i0.wp.com\\\/hovslagareforeningen.se\\\/wp-content\\\/uploads\\\/2025\\\/12\\\/SHF-logo.png?fit=594%2C558&ssl=1\",\"width\":594,\"height\":558,\"caption\":\"Svenska Hovslagaref\u00f6reningen\"},\"image\":{\"@id\":\"https:\\\/\\\/hovslagareforeningen.se\\\/#\\\/schema\\\/logo\\\/image\\\/\"},\"sameAs\":[\"https:\\\/\\\/www.facebook.com\\\/SvenskaHovslagareforeningen\",\"https:\\\/\\\/www.instagram.com\\\/svenska_hovslagareforeningen\"]}]}<\/script>\n<!-- \/ Yoast SEO plugin. -->","yoast_head_json":{"title":"F\u00f6rel\u00e4sning p\u00e5 Saxtorps H\u00e4stklinik, 4 Maj, kl. 18.00 - Svenska Hovslagaref\u00f6reningen","robots":{"index":"index","follow":"follow","max-snippet":"max-snippet:-1","max-image-preview":"max-image-preview:large","max-video-preview":"max-video-preview:-1"},"canonical":"https:\/\/hovslagareforeningen.se\/en\/forelasning-pa-saxtorps-hastklinik-4-maj-kl-18-00\/","og_locale":"en_GB","og_type":"article","og_title":"F\u00f6rel\u00e4sning p\u00e5 Saxtorps H\u00e4stklinik, 4 Maj, kl. 18.00 - Svenska Hovslagaref\u00f6reningen","og_description":"Felaktiga benst\u00e4llningar hos f\u00f6l, Rose-Marie Clark &#038; Vetrin\u00e4r Ingela Liw\u00e5ng.","og_url":"https:\/\/hovslagareforeningen.se\/en\/forelasning-pa-saxtorps-hastklinik-4-maj-kl-18-00\/","og_site_name":"Svenska Hovslagaref\u00f6reningen","article_publisher":"https:\/\/www.facebook.com\/SvenskaHovslagareforeningen","article_modified_time":"2016-04-06T21:37:43+00:00","twitter_card":"summary_large_image","schema":{"@context":"https:\/\/schema.org","@graph":[{"@type":"WebPage","@id":"https:\/\/hovslagareforeningen.se\/forelasning-pa-saxtorps-hastklinik-4-maj-kl-18-00\/","url":"https:\/\/hovslagareforeningen.se\/forelasning-pa-saxtorps-hastklinik-4-maj-kl-18-00\/","name":"F\u00f6rel\u00e4sning p\u00e5 Saxtorps H\u00e4stklinik, 4 Maj, kl. 18.00 - Svenska Hovslagaref\u00f6reningen","isPartOf":{"@id":"https:\/\/hovslagareforeningen.se\/#website"},"datePublished":"2016-04-06T21:21:55+00:00","dateModified":"2016-04-06T21:37:43+00:00","breadcrumb":{"@id":"https:\/\/hovslagareforeningen.se\/forelasning-pa-saxtorps-hastklinik-4-maj-kl-18-00\/#breadcrumb"},"inLanguage":"en-GB","potentialAction":[{"@type":"ReadAction","target":["https:\/\/hovslagareforeningen.se\/forelasning-pa-saxtorps-hastklinik-4-maj-kl-18-00\/"]}]},{"@type":"BreadcrumbList","@id":"https:\/\/hovslagareforeningen.se\/forelasning-pa-saxtorps-hastklinik-4-maj-kl-18-00\/#breadcrumb","itemListElement":[{"@type":"ListItem","position":1,"name":"Hem","item":"https:\/\/hovslagareforeningen.se\/"},{"@type":"ListItem","position":2,"name":"F\u00f6rel\u00e4sning p\u00e5 Saxtorps H\u00e4stklinik, 4 Maj, kl. 18.00"}]},{"@type":"WebSite","@id":"https:\/\/hovslagareforeningen.se\/#website","url":"https:\/\/hovslagareforeningen.se\/","name":"Svenska Hovslagaref\u00f6reningen","description":"","publisher":{"@id":"https:\/\/hovslagareforeningen.se\/#organization"},"potentialAction":[{"@type":"SearchAction","target":{"@type":"EntryPoint","urlTemplate":"https:\/\/hovslagareforeningen.se\/?s={search_term_string}"},"query-input":{"@type":"PropertyValueSpecification","valueRequired":true,"valueName":"search_term_string"}}],"inLanguage":"en-GB"},{"@type":"Organization","@id":"https:\/\/hovslagareforeningen.se\/#organization","name":"Svenska Hovslagaref\u00f6reningen","url":"https:\/\/hovslagareforeningen.se\/","logo":{"@type":"ImageObject","inLanguage":"en-GB","@id":"https:\/\/hovslagareforeningen.se\/#\/schema\/logo\/image\/","url":"https:\/\/i0.wp.com\/hovslagareforeningen.se\/wp-content\/uploads\/2025\/12\/SHF-logo.png?fit=594%2C558&ssl=1","contentUrl":"https:\/\/i0.wp.com\/hovslagareforeningen.se\/wp-content\/uploads\/2025\/12\/SHF-logo.png?fit=594%2C558&ssl=1","width":594,"height":558,"caption":"Svenska Hovslagaref\u00f6reningen"},"image":{"@id":"https:\/\/hovslagareforeningen.se\/#\/schema\/logo\/image\/"},"sameAs":["https:\/\/www.facebook.com\/SvenskaHovslagareforeningen","https:\/\/www.instagram.com\/svenska_hovslagareforeningen"]}]}},"jetpack_sharing_enabled":true,"_links":{"self":[{"href":"https:\/\/hovslagareforeningen.se\/en\/wp-json\/wp\/v2\/pages\/1990","targetHints":{"allow":["GET"]}}],"collection":[{"href":"https:\/\/hovslagareforeningen.se\/en\/wp-json\/wp\/v2\/pages"}],"about":[{"href":"https:\/\/hovslagareforeningen.se\/en\/wp-json\/wp\/v2\/types\/page"}],"author":[{"embeddable":true,"href":"https:\/\/hovslagareforeningen.se\/en\/wp-json\/wp\/v2\/users\/399"}],"replies":[{"embeddable":true,"href":"https:\/\/hovslagareforeningen.se\/en\/wp-json\/wp\/v2\/comments?post=1990"}],"version-history":[{"count":0,"href":"https:\/\/hovslagareforeningen.se\/en\/wp-json\/wp\/v2\/pages\/1990\/revisions"}],"wp:attachment":[{"href":"https:\/\/hovslagareforeningen.se\/en\/wp-json\/wp\/v2\/media?parent=1990"}],"curies":[{"name":"wp","href":"https:\/\/api.w.org\/{rel}","templated":true}]}}