{"id":2144,"date":"2016-07-24T09:22:40","date_gmt":"2016-07-24T07:22:40","guid":{"rendered":"https:\/\/sito.se.vkube.cloud\/?page_id=2144"},"modified":"2016-07-24T09:22:40","modified_gmt":"2016-07-24T07:22:40","slug":"clinic-om-plaster-pa-hallands-djursjukhus-sloinge-arrangor-cemtec-begransat-antal-platser","status":"publish","type":"page","link":"https:\/\/hovslagareforeningen.se\/en\/clinic-om-plaster-pa-hallands-djursjukhus-sloinge-arrangor-cemtec-begransat-antal-platser\/","title":{"rendered":"Clinic om plaster p\u00e5 Hallands djursjukhus, Sl\u00f6inge. Arrang\u00f6r Cemtec &#8211; begr\u00e4nsat antal platser!"},"content":{"rendered":"<p>Hallands djursjukhus i sl\u00f6inge<\/p>\n<p>M\u00e5ndag 19\/9 kl 15-18<\/p>\n<p>Anm\u00e4lan till : robert@cemtec.se eller sms: 0735-33 66 67<\/p>\n<p>Denna clinic \u00e4r f\u00f6r hovslagare och \u00e4r gratis.<\/p>\n<p>&nbsp;<\/p>\n<p><a href=\"https:\/\/hovslagareforeningen.se\/wp-content\/uploads\/2016\/07\/Inbjudan-Sl\u00f6inge-2016-09-19-AB.pdf\">Inbjudan Sl\u00f6inge 2016-09-19 A+B<\/a><\/p>","protected":false},"excerpt":{"rendered":"<p>Hallands djursjukhus i sl\u00f6inge M\u00e5ndag 19\/9 kl 15-18 Anm\u00e4lan till : robert@cemtec.se eller sms: 0735-33 66 67 Denna clinic \u00e4r f\u00f6r hovslagare och \u00e4r gratis. &nbsp; Inbjudan Sl\u00f6inge 2016-09-19 A+B<\/p>","protected":false},"author":399,"featured_media":0,"parent":0,"menu_order":0,"comment_status":"closed","ping_status":"closed","template":"","meta":{"_EventAllDay":false,"_EventTimezone":"","_EventStartDate":"","_EventEndDate":"","_EventStartDateUTC":"","_EventEndDateUTC":"","_EventShowMap":false,"_EventShowMapLink":false,"_EventURL":"","_EventCost":"","_EventCostDescription":"","_EventCurrencySymbol":"","_EventCurrencyCode":"","_EventCurrencyPosition":"","_EventDateTimeSeparator":"","_EventTimeRangeSeparator":"","_EventOrganizerID":[],"_EventVenueID":[],"_OrganizerEmail":"","_OrganizerPhone":"","_OrganizerWebsite":"","_VenueAddress":"","_VenueCity":"","_VenueCountry":"","_VenueProvince":"","_VenueState":"","_VenueZip":"","_VenuePhone":"","_VenueURL":"","_VenueStateProvince":"","_VenueLat":"","_VenueLng":"","_VenueShowMap":false,"_VenueShowMapLink":false,"footnotes":""},"class_list":["post-2144","page","type-page","status-publish","hentry"],"blocksy_meta":[],"yoast_head":"<!-- This site is optimized with the Yoast SEO plugin v27.4 - https:\/\/yoast.com\/product\/yoast-seo-wordpress\/ -->\n<title>Clinic om plaster p\u00e5 Hallands djursjukhus, Sl\u00f6inge. Arrang\u00f6r Cemtec - begr\u00e4nsat antal platser! - Svenska Hovslagaref\u00f6reningen<\/title>\n<meta name=\"robots\" content=\"index, follow, max-snippet:-1, max-image-preview:large, max-video-preview:-1\" \/>\n<link rel=\"canonical\" href=\"https:\/\/hovslagareforeningen.se\/en\/clinic-om-plaster-pa-hallands-djursjukhus-sloinge-arrangor-cemtec-begransat-antal-platser\/\" \/>\n<meta property=\"og:locale\" content=\"en_GB\" \/>\n<meta property=\"og:type\" content=\"article\" \/>\n<meta property=\"og:title\" content=\"Clinic om plaster p\u00e5 Hallands djursjukhus, Sl\u00f6inge. Arrang\u00f6r Cemtec - begr\u00e4nsat antal platser! - Svenska Hovslagaref\u00f6reningen\" \/>\n<meta property=\"og:description\" content=\"Hallands djursjukhus i sl\u00f6inge M\u00e5ndag 19\/9 kl 15-18 Anm\u00e4lan till : robert@cemtec.se eller sms: 0735-33 66 67 Denna clinic \u00e4r f\u00f6r hovslagare och \u00e4r gratis. &nbsp; Inbjudan Sl\u00f6inge 2016-09-19 A+B\" \/>\n<meta property=\"og:url\" content=\"https:\/\/hovslagareforeningen.se\/en\/clinic-om-plaster-pa-hallands-djursjukhus-sloinge-arrangor-cemtec-begransat-antal-platser\/\" \/>\n<meta property=\"og:site_name\" content=\"Svenska Hovslagaref\u00f6reningen\" \/>\n<meta property=\"article:publisher\" content=\"https:\/\/www.facebook.com\/SvenskaHovslagareforeningen\" \/>\n<meta name=\"twitter:card\" content=\"summary_large_image\" \/>\n<script type=\"application\/ld+json\" class=\"yoast-schema-graph\">{\"@context\":\"https:\\\/\\\/schema.org\",\"@graph\":[{\"@type\":\"WebPage\",\"@id\":\"https:\\\/\\\/hovslagareforeningen.se\\\/clinic-om-plaster-pa-hallands-djursjukhus-sloinge-arrangor-cemtec-begransat-antal-platser\\\/\",\"url\":\"https:\\\/\\\/hovslagareforeningen.se\\\/clinic-om-plaster-pa-hallands-djursjukhus-sloinge-arrangor-cemtec-begransat-antal-platser\\\/\",\"name\":\"Clinic om plaster p\u00e5 Hallands djursjukhus, Sl\u00f6inge. Arrang\u00f6r Cemtec - begr\u00e4nsat antal platser! - Svenska Hovslagaref\u00f6reningen\",\"isPartOf\":{\"@id\":\"https:\\\/\\\/hovslagareforeningen.se\\\/#website\"},\"datePublished\":\"2016-07-24T07:22:40+00:00\",\"breadcrumb\":{\"@id\":\"https:\\\/\\\/hovslagareforeningen.se\\\/clinic-om-plaster-pa-hallands-djursjukhus-sloinge-arrangor-cemtec-begransat-antal-platser\\\/#breadcrumb\"},\"inLanguage\":\"en-GB\",\"potentialAction\":[{\"@type\":\"ReadAction\",\"target\":[\"https:\\\/\\\/hovslagareforeningen.se\\\/clinic-om-plaster-pa-hallands-djursjukhus-sloinge-arrangor-cemtec-begransat-antal-platser\\\/\"]}]},{\"@type\":\"BreadcrumbList\",\"@id\":\"https:\\\/\\\/hovslagareforeningen.se\\\/clinic-om-plaster-pa-hallands-djursjukhus-sloinge-arrangor-cemtec-begransat-antal-platser\\\/#breadcrumb\",\"itemListElement\":[{\"@type\":\"ListItem\",\"position\":1,\"name\":\"Hem\",\"item\":\"https:\\\/\\\/hovslagareforeningen.se\\\/\"},{\"@type\":\"ListItem\",\"position\":2,\"name\":\"Clinic om plaster p\u00e5 Hallands djursjukhus, Sl\u00f6inge. Arrang\u00f6r Cemtec &#8211; begr\u00e4nsat antal platser!\"}]},{\"@type\":\"WebSite\",\"@id\":\"https:\\\/\\\/hovslagareforeningen.se\\\/#website\",\"url\":\"https:\\\/\\\/hovslagareforeningen.se\\\/\",\"name\":\"Svenska Hovslagaref\u00f6reningen\",\"description\":\"\",\"publisher\":{\"@id\":\"https:\\\/\\\/hovslagareforeningen.se\\\/#organization\"},\"potentialAction\":[{\"@type\":\"SearchAction\",\"target\":{\"@type\":\"EntryPoint\",\"urlTemplate\":\"https:\\\/\\\/hovslagareforeningen.se\\\/?s={search_term_string}\"},\"query-input\":{\"@type\":\"PropertyValueSpecification\",\"valueRequired\":true,\"valueName\":\"search_term_string\"}}],\"inLanguage\":\"en-GB\"},{\"@type\":\"Organization\",\"@id\":\"https:\\\/\\\/hovslagareforeningen.se\\\/#organization\",\"name\":\"Svenska Hovslagaref\u00f6reningen\",\"url\":\"https:\\\/\\\/hovslagareforeningen.se\\\/\",\"logo\":{\"@type\":\"ImageObject\",\"inLanguage\":\"en-GB\",\"@id\":\"https:\\\/\\\/hovslagareforeningen.se\\\/#\\\/schema\\\/logo\\\/image\\\/\",\"url\":\"https:\\\/\\\/i0.wp.com\\\/hovslagareforeningen.se\\\/wp-content\\\/uploads\\\/2025\\\/12\\\/SHF-logo.png?fit=594%2C558&ssl=1\",\"contentUrl\":\"https:\\\/\\\/i0.wp.com\\\/hovslagareforeningen.se\\\/wp-content\\\/uploads\\\/2025\\\/12\\\/SHF-logo.png?fit=594%2C558&ssl=1\",\"width\":594,\"height\":558,\"caption\":\"Svenska Hovslagaref\u00f6reningen\"},\"image\":{\"@id\":\"https:\\\/\\\/hovslagareforeningen.se\\\/#\\\/schema\\\/logo\\\/image\\\/\"},\"sameAs\":[\"https:\\\/\\\/www.facebook.com\\\/SvenskaHovslagareforeningen\",\"https:\\\/\\\/www.instagram.com\\\/svenska_hovslagareforeningen\"]}]}<\/script>\n<!-- \/ Yoast SEO plugin. -->","yoast_head_json":{"title":"Clinic om plaster p\u00e5 Hallands djursjukhus, Sl\u00f6inge. Arrang\u00f6r Cemtec - begr\u00e4nsat antal platser! - Svenska Hovslagaref\u00f6reningen","robots":{"index":"index","follow":"follow","max-snippet":"max-snippet:-1","max-image-preview":"max-image-preview:large","max-video-preview":"max-video-preview:-1"},"canonical":"https:\/\/hovslagareforeningen.se\/en\/clinic-om-plaster-pa-hallands-djursjukhus-sloinge-arrangor-cemtec-begransat-antal-platser\/","og_locale":"en_GB","og_type":"article","og_title":"Clinic om plaster p\u00e5 Hallands djursjukhus, Sl\u00f6inge. Arrang\u00f6r Cemtec - begr\u00e4nsat antal platser! - Svenska Hovslagaref\u00f6reningen","og_description":"Hallands djursjukhus i sl\u00f6inge M\u00e5ndag 19\/9 kl 15-18 Anm\u00e4lan till : robert@cemtec.se eller sms: 0735-33 66 67 Denna clinic \u00e4r f\u00f6r hovslagare och \u00e4r gratis. &nbsp; Inbjudan Sl\u00f6inge 2016-09-19 A+B","og_url":"https:\/\/hovslagareforeningen.se\/en\/clinic-om-plaster-pa-hallands-djursjukhus-sloinge-arrangor-cemtec-begransat-antal-platser\/","og_site_name":"Svenska Hovslagaref\u00f6reningen","article_publisher":"https:\/\/www.facebook.com\/SvenskaHovslagareforeningen","twitter_card":"summary_large_image","schema":{"@context":"https:\/\/schema.org","@graph":[{"@type":"WebPage","@id":"https:\/\/hovslagareforeningen.se\/clinic-om-plaster-pa-hallands-djursjukhus-sloinge-arrangor-cemtec-begransat-antal-platser\/","url":"https:\/\/hovslagareforeningen.se\/clinic-om-plaster-pa-hallands-djursjukhus-sloinge-arrangor-cemtec-begransat-antal-platser\/","name":"Clinic om plaster p\u00e5 Hallands djursjukhus, Sl\u00f6inge. Arrang\u00f6r Cemtec - begr\u00e4nsat antal platser! - Svenska Hovslagaref\u00f6reningen","isPartOf":{"@id":"https:\/\/hovslagareforeningen.se\/#website"},"datePublished":"2016-07-24T07:22:40+00:00","breadcrumb":{"@id":"https:\/\/hovslagareforeningen.se\/clinic-om-plaster-pa-hallands-djursjukhus-sloinge-arrangor-cemtec-begransat-antal-platser\/#breadcrumb"},"inLanguage":"en-GB","potentialAction":[{"@type":"ReadAction","target":["https:\/\/hovslagareforeningen.se\/clinic-om-plaster-pa-hallands-djursjukhus-sloinge-arrangor-cemtec-begransat-antal-platser\/"]}]},{"@type":"BreadcrumbList","@id":"https:\/\/hovslagareforeningen.se\/clinic-om-plaster-pa-hallands-djursjukhus-sloinge-arrangor-cemtec-begransat-antal-platser\/#breadcrumb","itemListElement":[{"@type":"ListItem","position":1,"name":"Hem","item":"https:\/\/hovslagareforeningen.se\/"},{"@type":"ListItem","position":2,"name":"Clinic om plaster p\u00e5 Hallands djursjukhus, Sl\u00f6inge. Arrang\u00f6r Cemtec &#8211; begr\u00e4nsat antal platser!"}]},{"@type":"WebSite","@id":"https:\/\/hovslagareforeningen.se\/#website","url":"https:\/\/hovslagareforeningen.se\/","name":"Svenska Hovslagaref\u00f6reningen","description":"","publisher":{"@id":"https:\/\/hovslagareforeningen.se\/#organization"},"potentialAction":[{"@type":"SearchAction","target":{"@type":"EntryPoint","urlTemplate":"https:\/\/hovslagareforeningen.se\/?s={search_term_string}"},"query-input":{"@type":"PropertyValueSpecification","valueRequired":true,"valueName":"search_term_string"}}],"inLanguage":"en-GB"},{"@type":"Organization","@id":"https:\/\/hovslagareforeningen.se\/#organization","name":"Svenska Hovslagaref\u00f6reningen","url":"https:\/\/hovslagareforeningen.se\/","logo":{"@type":"ImageObject","inLanguage":"en-GB","@id":"https:\/\/hovslagareforeningen.se\/#\/schema\/logo\/image\/","url":"https:\/\/i0.wp.com\/hovslagareforeningen.se\/wp-content\/uploads\/2025\/12\/SHF-logo.png?fit=594%2C558&ssl=1","contentUrl":"https:\/\/i0.wp.com\/hovslagareforeningen.se\/wp-content\/uploads\/2025\/12\/SHF-logo.png?fit=594%2C558&ssl=1","width":594,"height":558,"caption":"Svenska Hovslagaref\u00f6reningen"},"image":{"@id":"https:\/\/hovslagareforeningen.se\/#\/schema\/logo\/image\/"},"sameAs":["https:\/\/www.facebook.com\/SvenskaHovslagareforeningen","https:\/\/www.instagram.com\/svenska_hovslagareforeningen"]}]}},"jetpack_sharing_enabled":true,"_links":{"self":[{"href":"https:\/\/hovslagareforeningen.se\/en\/wp-json\/wp\/v2\/pages\/2144","targetHints":{"allow":["GET"]}}],"collection":[{"href":"https:\/\/hovslagareforeningen.se\/en\/wp-json\/wp\/v2\/pages"}],"about":[{"href":"https:\/\/hovslagareforeningen.se\/en\/wp-json\/wp\/v2\/types\/page"}],"author":[{"embeddable":true,"href":"https:\/\/hovslagareforeningen.se\/en\/wp-json\/wp\/v2\/users\/399"}],"replies":[{"embeddable":true,"href":"https:\/\/hovslagareforeningen.se\/en\/wp-json\/wp\/v2\/comments?post=2144"}],"version-history":[{"count":0,"href":"https:\/\/hovslagareforeningen.se\/en\/wp-json\/wp\/v2\/pages\/2144\/revisions"}],"wp:attachment":[{"href":"https:\/\/hovslagareforeningen.se\/en\/wp-json\/wp\/v2\/media?parent=2144"}],"curies":[{"name":"wp","href":"https:\/\/api.w.org\/{rel}","templated":true}]}}