{"id":220,"date":"2013-09-24T16:49:42","date_gmt":"2013-09-24T14:49:42","guid":{"rendered":"http:\/\/hovslagar14.84.vildmarksdata.net\/?page_id=220"},"modified":"2016-06-13T07:08:48","modified_gmt":"2016-06-13T05:08:48","slug":"om-webplatsen","status":"publish","type":"page","link":"https:\/\/hovslagareforeningen.se\/en\/om-webplatsen\/","title":{"rendered":"Om webplatsen"},"content":{"rendered":"<h3>Anv\u00e4ndarvillkor<\/h3>\n<p>Svenska Hovslagaref\u00f6reningen, nedan ben\u00e4mnt \u201cSHF\u201d, \u00e4ger denna webbplats och, om annat ej anges, \u00e4ven inneh\u00e5llet p\u00e5 densamma.\u00a0Genom att g\u00e5 in p\u00e5 och nyttja denna webbplats anses du ha accepterat de nedan angivna villkoren, h\u00e4refter \u201dAnv\u00e4ndarvillkor\u201d. SHF f\u00f6rbeh\u00e5ller sig dock r\u00e4tten att n\u00e4r som helst ensidigt \u00e4ndra Anv\u00e4ndarvillkoren. SHF rekommenderar dig d\u00e4rf\u00f6r att regelbundet h\u00e5lla dig uppdaterad\u00a0 r\u00f6rande inneh\u00e5llet i dem.\u00a0Anv\u00e4ndarvillkoren \u00e4ndrades senast den\u00a0 2009-07-05.\u00a0Om n\u00e5got eller n\u00e5gra av Anv\u00e4ndarvillkoren strider mot lag, eller p\u00e5 annat s\u00e4tt \u00e4r ogiltiga, skall detta inte p\u00e5verka till\u00e4mpligheten av de \u00f6vriga delar av Anv\u00e4ndarvillkoren.<\/p>\n<h3>Nyttjande<\/h3>\n<p>Inneh\u00e5llet p\u00e5 denna webbplats f\u00e5r endast anv\u00e4ndas f\u00f6r personligt bruk och i syfte att inh\u00e4mta information. Det material som \u00e4r publicerat p\u00e5 webbplatsen av SHF f\u00e5r l\u00e4sas, kopieras, skrivas ut och distribueras under f\u00f6ruts\u00e4ttning att:<\/p>\n<ol>\n<li>sj\u00e4lva inneh\u00e5llet som s\u00e5dant inte skall anv\u00e4ndas f\u00f6r kommersiellt bruk,<\/li>\n<li>om materialet distribueras med h\u00e4nvisning till SHF och<\/li>\n<li>alla notiser i materialet om att upphovsr\u00e4tten och annan \u00e4gander\u00e4tt tillh\u00f6r SHF finns kvar.<\/li>\n<\/ol>\n<p>Inneh\u00e5llet p\u00e5 denna webbplats f\u00e5r inte \u00e4ndras, s\u00e4ndas, \u00e5terskapas, publiceras, licensieras, \u00f6verf\u00f6ras eller s\u00e4ljas utan f\u00f6reg\u00e5ende skriftligt godk\u00e4nnande fr\u00e5n SHF .<\/p>\n<h3><strong>Varum\u00e4rken och upphovsr\u00e4tt<\/strong><\/h3>\n<p>Alla varum\u00e4rken, andra k\u00e4nnetecken, logotyper, texter, bilder och programvara som \u00e5terfinns p\u00e5 denna webbplats tillh\u00f6r SHF om ej annat anges. Detta material utg\u00f6r immaterialr\u00e4ttsligt skyddad egendom.\u00a0All anv\u00e4ndning av dessa varum\u00e4rken, k\u00e4nnetecken, logotyper, texter, bilder och programvara \u00e4r, om ej annat framg\u00e5r av Anv\u00e4ndarvillkoren, f\u00f6rbjuden.\u00a0Olovligt nyttjande eller distribution av material p\u00e5 denna webbplats kan &#8211; med st\u00f6d av till\u00e4mplig lag &#8211; leda till s\u00e5v\u00e4l civilr\u00e4ttsliga som straffr\u00e4ttsliga p\u00e5f\u00f6ljder. SHF\u00a0 kommer att vidta samtliga m\u00f6jliga \u00e5tg\u00e4rder f\u00f6r att skydda och uppr\u00e4tth\u00e5lla sina immateriella r\u00e4ttigheter.<\/p>\n<h3><strong> Informationspolicy<\/strong><\/h3>\n<p>SHF\u00a0 l\u00e4mnar inte n\u00e5gra som helst garantier, varken uttryckliga eller underf\u00f6rst\u00e5dda, r\u00f6rande informationsinneh\u00e5llet p\u00e5 denna webbplats. Detta innefattar t ex \u2013 men inte uteslutande \u2013 garantier r\u00f6rande<\/p>\n<ol>\n<li>m\u00f6jligheten att s\u00e4lja denna information,<\/li>\n<li>informationens anv\u00e4ndbarhet f\u00f6r speciella syften eller<\/li>\n<li>att informationen inte utg\u00f6r intr\u00e5ng i tredje mans r\u00e4tt.<\/li>\n<\/ol>\n<h3><strong>SHF garanterar varken att informationen p\u00e5 denna webbplats \u00e4r korrekt eller komplett<\/strong><\/h3>\n<p>SHF f\u00f6rbinder sig inte att uppdatera vare sig informationen eller materialet p\u00e5 denna webbplats. SHF f\u00f6rbeh\u00e5ller sig vidare r\u00e4tten att vid varje tidpunkt \u2013 utan att p\u00e5 f\u00f6rhand ge besked d\u00e4rom \u2013 f\u00f6r\u00e4ndra informationen p\u00e5 denna webbplats. Dessa f\u00f6r\u00e4ndringar kommer s\u00e5lunda att inf\u00f6ras i varje ny version av webbplatsen.<\/p>\n<p>SHF kan aldrig h\u00e5llas ansvarigt f\u00f6r de skador, direkta eller indirekta av vad slag det vara m\u00e5, vilka p\u00e5 n\u00e5got s\u00e4tt har ett samband med nyttjandet av eller of\u00f6rm\u00e5gan att kunna nyttja webbplatsen eller dess inneh\u00e5ll alternativt skador som p\u00e5 annat s\u00e4tt har ett samband med inneh\u00e5llet p\u00e5 webbplatsen. Detta g\u00e4ller oavsett om det \u00e4r fr\u00e5ga om kontraktuellt, utomkontraktuellt eller strikt skadest\u00e5ndsansvar alternativt n\u00e5gon annan form av skadest\u00e5ndsansvar. Detta g\u00e4ller \u00e4ven om SHF blivit informerat om m\u00f6jligheten att s\u00e5dan skada skulle kunna uppst\u00e5.<\/p>\n<h3><strong>Andras Webbplatser<\/strong><\/h3>\n<p>Denna webbplats kan inneh\u00e5lla l\u00e4nkar till webbplatser som tillh\u00f6r tredje man. Dessa l\u00e4nkar \u00e4r inlagda p\u00e5 webbplatsen i syfte att underl\u00e4tta dess bes\u00f6kares anv\u00e4ndning. SHF ansvarar varken f\u00f6r dessa webbplatsers inneh\u00e5ll eller f\u00f6r informationens tillf\u00f6rlitlighet p\u00e5 webbplatserna. SHF ansvarar inte heller f\u00f6r dessa webbplatsers uppfyllelse av integritetsskyddet.\u00a0SHF\u00a0 kan n\u00e4r som helst \u00e4ndra denna information genom att uppdatera den.<\/p>\n<h3>Integritetspolicy<\/h3>\n<p>SHF respekterar din integritet och har f\u00f6r avsikt att skydda den. Vi tillhandah\u00e5ller denna integritetspolicy f\u00f6r att informera om hur vi hanterar information och vad du sj\u00e4lv kan p\u00e5verka n\u00e4r det g\u00e4ller hur uppgifter samlas in p\u00e5 Internet, och hur denna information anv\u00e4nds. Den h\u00e4r webbplatsen regleras i enlighet med svensk lagstiftning. Svenska allm\u00e4nna domstolar har exklusiv domsr\u00e4tt r\u00f6rande eventuella tvister som uppst\u00e5r p\u00e5 grund av ditt bruk av webbplatsen. Webbplatsen\u00a0<a href=\"https:\/\/hovslagareforeningen.se\/en\/\">www.hovslagareforeningen.se<\/a>\u00a0\u00e4gs av Svenska Hovslagaref\u00f6reningen,\u00a0Ekeby Sj\u00f6stugan 1,\u00a0642 96 MALMK\u00d6PING.<\/p>\n<h3>Cookies<\/h3>\n<p>N\u00e4r du visar den h\u00e4r webbplatsen kan det h\u00e4nda att vi lagrar viss information p\u00e5 din dator i form av en \u201dcookie\u201d. Cookies anv\u00e4nds av m\u00e5nga webbplatser f\u00f6r att bes\u00f6karna ska f\u00e5 tillg\u00e5ng till vissa funktioner. Den information som lagras i cookien kan ocks\u00e5 anv\u00e4ndas f\u00f6r att kartl\u00e4gga en anv\u00e4ndares beteende p\u00e5 webbplatsen.<\/p>\n<p>Om inget annat anges, anv\u00e4nder SHF aldrig cookies f\u00f6r att samla in personuppgifter.\u00a0Vi anv\u00e4nder cookies f\u00f6r att spara dina preferenser i syfte att kunna personifiera ditt bes\u00f6k p\u00e5 v\u00e5ran webbplats.<\/p>\n<h3><strong>Tillg\u00e5ng till dina personliga uppgifter<\/strong><\/h3>\n<p>Vi behandlar inga personuppgifter om dig s\u00e5vida du inte sj\u00e4lv anger dem eller f\u00e5r information om att behandling av personuppgifter kr\u00e4vs.<br \/>\nOm du vill beg\u00e4ra att f\u00e5 tillg\u00e5ng till de uppgifter vi har om dig, eller om du har fr\u00e5gor om SHFs datasekretess \u00e4r du v\u00e4lkommen att skicka ett e-postmeddelande eller ett brev\u00a0till SHF kansli. Vi tillhandah\u00e5ller en l\u00e4sbar kopia av de personuppgifter vi har r\u00f6rande dig inom en m\u00e5nad, vi kommer att beh\u00f6va bevis om din identitet. Du har r\u00e4tt att ifr\u00e5gas\u00e4tta de uppgifter vi innehar om dig, och d\u00e4r s\u00e5 \u00e4r till\u00e4mpligt kan du f\u00e5 uppgifterna: raderade, korrigerade, \u00e4ndrade eller kompletterade.\u00a0V\u00e5r integritetspolicy \u00f6verensst\u00e4mmer med personuppgiftslagen (1998:204). Lagstiftningen r\u00f6rande datasekretess \u00e4r under omarbetning, och vi rekommenderar att du regelbundet kontrollerar om v\u00e5r integritetspolicy har uppdaterats.<\/p>\n<h3><strong>Hyperl\u00e4nkar<\/strong><\/h3>\n<p>F\u00f6r din bekv\u00e4mlighet och nytta kan\u00a0SHF:s webbplats tillhandah\u00e5lla l\u00e4nkar till webbplatser tillh\u00f6riga tredje part. Om du anv\u00e4nder dessa l\u00e4nkar kommer du att l\u00e4mna\u00a0SHF:s webbplats.\u00a0SHF kontrollerar inte dessa webbplatser eller deras sekretessprinciper, som kan vara annorlunda \u00e4n SHF:s . Vi har inget inflytande p\u00e5 webbplatser tillh\u00f6riga tredje part. SHF:s sekretessprinciper omfattar inte personuppgifter du sj\u00e4lv v\u00e4ljer att \u00f6verl\u00e4mna till ej relaterad tredje part. Vi uppmanar dig att l\u00e4sa integritetspolicyn hos respektive f\u00f6retag innan du \u00f6verl\u00e4mnar n\u00e5gon information om dig sj\u00e4lv.<\/p>\n<p>&nbsp;<\/p>\n<p><a href=\"mailto:Webmaster@hovslagareforeningen.se\">Webmaster@hovslagareforeningen.se<\/a><\/p>","protected":false},"excerpt":{"rendered":"<p>Anv\u00e4ndarvillkor Svenska Hovslagaref\u00f6reningen, nedan ben\u00e4mnt \u201cSHF\u201d, \u00e4ger denna webbplats och, om annat ej anges, \u00e4ven inneh\u00e5llet p\u00e5 densamma.\u00a0Genom att g\u00e5 in p\u00e5 och nyttja denna webbplats anses du ha accepterat [&hellip;]<\/p>\n","protected":false},"author":399,"featured_media":0,"parent":0,"menu_order":0,"comment_status":"closed","ping_status":"closed","template":"","meta":{"_EventAllDay":false,"_EventTimezone":"","_EventStartDate":"","_EventEndDate":"","_EventStartDateUTC":"","_EventEndDateUTC":"","_EventShowMap":false,"_EventShowMapLink":false,"_EventURL":"","_EventCost":"","_EventCostDescription":"","_EventCurrencySymbol":"","_EventCurrencyCode":"","_EventCurrencyPosition":"","_EventDateTimeSeparator":"","_EventTimeRangeSeparator":"","_EventOrganizerID":[],"_EventVenueID":[],"_OrganizerEmail":"","_OrganizerPhone":"","_OrganizerWebsite":"","_VenueAddress":"","_VenueCity":"","_VenueCountry":"","_VenueProvince":"","_VenueState":"","_VenueZip":"","_VenuePhone":"","_VenueURL":"","_VenueStateProvince":"","_VenueLat":"","_VenueLng":"","_VenueShowMap":false,"_VenueShowMapLink":false,"footnotes":""},"class_list":["post-220","page","type-page","status-publish","hentry"],"blocksy_meta":[],"yoast_head":"<!-- This site is optimized with the Yoast SEO plugin v27.5 - https:\/\/yoast.com\/product\/yoast-seo-wordpress\/ -->\n<title>Om webplatsen - Svenska Hovslagaref\u00f6reningen<\/title>\n<meta name=\"robots\" content=\"index, follow, max-snippet:-1, max-image-preview:large, max-video-preview:-1\" \/>\n<link rel=\"canonical\" href=\"https:\/\/hovslagareforeningen.se\/en\/om-webplatsen\/\" \/>\n<meta property=\"og:locale\" content=\"en_GB\" \/>\n<meta property=\"og:type\" content=\"article\" \/>\n<meta property=\"og:title\" content=\"Om webplatsen - Svenska Hovslagaref\u00f6reningen\" \/>\n<meta property=\"og:description\" content=\"Anv\u00e4ndarvillkor Svenska Hovslagaref\u00f6reningen, nedan ben\u00e4mnt \u201cSHF\u201d, \u00e4ger denna webbplats och, om annat ej anges, \u00e4ven inneh\u00e5llet p\u00e5 densamma.\u00a0Genom att g\u00e5 in p\u00e5 och nyttja denna webbplats anses du ha accepterat [&hellip;]\" \/>\n<meta property=\"og:url\" content=\"https:\/\/hovslagareforeningen.se\/en\/om-webplatsen\/\" \/>\n<meta property=\"og:site_name\" content=\"Svenska Hovslagaref\u00f6reningen\" \/>\n<meta property=\"article:publisher\" content=\"https:\/\/www.facebook.com\/SvenskaHovslagareforeningen\" \/>\n<meta property=\"article:modified_time\" content=\"2016-06-13T05:08:48+00:00\" \/>\n<meta name=\"twitter:card\" content=\"summary_large_image\" \/>\n<meta name=\"twitter:label1\" content=\"Estimated reading time\" \/>\n\t<meta name=\"twitter:data1\" content=\"6 minutes\" \/>\n<script type=\"application\/ld+json\" class=\"yoast-schema-graph\">{\"@context\":\"https:\\\/\\\/schema.org\",\"@graph\":[{\"@type\":\"WebPage\",\"@id\":\"https:\\\/\\\/hovslagareforeningen.se\\\/om-webplatsen\\\/\",\"url\":\"https:\\\/\\\/hovslagareforeningen.se\\\/om-webplatsen\\\/\",\"name\":\"Om webplatsen - Svenska Hovslagaref\u00f6reningen\",\"isPartOf\":{\"@id\":\"https:\\\/\\\/hovslagareforeningen.se\\\/#website\"},\"datePublished\":\"2013-09-24T14:49:42+00:00\",\"dateModified\":\"2016-06-13T05:08:48+00:00\",\"breadcrumb\":{\"@id\":\"https:\\\/\\\/hovslagareforeningen.se\\\/om-webplatsen\\\/#breadcrumb\"},\"inLanguage\":\"en-GB\",\"potentialAction\":[{\"@type\":\"ReadAction\",\"target\":[\"https:\\\/\\\/hovslagareforeningen.se\\\/om-webplatsen\\\/\"]}]},{\"@type\":\"BreadcrumbList\",\"@id\":\"https:\\\/\\\/hovslagareforeningen.se\\\/om-webplatsen\\\/#breadcrumb\",\"itemListElement\":[{\"@type\":\"ListItem\",\"position\":1,\"name\":\"Hem\",\"item\":\"https:\\\/\\\/hovslagareforeningen.se\\\/\"},{\"@type\":\"ListItem\",\"position\":2,\"name\":\"Om webplatsen\"}]},{\"@type\":\"WebSite\",\"@id\":\"https:\\\/\\\/hovslagareforeningen.se\\\/#website\",\"url\":\"https:\\\/\\\/hovslagareforeningen.se\\\/\",\"name\":\"Svenska Hovslagaref\u00f6reningen\",\"description\":\"\",\"publisher\":{\"@id\":\"https:\\\/\\\/hovslagareforeningen.se\\\/#organization\"},\"potentialAction\":[{\"@type\":\"SearchAction\",\"target\":{\"@type\":\"EntryPoint\",\"urlTemplate\":\"https:\\\/\\\/hovslagareforeningen.se\\\/?s={search_term_string}\"},\"query-input\":{\"@type\":\"PropertyValueSpecification\",\"valueRequired\":true,\"valueName\":\"search_term_string\"}}],\"inLanguage\":\"en-GB\"},{\"@type\":\"Organization\",\"@id\":\"https:\\\/\\\/hovslagareforeningen.se\\\/#organization\",\"name\":\"Svenska Hovslagaref\u00f6reningen\",\"url\":\"https:\\\/\\\/hovslagareforeningen.se\\\/\",\"logo\":{\"@type\":\"ImageObject\",\"inLanguage\":\"en-GB\",\"@id\":\"https:\\\/\\\/hovslagareforeningen.se\\\/#\\\/schema\\\/logo\\\/image\\\/\",\"url\":\"https:\\\/\\\/i0.wp.com\\\/hovslagareforeningen.se\\\/wp-content\\\/uploads\\\/2025\\\/12\\\/SHF-logo.png?fit=594%2C558&ssl=1\",\"contentUrl\":\"https:\\\/\\\/i0.wp.com\\\/hovslagareforeningen.se\\\/wp-content\\\/uploads\\\/2025\\\/12\\\/SHF-logo.png?fit=594%2C558&ssl=1\",\"width\":594,\"height\":558,\"caption\":\"Svenska Hovslagaref\u00f6reningen\"},\"image\":{\"@id\":\"https:\\\/\\\/hovslagareforeningen.se\\\/#\\\/schema\\\/logo\\\/image\\\/\"},\"sameAs\":[\"https:\\\/\\\/www.facebook.com\\\/SvenskaHovslagareforeningen\",\"https:\\\/\\\/www.instagram.com\\\/svenska_hovslagareforeningen\"]}]}<\/script>\n<!-- \/ Yoast SEO plugin. -->","yoast_head_json":{"title":"Om webplatsen - Svenska Hovslagaref\u00f6reningen","robots":{"index":"index","follow":"follow","max-snippet":"max-snippet:-1","max-image-preview":"max-image-preview:large","max-video-preview":"max-video-preview:-1"},"canonical":"https:\/\/hovslagareforeningen.se\/en\/om-webplatsen\/","og_locale":"en_GB","og_type":"article","og_title":"Om webplatsen - Svenska Hovslagaref\u00f6reningen","og_description":"Anv\u00e4ndarvillkor Svenska Hovslagaref\u00f6reningen, nedan ben\u00e4mnt \u201cSHF\u201d, \u00e4ger denna webbplats och, om annat ej anges, \u00e4ven inneh\u00e5llet p\u00e5 densamma.\u00a0Genom att g\u00e5 in p\u00e5 och nyttja denna webbplats anses du ha accepterat [&hellip;]","og_url":"https:\/\/hovslagareforeningen.se\/en\/om-webplatsen\/","og_site_name":"Svenska Hovslagaref\u00f6reningen","article_publisher":"https:\/\/www.facebook.com\/SvenskaHovslagareforeningen","article_modified_time":"2016-06-13T05:08:48+00:00","twitter_card":"summary_large_image","twitter_misc":{"Estimated reading time":"6 minutes"},"schema":{"@context":"https:\/\/schema.org","@graph":[{"@type":"WebPage","@id":"https:\/\/hovslagareforeningen.se\/om-webplatsen\/","url":"https:\/\/hovslagareforeningen.se\/om-webplatsen\/","name":"Om webplatsen - Svenska Hovslagaref\u00f6reningen","isPartOf":{"@id":"https:\/\/hovslagareforeningen.se\/#website"},"datePublished":"2013-09-24T14:49:42+00:00","dateModified":"2016-06-13T05:08:48+00:00","breadcrumb":{"@id":"https:\/\/hovslagareforeningen.se\/om-webplatsen\/#breadcrumb"},"inLanguage":"en-GB","potentialAction":[{"@type":"ReadAction","target":["https:\/\/hovslagareforeningen.se\/om-webplatsen\/"]}]},{"@type":"BreadcrumbList","@id":"https:\/\/hovslagareforeningen.se\/om-webplatsen\/#breadcrumb","itemListElement":[{"@type":"ListItem","position":1,"name":"Hem","item":"https:\/\/hovslagareforeningen.se\/"},{"@type":"ListItem","position":2,"name":"Om webplatsen"}]},{"@type":"WebSite","@id":"https:\/\/hovslagareforeningen.se\/#website","url":"https:\/\/hovslagareforeningen.se\/","name":"Svenska Hovslagaref\u00f6reningen","description":"","publisher":{"@id":"https:\/\/hovslagareforeningen.se\/#organization"},"potentialAction":[{"@type":"SearchAction","target":{"@type":"EntryPoint","urlTemplate":"https:\/\/hovslagareforeningen.se\/?s={search_term_string}"},"query-input":{"@type":"PropertyValueSpecification","valueRequired":true,"valueName":"search_term_string"}}],"inLanguage":"en-GB"},{"@type":"Organization","@id":"https:\/\/hovslagareforeningen.se\/#organization","name":"Svenska Hovslagaref\u00f6reningen","url":"https:\/\/hovslagareforeningen.se\/","logo":{"@type":"ImageObject","inLanguage":"en-GB","@id":"https:\/\/hovslagareforeningen.se\/#\/schema\/logo\/image\/","url":"https:\/\/i0.wp.com\/hovslagareforeningen.se\/wp-content\/uploads\/2025\/12\/SHF-logo.png?fit=594%2C558&ssl=1","contentUrl":"https:\/\/i0.wp.com\/hovslagareforeningen.se\/wp-content\/uploads\/2025\/12\/SHF-logo.png?fit=594%2C558&ssl=1","width":594,"height":558,"caption":"Svenska Hovslagaref\u00f6reningen"},"image":{"@id":"https:\/\/hovslagareforeningen.se\/#\/schema\/logo\/image\/"},"sameAs":["https:\/\/www.facebook.com\/SvenskaHovslagareforeningen","https:\/\/www.instagram.com\/svenska_hovslagareforeningen"]}]}},"jetpack_sharing_enabled":true,"_links":{"self":[{"href":"https:\/\/hovslagareforeningen.se\/en\/wp-json\/wp\/v2\/pages\/220","targetHints":{"allow":["GET"]}}],"collection":[{"href":"https:\/\/hovslagareforeningen.se\/en\/wp-json\/wp\/v2\/pages"}],"about":[{"href":"https:\/\/hovslagareforeningen.se\/en\/wp-json\/wp\/v2\/types\/page"}],"author":[{"embeddable":true,"href":"https:\/\/hovslagareforeningen.se\/en\/wp-json\/wp\/v2\/users\/399"}],"replies":[{"embeddable":true,"href":"https:\/\/hovslagareforeningen.se\/en\/wp-json\/wp\/v2\/comments?post=220"}],"version-history":[{"count":0,"href":"https:\/\/hovslagareforeningen.se\/en\/wp-json\/wp\/v2\/pages\/220\/revisions"}],"wp:attachment":[{"href":"https:\/\/hovslagareforeningen.se\/en\/wp-json\/wp\/v2\/media?parent=220"}],"curies":[{"name":"wp","href":"https:\/\/api.w.org\/{rel}","templated":true}]}}