{"id":2250,"date":"2017-02-05T21:09:28","date_gmt":"2017-02-05T20:09:28","guid":{"rendered":"https:\/\/sito.se.vkube.cloud\/?page_id=2250"},"modified":"2017-02-05T21:09:28","modified_gmt":"2017-02-05T20:09:28","slug":"slu-bjuder-in-shf-medlemmar-till-informationsmote-om-kvarkaforskning-73","status":"publish","type":"page","link":"https:\/\/hovslagareforeningen.se\/en\/slu-bjuder-in-shf-medlemmar-till-informationsmote-om-kvarkaforskning-73\/","title":{"rendered":"SLU Bjuder in SHF-medlemmar till informationsm\u00f6te om kvarkaforskning 7\/3"},"content":{"rendered":"<p>SHF-medlemmar bjuds h\u00e4rmed in till ett informationsm\u00f6te om kvarkaforskning 7\/3.<\/p>\n<p>M\u00f6tet \u00e4ger rum p\u00e5 SLU\u00a0i Uppsala och \u00e4r kostnadsfritt.<\/p>\n<p>&nbsp;<\/p>\n<p>Sveriges lantbruksuniversitet<\/p>\n<p>Swedish University of Agricultural Sciences<br \/>\nwww.slu.se<br \/>\n7:e mars i Tanngrisner, VHC p\u00e5 SLU i Uppsala<br \/>\n\u2022<br \/>\nTisdag 7:e mars\u2013kl. 17.00-20.00<br \/>\n\u2022<br \/>\nProgram f\u00f6r verksamma inom h\u00e4stn\u00e4ringen i Uppsala, Stockholms och V\u00e4stmanlands l\u00e4n.<br \/>\n17.00-18.30 Vad vet vi om smittspridning idag och hur uppt\u00e4cker vi tysta smittb\u00e4rare?<br \/>\nMiiaRiihim\u00e4ki och John Pringle uppdaterar oss om det aktuella forskningsl\u00e4get g\u00e4llande diagnostik och smittspridning av kvarka.<br \/>\n18.30-18.50 Fika<br \/>\n18.50-19.20 Vilka konsekvenser kan ett kvarkautbrott f\u00e5 f\u00f6r en h\u00e4stverksamhet?<br \/>\nCecilia Hakingfr\u00e5n Husby\u00f6hnsislandsh\u00e4stg\u00e5rd ber\u00e4ttar om sina erfarenheter fr\u00e5n n\u00e4r hennes verksamhet drabbades av ett kvarkautbrott.<br \/>\n19.20-20.00 Paneldiskussion<br \/>\nM\u00f6tet \u00e4r kostnadsfritt, fika ing\u00e5r. Anm\u00e4lan till elin.svonni@uds.slu.sesenast 26:e februari. OBS! Ange vilket datum anm\u00e4lan g\u00e4ller.<br \/>\nM\u00f6tet arrangeras av SLU och finansieras av<br \/>\nstatens forskningsr\u00e5d Formas.<\/p>\n<p>Stoppa smittspridningen av kvarka!-resultat fr\u00e5n aktuell forskning bedriven p\u00e5 SLU i samarbete med forskningsr\u00e5det Formas.<\/p>\n<p>Ladda ner pdf&#8212;&gt;\u00a0<a href=\"https:\/\/hovslagareforeningen.se\/wp-content\/uploads\/2017\/02\/kvarkam\u00f6te-djur\u00e4gare.pdf\">kvarkamote-djuragare<\/a><\/p>","protected":false},"excerpt":{"rendered":"<p>SHF-medlemmar bjuds h\u00e4rmed in till ett informationsm\u00f6te om kvarkaforskning 7\/3. M\u00f6tet \u00e4ger rum p\u00e5 SLU\u00a0i Uppsala och \u00e4r kostnadsfritt. &nbsp; Sveriges lantbruksuniversitet Swedish University of Agricultural Sciences www.slu.se 7:e mars [&hellip;]<\/p>\n","protected":false},"author":399,"featured_media":0,"parent":0,"menu_order":0,"comment_status":"closed","ping_status":"closed","template":"","meta":{"_EventAllDay":false,"_EventTimezone":"","_EventStartDate":"","_EventEndDate":"","_EventStartDateUTC":"","_EventEndDateUTC":"","_EventShowMap":false,"_EventShowMapLink":false,"_EventURL":"","_EventCost":"","_EventCostDescription":"","_EventCurrencySymbol":"","_EventCurrencyCode":"","_EventCurrencyPosition":"","_EventDateTimeSeparator":"","_EventTimeRangeSeparator":"","_EventOrganizerID":[],"_EventVenueID":[],"_OrganizerEmail":"","_OrganizerPhone":"","_OrganizerWebsite":"","_VenueAddress":"","_VenueCity":"","_VenueCountry":"","_VenueProvince":"","_VenueState":"","_VenueZip":"","_VenuePhone":"","_VenueURL":"","_VenueStateProvince":"","_VenueLat":"","_VenueLng":"","_VenueShowMap":false,"_VenueShowMapLink":false,"footnotes":""},"class_list":["post-2250","page","type-page","status-publish","hentry"],"blocksy_meta":[],"yoast_head":"<!-- This site is optimized with the Yoast SEO plugin v27.4 - https:\/\/yoast.com\/product\/yoast-seo-wordpress\/ -->\n<title>SLU Bjuder in SHF-medlemmar till informationsm\u00f6te om kvarkaforskning 7\/3 - Svenska Hovslagaref\u00f6reningen<\/title>\n<meta name=\"robots\" content=\"index, follow, max-snippet:-1, max-image-preview:large, max-video-preview:-1\" \/>\n<link rel=\"canonical\" href=\"https:\/\/hovslagareforeningen.se\/en\/slu-bjuder-in-shf-medlemmar-till-informationsmote-om-kvarkaforskning-73\/\" \/>\n<meta property=\"og:locale\" content=\"en_GB\" \/>\n<meta property=\"og:type\" content=\"article\" \/>\n<meta property=\"og:title\" content=\"SLU Bjuder in SHF-medlemmar till informationsm\u00f6te om kvarkaforskning 7\/3 - Svenska Hovslagaref\u00f6reningen\" \/>\n<meta property=\"og:description\" content=\"SHF-medlemmar bjuds h\u00e4rmed in till ett informationsm\u00f6te om kvarkaforskning 7\/3. M\u00f6tet \u00e4ger rum p\u00e5 SLU\u00a0i Uppsala och \u00e4r kostnadsfritt. &nbsp; Sveriges lantbruksuniversitet Swedish University of Agricultural Sciences www.slu.se 7:e mars [&hellip;]\" \/>\n<meta property=\"og:url\" content=\"https:\/\/hovslagareforeningen.se\/en\/slu-bjuder-in-shf-medlemmar-till-informationsmote-om-kvarkaforskning-73\/\" \/>\n<meta property=\"og:site_name\" content=\"Svenska Hovslagaref\u00f6reningen\" \/>\n<meta property=\"article:publisher\" content=\"https:\/\/www.facebook.com\/SvenskaHovslagareforeningen\" \/>\n<meta name=\"twitter:card\" content=\"summary_large_image\" \/>\n<meta name=\"twitter:label1\" content=\"Estimated reading time\" \/>\n\t<meta name=\"twitter:data1\" content=\"1 minute\" \/>\n<script type=\"application\/ld+json\" class=\"yoast-schema-graph\">{\"@context\":\"https:\\\/\\\/schema.org\",\"@graph\":[{\"@type\":\"WebPage\",\"@id\":\"https:\\\/\\\/hovslagareforeningen.se\\\/slu-bjuder-in-shf-medlemmar-till-informationsmote-om-kvarkaforskning-73\\\/\",\"url\":\"https:\\\/\\\/hovslagareforeningen.se\\\/slu-bjuder-in-shf-medlemmar-till-informationsmote-om-kvarkaforskning-73\\\/\",\"name\":\"SLU Bjuder in SHF-medlemmar till informationsm\u00f6te om kvarkaforskning 7\\\/3 - Svenska Hovslagaref\u00f6reningen\",\"isPartOf\":{\"@id\":\"https:\\\/\\\/hovslagareforeningen.se\\\/#website\"},\"datePublished\":\"2017-02-05T20:09:28+00:00\",\"breadcrumb\":{\"@id\":\"https:\\\/\\\/hovslagareforeningen.se\\\/slu-bjuder-in-shf-medlemmar-till-informationsmote-om-kvarkaforskning-73\\\/#breadcrumb\"},\"inLanguage\":\"en-GB\",\"potentialAction\":[{\"@type\":\"ReadAction\",\"target\":[\"https:\\\/\\\/hovslagareforeningen.se\\\/slu-bjuder-in-shf-medlemmar-till-informationsmote-om-kvarkaforskning-73\\\/\"]}]},{\"@type\":\"BreadcrumbList\",\"@id\":\"https:\\\/\\\/hovslagareforeningen.se\\\/slu-bjuder-in-shf-medlemmar-till-informationsmote-om-kvarkaforskning-73\\\/#breadcrumb\",\"itemListElement\":[{\"@type\":\"ListItem\",\"position\":1,\"name\":\"Hem\",\"item\":\"https:\\\/\\\/hovslagareforeningen.se\\\/\"},{\"@type\":\"ListItem\",\"position\":2,\"name\":\"SLU Bjuder in SHF-medlemmar till informationsm\u00f6te om kvarkaforskning 7\\\/3\"}]},{\"@type\":\"WebSite\",\"@id\":\"https:\\\/\\\/hovslagareforeningen.se\\\/#website\",\"url\":\"https:\\\/\\\/hovslagareforeningen.se\\\/\",\"name\":\"Svenska Hovslagaref\u00f6reningen\",\"description\":\"\",\"publisher\":{\"@id\":\"https:\\\/\\\/hovslagareforeningen.se\\\/#organization\"},\"potentialAction\":[{\"@type\":\"SearchAction\",\"target\":{\"@type\":\"EntryPoint\",\"urlTemplate\":\"https:\\\/\\\/hovslagareforeningen.se\\\/?s={search_term_string}\"},\"query-input\":{\"@type\":\"PropertyValueSpecification\",\"valueRequired\":true,\"valueName\":\"search_term_string\"}}],\"inLanguage\":\"en-GB\"},{\"@type\":\"Organization\",\"@id\":\"https:\\\/\\\/hovslagareforeningen.se\\\/#organization\",\"name\":\"Svenska Hovslagaref\u00f6reningen\",\"url\":\"https:\\\/\\\/hovslagareforeningen.se\\\/\",\"logo\":{\"@type\":\"ImageObject\",\"inLanguage\":\"en-GB\",\"@id\":\"https:\\\/\\\/hovslagareforeningen.se\\\/#\\\/schema\\\/logo\\\/image\\\/\",\"url\":\"https:\\\/\\\/i0.wp.com\\\/hovslagareforeningen.se\\\/wp-content\\\/uploads\\\/2025\\\/12\\\/SHF-logo.png?fit=594%2C558&ssl=1\",\"contentUrl\":\"https:\\\/\\\/i0.wp.com\\\/hovslagareforeningen.se\\\/wp-content\\\/uploads\\\/2025\\\/12\\\/SHF-logo.png?fit=594%2C558&ssl=1\",\"width\":594,\"height\":558,\"caption\":\"Svenska Hovslagaref\u00f6reningen\"},\"image\":{\"@id\":\"https:\\\/\\\/hovslagareforeningen.se\\\/#\\\/schema\\\/logo\\\/image\\\/\"},\"sameAs\":[\"https:\\\/\\\/www.facebook.com\\\/SvenskaHovslagareforeningen\",\"https:\\\/\\\/www.instagram.com\\\/svenska_hovslagareforeningen\"]}]}<\/script>\n<!-- \/ Yoast SEO plugin. -->","yoast_head_json":{"title":"SLU Bjuder in SHF-medlemmar till informationsm\u00f6te om kvarkaforskning 7\/3 - Svenska Hovslagaref\u00f6reningen","robots":{"index":"index","follow":"follow","max-snippet":"max-snippet:-1","max-image-preview":"max-image-preview:large","max-video-preview":"max-video-preview:-1"},"canonical":"https:\/\/hovslagareforeningen.se\/en\/slu-bjuder-in-shf-medlemmar-till-informationsmote-om-kvarkaforskning-73\/","og_locale":"en_GB","og_type":"article","og_title":"SLU Bjuder in SHF-medlemmar till informationsm\u00f6te om kvarkaforskning 7\/3 - Svenska Hovslagaref\u00f6reningen","og_description":"SHF-medlemmar bjuds h\u00e4rmed in till ett informationsm\u00f6te om kvarkaforskning 7\/3. M\u00f6tet \u00e4ger rum p\u00e5 SLU\u00a0i Uppsala och \u00e4r kostnadsfritt. &nbsp; Sveriges lantbruksuniversitet Swedish University of Agricultural Sciences www.slu.se 7:e mars [&hellip;]","og_url":"https:\/\/hovslagareforeningen.se\/en\/slu-bjuder-in-shf-medlemmar-till-informationsmote-om-kvarkaforskning-73\/","og_site_name":"Svenska Hovslagaref\u00f6reningen","article_publisher":"https:\/\/www.facebook.com\/SvenskaHovslagareforeningen","twitter_card":"summary_large_image","twitter_misc":{"Estimated reading time":"1 minute"},"schema":{"@context":"https:\/\/schema.org","@graph":[{"@type":"WebPage","@id":"https:\/\/hovslagareforeningen.se\/slu-bjuder-in-shf-medlemmar-till-informationsmote-om-kvarkaforskning-73\/","url":"https:\/\/hovslagareforeningen.se\/slu-bjuder-in-shf-medlemmar-till-informationsmote-om-kvarkaforskning-73\/","name":"SLU Bjuder in SHF-medlemmar till informationsm\u00f6te om kvarkaforskning 7\/3 - Svenska Hovslagaref\u00f6reningen","isPartOf":{"@id":"https:\/\/hovslagareforeningen.se\/#website"},"datePublished":"2017-02-05T20:09:28+00:00","breadcrumb":{"@id":"https:\/\/hovslagareforeningen.se\/slu-bjuder-in-shf-medlemmar-till-informationsmote-om-kvarkaforskning-73\/#breadcrumb"},"inLanguage":"en-GB","potentialAction":[{"@type":"ReadAction","target":["https:\/\/hovslagareforeningen.se\/slu-bjuder-in-shf-medlemmar-till-informationsmote-om-kvarkaforskning-73\/"]}]},{"@type":"BreadcrumbList","@id":"https:\/\/hovslagareforeningen.se\/slu-bjuder-in-shf-medlemmar-till-informationsmote-om-kvarkaforskning-73\/#breadcrumb","itemListElement":[{"@type":"ListItem","position":1,"name":"Hem","item":"https:\/\/hovslagareforeningen.se\/"},{"@type":"ListItem","position":2,"name":"SLU Bjuder in SHF-medlemmar till informationsm\u00f6te om kvarkaforskning 7\/3"}]},{"@type":"WebSite","@id":"https:\/\/hovslagareforeningen.se\/#website","url":"https:\/\/hovslagareforeningen.se\/","name":"Svenska Hovslagaref\u00f6reningen","description":"","publisher":{"@id":"https:\/\/hovslagareforeningen.se\/#organization"},"potentialAction":[{"@type":"SearchAction","target":{"@type":"EntryPoint","urlTemplate":"https:\/\/hovslagareforeningen.se\/?s={search_term_string}"},"query-input":{"@type":"PropertyValueSpecification","valueRequired":true,"valueName":"search_term_string"}}],"inLanguage":"en-GB"},{"@type":"Organization","@id":"https:\/\/hovslagareforeningen.se\/#organization","name":"Svenska Hovslagaref\u00f6reningen","url":"https:\/\/hovslagareforeningen.se\/","logo":{"@type":"ImageObject","inLanguage":"en-GB","@id":"https:\/\/hovslagareforeningen.se\/#\/schema\/logo\/image\/","url":"https:\/\/i0.wp.com\/hovslagareforeningen.se\/wp-content\/uploads\/2025\/12\/SHF-logo.png?fit=594%2C558&ssl=1","contentUrl":"https:\/\/i0.wp.com\/hovslagareforeningen.se\/wp-content\/uploads\/2025\/12\/SHF-logo.png?fit=594%2C558&ssl=1","width":594,"height":558,"caption":"Svenska Hovslagaref\u00f6reningen"},"image":{"@id":"https:\/\/hovslagareforeningen.se\/#\/schema\/logo\/image\/"},"sameAs":["https:\/\/www.facebook.com\/SvenskaHovslagareforeningen","https:\/\/www.instagram.com\/svenska_hovslagareforeningen"]}]}},"jetpack_sharing_enabled":true,"_links":{"self":[{"href":"https:\/\/hovslagareforeningen.se\/en\/wp-json\/wp\/v2\/pages\/2250","targetHints":{"allow":["GET"]}}],"collection":[{"href":"https:\/\/hovslagareforeningen.se\/en\/wp-json\/wp\/v2\/pages"}],"about":[{"href":"https:\/\/hovslagareforeningen.se\/en\/wp-json\/wp\/v2\/types\/page"}],"author":[{"embeddable":true,"href":"https:\/\/hovslagareforeningen.se\/en\/wp-json\/wp\/v2\/users\/399"}],"replies":[{"embeddable":true,"href":"https:\/\/hovslagareforeningen.se\/en\/wp-json\/wp\/v2\/comments?post=2250"}],"version-history":[{"count":0,"href":"https:\/\/hovslagareforeningen.se\/en\/wp-json\/wp\/v2\/pages\/2250\/revisions"}],"wp:attachment":[{"href":"https:\/\/hovslagareforeningen.se\/en\/wp-json\/wp\/v2\/media?parent=2250"}],"curies":[{"name":"wp","href":"https:\/\/api.w.org\/{rel}","templated":true}]}}