{"id":2412,"date":"2017-06-03T14:05:56","date_gmt":"2017-06-03T12:05:56","guid":{"rendered":"https:\/\/sito.se.vkube.cloud\/?page_id=2412"},"modified":"2017-06-03T14:08:36","modified_gmt":"2017-06-03T12:08:36","slug":"ramnas-farrier-challange-2017","status":"publish","type":"page","link":"https:\/\/hovslagareforeningen.se\/en\/ramnas-farrier-challange-2017\/","title":{"rendered":"Ramn\u00e4s Farrier challange 2017"},"content":{"rendered":"<h1><\/h1>\n<p><strong>en distriktst\u00e4vling i div 1, div 2 och div 3 den 22 Juli 2017<\/strong><\/p>\n<p><strong>i samband med Ramn\u00e4s smides och hantverksdag<\/strong><\/p>\n<p>\u00c4ssja och st\u00e4d finns p\u00e5 t\u00e4vlingsplatsen men j\u00e4rn och gasol tas med av den t\u00e4vlande!!!<\/p>\n<p>L\u00e4ttare f\u00f6rt\u00e4ring och fika finns att k\u00f6pa p\u00e5 omr\u00e5det,<\/p>\n<p>\u00d6vernattningsm\u00f6jligheter 2 min fr\u00e5n t\u00e4vlingsomr\u00e5det finns i form av gr\u00e4smatta att st\u00e4lla upp t\u00e4lt eller husvagn p\u00e5, toalett och dusch p\u00e5 promenadavst\u00e5nd<\/p>\n<p>Fr\u00e5gor till Elin p\u00e5 073-5320357<\/p>\n<p>Avgiften per division (tv\u00e5 klasser) \u00e4r 600kr eller 500kr f\u00f6r medlemmar i SHF(plus moms). Vid strykning \u00e5terbetalas den endast mot uppvisande av sjukintyg.<\/p>\n<p>F\u00f6r att anm\u00e4la sig till t\u00e4vlingen skicka ett mail till erhovslagare@<span class=\"skimlinks-unlinked\">gmail.com<\/span><\/p>\n<p>Med namn, faktura adress, tel nr och vilken div ni vill vara med i. S\u00e5 f\u00e5r ni hem en faktura och n\u00e4r den \u00e4r betald s\u00e5 \u00e4r anm\u00e4lan klar.<\/p>\n<p>Max 10 deltagare per\u00a0division<\/p>\n<p>Domare: Jan J\u00e4verg\u00e5rd och Tobbias Nilsson<\/p>\n<p>Div 3<\/p>\n<p>Tv\u00e5 skor efter ritning Tid 60 min \u00a0 \u00a0Sl\u00e4ggdr\u00e4ng till\u00e5ten<\/p>\n<p>Eagle Eye- Falsad sko utan kappa, 7 s\u00f6mh\u00e5l, s\u00f6m l\u00e4mplig till hoven \u00a0\u00a0Tid 30min<\/p>\n<p>Div 2<\/p>\n<p>Tv\u00e5 skor efter ritning \u00a0Tid 55 min<\/p>\n<p>Eagle Eye- Falsad sko utan kappa, s\u00f6m l\u00e4mplig till hoven \u00a0Tid 25 min<\/p>\n<p>Div 1<\/p>\n<p>Tv\u00e5 skor efter ritning \u00a0Tid 50 min<\/p>\n<p>Eagle Eye- Falsad ringsko, s\u00f6m l\u00e4mplig till hoven \u00a0Tid 25 min<\/p>\n<p>L\u00e4nk &#8212;&gt;\u00a0<a href=\"https:\/\/erhovslagare.wordpress.com\/ramnas-farrier-challenge-2015\/\">Ramn\u00e4s Farrier challenge 2017<\/a><\/p>\n<p>&nbsp;<\/p>","protected":false},"excerpt":{"rendered":"<p>en distriktst\u00e4vling i div 1, div 2 och div 3 den 22 Juli 2017 i samband med Ramn\u00e4s smides och hantverksdag \u00c4ssja och st\u00e4d finns p\u00e5 t\u00e4vlingsplatsen men j\u00e4rn och [&hellip;]<\/p>\n","protected":false},"author":399,"featured_media":0,"parent":0,"menu_order":0,"comment_status":"closed","ping_status":"closed","template":"","meta":{"_EventAllDay":false,"_EventTimezone":"","_EventStartDate":"","_EventEndDate":"","_EventStartDateUTC":"","_EventEndDateUTC":"","_EventShowMap":false,"_EventShowMapLink":false,"_EventURL":"","_EventCost":"","_EventCostDescription":"","_EventCurrencySymbol":"","_EventCurrencyCode":"","_EventCurrencyPosition":"","_EventDateTimeSeparator":"","_EventTimeRangeSeparator":"","_EventOrganizerID":[],"_EventVenueID":[],"_OrganizerEmail":"","_OrganizerPhone":"","_OrganizerWebsite":"","_VenueAddress":"","_VenueCity":"","_VenueCountry":"","_VenueProvince":"","_VenueState":"","_VenueZip":"","_VenuePhone":"","_VenueURL":"","_VenueStateProvince":"","_VenueLat":"","_VenueLng":"","_VenueShowMap":false,"_VenueShowMapLink":false,"footnotes":""},"class_list":["post-2412","page","type-page","status-publish","hentry"],"blocksy_meta":[],"yoast_head":"<!-- This site is optimized with the Yoast SEO plugin v27.5 - https:\/\/yoast.com\/product\/yoast-seo-wordpress\/ -->\n<title>Ramn\u00e4s Farrier challange 2017 - Svenska Hovslagaref\u00f6reningen<\/title>\n<meta name=\"robots\" content=\"index, follow, max-snippet:-1, max-image-preview:large, max-video-preview:-1\" \/>\n<link rel=\"canonical\" href=\"https:\/\/hovslagareforeningen.se\/en\/ramnas-farrier-challange-2017\/\" \/>\n<meta property=\"og:locale\" content=\"en_GB\" \/>\n<meta property=\"og:type\" content=\"article\" \/>\n<meta property=\"og:title\" content=\"Ramn\u00e4s Farrier challange 2017 - Svenska Hovslagaref\u00f6reningen\" \/>\n<meta property=\"og:description\" content=\"en distriktst\u00e4vling i div 1, div 2 och div 3 den 22 Juli 2017 i samband med Ramn\u00e4s smides och hantverksdag \u00c4ssja och st\u00e4d finns p\u00e5 t\u00e4vlingsplatsen men j\u00e4rn och [&hellip;]\" \/>\n<meta property=\"og:url\" content=\"https:\/\/hovslagareforeningen.se\/en\/ramnas-farrier-challange-2017\/\" \/>\n<meta property=\"og:site_name\" content=\"Svenska Hovslagaref\u00f6reningen\" \/>\n<meta property=\"article:publisher\" content=\"https:\/\/www.facebook.com\/SvenskaHovslagareforeningen\" \/>\n<meta property=\"article:modified_time\" content=\"2017-06-03T12:08:36+00:00\" \/>\n<meta name=\"twitter:card\" content=\"summary_large_image\" \/>\n<meta name=\"twitter:label1\" content=\"Estimated reading time\" \/>\n\t<meta name=\"twitter:data1\" content=\"1 minute\" \/>\n<script type=\"application\/ld+json\" class=\"yoast-schema-graph\">{\"@context\":\"https:\\\/\\\/schema.org\",\"@graph\":[{\"@type\":\"WebPage\",\"@id\":\"https:\\\/\\\/hovslagareforeningen.se\\\/ramnas-farrier-challange-2017\\\/\",\"url\":\"https:\\\/\\\/hovslagareforeningen.se\\\/ramnas-farrier-challange-2017\\\/\",\"name\":\"Ramn\u00e4s Farrier challange 2017 - Svenska Hovslagaref\u00f6reningen\",\"isPartOf\":{\"@id\":\"https:\\\/\\\/hovslagareforeningen.se\\\/#website\"},\"datePublished\":\"2017-06-03T12:05:56+00:00\",\"dateModified\":\"2017-06-03T12:08:36+00:00\",\"breadcrumb\":{\"@id\":\"https:\\\/\\\/hovslagareforeningen.se\\\/ramnas-farrier-challange-2017\\\/#breadcrumb\"},\"inLanguage\":\"en-GB\",\"potentialAction\":[{\"@type\":\"ReadAction\",\"target\":[\"https:\\\/\\\/hovslagareforeningen.se\\\/ramnas-farrier-challange-2017\\\/\"]}]},{\"@type\":\"BreadcrumbList\",\"@id\":\"https:\\\/\\\/hovslagareforeningen.se\\\/ramnas-farrier-challange-2017\\\/#breadcrumb\",\"itemListElement\":[{\"@type\":\"ListItem\",\"position\":1,\"name\":\"Hem\",\"item\":\"https:\\\/\\\/hovslagareforeningen.se\\\/\"},{\"@type\":\"ListItem\",\"position\":2,\"name\":\"Ramn\u00e4s Farrier challange 2017\"}]},{\"@type\":\"WebSite\",\"@id\":\"https:\\\/\\\/hovslagareforeningen.se\\\/#website\",\"url\":\"https:\\\/\\\/hovslagareforeningen.se\\\/\",\"name\":\"Svenska Hovslagaref\u00f6reningen\",\"description\":\"\",\"publisher\":{\"@id\":\"https:\\\/\\\/hovslagareforeningen.se\\\/#organization\"},\"potentialAction\":[{\"@type\":\"SearchAction\",\"target\":{\"@type\":\"EntryPoint\",\"urlTemplate\":\"https:\\\/\\\/hovslagareforeningen.se\\\/?s={search_term_string}\"},\"query-input\":{\"@type\":\"PropertyValueSpecification\",\"valueRequired\":true,\"valueName\":\"search_term_string\"}}],\"inLanguage\":\"en-GB\"},{\"@type\":\"Organization\",\"@id\":\"https:\\\/\\\/hovslagareforeningen.se\\\/#organization\",\"name\":\"Svenska Hovslagaref\u00f6reningen\",\"url\":\"https:\\\/\\\/hovslagareforeningen.se\\\/\",\"logo\":{\"@type\":\"ImageObject\",\"inLanguage\":\"en-GB\",\"@id\":\"https:\\\/\\\/hovslagareforeningen.se\\\/#\\\/schema\\\/logo\\\/image\\\/\",\"url\":\"https:\\\/\\\/i0.wp.com\\\/hovslagareforeningen.se\\\/wp-content\\\/uploads\\\/2025\\\/12\\\/SHF-logo.png?fit=594%2C558&ssl=1\",\"contentUrl\":\"https:\\\/\\\/i0.wp.com\\\/hovslagareforeningen.se\\\/wp-content\\\/uploads\\\/2025\\\/12\\\/SHF-logo.png?fit=594%2C558&ssl=1\",\"width\":594,\"height\":558,\"caption\":\"Svenska Hovslagaref\u00f6reningen\"},\"image\":{\"@id\":\"https:\\\/\\\/hovslagareforeningen.se\\\/#\\\/schema\\\/logo\\\/image\\\/\"},\"sameAs\":[\"https:\\\/\\\/www.facebook.com\\\/SvenskaHovslagareforeningen\",\"https:\\\/\\\/www.instagram.com\\\/svenska_hovslagareforeningen\"]}]}<\/script>\n<!-- \/ Yoast SEO plugin. -->","yoast_head_json":{"title":"Ramn\u00e4s Farrier challange 2017 - Svenska Hovslagaref\u00f6reningen","robots":{"index":"index","follow":"follow","max-snippet":"max-snippet:-1","max-image-preview":"max-image-preview:large","max-video-preview":"max-video-preview:-1"},"canonical":"https:\/\/hovslagareforeningen.se\/en\/ramnas-farrier-challange-2017\/","og_locale":"en_GB","og_type":"article","og_title":"Ramn\u00e4s Farrier challange 2017 - Svenska Hovslagaref\u00f6reningen","og_description":"en distriktst\u00e4vling i div 1, div 2 och div 3 den 22 Juli 2017 i samband med Ramn\u00e4s smides och hantverksdag \u00c4ssja och st\u00e4d finns p\u00e5 t\u00e4vlingsplatsen men j\u00e4rn och [&hellip;]","og_url":"https:\/\/hovslagareforeningen.se\/en\/ramnas-farrier-challange-2017\/","og_site_name":"Svenska Hovslagaref\u00f6reningen","article_publisher":"https:\/\/www.facebook.com\/SvenskaHovslagareforeningen","article_modified_time":"2017-06-03T12:08:36+00:00","twitter_card":"summary_large_image","twitter_misc":{"Estimated reading time":"1 minute"},"schema":{"@context":"https:\/\/schema.org","@graph":[{"@type":"WebPage","@id":"https:\/\/hovslagareforeningen.se\/ramnas-farrier-challange-2017\/","url":"https:\/\/hovslagareforeningen.se\/ramnas-farrier-challange-2017\/","name":"Ramn\u00e4s Farrier challange 2017 - Svenska Hovslagaref\u00f6reningen","isPartOf":{"@id":"https:\/\/hovslagareforeningen.se\/#website"},"datePublished":"2017-06-03T12:05:56+00:00","dateModified":"2017-06-03T12:08:36+00:00","breadcrumb":{"@id":"https:\/\/hovslagareforeningen.se\/ramnas-farrier-challange-2017\/#breadcrumb"},"inLanguage":"en-GB","potentialAction":[{"@type":"ReadAction","target":["https:\/\/hovslagareforeningen.se\/ramnas-farrier-challange-2017\/"]}]},{"@type":"BreadcrumbList","@id":"https:\/\/hovslagareforeningen.se\/ramnas-farrier-challange-2017\/#breadcrumb","itemListElement":[{"@type":"ListItem","position":1,"name":"Hem","item":"https:\/\/hovslagareforeningen.se\/"},{"@type":"ListItem","position":2,"name":"Ramn\u00e4s Farrier challange 2017"}]},{"@type":"WebSite","@id":"https:\/\/hovslagareforeningen.se\/#website","url":"https:\/\/hovslagareforeningen.se\/","name":"Svenska Hovslagaref\u00f6reningen","description":"","publisher":{"@id":"https:\/\/hovslagareforeningen.se\/#organization"},"potentialAction":[{"@type":"SearchAction","target":{"@type":"EntryPoint","urlTemplate":"https:\/\/hovslagareforeningen.se\/?s={search_term_string}"},"query-input":{"@type":"PropertyValueSpecification","valueRequired":true,"valueName":"search_term_string"}}],"inLanguage":"en-GB"},{"@type":"Organization","@id":"https:\/\/hovslagareforeningen.se\/#organization","name":"Svenska Hovslagaref\u00f6reningen","url":"https:\/\/hovslagareforeningen.se\/","logo":{"@type":"ImageObject","inLanguage":"en-GB","@id":"https:\/\/hovslagareforeningen.se\/#\/schema\/logo\/image\/","url":"https:\/\/i0.wp.com\/hovslagareforeningen.se\/wp-content\/uploads\/2025\/12\/SHF-logo.png?fit=594%2C558&ssl=1","contentUrl":"https:\/\/i0.wp.com\/hovslagareforeningen.se\/wp-content\/uploads\/2025\/12\/SHF-logo.png?fit=594%2C558&ssl=1","width":594,"height":558,"caption":"Svenska Hovslagaref\u00f6reningen"},"image":{"@id":"https:\/\/hovslagareforeningen.se\/#\/schema\/logo\/image\/"},"sameAs":["https:\/\/www.facebook.com\/SvenskaHovslagareforeningen","https:\/\/www.instagram.com\/svenska_hovslagareforeningen"]}]}},"jetpack_sharing_enabled":true,"_links":{"self":[{"href":"https:\/\/hovslagareforeningen.se\/en\/wp-json\/wp\/v2\/pages\/2412","targetHints":{"allow":["GET"]}}],"collection":[{"href":"https:\/\/hovslagareforeningen.se\/en\/wp-json\/wp\/v2\/pages"}],"about":[{"href":"https:\/\/hovslagareforeningen.se\/en\/wp-json\/wp\/v2\/types\/page"}],"author":[{"embeddable":true,"href":"https:\/\/hovslagareforeningen.se\/en\/wp-json\/wp\/v2\/users\/399"}],"replies":[{"embeddable":true,"href":"https:\/\/hovslagareforeningen.se\/en\/wp-json\/wp\/v2\/comments?post=2412"}],"version-history":[{"count":0,"href":"https:\/\/hovslagareforeningen.se\/en\/wp-json\/wp\/v2\/pages\/2412\/revisions"}],"wp:attachment":[{"href":"https:\/\/hovslagareforeningen.se\/en\/wp-json\/wp\/v2\/media?parent=2412"}],"curies":[{"name":"wp","href":"https:\/\/api.w.org\/{rel}","templated":true}]}}