{"id":2471,"date":"2017-11-06T16:47:26","date_gmt":"2017-11-06T15:47:26","guid":{"rendered":"https:\/\/sito.se.vkube.cloud\/?page_id=2471"},"modified":"2017-12-28T23:31:20","modified_gmt":"2017-12-28T22:31:20","slug":"landslagsuttagning-2a-februari-2018","status":"publish","type":"page","link":"https:\/\/hovslagareforeningen.se\/en\/landslagsuttagning-2a-februari-2018\/","title":{"rendered":"Landslagsuttagning, 2:a februari 2018."},"content":{"rendered":"<p>Landslagsuttagning!<br \/>\nDen 2:a februari 2018 \u00e4r det<br \/>\nuttagning till landslag &amp; l\u00e4rlingslandslag, 1-4:e \u00e5rs elever.<br \/>\n(till och med 4:e \u00e5ret efter p\u00e5b\u00f6rjad utbildning)<\/p>\n<p>Domare kommer att vara Mark Watson fr\u00e5n England.<\/p>\n<p>N\u00e4stf\u00f6ljande dag kommer Mark Watson att h\u00e5lla<br \/>\nen clinic f\u00f6r alla, till en kostnad av 200:-\/pers.<br \/>\n(Gratis f\u00f6r SHF-medlemmar) sponsor Werkman.<\/p>\n<p>Allt kommer att \u00e4ga rum i smedjan p\u00e5 Krusenbergs g\u00e5rd,<br \/>\nKrusenberg 36, 755 98 Uppsala.<\/p>\n<p>All s\u00f6m kommer fr\u00e5n Mustad.<\/p>\n<p>Arrang\u00f6r SHF\/Gabriella Larnebring &amp; Magnus Smeder\u00f6d.<\/p>\n<p>Anm\u00e4lningsavgift: 1200:- f\u00f6r open och 400:- f\u00f6r elever.<\/p>\n<p>Anm\u00e4lan till: magnus@smederod.se<\/p>\n<p>&nbsp;<\/p>\n<p>PDF &#8212;&gt;<\/p>\n<p><a href=\"https:\/\/hovslagareforeningen.se\/wp-content\/uploads\/2017\/12\/Landslagsuttagning.pdf\">Landslagsuttagning tider<\/a><\/p>\n<p><a href=\"https:\/\/hovslagareforeningen.se\/wp-content\/uploads\/2017\/12\/Debutant_Concave_-hovsida.pdf\">Debutant_Concave_ hovsida<\/a><\/p>\n<p><a href=\"https:\/\/hovslagareforeningen.se\/wp-content\/uploads\/2017\/12\/Debutant_Concave_-marksida1.pdf\">Debutant_Concave_ marksida1<\/a><\/p>\n<p><a href=\"https:\/\/hovslagareforeningen.se\/wp-content\/uploads\/2017\/12\/Debutant_Concave_-marksida2.pdf\">Debutant_Concave_ marksida2<\/a><\/p>\n<p><a href=\"https:\/\/hovslagareforeningen.se\/wp-content\/uploads\/2017\/12\/Debutant_Lat_ext_tariktad_baksko_hovsida.pdf\">Debutant_Lat_ext_tariktad_baksko_hovsida<\/a><\/p>\n<p><a href=\"https:\/\/hovslagareforeningen.se\/wp-content\/uploads\/2017\/12\/Debutant_Lat_ext_tariktad_baksko_marksida1.pdf\">Debutant_Lat_ext_tariktad_baksko_marksida1<\/a><\/p>\n<p><a href=\"https:\/\/hovslagareforeningen.se\/wp-content\/uploads\/2017\/12\/Debutant_Lat_ext_tariktad_baksko_marksida2.pdf\">Debutant_Lat_ext_tariktad_baksko_marksida2<\/a><\/p>\n<p><a href=\"https:\/\/hovslagareforeningen.se\/wp-content\/uploads\/2017\/12\/Debutant_plain_stamp_barshoe_Front_hovsida.pdf\">Debutant_plain_stamp_barshoe_Front_hovsida<\/a><\/p>\n<p><a href=\"https:\/\/hovslagareforeningen.se\/wp-content\/uploads\/2017\/12\/Debutant_plain_stamp_barshoe_Front_marksida.pdf\">Debutant_plain_stamp_barshoe_Front_marksida<\/a><\/p>\n<p><a href=\"https:\/\/hovslagareforeningen.se\/wp-content\/uploads\/2017\/12\/Debutant_straightbar_-marksida.pdf\">Debutant_straightbar_ marksida<\/a><\/p>\n<p><a href=\"https:\/\/hovslagareforeningen.se\/wp-content\/uploads\/2017\/12\/Debutant_straightbar_hovsida.pdf\">Debutant_straightbar_hovsida<\/a><\/p>\n<p><a href=\"https:\/\/hovslagareforeningen.se\/wp-content\/uploads\/2017\/12\/Open_Lat_heel_ext_hovsida.pdf\">Open_Lat_heel_ext_hovsida<\/a><\/p>\n<p><a href=\"https:\/\/hovslagareforeningen.se\/wp-content\/uploads\/2017\/12\/Open_Lat_heel_ext_marksida.pdf\">Open_Lat_heel_ext_marksida<\/a><\/p>","protected":false},"excerpt":{"rendered":"<p>Landslagsuttagning! Den 2:a februari 2018 \u00e4r det uttagning till landslag &amp; l\u00e4rlingslandslag, 1-4:e \u00e5rs elever. (till och med 4:e \u00e5ret efter p\u00e5b\u00f6rjad utbildning) Domare kommer att vara Mark Watson fr\u00e5n [&hellip;]<\/p>\n","protected":false},"author":399,"featured_media":0,"parent":0,"menu_order":0,"comment_status":"closed","ping_status":"closed","template":"","meta":{"_EventAllDay":false,"_EventTimezone":"","_EventStartDate":"","_EventEndDate":"","_EventStartDateUTC":"","_EventEndDateUTC":"","_EventShowMap":false,"_EventShowMapLink":false,"_EventURL":"","_EventCost":"","_EventCostDescription":"","_EventCurrencySymbol":"","_EventCurrencyCode":"","_EventCurrencyPosition":"","_EventDateTimeSeparator":"","_EventTimeRangeSeparator":"","_EventOrganizerID":[],"_EventVenueID":[],"_OrganizerEmail":"","_OrganizerPhone":"","_OrganizerWebsite":"","_VenueAddress":"","_VenueCity":"","_VenueCountry":"","_VenueProvince":"","_VenueState":"","_VenueZip":"","_VenuePhone":"","_VenueURL":"","_VenueStateProvince":"","_VenueLat":"","_VenueLng":"","_VenueShowMap":false,"_VenueShowMapLink":false,"footnotes":""},"class_list":["post-2471","page","type-page","status-publish","hentry"],"blocksy_meta":[],"yoast_head":"<!-- This site is optimized with the Yoast SEO plugin v27.4 - https:\/\/yoast.com\/product\/yoast-seo-wordpress\/ -->\n<title>Landslagsuttagning, 2:a februari 2018. - Svenska Hovslagaref\u00f6reningen<\/title>\n<meta name=\"robots\" content=\"index, follow, max-snippet:-1, max-image-preview:large, max-video-preview:-1\" \/>\n<link rel=\"canonical\" href=\"https:\/\/hovslagareforeningen.se\/en\/landslagsuttagning-2a-februari-2018\/\" \/>\n<meta property=\"og:locale\" content=\"en_GB\" \/>\n<meta property=\"og:type\" content=\"article\" \/>\n<meta property=\"og:title\" content=\"Landslagsuttagning, 2:a februari 2018. - Svenska Hovslagaref\u00f6reningen\" \/>\n<meta property=\"og:description\" content=\"Landslagsuttagning! Den 2:a februari 2018 \u00e4r det uttagning till landslag &amp; l\u00e4rlingslandslag, 1-4:e \u00e5rs elever. (till och med 4:e \u00e5ret efter p\u00e5b\u00f6rjad utbildning) Domare kommer att vara Mark Watson fr\u00e5n [&hellip;]\" \/>\n<meta property=\"og:url\" content=\"https:\/\/hovslagareforeningen.se\/en\/landslagsuttagning-2a-februari-2018\/\" \/>\n<meta property=\"og:site_name\" content=\"Svenska Hovslagaref\u00f6reningen\" \/>\n<meta property=\"article:publisher\" content=\"https:\/\/www.facebook.com\/SvenskaHovslagareforeningen\" \/>\n<meta property=\"article:modified_time\" content=\"2017-12-28T22:31:20+00:00\" \/>\n<meta name=\"twitter:card\" content=\"summary_large_image\" \/>\n<meta name=\"twitter:label1\" content=\"Estimated reading time\" \/>\n\t<meta name=\"twitter:data1\" content=\"1 minute\" \/>\n<script type=\"application\/ld+json\" class=\"yoast-schema-graph\">{\"@context\":\"https:\\\/\\\/schema.org\",\"@graph\":[{\"@type\":\"WebPage\",\"@id\":\"https:\\\/\\\/hovslagareforeningen.se\\\/landslagsuttagning-2a-februari-2018\\\/\",\"url\":\"https:\\\/\\\/hovslagareforeningen.se\\\/landslagsuttagning-2a-februari-2018\\\/\",\"name\":\"Landslagsuttagning, 2:a februari 2018. - Svenska Hovslagaref\u00f6reningen\",\"isPartOf\":{\"@id\":\"https:\\\/\\\/hovslagareforeningen.se\\\/#website\"},\"datePublished\":\"2017-11-06T15:47:26+00:00\",\"dateModified\":\"2017-12-28T22:31:20+00:00\",\"breadcrumb\":{\"@id\":\"https:\\\/\\\/hovslagareforeningen.se\\\/landslagsuttagning-2a-februari-2018\\\/#breadcrumb\"},\"inLanguage\":\"en-GB\",\"potentialAction\":[{\"@type\":\"ReadAction\",\"target\":[\"https:\\\/\\\/hovslagareforeningen.se\\\/landslagsuttagning-2a-februari-2018\\\/\"]}]},{\"@type\":\"BreadcrumbList\",\"@id\":\"https:\\\/\\\/hovslagareforeningen.se\\\/landslagsuttagning-2a-februari-2018\\\/#breadcrumb\",\"itemListElement\":[{\"@type\":\"ListItem\",\"position\":1,\"name\":\"Hem\",\"item\":\"https:\\\/\\\/hovslagareforeningen.se\\\/\"},{\"@type\":\"ListItem\",\"position\":2,\"name\":\"Landslagsuttagning, 2:a februari 2018.\"}]},{\"@type\":\"WebSite\",\"@id\":\"https:\\\/\\\/hovslagareforeningen.se\\\/#website\",\"url\":\"https:\\\/\\\/hovslagareforeningen.se\\\/\",\"name\":\"Svenska Hovslagaref\u00f6reningen\",\"description\":\"\",\"publisher\":{\"@id\":\"https:\\\/\\\/hovslagareforeningen.se\\\/#organization\"},\"potentialAction\":[{\"@type\":\"SearchAction\",\"target\":{\"@type\":\"EntryPoint\",\"urlTemplate\":\"https:\\\/\\\/hovslagareforeningen.se\\\/?s={search_term_string}\"},\"query-input\":{\"@type\":\"PropertyValueSpecification\",\"valueRequired\":true,\"valueName\":\"search_term_string\"}}],\"inLanguage\":\"en-GB\"},{\"@type\":\"Organization\",\"@id\":\"https:\\\/\\\/hovslagareforeningen.se\\\/#organization\",\"name\":\"Svenska Hovslagaref\u00f6reningen\",\"url\":\"https:\\\/\\\/hovslagareforeningen.se\\\/\",\"logo\":{\"@type\":\"ImageObject\",\"inLanguage\":\"en-GB\",\"@id\":\"https:\\\/\\\/hovslagareforeningen.se\\\/#\\\/schema\\\/logo\\\/image\\\/\",\"url\":\"https:\\\/\\\/i0.wp.com\\\/hovslagareforeningen.se\\\/wp-content\\\/uploads\\\/2025\\\/12\\\/SHF-logo.png?fit=594%2C558&ssl=1\",\"contentUrl\":\"https:\\\/\\\/i0.wp.com\\\/hovslagareforeningen.se\\\/wp-content\\\/uploads\\\/2025\\\/12\\\/SHF-logo.png?fit=594%2C558&ssl=1\",\"width\":594,\"height\":558,\"caption\":\"Svenska Hovslagaref\u00f6reningen\"},\"image\":{\"@id\":\"https:\\\/\\\/hovslagareforeningen.se\\\/#\\\/schema\\\/logo\\\/image\\\/\"},\"sameAs\":[\"https:\\\/\\\/www.facebook.com\\\/SvenskaHovslagareforeningen\",\"https:\\\/\\\/www.instagram.com\\\/svenska_hovslagareforeningen\"]}]}<\/script>\n<!-- \/ Yoast SEO plugin. -->","yoast_head_json":{"title":"Landslagsuttagning, 2:a februari 2018. - Svenska Hovslagaref\u00f6reningen","robots":{"index":"index","follow":"follow","max-snippet":"max-snippet:-1","max-image-preview":"max-image-preview:large","max-video-preview":"max-video-preview:-1"},"canonical":"https:\/\/hovslagareforeningen.se\/en\/landslagsuttagning-2a-februari-2018\/","og_locale":"en_GB","og_type":"article","og_title":"Landslagsuttagning, 2:a februari 2018. - Svenska Hovslagaref\u00f6reningen","og_description":"Landslagsuttagning! Den 2:a februari 2018 \u00e4r det uttagning till landslag &amp; l\u00e4rlingslandslag, 1-4:e \u00e5rs elever. (till och med 4:e \u00e5ret efter p\u00e5b\u00f6rjad utbildning) Domare kommer att vara Mark Watson fr\u00e5n [&hellip;]","og_url":"https:\/\/hovslagareforeningen.se\/en\/landslagsuttagning-2a-februari-2018\/","og_site_name":"Svenska Hovslagaref\u00f6reningen","article_publisher":"https:\/\/www.facebook.com\/SvenskaHovslagareforeningen","article_modified_time":"2017-12-28T22:31:20+00:00","twitter_card":"summary_large_image","twitter_misc":{"Estimated reading time":"1 minute"},"schema":{"@context":"https:\/\/schema.org","@graph":[{"@type":"WebPage","@id":"https:\/\/hovslagareforeningen.se\/landslagsuttagning-2a-februari-2018\/","url":"https:\/\/hovslagareforeningen.se\/landslagsuttagning-2a-februari-2018\/","name":"Landslagsuttagning, 2:a februari 2018. - Svenska Hovslagaref\u00f6reningen","isPartOf":{"@id":"https:\/\/hovslagareforeningen.se\/#website"},"datePublished":"2017-11-06T15:47:26+00:00","dateModified":"2017-12-28T22:31:20+00:00","breadcrumb":{"@id":"https:\/\/hovslagareforeningen.se\/landslagsuttagning-2a-februari-2018\/#breadcrumb"},"inLanguage":"en-GB","potentialAction":[{"@type":"ReadAction","target":["https:\/\/hovslagareforeningen.se\/landslagsuttagning-2a-februari-2018\/"]}]},{"@type":"BreadcrumbList","@id":"https:\/\/hovslagareforeningen.se\/landslagsuttagning-2a-februari-2018\/#breadcrumb","itemListElement":[{"@type":"ListItem","position":1,"name":"Hem","item":"https:\/\/hovslagareforeningen.se\/"},{"@type":"ListItem","position":2,"name":"Landslagsuttagning, 2:a februari 2018."}]},{"@type":"WebSite","@id":"https:\/\/hovslagareforeningen.se\/#website","url":"https:\/\/hovslagareforeningen.se\/","name":"Svenska Hovslagaref\u00f6reningen","description":"","publisher":{"@id":"https:\/\/hovslagareforeningen.se\/#organization"},"potentialAction":[{"@type":"SearchAction","target":{"@type":"EntryPoint","urlTemplate":"https:\/\/hovslagareforeningen.se\/?s={search_term_string}"},"query-input":{"@type":"PropertyValueSpecification","valueRequired":true,"valueName":"search_term_string"}}],"inLanguage":"en-GB"},{"@type":"Organization","@id":"https:\/\/hovslagareforeningen.se\/#organization","name":"Svenska Hovslagaref\u00f6reningen","url":"https:\/\/hovslagareforeningen.se\/","logo":{"@type":"ImageObject","inLanguage":"en-GB","@id":"https:\/\/hovslagareforeningen.se\/#\/schema\/logo\/image\/","url":"https:\/\/i0.wp.com\/hovslagareforeningen.se\/wp-content\/uploads\/2025\/12\/SHF-logo.png?fit=594%2C558&ssl=1","contentUrl":"https:\/\/i0.wp.com\/hovslagareforeningen.se\/wp-content\/uploads\/2025\/12\/SHF-logo.png?fit=594%2C558&ssl=1","width":594,"height":558,"caption":"Svenska Hovslagaref\u00f6reningen"},"image":{"@id":"https:\/\/hovslagareforeningen.se\/#\/schema\/logo\/image\/"},"sameAs":["https:\/\/www.facebook.com\/SvenskaHovslagareforeningen","https:\/\/www.instagram.com\/svenska_hovslagareforeningen"]}]}},"jetpack_sharing_enabled":true,"_links":{"self":[{"href":"https:\/\/hovslagareforeningen.se\/en\/wp-json\/wp\/v2\/pages\/2471","targetHints":{"allow":["GET"]}}],"collection":[{"href":"https:\/\/hovslagareforeningen.se\/en\/wp-json\/wp\/v2\/pages"}],"about":[{"href":"https:\/\/hovslagareforeningen.se\/en\/wp-json\/wp\/v2\/types\/page"}],"author":[{"embeddable":true,"href":"https:\/\/hovslagareforeningen.se\/en\/wp-json\/wp\/v2\/users\/399"}],"replies":[{"embeddable":true,"href":"https:\/\/hovslagareforeningen.se\/en\/wp-json\/wp\/v2\/comments?post=2471"}],"version-history":[{"count":0,"href":"https:\/\/hovslagareforeningen.se\/en\/wp-json\/wp\/v2\/pages\/2471\/revisions"}],"wp:attachment":[{"href":"https:\/\/hovslagareforeningen.se\/en\/wp-json\/wp\/v2\/media?parent=2471"}],"curies":[{"name":"wp","href":"https:\/\/api.w.org\/{rel}","templated":true}]}}