{"id":257,"date":"2013-09-25T12:46:25","date_gmt":"2013-09-25T10:46:25","guid":{"rendered":"http:\/\/hovslagar14.84.vildmarksdata.net\/?page_id=257"},"modified":"2025-12-31T00:11:38","modified_gmt":"2025-12-30T23:11:38","slug":"om-oss","status":"publish","type":"page","link":"https:\/\/hovslagareforeningen.se\/en\/om-oss\/","title":{"rendered":"Om Oss"},"content":{"rendered":"<div class=\"wp-block-group is-layout-constrained wp-block-group-is-layout-constrained\" style=\"margin-bottom:6rem\">\n<div class=\"wp-block-columns page-columns is-layout-flex wp-container-core-columns-is-layout-c1fa583f wp-block-columns-is-layout-flex\">\n<div class=\"wp-block-column is-layout-flow wp-block-column-is-layout-flow\" style=\"flex-basis:66.66%\">\n<h1 class=\"wp-block-heading\">Om oss<\/h1>\n\n\n\n<p>Svenska Hovslagaref\u00f6reningen \u00e4r en opolitisk, ideell f\u00f6rening som arbetar f\u00f6r att tillvarata de utbildade svenska hovslagarnas intressen. F\u00f6r n\u00e4rvarande, 2025, \u00e4r vi runt 550 medlemmar i f\u00f6reningen. F\u00f6reningen arbetar \u00e4ven f\u00f6r att utbildningen i Sverige ska h\u00e5lla en j\u00e4mn och h\u00f6g standard. V\u00e5ra medlemmar \u00e4r ansvarsf\u00f6rs\u00e4krade genom f\u00f6reningen.<\/p>\n\n\n\n<p>F\u00f6reningen har ett eget utbildningspaket f\u00f6r att vidareutbilda sina medlemmar. <a href=\"https:\/\/hovslagareforeningen.se\/en\/anmalan\/\">Fortbildningen<\/a> g\u00e5r djupare in p\u00e5 nedre benets anatomi, balansering, hovsjukdomar, hovreparationer och korrigering av felaktig benst\u00e4llning hos f\u00f6l. F\u00f6reningen anordnar \u00e4ven enstaka kurser efter behov och \u00f6nskem\u00e5l.<\/p>\n\n\n\n<p>En annan viktig punkt f\u00f6reningen arbetar med \u00e4r att hovslagarutbildningarna i Sverige ska h\u00e5lla en j\u00e4mn och h\u00f6g standard med m\u00e5let att alla elever skall klara ett ges\u00e4llprov.<\/p>\n\n\n\n<p>Ges\u00e4llprovet \u00e4r certifierat av den Europeiska Hovslagarfederationen (<a href=\"http:\/\/www.eurofarrier.org\/en\/certified-euro-farrier.html\" target=\"_blank\" rel=\"noopener noreferrer\">EFFA<\/a>). Detta&nbsp;medf\u00f6r att alla hovslagare som innehar ges\u00e4llbrev och har s\u00f6kt EFFA-certifiering genom Svenska Hovslagaref\u00f6reningen kan arbeta i vilket EFFA-anslutet europeiskt land som helst.<\/p>\n\n\n\n<p>Svenska Hovslagaref\u00f6reningen arbetar \u00e4ven med hovslagarutbildningarna om att ta fram en gemensam examen f\u00f6r alla skolor som erbjuder den till\u00e4ggsutbildning som kr\u00e4vs f\u00f6r att s\u00f6ka till &#8220;av Jordbruksverket Godk\u00e4nd hovslagare&#8221;.<\/p>\n\n\n\n<p>Om ni \u00e4r os\u00e4kra p\u00e5 om er hovslagare \u00e4r utbildad eller medlem i Svenska Hovslagaref\u00f6reningen \u00e4r det bara att titta <a href=\"https:\/\/hovslagareforeningen.se\/en\/sok-hovslagare\/\">h\u00e4r<\/a>, eller ringa\/ <a href=\"mailto:kansliet@hovslagareforeningen.se\">mejla<\/a> till v\u00e5rt kansli. D\u00e4r finns v\u00e5r kanslist Lisa Olsson och svarar p\u00e5 era fr\u00e5gor. H\u00e4r kan ni f\u00e5 svar p\u00e5 de flesta fr\u00e5gor som r\u00f6r hovslagare och hovslageri. Det g\u00e5r givetvis bra att \u00e4ven ringa direkt till oss andra i styrelsen om det \u00e4r n\u00e5got ni vill diskutera eller fr\u00e5ga <a href=\"https:\/\/hovslagareforeningen.se\/en\/styrelse\/\">L\u00c4NK<\/a>.<\/p>\n<\/div>\n\n\n\n<div class=\"wp-block-column is-layout-flow wp-block-column-is-layout-flow\" style=\"flex-basis:33.33%\">\n<div class=\"wp-block-group alignfull is-vertical is-content-justification-stretch is-layout-flex wp-container-core-group-is-layout-69c550ab wp-block-group-is-layout-flex\">\n<figure class=\"wp-block-image size-large has-custom-border wp-duotone-grayscale\"><img data-recalc-dims=\"1\" loading=\"lazy\" decoding=\"async\" width=\"1024\" height=\"637\" src=\"https:\/\/i0.wp.com\/hovslagareforeningen.se\/wp-content\/uploads\/2025\/12\/SM3-1.jpg?resize=1024%2C637&#038;ssl=1\" alt=\"\" class=\"wp-image-7871\" style=\"border-top-left-radius:4px;border-top-right-radius:4px\" srcset=\"https:\/\/i0.wp.com\/hovslagareforeningen.se\/wp-content\/uploads\/2025\/12\/SM3-1.jpg?resize=1024%2C637&amp;ssl=1 1024w, https:\/\/i0.wp.com\/hovslagareforeningen.se\/wp-content\/uploads\/2025\/12\/SM3-1.jpg?resize=300%2C187&amp;ssl=1 300w, https:\/\/i0.wp.com\/hovslagareforeningen.se\/wp-content\/uploads\/2025\/12\/SM3-1.jpg?resize=768%2C478&amp;ssl=1 768w, https:\/\/i0.wp.com\/hovslagareforeningen.se\/wp-content\/uploads\/2025\/12\/SM3-1.jpg?resize=800%2C498&amp;ssl=1 800w, https:\/\/i0.wp.com\/hovslagareforeningen.se\/wp-content\/uploads\/2025\/12\/SM3-1.jpg?resize=1536%2C956&amp;ssl=1 1536w, https:\/\/i0.wp.com\/hovslagareforeningen.se\/wp-content\/uploads\/2025\/12\/SM3-1.jpg?resize=18%2C12&amp;ssl=1 18w, https:\/\/i0.wp.com\/hovslagareforeningen.se\/wp-content\/uploads\/2025\/12\/SM3-1.jpg?resize=400%2C250&amp;ssl=1 400w, https:\/\/i0.wp.com\/hovslagareforeningen.se\/wp-content\/uploads\/2025\/12\/SM3-1.jpg?resize=1080%2C672&amp;ssl=1 1080w, https:\/\/i0.wp.com\/hovslagareforeningen.se\/wp-content\/uploads\/2025\/12\/SM3-1.jpg?resize=1320%2C822&amp;ssl=1 1320w, https:\/\/i0.wp.com\/hovslagareforeningen.se\/wp-content\/uploads\/2025\/12\/SM3-1.jpg?resize=600%2C373&amp;ssl=1 600w, https:\/\/i0.wp.com\/hovslagareforeningen.se\/wp-content\/uploads\/2025\/12\/SM3-1.jpg?w=1920&amp;ssl=1 1920w\" sizes=\"auto, (max-width: 1024px) 100vw, 1024px\" \/><\/figure>\n\n\n\n<div class=\"wp-block-group has-palette-color-2-color has-palette-color-4-background-color has-text-color has-background has-link-color wp-elements-b8ea338958a770918fdf7603681b965f is-vertical is-content-justification-stretch is-layout-flex wp-container-core-group-is-layout-b09cf271 wp-block-group-is-layout-flex\" style=\"border-top-left-radius:0px;border-top-right-radius:0px;border-bottom-left-radius:4px;border-bottom-right-radius:4px;padding-top:1.75rem;padding-right:var(--wp--preset--spacing--50);padding-bottom:1.75rem;padding-left:var(--wp--preset--spacing--50)\">\n<h3 class=\"wp-block-heading has-text-align-left has-palette-color-2-color has-text-color has-link-color has-medium-font-size wp-elements-1c01255294a506aacf74a677d6a6d833\"><strong>Svenska hovslagaref\u00f6reningen<\/strong><\/h3>\n\n\n\n<p style=\"font-size:clamp(14px, 0.875rem + ((1vw - 3.2px) * 0.156), 16px);\">Vi p\u00e5 SHF skapar trygghet f\u00f6r v\u00e5ra medlemmar och m\u00f6jligheten att utvecklas i sitt arbete.<\/p>\n\n\n\n<p><strong>E-post<\/strong><br><a href=\"mailto:kansliet@hovslagareforeningen.se\">kansliet@hovslagareforeningen.se<\/a><\/p>\n\n\n\n<p><strong>Telefon<\/strong><br>0722-088 008<\/p>\n<\/div>\n<\/div>\n<\/div>\n<\/div>\n<\/div>\n\n\n\n<div class=\"wp-block-cover alignfull custom-extra-spacing has-palette-color-5-color has-text-color has-link-color wp-elements-a2c9d824875016c2a28b14573557635c\"><span aria-hidden=\"true\" class=\"wp-block-cover__background has-palette-color-2-background-color has-background-dim-70 has-background-dim\"><\/span><img data-recalc-dims=\"1\" decoding=\"async\" class=\"wp-block-cover__image-background wp-image-7772\" alt=\"\" src=\"https:\/\/i0.wp.com\/nafi.se.vkube.cloud\/wp-content\/uploads\/2025\/11\/pexels-naej195-3951292-scaled.jpg?w=1366&#038;ssl=1\" style=\"object-position:50% 50%\" data-object-fit=\"cover\" data-object-position=\"50% 50%\"\/><div class=\"wp-block-cover__inner-container is-layout-constrained wp-block-cover-is-layout-constrained\">\n<h2 class=\"wp-block-heading has-text-align-left has-large-font-size\">Svenska hovslagaref\u00f6reningen har till uppgift att:<\/h2>\n\n\n\n<ul style=\"padding-right:var(--wp--preset--spacing--40);padding-left:var(--wp--preset--spacing--40)\" class=\"wp-block-list\">\n<li>Organisera utbildade hovslagare.<\/li>\n\n\n\n<li>Fortbilda hovslagare genom egen kursverksamhet och studieresor.<\/li>\n\n\n\n<li>Ansvars- och olycksfallsf\u00f6rs\u00e4kra sina medlemmar.<\/li>\n\n\n\n<li>Ansvara f\u00f6r ges\u00e4ll- och m\u00e4starprov f\u00f6r hovslagaryrket.<\/li>\n\n\n\n<li>Arrangera bl.a. SM i hovbeslagssmide och hovslageri.<\/li>\n\n\n\n<li>Samverka med veterin\u00e4rer.<\/li>\n\n\n\n<li>Ge h\u00e4st\u00e4gare r\u00e5d och information.<\/li>\n\n\n\n<li>Representera Sverige i den Europeiska Hovslagarfederationen (EFFA).<\/li>\n\n\n\n<li>Bevaka s\u00e5 att hovslagarutbildningarna i landet h\u00e5ller god standard &#8211; av Svenska Hovslagaref\u00f6reningen godk\u00e4nda utbildningar.<\/li>\n\n\n\n<li>Publicera medlemssidor i tidskriften Hovslagarmagasinet 6 g\u00e5nger per \u00e5r.<\/li>\n<\/ul>\n<\/div><\/div>","protected":false},"excerpt":{"rendered":"<p>Om oss Svenska Hovslagaref\u00f6reningen \u00e4r en opolitisk, ideell f\u00f6rening som arbetar f\u00f6r att tillvarata de utbildade svenska hovslagarnas intressen. F\u00f6r n\u00e4rvarande, 2025, \u00e4r vi runt 550 medlemmar i f\u00f6reningen. F\u00f6reningen [&hellip;]<\/p>\n","protected":false},"author":399,"featured_media":435,"parent":0,"menu_order":0,"comment_status":"closed","ping_status":"closed","template":"","meta":{"_EventAllDay":false,"_EventTimezone":"","_EventStartDate":"","_EventEndDate":"","_EventStartDateUTC":"","_EventEndDateUTC":"","_EventShowMap":false,"_EventShowMapLink":false,"_EventURL":"","_EventCost":"","_EventCostDescription":"","_EventCurrencySymbol":"","_EventCurrencyCode":"","_EventCurrencyPosition":"","_EventDateTimeSeparator":"","_EventTimeRangeSeparator":"","_EventOrganizerID":[],"_EventVenueID":[],"_OrganizerEmail":"","_OrganizerPhone":"","_OrganizerWebsite":"","_VenueAddress":"","_VenueCity":"","_VenueCountry":"","_VenueProvince":"","_VenueState":"","_VenueZip":"","_VenuePhone":"","_VenueURL":"","_VenueStateProvince":"","_VenueLat":"","_VenueLng":"","_VenueShowMap":false,"_VenueShowMapLink":false,"footnotes":""},"class_list":["post-257","page","type-page","status-publish","has-post-thumbnail","hentry"],"blocksy_meta":{"has_hero_section":"enabled","hero_elements":[{"id":"custom_title","enabled":false,"heading_tag":"h1","title":"Home","__id":"fsH7Ux79OFPPOmWJg4ZZ5"},{"id":"custom_description","enabled":false,"description_visibility":{"desktop":true,"tablet":true,"mobile":false},"__id":"ZpW-kGCJhyuWrSTyq-u9d"},{"id":"custom_meta","enabled":false,"meta_elements":[{"id":"author","enabled":true,"label":"By","has_author_avatar":"yes","avatar_size":25},{"id":"post_date","enabled":true,"label":"On","date_format_source":"default","date_format":"M j, Y"},{"id":"updated_date","enabled":false,"label":"On","date_format_source":"default","date_format":"M j, Y"},{"id":"categories","enabled":false,"label":"In","style":"simple"},{"id":"comments","enabled":true}],"page_meta_elements":{"joined":true,"articles_count":true,"comments":true},"__id":"SpQ8X6R5Jy7Dz3Ww-OJRn"},{"id":"breadcrumbs","enabled":true,"__id":"RlWUG4shUO14BRecSBKsf"}],"vertical_spacing_source":"custom","content_area_spacing":"top","styles_descriptor":{"styles":{"desktop":"[data-prefix=\"single_page\"] .entry-header .page-title {--theme-font-size:30px;} [data-prefix=\"single_page\"] .entry-header .entry-meta {--theme-font-weight:600;--theme-text-transform:uppercase;--theme-font-size:12px;--theme-line-height:1.3;}","tablet":"","mobile":""},"google_fonts":{"Open Sans":["n4","n6"]},"version":6}},"yoast_head":"<!-- This site is optimized with the Yoast SEO plugin v27.4 - https:\/\/yoast.com\/product\/yoast-seo-wordpress\/ -->\n<title>Om Oss - Svenska Hovslagaref\u00f6reningen<\/title>\n<meta name=\"robots\" content=\"index, follow, max-snippet:-1, max-image-preview:large, max-video-preview:-1\" \/>\n<link rel=\"canonical\" href=\"https:\/\/hovslagareforeningen.se\/en\/om-oss\/\" \/>\n<meta property=\"og:locale\" content=\"en_GB\" \/>\n<meta property=\"og:type\" content=\"article\" \/>\n<meta property=\"og:title\" content=\"Om Oss - Svenska Hovslagaref\u00f6reningen\" \/>\n<meta property=\"og:description\" content=\"Om oss Svenska Hovslagaref\u00f6reningen \u00e4r en opolitisk, ideell f\u00f6rening som arbetar f\u00f6r att tillvarata de utbildade svenska hovslagarnas intressen. F\u00f6r n\u00e4rvarande, 2025, \u00e4r vi runt 550 medlemmar i f\u00f6reningen. F\u00f6reningen [&hellip;]\" \/>\n<meta property=\"og:url\" content=\"https:\/\/hovslagareforeningen.se\/en\/om-oss\/\" \/>\n<meta property=\"og:site_name\" content=\"Svenska Hovslagaref\u00f6reningen\" \/>\n<meta property=\"article:publisher\" content=\"https:\/\/www.facebook.com\/SvenskaHovslagareforeningen\" \/>\n<meta property=\"article:modified_time\" content=\"2025-12-30T23:11:38+00:00\" \/>\n<meta property=\"og:image\" content=\"https:\/\/hovslagareforeningen.se\/wp-content\/uploads\/2013\/10\/IMG_4583.jpg\" \/>\n\t<meta property=\"og:image:width\" content=\"3456\" \/>\n\t<meta property=\"og:image:height\" content=\"5184\" \/>\n\t<meta property=\"og:image:type\" content=\"image\/jpeg\" \/>\n<meta name=\"twitter:card\" content=\"summary_large_image\" \/>\n<meta name=\"twitter:label1\" content=\"Estimated reading time\" \/>\n\t<meta name=\"twitter:data1\" content=\"3 minutes\" \/>\n<script type=\"application\/ld+json\" class=\"yoast-schema-graph\">{\"@context\":\"https:\\\/\\\/schema.org\",\"@graph\":[{\"@type\":\"WebPage\",\"@id\":\"https:\\\/\\\/hovslagareforeningen.se\\\/om-oss\\\/\",\"url\":\"https:\\\/\\\/hovslagareforeningen.se\\\/om-oss\\\/\",\"name\":\"Om Oss - Svenska Hovslagaref\u00f6reningen\",\"isPartOf\":{\"@id\":\"https:\\\/\\\/hovslagareforeningen.se\\\/#website\"},\"primaryImageOfPage\":{\"@id\":\"https:\\\/\\\/hovslagareforeningen.se\\\/om-oss\\\/#primaryimage\"},\"image\":{\"@id\":\"https:\\\/\\\/hovslagareforeningen.se\\\/om-oss\\\/#primaryimage\"},\"thumbnailUrl\":\"https:\\\/\\\/i0.wp.com\\\/hovslagareforeningen.se\\\/wp-content\\\/uploads\\\/2013\\\/10\\\/IMG_4583.jpg?fit=3456%2C5184&ssl=1\",\"datePublished\":\"2013-09-25T10:46:25+00:00\",\"dateModified\":\"2025-12-30T23:11:38+00:00\",\"breadcrumb\":{\"@id\":\"https:\\\/\\\/hovslagareforeningen.se\\\/om-oss\\\/#breadcrumb\"},\"inLanguage\":\"en-GB\",\"potentialAction\":[{\"@type\":\"ReadAction\",\"target\":[\"https:\\\/\\\/hovslagareforeningen.se\\\/om-oss\\\/\"]}]},{\"@type\":\"ImageObject\",\"inLanguage\":\"en-GB\",\"@id\":\"https:\\\/\\\/hovslagareforeningen.se\\\/om-oss\\\/#primaryimage\",\"url\":\"https:\\\/\\\/i0.wp.com\\\/hovslagareforeningen.se\\\/wp-content\\\/uploads\\\/2013\\\/10\\\/IMG_4583.jpg?fit=3456%2C5184&ssl=1\",\"contentUrl\":\"https:\\\/\\\/i0.wp.com\\\/hovslagareforeningen.se\\\/wp-content\\\/uploads\\\/2013\\\/10\\\/IMG_4583.jpg?fit=3456%2C5184&ssl=1\",\"width\":3456,\"height\":5184},{\"@type\":\"BreadcrumbList\",\"@id\":\"https:\\\/\\\/hovslagareforeningen.se\\\/om-oss\\\/#breadcrumb\",\"itemListElement\":[{\"@type\":\"ListItem\",\"position\":1,\"name\":\"Hem\",\"item\":\"https:\\\/\\\/hovslagareforeningen.se\\\/\"},{\"@type\":\"ListItem\",\"position\":2,\"name\":\"Om Oss\"}]},{\"@type\":\"WebSite\",\"@id\":\"https:\\\/\\\/hovslagareforeningen.se\\\/#website\",\"url\":\"https:\\\/\\\/hovslagareforeningen.se\\\/\",\"name\":\"Svenska Hovslagaref\u00f6reningen\",\"description\":\"\",\"publisher\":{\"@id\":\"https:\\\/\\\/hovslagareforeningen.se\\\/#organization\"},\"potentialAction\":[{\"@type\":\"SearchAction\",\"target\":{\"@type\":\"EntryPoint\",\"urlTemplate\":\"https:\\\/\\\/hovslagareforeningen.se\\\/?s={search_term_string}\"},\"query-input\":{\"@type\":\"PropertyValueSpecification\",\"valueRequired\":true,\"valueName\":\"search_term_string\"}}],\"inLanguage\":\"en-GB\"},{\"@type\":\"Organization\",\"@id\":\"https:\\\/\\\/hovslagareforeningen.se\\\/#organization\",\"name\":\"Svenska Hovslagaref\u00f6reningen\",\"url\":\"https:\\\/\\\/hovslagareforeningen.se\\\/\",\"logo\":{\"@type\":\"ImageObject\",\"inLanguage\":\"en-GB\",\"@id\":\"https:\\\/\\\/hovslagareforeningen.se\\\/#\\\/schema\\\/logo\\\/image\\\/\",\"url\":\"https:\\\/\\\/i0.wp.com\\\/hovslagareforeningen.se\\\/wp-content\\\/uploads\\\/2025\\\/12\\\/SHF-logo.png?fit=594%2C558&ssl=1\",\"contentUrl\":\"https:\\\/\\\/i0.wp.com\\\/hovslagareforeningen.se\\\/wp-content\\\/uploads\\\/2025\\\/12\\\/SHF-logo.png?fit=594%2C558&ssl=1\",\"width\":594,\"height\":558,\"caption\":\"Svenska Hovslagaref\u00f6reningen\"},\"image\":{\"@id\":\"https:\\\/\\\/hovslagareforeningen.se\\\/#\\\/schema\\\/logo\\\/image\\\/\"},\"sameAs\":[\"https:\\\/\\\/www.facebook.com\\\/SvenskaHovslagareforeningen\",\"https:\\\/\\\/www.instagram.com\\\/svenska_hovslagareforeningen\"]}]}<\/script>\n<!-- \/ Yoast SEO plugin. -->","yoast_head_json":{"title":"Om Oss - Svenska Hovslagaref\u00f6reningen","robots":{"index":"index","follow":"follow","max-snippet":"max-snippet:-1","max-image-preview":"max-image-preview:large","max-video-preview":"max-video-preview:-1"},"canonical":"https:\/\/hovslagareforeningen.se\/en\/om-oss\/","og_locale":"en_GB","og_type":"article","og_title":"Om Oss - Svenska Hovslagaref\u00f6reningen","og_description":"Om oss Svenska Hovslagaref\u00f6reningen \u00e4r en opolitisk, ideell f\u00f6rening som arbetar f\u00f6r att tillvarata de utbildade svenska hovslagarnas intressen. F\u00f6r n\u00e4rvarande, 2025, \u00e4r vi runt 550 medlemmar i f\u00f6reningen. F\u00f6reningen [&hellip;]","og_url":"https:\/\/hovslagareforeningen.se\/en\/om-oss\/","og_site_name":"Svenska Hovslagaref\u00f6reningen","article_publisher":"https:\/\/www.facebook.com\/SvenskaHovslagareforeningen","article_modified_time":"2025-12-30T23:11:38+00:00","og_image":[{"width":3456,"height":5184,"url":"https:\/\/hovslagareforeningen.se\/wp-content\/uploads\/2013\/10\/IMG_4583.jpg","type":"image\/jpeg"}],"twitter_card":"summary_large_image","twitter_misc":{"Estimated reading time":"3 minutes"},"schema":{"@context":"https:\/\/schema.org","@graph":[{"@type":"WebPage","@id":"https:\/\/hovslagareforeningen.se\/om-oss\/","url":"https:\/\/hovslagareforeningen.se\/om-oss\/","name":"Om Oss - Svenska Hovslagaref\u00f6reningen","isPartOf":{"@id":"https:\/\/hovslagareforeningen.se\/#website"},"primaryImageOfPage":{"@id":"https:\/\/hovslagareforeningen.se\/om-oss\/#primaryimage"},"image":{"@id":"https:\/\/hovslagareforeningen.se\/om-oss\/#primaryimage"},"thumbnailUrl":"https:\/\/i0.wp.com\/hovslagareforeningen.se\/wp-content\/uploads\/2013\/10\/IMG_4583.jpg?fit=3456%2C5184&ssl=1","datePublished":"2013-09-25T10:46:25+00:00","dateModified":"2025-12-30T23:11:38+00:00","breadcrumb":{"@id":"https:\/\/hovslagareforeningen.se\/om-oss\/#breadcrumb"},"inLanguage":"en-GB","potentialAction":[{"@type":"ReadAction","target":["https:\/\/hovslagareforeningen.se\/om-oss\/"]}]},{"@type":"ImageObject","inLanguage":"en-GB","@id":"https:\/\/hovslagareforeningen.se\/om-oss\/#primaryimage","url":"https:\/\/i0.wp.com\/hovslagareforeningen.se\/wp-content\/uploads\/2013\/10\/IMG_4583.jpg?fit=3456%2C5184&ssl=1","contentUrl":"https:\/\/i0.wp.com\/hovslagareforeningen.se\/wp-content\/uploads\/2013\/10\/IMG_4583.jpg?fit=3456%2C5184&ssl=1","width":3456,"height":5184},{"@type":"BreadcrumbList","@id":"https:\/\/hovslagareforeningen.se\/om-oss\/#breadcrumb","itemListElement":[{"@type":"ListItem","position":1,"name":"Hem","item":"https:\/\/hovslagareforeningen.se\/"},{"@type":"ListItem","position":2,"name":"Om Oss"}]},{"@type":"WebSite","@id":"https:\/\/hovslagareforeningen.se\/#website","url":"https:\/\/hovslagareforeningen.se\/","name":"Svenska Hovslagaref\u00f6reningen","description":"","publisher":{"@id":"https:\/\/hovslagareforeningen.se\/#organization"},"potentialAction":[{"@type":"SearchAction","target":{"@type":"EntryPoint","urlTemplate":"https:\/\/hovslagareforeningen.se\/?s={search_term_string}"},"query-input":{"@type":"PropertyValueSpecification","valueRequired":true,"valueName":"search_term_string"}}],"inLanguage":"en-GB"},{"@type":"Organization","@id":"https:\/\/hovslagareforeningen.se\/#organization","name":"Svenska Hovslagaref\u00f6reningen","url":"https:\/\/hovslagareforeningen.se\/","logo":{"@type":"ImageObject","inLanguage":"en-GB","@id":"https:\/\/hovslagareforeningen.se\/#\/schema\/logo\/image\/","url":"https:\/\/i0.wp.com\/hovslagareforeningen.se\/wp-content\/uploads\/2025\/12\/SHF-logo.png?fit=594%2C558&ssl=1","contentUrl":"https:\/\/i0.wp.com\/hovslagareforeningen.se\/wp-content\/uploads\/2025\/12\/SHF-logo.png?fit=594%2C558&ssl=1","width":594,"height":558,"caption":"Svenska Hovslagaref\u00f6reningen"},"image":{"@id":"https:\/\/hovslagareforeningen.se\/#\/schema\/logo\/image\/"},"sameAs":["https:\/\/www.facebook.com\/SvenskaHovslagareforeningen","https:\/\/www.instagram.com\/svenska_hovslagareforeningen"]}]}},"jetpack_sharing_enabled":true,"_links":{"self":[{"href":"https:\/\/hovslagareforeningen.se\/en\/wp-json\/wp\/v2\/pages\/257","targetHints":{"allow":["GET"]}}],"collection":[{"href":"https:\/\/hovslagareforeningen.se\/en\/wp-json\/wp\/v2\/pages"}],"about":[{"href":"https:\/\/hovslagareforeningen.se\/en\/wp-json\/wp\/v2\/types\/page"}],"author":[{"embeddable":true,"href":"https:\/\/hovslagareforeningen.se\/en\/wp-json\/wp\/v2\/users\/399"}],"replies":[{"embeddable":true,"href":"https:\/\/hovslagareforeningen.se\/en\/wp-json\/wp\/v2\/comments?post=257"}],"version-history":[{"count":0,"href":"https:\/\/hovslagareforeningen.se\/en\/wp-json\/wp\/v2\/pages\/257\/revisions"}],"wp:featuredmedia":[{"embeddable":true,"href":"https:\/\/hovslagareforeningen.se\/en\/wp-json\/wp\/v2\/media\/435"}],"wp:attachment":[{"href":"https:\/\/hovslagareforeningen.se\/en\/wp-json\/wp\/v2\/media?parent=257"}],"curies":[{"name":"wp","href":"https:\/\/api.w.org\/{rel}","templated":true}]}}