{"id":3213,"date":"2019-01-13T11:00:03","date_gmt":"2019-01-13T10:00:03","guid":{"rendered":"https:\/\/sito.se.vkube.cloud\/?page_id=3213"},"modified":"2025-12-30T13:22:20","modified_gmt":"2025-12-30T12:22:20","slug":"rabatter-m-m","status":"publish","type":"page","link":"https:\/\/hovslagareforeningen.se\/en\/rabatter-m-m\/","title":{"rendered":"Rabatter m.m."},"content":{"rendered":"<h1 class=\"wp-block-heading\">Som SHF-medlem har du f\u00f6ljande rabatter*:<\/h1>\n\n\n\n<p>*F\u00f6r att komma vidare till vissa l\u00e4nkar beh\u00f6ver du vara inloggad!<\/p>\n\n\n\n<div class=\"wp-block-group is-vertical is-layout-flex wp-container-core-group-is-layout-98bb686d wp-block-group-is-layout-flex\">\n<p><a href=\"https:\/\/hovslagareforeningen.se\/en\/kod-simon-curtis\/\">F\u00f6rel\u00e4sningar Simon Curtis\/webinar, 25%<\/a><\/p>\n\n\n\n<p><a href=\"https:\/\/hovslagareforeningen.se\/en\/ansokningsblankett-okq8\/\">OKQ8 F\u00f6retagskort &#8211; Bland annat 80 \u00f6re rabatt\/liter p\u00e5 diesel<\/a><\/p>\n\n\n\n<p><a href=\"https:\/\/hovslagareforeningen.se\/en\/brandfast-rabattkod\/\">Brandfast &#8211; Rabattkod om man bokar p\u00e5 n\u00e4tet<\/a><\/p>\n<\/div>\n\n\n\n<div class=\"wp-block-group is-vertical is-layout-flex wp-container-core-group-is-layout-98bb686d wp-block-group-is-layout-flex\">\n<p style=\"padding-bottom:var(--wp--preset--spacing--20)\"><strong>Vi \u00e4r medlemmar i hantverkarna och har genom dem vissa rabatter:<\/strong><\/p>\n\n\n\n<p><a href=\"https:\/\/hovslagareforeningen.se\/wp-content\/uploads\/2019\/02\/swedol_grolls.pdf\">Grolls &amp; Swedol 15% rabatt<\/a><\/p>\n\n\n\n<p><a href=\"https:\/\/www.hantverkarna.se\/-medlem-medlemsformaner\/citroen\">Citroen 25% rabatt<\/a><\/p>\n\n\n\n<p><a href=\"https:\/\/www.hantverkarna.se\/-medlem-medlemsformaner\/opel\">Opel 25% rabatt<\/a><\/p>\n\n\n\n<p><a href=\"https:\/\/www.hantverkarna.se\/-medlem-medlemsformaner\/peugeot\">Peugot 25% rabatt<\/a><\/p>\n\n\n\n<p><a href=\"https:\/\/www.hantverkarna.se\/-medlem-medlemsformaner\/semesterlagenheter-pa-gran-canaria\">Semesterl\u00e4genheter p\u00e5 Gran Canaria<\/a><\/p>\n\n\n\n<p><a href=\"https:\/\/www.hantverkarna.se\/-medlem-medlemsformaner\/medlemsformaner\">Fler f\u00f6rm\u00e5ner<\/a><\/p>\n<\/div>","protected":false},"excerpt":{"rendered":"<p>Som SHF-medlem har du f\u00f6ljande rabatter*: *F\u00f6r att komma vidare till vissa l\u00e4nkar beh\u00f6ver du vara inloggad! F\u00f6rel\u00e4sningar Simon Curtis\/webinar, 25% OKQ8 F\u00f6retagskort &#8211; Bland annat 80 \u00f6re rabatt\/liter p\u00e5 [&hellip;]<\/p>\n","protected":false},"author":399,"featured_media":0,"parent":0,"menu_order":0,"comment_status":"closed","ping_status":"closed","template":"","meta":{"_EventAllDay":false,"_EventTimezone":"","_EventStartDate":"","_EventEndDate":"","_EventStartDateUTC":"","_EventEndDateUTC":"","_EventShowMap":false,"_EventShowMapLink":false,"_EventURL":"","_EventCost":"","_EventCostDescription":"","_EventCurrencySymbol":"","_EventCurrencyCode":"","_EventCurrencyPosition":"","_EventDateTimeSeparator":"","_EventTimeRangeSeparator":"","_EventOrganizerID":[],"_EventVenueID":[],"_OrganizerEmail":"","_OrganizerPhone":"","_OrganizerWebsite":"","_VenueAddress":"","_VenueCity":"","_VenueCountry":"","_VenueProvince":"","_VenueState":"","_VenueZip":"","_VenuePhone":"","_VenueURL":"","_VenueStateProvince":"","_VenueLat":"","_VenueLng":"","_VenueShowMap":false,"_VenueShowMapLink":false,"footnotes":""},"class_list":["post-3213","page","type-page","status-publish","hentry"],"blocksy_meta":[],"yoast_head":"<!-- This site is optimized with the Yoast SEO plugin v27.4 - https:\/\/yoast.com\/product\/yoast-seo-wordpress\/ -->\n<title>Rabatter m.m. - Svenska Hovslagaref\u00f6reningen<\/title>\n<meta name=\"robots\" content=\"index, follow, max-snippet:-1, max-image-preview:large, max-video-preview:-1\" \/>\n<link rel=\"canonical\" href=\"https:\/\/hovslagareforeningen.se\/en\/rabatter-m-m\/\" \/>\n<meta property=\"og:locale\" content=\"en_GB\" \/>\n<meta property=\"og:type\" content=\"article\" \/>\n<meta property=\"og:title\" content=\"Rabatter m.m. - Svenska Hovslagaref\u00f6reningen\" \/>\n<meta property=\"og:description\" content=\"Som SHF-medlem har du f\u00f6ljande rabatter*: *F\u00f6r att komma vidare till vissa l\u00e4nkar beh\u00f6ver du vara inloggad! F\u00f6rel\u00e4sningar Simon Curtis\/webinar, 25% OKQ8 F\u00f6retagskort &#8211; Bland annat 80 \u00f6re rabatt\/liter p\u00e5 [&hellip;]\" \/>\n<meta property=\"og:url\" content=\"https:\/\/hovslagareforeningen.se\/en\/rabatter-m-m\/\" \/>\n<meta property=\"og:site_name\" content=\"Svenska Hovslagaref\u00f6reningen\" \/>\n<meta property=\"article:publisher\" content=\"https:\/\/www.facebook.com\/SvenskaHovslagareforeningen\" \/>\n<meta property=\"article:modified_time\" content=\"2025-12-30T12:22:20+00:00\" \/>\n<meta name=\"twitter:card\" content=\"summary_large_image\" \/>\n<meta name=\"twitter:label1\" content=\"Estimated reading time\" \/>\n\t<meta name=\"twitter:data1\" content=\"1 minute\" \/>\n<script type=\"application\/ld+json\" class=\"yoast-schema-graph\">{\"@context\":\"https:\\\/\\\/schema.org\",\"@graph\":[{\"@type\":\"WebPage\",\"@id\":\"https:\\\/\\\/hovslagareforeningen.se\\\/rabatter-m-m\\\/\",\"url\":\"https:\\\/\\\/hovslagareforeningen.se\\\/rabatter-m-m\\\/\",\"name\":\"Rabatter m.m. - Svenska Hovslagaref\u00f6reningen\",\"isPartOf\":{\"@id\":\"https:\\\/\\\/hovslagareforeningen.se\\\/#website\"},\"datePublished\":\"2019-01-13T10:00:03+00:00\",\"dateModified\":\"2025-12-30T12:22:20+00:00\",\"breadcrumb\":{\"@id\":\"https:\\\/\\\/hovslagareforeningen.se\\\/rabatter-m-m\\\/#breadcrumb\"},\"inLanguage\":\"en-GB\",\"potentialAction\":[{\"@type\":\"ReadAction\",\"target\":[\"https:\\\/\\\/hovslagareforeningen.se\\\/rabatter-m-m\\\/\"]}]},{\"@type\":\"BreadcrumbList\",\"@id\":\"https:\\\/\\\/hovslagareforeningen.se\\\/rabatter-m-m\\\/#breadcrumb\",\"itemListElement\":[{\"@type\":\"ListItem\",\"position\":1,\"name\":\"Hem\",\"item\":\"https:\\\/\\\/hovslagareforeningen.se\\\/\"},{\"@type\":\"ListItem\",\"position\":2,\"name\":\"Rabatter m.m.\"}]},{\"@type\":\"WebSite\",\"@id\":\"https:\\\/\\\/hovslagareforeningen.se\\\/#website\",\"url\":\"https:\\\/\\\/hovslagareforeningen.se\\\/\",\"name\":\"Svenska Hovslagaref\u00f6reningen\",\"description\":\"\",\"publisher\":{\"@id\":\"https:\\\/\\\/hovslagareforeningen.se\\\/#organization\"},\"potentialAction\":[{\"@type\":\"SearchAction\",\"target\":{\"@type\":\"EntryPoint\",\"urlTemplate\":\"https:\\\/\\\/hovslagareforeningen.se\\\/?s={search_term_string}\"},\"query-input\":{\"@type\":\"PropertyValueSpecification\",\"valueRequired\":true,\"valueName\":\"search_term_string\"}}],\"inLanguage\":\"en-GB\"},{\"@type\":\"Organization\",\"@id\":\"https:\\\/\\\/hovslagareforeningen.se\\\/#organization\",\"name\":\"Svenska Hovslagaref\u00f6reningen\",\"url\":\"https:\\\/\\\/hovslagareforeningen.se\\\/\",\"logo\":{\"@type\":\"ImageObject\",\"inLanguage\":\"en-GB\",\"@id\":\"https:\\\/\\\/hovslagareforeningen.se\\\/#\\\/schema\\\/logo\\\/image\\\/\",\"url\":\"https:\\\/\\\/i0.wp.com\\\/hovslagareforeningen.se\\\/wp-content\\\/uploads\\\/2025\\\/12\\\/SHF-logo.png?fit=594%2C558&ssl=1\",\"contentUrl\":\"https:\\\/\\\/i0.wp.com\\\/hovslagareforeningen.se\\\/wp-content\\\/uploads\\\/2025\\\/12\\\/SHF-logo.png?fit=594%2C558&ssl=1\",\"width\":594,\"height\":558,\"caption\":\"Svenska Hovslagaref\u00f6reningen\"},\"image\":{\"@id\":\"https:\\\/\\\/hovslagareforeningen.se\\\/#\\\/schema\\\/logo\\\/image\\\/\"},\"sameAs\":[\"https:\\\/\\\/www.facebook.com\\\/SvenskaHovslagareforeningen\",\"https:\\\/\\\/www.instagram.com\\\/svenska_hovslagareforeningen\"]}]}<\/script>\n<!-- \/ Yoast SEO plugin. -->","yoast_head_json":{"title":"Rabatter m.m. - Svenska Hovslagaref\u00f6reningen","robots":{"index":"index","follow":"follow","max-snippet":"max-snippet:-1","max-image-preview":"max-image-preview:large","max-video-preview":"max-video-preview:-1"},"canonical":"https:\/\/hovslagareforeningen.se\/en\/rabatter-m-m\/","og_locale":"en_GB","og_type":"article","og_title":"Rabatter m.m. - Svenska Hovslagaref\u00f6reningen","og_description":"Som SHF-medlem har du f\u00f6ljande rabatter*: *F\u00f6r att komma vidare till vissa l\u00e4nkar beh\u00f6ver du vara inloggad! F\u00f6rel\u00e4sningar Simon Curtis\/webinar, 25% OKQ8 F\u00f6retagskort &#8211; Bland annat 80 \u00f6re rabatt\/liter p\u00e5 [&hellip;]","og_url":"https:\/\/hovslagareforeningen.se\/en\/rabatter-m-m\/","og_site_name":"Svenska Hovslagaref\u00f6reningen","article_publisher":"https:\/\/www.facebook.com\/SvenskaHovslagareforeningen","article_modified_time":"2025-12-30T12:22:20+00:00","twitter_card":"summary_large_image","twitter_misc":{"Estimated reading time":"1 minute"},"schema":{"@context":"https:\/\/schema.org","@graph":[{"@type":"WebPage","@id":"https:\/\/hovslagareforeningen.se\/rabatter-m-m\/","url":"https:\/\/hovslagareforeningen.se\/rabatter-m-m\/","name":"Rabatter m.m. - Svenska Hovslagaref\u00f6reningen","isPartOf":{"@id":"https:\/\/hovslagareforeningen.se\/#website"},"datePublished":"2019-01-13T10:00:03+00:00","dateModified":"2025-12-30T12:22:20+00:00","breadcrumb":{"@id":"https:\/\/hovslagareforeningen.se\/rabatter-m-m\/#breadcrumb"},"inLanguage":"en-GB","potentialAction":[{"@type":"ReadAction","target":["https:\/\/hovslagareforeningen.se\/rabatter-m-m\/"]}]},{"@type":"BreadcrumbList","@id":"https:\/\/hovslagareforeningen.se\/rabatter-m-m\/#breadcrumb","itemListElement":[{"@type":"ListItem","position":1,"name":"Hem","item":"https:\/\/hovslagareforeningen.se\/"},{"@type":"ListItem","position":2,"name":"Rabatter m.m."}]},{"@type":"WebSite","@id":"https:\/\/hovslagareforeningen.se\/#website","url":"https:\/\/hovslagareforeningen.se\/","name":"Svenska Hovslagaref\u00f6reningen","description":"","publisher":{"@id":"https:\/\/hovslagareforeningen.se\/#organization"},"potentialAction":[{"@type":"SearchAction","target":{"@type":"EntryPoint","urlTemplate":"https:\/\/hovslagareforeningen.se\/?s={search_term_string}"},"query-input":{"@type":"PropertyValueSpecification","valueRequired":true,"valueName":"search_term_string"}}],"inLanguage":"en-GB"},{"@type":"Organization","@id":"https:\/\/hovslagareforeningen.se\/#organization","name":"Svenska Hovslagaref\u00f6reningen","url":"https:\/\/hovslagareforeningen.se\/","logo":{"@type":"ImageObject","inLanguage":"en-GB","@id":"https:\/\/hovslagareforeningen.se\/#\/schema\/logo\/image\/","url":"https:\/\/i0.wp.com\/hovslagareforeningen.se\/wp-content\/uploads\/2025\/12\/SHF-logo.png?fit=594%2C558&ssl=1","contentUrl":"https:\/\/i0.wp.com\/hovslagareforeningen.se\/wp-content\/uploads\/2025\/12\/SHF-logo.png?fit=594%2C558&ssl=1","width":594,"height":558,"caption":"Svenska Hovslagaref\u00f6reningen"},"image":{"@id":"https:\/\/hovslagareforeningen.se\/#\/schema\/logo\/image\/"},"sameAs":["https:\/\/www.facebook.com\/SvenskaHovslagareforeningen","https:\/\/www.instagram.com\/svenska_hovslagareforeningen"]}]}},"jetpack_sharing_enabled":true,"_links":{"self":[{"href":"https:\/\/hovslagareforeningen.se\/en\/wp-json\/wp\/v2\/pages\/3213","targetHints":{"allow":["GET"]}}],"collection":[{"href":"https:\/\/hovslagareforeningen.se\/en\/wp-json\/wp\/v2\/pages"}],"about":[{"href":"https:\/\/hovslagareforeningen.se\/en\/wp-json\/wp\/v2\/types\/page"}],"author":[{"embeddable":true,"href":"https:\/\/hovslagareforeningen.se\/en\/wp-json\/wp\/v2\/users\/399"}],"replies":[{"embeddable":true,"href":"https:\/\/hovslagareforeningen.se\/en\/wp-json\/wp\/v2\/comments?post=3213"}],"version-history":[{"count":0,"href":"https:\/\/hovslagareforeningen.se\/en\/wp-json\/wp\/v2\/pages\/3213\/revisions"}],"wp:attachment":[{"href":"https:\/\/hovslagareforeningen.se\/en\/wp-json\/wp\/v2\/media?parent=3213"}],"curies":[{"name":"wp","href":"https:\/\/api.w.org\/{rel}","templated":true}]}}