{"id":3335,"date":"2019-03-18T21:45:18","date_gmt":"2019-03-18T20:45:18","guid":{"rendered":"https:\/\/sito.se.vkube.cloud\/?page_id=3335"},"modified":"2019-06-07T16:04:41","modified_gmt":"2019-06-07T14:04:41","slug":"open-swedish-championship-for-farriers-2019-6-9-june","status":"publish","type":"page","link":"https:\/\/hovslagareforeningen.se\/en\/open-swedish-championship-for-farriers-2019-6-9-june\/","title":{"rendered":"Open Swedish championship for Farriers 2019, 6-9 June"},"content":{"rendered":"<figure class=\"wp-block-image\"><img data-recalc-dims=\"1\" loading=\"lazy\" decoding=\"async\" width=\"1024\" height=\"792\" src=\"https:\/\/i0.wp.com\/hovslagareforeningen.se\/wp-content\/uploads\/2019\/06\/SPONSORER.jpg?resize=1024%2C792&#038;ssl=1\" alt=\"\" class=\"wp-image-3505\" srcset=\"https:\/\/i0.wp.com\/hovslagareforeningen.se\/wp-content\/uploads\/2019\/06\/SPONSORER.jpg?resize=1024%2C792&amp;ssl=1 1024w, https:\/\/i0.wp.com\/hovslagareforeningen.se\/wp-content\/uploads\/2019\/06\/SPONSORER.jpg?resize=300%2C232&amp;ssl=1 300w, https:\/\/i0.wp.com\/hovslagareforeningen.se\/wp-content\/uploads\/2019\/06\/SPONSORER.jpg?resize=768%2C594&amp;ssl=1 768w, https:\/\/i0.wp.com\/hovslagareforeningen.se\/wp-content\/uploads\/2019\/06\/SPONSORER.jpg?resize=600%2C464&amp;ssl=1 600w, https:\/\/i0.wp.com\/hovslagareforeningen.se\/wp-content\/uploads\/2019\/06\/SPONSORER.jpg?w=1134&amp;ssl=1 1134w\" sizes=\"auto, (max-width: 1024px) 100vw, 1024px\" \/><\/figure>\n\n\n\n<div class=\"wp-block-file\"><a href=\"https:\/\/hovslagareforeningen.se\/wp-content\/uploads\/2019\/06\/Startlistor-hovslagar_SM_2019.pdf\">Startlistor hovslagar SM 2019<\/a><a href=\"https:\/\/hovslagareforeningen.se\/wp-content\/uploads\/2019\/06\/Startlistor-hovslagar_SM_2019.pdf\" class=\"wp-block-file__button\" download>Ladda ner<\/a><\/div>\n\n\n\n<p class=\"has-medium-font-size\"><strong>Registration fees \/ Anm\u00e4lningsavgifter:<\/strong><\/p>\n\n\n\n<p>Registration\/Anm\u00e4lan Div 1, 2 &amp; 3: <a href=\"http:\/\/www.farrierportal.com\/event\/open-swedish-championship-2019-06-06-09\/participant\/\">http:\/\/www.farrierportal.com<\/a><\/p>\n\n\n\n<p> Registration deadline \/ Sista anm\u00e4lningsdag: 5\/5 <\/p>\n\n\n\n<p>Division 3: 1700 SEK   (1500 SEK*)<\/p>\n\n\n\n<p>Division 2: 1900 SEK   (1600 SEK*)<\/p>\n\n\n\n<p>Division 1: 2000 SEK   (1700 SEK*)               *) Members in SHF<\/p>\n\n\n\n<p><strong> Registration classes below \/Anm\u00e4lan klasser h\u00e4r under:<\/strong><\/p>\n\n\n\n<p>Mail: <a href=\"\/en\/magnus@smederod.se\/\">magnus@smederod.se<\/a><\/p>\n\n\n\n<p>Oldies\u00b4n goldies 400 SEK (Time=age)<\/p>\n\n\n\n<p>T\u00e5ngklass: 600 SEK\/lag<\/p>\n\n\n\n<p><a href=\"https:\/\/hovslagareforeningen.se\/en\/eagleeye\/\">Eagleeye: 300SEK <\/a><\/p>\n\n\n\n<p>Ardenner klassen: 2500 SEK\/lag  &#8211; Full<\/p>\n\n\n\n<p class=\"has-medium-font-size\"><strong>Westerqvarn \/ Dinner<\/strong>  Anm\u00e4lan: <a href=\"\/en\/kansliet@hovslagareforeningen.se\/\">kansliet@hovslagareforeningen.se<\/a><br><\/p>\n\n\n\n<p>Prepayed invoice\/ Faktura 440 SEK<\/p>\n\n\n\n<p> Betalning p\u00e5 westerqvarn i m\u00e5n av plats \/ 560 SEK \/ Dinner, payed at site is more expensive and You might not get in!<\/p>\n\n\n\n<p> Mail <a href=\"\/en\/kansliet@hovslagareforeningen.se\/\">kansliet@hovslagareforeningen.se<\/a> for invoice.<\/p>\n\n\n\n<p class=\"has-medium-font-size\"><strong>All prices is in SEK<\/strong><\/p>\n\n\n\n<p class=\"has-medium-font-size\"><strong>VAT is added \/ Moms tillkommer.<\/strong><\/p>\n\n\n\n<hr class=\"wp-block-separator\"\/>\n\n\n\n<h2 class=\"wp-block-heading\" id=\"mce_2\"><strong>Shoes &#8211; Pictures &amp; measurements<\/strong><\/h2>\n\n\n\n<p><a href=\"https:\/\/hovslagareforeningen.se\/en\/div-1\/\">DIV. 1<\/a><\/p>\n\n\n\n<p><a href=\"https:\/\/hovslagareforeningen.se\/en\/div-2\/\">DIV. 2<\/a><\/p>\n\n\n\n<p><a href=\"https:\/\/hovslagareforeningen.se\/en\/div-3\/\">DIV. 3<\/a><\/p>\n\n\n\n<hr class=\"wp-block-separator\"\/>\n\n\n\n<h2 class=\"wp-block-heading\"><a href=\"https:\/\/www.facebook.com\/events\/364576924343377\/\">Facebookevent  <\/a>   <br>Sign up for the event to see current information \/ Anm\u00e4l dig i eventet f\u00f6r att se l\u00f6pande information\/Sign up for the event to see current information<\/h2>\n\n\n\n<p><\/p>","protected":false},"excerpt":{"rendered":"<p>Registration fees \/ Anm\u00e4lningsavgifter: Registration\/Anm\u00e4lan Div 1, 2 &amp; 3: http:\/\/www.farrierportal.com Registration deadline \/ Sista anm\u00e4lningsdag: 5\/5 Division 3: 1700 SEK (1500 SEK*) Division 2: 1900 SEK (1600 SEK*) Division [&hellip;]<\/p>\n","protected":false},"author":399,"featured_media":0,"parent":0,"menu_order":0,"comment_status":"closed","ping_status":"closed","template":"","meta":{"_EventAllDay":false,"_EventTimezone":"","_EventStartDate":"","_EventEndDate":"","_EventStartDateUTC":"","_EventEndDateUTC":"","_EventShowMap":false,"_EventShowMapLink":false,"_EventURL":"","_EventCost":"","_EventCostDescription":"","_EventCurrencySymbol":"","_EventCurrencyCode":"","_EventCurrencyPosition":"","_EventDateTimeSeparator":"","_EventTimeRangeSeparator":"","_EventOrganizerID":[],"_EventVenueID":[],"_OrganizerEmail":"","_OrganizerPhone":"","_OrganizerWebsite":"","_VenueAddress":"","_VenueCity":"","_VenueCountry":"","_VenueProvince":"","_VenueState":"","_VenueZip":"","_VenuePhone":"","_VenueURL":"","_VenueStateProvince":"","_VenueLat":"","_VenueLng":"","_VenueShowMap":false,"_VenueShowMapLink":false,"footnotes":""},"class_list":["post-3335","page","type-page","status-publish","hentry"],"blocksy_meta":[],"yoast_head":"<!-- This site is optimized with the Yoast SEO plugin v27.4 - https:\/\/yoast.com\/product\/yoast-seo-wordpress\/ -->\n<title>Open Swedish championship for Farriers 2019, 6-9 June - Svenska Hovslagaref\u00f6reningen<\/title>\n<meta name=\"robots\" content=\"index, follow, max-snippet:-1, max-image-preview:large, max-video-preview:-1\" \/>\n<link rel=\"canonical\" href=\"https:\/\/hovslagareforeningen.se\/en\/open-swedish-championship-for-farriers-2019-6-9-june\/\" \/>\n<meta property=\"og:locale\" content=\"en_GB\" \/>\n<meta property=\"og:type\" content=\"article\" \/>\n<meta property=\"og:title\" content=\"Open Swedish championship for Farriers 2019, 6-9 June - Svenska Hovslagaref\u00f6reningen\" \/>\n<meta property=\"og:description\" content=\"Registration fees \/ Anm\u00e4lningsavgifter: Registration\/Anm\u00e4lan Div 1, 2 &amp; 3: http:\/\/www.farrierportal.com Registration deadline \/ Sista anm\u00e4lningsdag: 5\/5 Division 3: 1700 SEK (1500 SEK*) Division 2: 1900 SEK (1600 SEK*) Division [&hellip;]\" \/>\n<meta property=\"og:url\" content=\"https:\/\/hovslagareforeningen.se\/en\/open-swedish-championship-for-farriers-2019-6-9-june\/\" \/>\n<meta property=\"og:site_name\" content=\"Svenska Hovslagaref\u00f6reningen\" \/>\n<meta property=\"article:publisher\" content=\"https:\/\/www.facebook.com\/SvenskaHovslagareforeningen\" \/>\n<meta property=\"article:modified_time\" content=\"2019-06-07T14:04:41+00:00\" \/>\n<meta property=\"og:image\" content=\"https:\/\/hovslagareforeningen.se\/wp-content\/uploads\/2019\/06\/SPONSORER-1024x792.jpg\" \/>\n<meta name=\"twitter:card\" content=\"summary_large_image\" \/>\n<meta name=\"twitter:label1\" content=\"Estimated reading time\" \/>\n\t<meta name=\"twitter:data1\" content=\"1 minute\" \/>\n<script type=\"application\/ld+json\" class=\"yoast-schema-graph\">{\"@context\":\"https:\\\/\\\/schema.org\",\"@graph\":[{\"@type\":\"WebPage\",\"@id\":\"https:\\\/\\\/hovslagareforeningen.se\\\/open-swedish-championship-for-farriers-2019-6-9-june\\\/\",\"url\":\"https:\\\/\\\/hovslagareforeningen.se\\\/open-swedish-championship-for-farriers-2019-6-9-june\\\/\",\"name\":\"Open Swedish championship for Farriers 2019, 6-9 June - Svenska Hovslagaref\u00f6reningen\",\"isPartOf\":{\"@id\":\"https:\\\/\\\/hovslagareforeningen.se\\\/#website\"},\"primaryImageOfPage\":{\"@id\":\"https:\\\/\\\/hovslagareforeningen.se\\\/open-swedish-championship-for-farriers-2019-6-9-june\\\/#primaryimage\"},\"image\":{\"@id\":\"https:\\\/\\\/hovslagareforeningen.se\\\/open-swedish-championship-for-farriers-2019-6-9-june\\\/#primaryimage\"},\"thumbnailUrl\":\"https:\\\/\\\/hovslagareforeningen.se\\\/wp-content\\\/uploads\\\/2019\\\/06\\\/SPONSORER-1024x792.jpg\",\"datePublished\":\"2019-03-18T20:45:18+00:00\",\"dateModified\":\"2019-06-07T14:04:41+00:00\",\"breadcrumb\":{\"@id\":\"https:\\\/\\\/hovslagareforeningen.se\\\/open-swedish-championship-for-farriers-2019-6-9-june\\\/#breadcrumb\"},\"inLanguage\":\"en-GB\",\"potentialAction\":[{\"@type\":\"ReadAction\",\"target\":[\"https:\\\/\\\/hovslagareforeningen.se\\\/open-swedish-championship-for-farriers-2019-6-9-june\\\/\"]}]},{\"@type\":\"ImageObject\",\"inLanguage\":\"en-GB\",\"@id\":\"https:\\\/\\\/hovslagareforeningen.se\\\/open-swedish-championship-for-farriers-2019-6-9-june\\\/#primaryimage\",\"url\":\"https:\\\/\\\/hovslagareforeningen.se\\\/wp-content\\\/uploads\\\/2019\\\/06\\\/SPONSORER-1024x792.jpg\",\"contentUrl\":\"https:\\\/\\\/hovslagareforeningen.se\\\/wp-content\\\/uploads\\\/2019\\\/06\\\/SPONSORER-1024x792.jpg\"},{\"@type\":\"BreadcrumbList\",\"@id\":\"https:\\\/\\\/hovslagareforeningen.se\\\/open-swedish-championship-for-farriers-2019-6-9-june\\\/#breadcrumb\",\"itemListElement\":[{\"@type\":\"ListItem\",\"position\":1,\"name\":\"Hem\",\"item\":\"https:\\\/\\\/hovslagareforeningen.se\\\/\"},{\"@type\":\"ListItem\",\"position\":2,\"name\":\"Open Swedish championship for Farriers 2019, 6-9 June\"}]},{\"@type\":\"WebSite\",\"@id\":\"https:\\\/\\\/hovslagareforeningen.se\\\/#website\",\"url\":\"https:\\\/\\\/hovslagareforeningen.se\\\/\",\"name\":\"Svenska Hovslagaref\u00f6reningen\",\"description\":\"\",\"publisher\":{\"@id\":\"https:\\\/\\\/hovslagareforeningen.se\\\/#organization\"},\"potentialAction\":[{\"@type\":\"SearchAction\",\"target\":{\"@type\":\"EntryPoint\",\"urlTemplate\":\"https:\\\/\\\/hovslagareforeningen.se\\\/?s={search_term_string}\"},\"query-input\":{\"@type\":\"PropertyValueSpecification\",\"valueRequired\":true,\"valueName\":\"search_term_string\"}}],\"inLanguage\":\"en-GB\"},{\"@type\":\"Organization\",\"@id\":\"https:\\\/\\\/hovslagareforeningen.se\\\/#organization\",\"name\":\"Svenska Hovslagaref\u00f6reningen\",\"url\":\"https:\\\/\\\/hovslagareforeningen.se\\\/\",\"logo\":{\"@type\":\"ImageObject\",\"inLanguage\":\"en-GB\",\"@id\":\"https:\\\/\\\/hovslagareforeningen.se\\\/#\\\/schema\\\/logo\\\/image\\\/\",\"url\":\"https:\\\/\\\/i0.wp.com\\\/hovslagareforeningen.se\\\/wp-content\\\/uploads\\\/2025\\\/12\\\/SHF-logo.png?fit=594%2C558&ssl=1\",\"contentUrl\":\"https:\\\/\\\/i0.wp.com\\\/hovslagareforeningen.se\\\/wp-content\\\/uploads\\\/2025\\\/12\\\/SHF-logo.png?fit=594%2C558&ssl=1\",\"width\":594,\"height\":558,\"caption\":\"Svenska Hovslagaref\u00f6reningen\"},\"image\":{\"@id\":\"https:\\\/\\\/hovslagareforeningen.se\\\/#\\\/schema\\\/logo\\\/image\\\/\"},\"sameAs\":[\"https:\\\/\\\/www.facebook.com\\\/SvenskaHovslagareforeningen\",\"https:\\\/\\\/www.instagram.com\\\/svenska_hovslagareforeningen\"]}]}<\/script>\n<!-- \/ Yoast SEO plugin. -->","yoast_head_json":{"title":"Open Swedish championship for Farriers 2019, 6-9 June - Svenska Hovslagaref\u00f6reningen","robots":{"index":"index","follow":"follow","max-snippet":"max-snippet:-1","max-image-preview":"max-image-preview:large","max-video-preview":"max-video-preview:-1"},"canonical":"https:\/\/hovslagareforeningen.se\/en\/open-swedish-championship-for-farriers-2019-6-9-june\/","og_locale":"en_GB","og_type":"article","og_title":"Open Swedish championship for Farriers 2019, 6-9 June - Svenska Hovslagaref\u00f6reningen","og_description":"Registration fees \/ Anm\u00e4lningsavgifter: Registration\/Anm\u00e4lan Div 1, 2 &amp; 3: http:\/\/www.farrierportal.com Registration deadline \/ Sista anm\u00e4lningsdag: 5\/5 Division 3: 1700 SEK (1500 SEK*) Division 2: 1900 SEK (1600 SEK*) Division [&hellip;]","og_url":"https:\/\/hovslagareforeningen.se\/en\/open-swedish-championship-for-farriers-2019-6-9-june\/","og_site_name":"Svenska Hovslagaref\u00f6reningen","article_publisher":"https:\/\/www.facebook.com\/SvenskaHovslagareforeningen","article_modified_time":"2019-06-07T14:04:41+00:00","og_image":[{"url":"https:\/\/hovslagareforeningen.se\/wp-content\/uploads\/2019\/06\/SPONSORER-1024x792.jpg","type":"","width":"","height":""}],"twitter_card":"summary_large_image","twitter_misc":{"Estimated reading time":"1 minute"},"schema":{"@context":"https:\/\/schema.org","@graph":[{"@type":"WebPage","@id":"https:\/\/hovslagareforeningen.se\/open-swedish-championship-for-farriers-2019-6-9-june\/","url":"https:\/\/hovslagareforeningen.se\/open-swedish-championship-for-farriers-2019-6-9-june\/","name":"Open Swedish championship for Farriers 2019, 6-9 June - Svenska Hovslagaref\u00f6reningen","isPartOf":{"@id":"https:\/\/hovslagareforeningen.se\/#website"},"primaryImageOfPage":{"@id":"https:\/\/hovslagareforeningen.se\/open-swedish-championship-for-farriers-2019-6-9-june\/#primaryimage"},"image":{"@id":"https:\/\/hovslagareforeningen.se\/open-swedish-championship-for-farriers-2019-6-9-june\/#primaryimage"},"thumbnailUrl":"https:\/\/hovslagareforeningen.se\/wp-content\/uploads\/2019\/06\/SPONSORER-1024x792.jpg","datePublished":"2019-03-18T20:45:18+00:00","dateModified":"2019-06-07T14:04:41+00:00","breadcrumb":{"@id":"https:\/\/hovslagareforeningen.se\/open-swedish-championship-for-farriers-2019-6-9-june\/#breadcrumb"},"inLanguage":"en-GB","potentialAction":[{"@type":"ReadAction","target":["https:\/\/hovslagareforeningen.se\/open-swedish-championship-for-farriers-2019-6-9-june\/"]}]},{"@type":"ImageObject","inLanguage":"en-GB","@id":"https:\/\/hovslagareforeningen.se\/open-swedish-championship-for-farriers-2019-6-9-june\/#primaryimage","url":"https:\/\/hovslagareforeningen.se\/wp-content\/uploads\/2019\/06\/SPONSORER-1024x792.jpg","contentUrl":"https:\/\/hovslagareforeningen.se\/wp-content\/uploads\/2019\/06\/SPONSORER-1024x792.jpg"},{"@type":"BreadcrumbList","@id":"https:\/\/hovslagareforeningen.se\/open-swedish-championship-for-farriers-2019-6-9-june\/#breadcrumb","itemListElement":[{"@type":"ListItem","position":1,"name":"Hem","item":"https:\/\/hovslagareforeningen.se\/"},{"@type":"ListItem","position":2,"name":"Open Swedish championship for Farriers 2019, 6-9 June"}]},{"@type":"WebSite","@id":"https:\/\/hovslagareforeningen.se\/#website","url":"https:\/\/hovslagareforeningen.se\/","name":"Svenska Hovslagaref\u00f6reningen","description":"","publisher":{"@id":"https:\/\/hovslagareforeningen.se\/#organization"},"potentialAction":[{"@type":"SearchAction","target":{"@type":"EntryPoint","urlTemplate":"https:\/\/hovslagareforeningen.se\/?s={search_term_string}"},"query-input":{"@type":"PropertyValueSpecification","valueRequired":true,"valueName":"search_term_string"}}],"inLanguage":"en-GB"},{"@type":"Organization","@id":"https:\/\/hovslagareforeningen.se\/#organization","name":"Svenska Hovslagaref\u00f6reningen","url":"https:\/\/hovslagareforeningen.se\/","logo":{"@type":"ImageObject","inLanguage":"en-GB","@id":"https:\/\/hovslagareforeningen.se\/#\/schema\/logo\/image\/","url":"https:\/\/i0.wp.com\/hovslagareforeningen.se\/wp-content\/uploads\/2025\/12\/SHF-logo.png?fit=594%2C558&ssl=1","contentUrl":"https:\/\/i0.wp.com\/hovslagareforeningen.se\/wp-content\/uploads\/2025\/12\/SHF-logo.png?fit=594%2C558&ssl=1","width":594,"height":558,"caption":"Svenska Hovslagaref\u00f6reningen"},"image":{"@id":"https:\/\/hovslagareforeningen.se\/#\/schema\/logo\/image\/"},"sameAs":["https:\/\/www.facebook.com\/SvenskaHovslagareforeningen","https:\/\/www.instagram.com\/svenska_hovslagareforeningen"]}]}},"jetpack_sharing_enabled":true,"_links":{"self":[{"href":"https:\/\/hovslagareforeningen.se\/en\/wp-json\/wp\/v2\/pages\/3335","targetHints":{"allow":["GET"]}}],"collection":[{"href":"https:\/\/hovslagareforeningen.se\/en\/wp-json\/wp\/v2\/pages"}],"about":[{"href":"https:\/\/hovslagareforeningen.se\/en\/wp-json\/wp\/v2\/types\/page"}],"author":[{"embeddable":true,"href":"https:\/\/hovslagareforeningen.se\/en\/wp-json\/wp\/v2\/users\/399"}],"replies":[{"embeddable":true,"href":"https:\/\/hovslagareforeningen.se\/en\/wp-json\/wp\/v2\/comments?post=3335"}],"version-history":[{"count":0,"href":"https:\/\/hovslagareforeningen.se\/en\/wp-json\/wp\/v2\/pages\/3335\/revisions"}],"wp:attachment":[{"href":"https:\/\/hovslagareforeningen.se\/en\/wp-json\/wp\/v2\/media?parent=3335"}],"curies":[{"name":"wp","href":"https:\/\/api.w.org\/{rel}","templated":true}]}}