{"id":4789,"date":"2020-12-09T14:48:53","date_gmt":"2020-12-09T13:48:53","guid":{"rendered":"https:\/\/hovslagareforeningen.se\/?page_id=4789"},"modified":"2026-01-01T13:23:19","modified_gmt":"2026-01-01T12:23:19","slug":"mentorer","status":"publish","type":"page","link":"https:\/\/hovslagareforeningen.se\/en\/mentorer\/","title":{"rendered":"Mentorer"},"content":{"rendered":"<blockquote class=\"wp-block-quote is-layout-flow wp-block-quote-is-layout-flow\">\n<h2 class=\"wp-block-heading\">Detta \u00e4r SHF\u00b4s mentorsida.<\/h2>\n<\/blockquote>\n\n\n\n<p>Vill du prata med en kollega ang\u00e5ende problem, tillv\u00e4gag\u00e5ngs\u00e4tt eller bara ha ett bollplank du kan v\u00e4nda dig till?<\/p>\n\n\n\n<p>Du ringer naturligtvis vem du vill, oberoende p\u00e5 var du bor!<\/p>\n\n\n\n<h4 class=\"wp-block-heading\">&nbsp;<\/h4>\n\n\n\n<h3 class=\"wp-block-heading\">Dalarna<\/h3>\n\n\n\n<p>Fredrik R\u00e5berg&nbsp; &nbsp;0706-66 60 85<\/p>\n\n\n\n<p>&nbsp;<\/p>\n\n\n\n<h3 class=\"wp-block-heading\">Halland<\/h3>\n\n\n\n<p>Kasper Lillemose&nbsp; &nbsp;0708-50 75 57&nbsp; &#8211;&nbsp; Sms f\u00f6r kontakt<\/p>\n\n\n\n<p>&nbsp;<\/p>\n\n\n\n<h3 class=\"wp-block-heading\">J\u00e4mtland:<\/h3>\n\n\n\n<p>Johanna Svensson&nbsp; &nbsp;0702-43 53 86<\/p>\n\n\n\n<p>&nbsp;<\/p>\n\n\n\n<h3 class=\"wp-block-heading\">Kronoberg:<\/h3>\n\n\n\n<p>Benny Johnsson&nbsp; &nbsp;0702-03 81 58&nbsp; &#8211;&nbsp; Sms f\u00f6r kontakt<\/p>\n\n\n\n<p>&nbsp;<\/p>\n\n\n\n<h3 class=\"wp-block-heading\">Norrk\u00f6ping:<\/h3>\n\n\n\n<p>Chrichan Ivarius&nbsp; &nbsp;0706-95 07 58<\/p>\n\n\n\n<p>&nbsp;<\/p>\n\n\n\n<h3 class=\"wp-block-heading\">Norrland:<\/h3>\n\n\n\n<p>Nils Forssell&nbsp; &nbsp;0702-81 11 46<\/p>\n\n\n\n<p>&nbsp;<\/p>\n\n\n\n<h3 class=\"wp-block-heading\">Stockholm:<\/h3>\n\n\n\n<p>Mats Holmstedt&nbsp; &nbsp;0708-42 09 17<\/p>\n\n\n\n<p>Peter Frosch&nbsp; &nbsp;0706-33 29 48<\/p>\n\n\n\n<p>&nbsp;<\/p>\n\n\n\n<h3 class=\"wp-block-heading\">Uppsala:<\/h3>\n\n\n\n<p>Debora Linn\u00e9r  0723- 69 10 24<\/p>\n\n\n\n<p>&nbsp;<\/p>\n\n\n\n<h3 class=\"wp-block-heading\">Sk\u00e5ne:<\/h3>\n\n\n\n<p>Marcus Johansson&nbsp; &nbsp;0735-45 50 83<\/p>\n\n\n\n<p>Zeta Hallberg&nbsp; &nbsp;0733-46 92 93<\/p>\n\n\n\n<p>&nbsp;<\/p>\n\n\n\n<h3 class=\"wp-block-heading\">S\u00f6dermanland:<\/h3>\n\n\n\n<p>Kate J\u00fcrrisson&nbsp; 0703-39 54 54<\/p>\n\n\n\n<p>&nbsp;<\/p>\n\n\n\n<h3 class=\"wp-block-heading\">V\u00e4sternorrland:<\/h3>\n\n\n\n<p>John Forbord&nbsp; &nbsp;0702-08 35 55<\/p>\n\n\n\n<p>&nbsp;<\/p>\n\n\n\n<h3 class=\"wp-block-heading\">V\u00e4stmanland:<\/h3>\n\n\n\n<p>Rickard Sv\u00e4rd&nbsp; &nbsp;0735-29 16 44<\/p>\n\n\n\n<p>Magnus Borking  0705-55 36 95<\/p>\n\n\n\n<p>&nbsp;<\/p>\n\n\n\n<h3 class=\"wp-block-heading\">V\u00e4stra G\u00f6taland:<\/h3>\n\n\n\n<p>Anders Norman&nbsp; &nbsp;0705-364892<\/p>\n\n\n\n<p>Mikaela Hallstedt&nbsp; &nbsp;0732-63 75 57<\/p>\n\n\n\n<p>Evelina Ekdahl\u00a0 \u00a00738-09 71 12<\/p>\n\n\n\n<p>Christian Martinius&nbsp; &nbsp;0739-36 35 02<\/p>\n\n\n\n<p>&nbsp;<\/p>\n\n\n\n<h3 class=\"wp-block-heading\">\u00d6sterg\u00f6tland:<\/h3>\n\n\n\n<p>Julia Nilsson  0739-86 80 91<\/p>","protected":false},"excerpt":{"rendered":"<p>Detta \u00e4r SHF\u00b4s mentorsida. Vill du prata med en kollega ang\u00e5ende problem, tillv\u00e4gag\u00e5ngs\u00e4tt eller bara ha ett bollplank du kan v\u00e4nda dig till? Du ringer naturligtvis vem du vill, oberoende [&hellip;]<\/p>\n","protected":false},"author":399,"featured_media":0,"parent":0,"menu_order":0,"comment_status":"closed","ping_status":"closed","template":"","meta":{"_EventAllDay":false,"_EventTimezone":"","_EventStartDate":"","_EventEndDate":"","_EventStartDateUTC":"","_EventEndDateUTC":"","_EventShowMap":false,"_EventShowMapLink":false,"_EventURL":"","_EventCost":"","_EventCostDescription":"","_EventCurrencySymbol":"","_EventCurrencyCode":"","_EventCurrencyPosition":"","_EventDateTimeSeparator":"","_EventTimeRangeSeparator":"","_EventOrganizerID":[],"_EventVenueID":[],"_OrganizerEmail":"","_OrganizerPhone":"","_OrganizerWebsite":"","_VenueAddress":"","_VenueCity":"","_VenueCountry":"","_VenueProvince":"","_VenueState":"","_VenueZip":"","_VenuePhone":"","_VenueURL":"","_VenueStateProvince":"","_VenueLat":"","_VenueLng":"","_VenueShowMap":false,"_VenueShowMapLink":false,"footnotes":""},"class_list":["post-4789","page","type-page","status-publish","hentry"],"blocksy_meta":[],"yoast_head":"<!-- This site is optimized with the Yoast SEO plugin v27.4 - https:\/\/yoast.com\/product\/yoast-seo-wordpress\/ -->\n<title>Mentorer - Svenska Hovslagaref\u00f6reningen<\/title>\n<meta name=\"robots\" content=\"index, follow, max-snippet:-1, max-image-preview:large, max-video-preview:-1\" \/>\n<link rel=\"canonical\" href=\"https:\/\/hovslagareforeningen.se\/en\/mentorer\/\" \/>\n<meta property=\"og:locale\" content=\"en_GB\" \/>\n<meta property=\"og:type\" content=\"article\" \/>\n<meta property=\"og:title\" content=\"Mentorer - Svenska Hovslagaref\u00f6reningen\" \/>\n<meta property=\"og:description\" content=\"Detta \u00e4r SHF\u00b4s mentorsida. Vill du prata med en kollega ang\u00e5ende problem, tillv\u00e4gag\u00e5ngs\u00e4tt eller bara ha ett bollplank du kan v\u00e4nda dig till? Du ringer naturligtvis vem du vill, oberoende [&hellip;]\" \/>\n<meta property=\"og:url\" content=\"https:\/\/hovslagareforeningen.se\/en\/mentorer\/\" \/>\n<meta property=\"og:site_name\" content=\"Svenska Hovslagaref\u00f6reningen\" \/>\n<meta property=\"article:publisher\" content=\"https:\/\/www.facebook.com\/SvenskaHovslagareforeningen\" \/>\n<meta property=\"article:modified_time\" content=\"2026-01-01T12:23:19+00:00\" \/>\n<meta name=\"twitter:card\" content=\"summary_large_image\" \/>\n<meta name=\"twitter:label1\" content=\"Estimated reading time\" \/>\n\t<meta name=\"twitter:data1\" content=\"1 minute\" \/>\n<script type=\"application\/ld+json\" class=\"yoast-schema-graph\">{\"@context\":\"https:\\\/\\\/schema.org\",\"@graph\":[{\"@type\":\"WebPage\",\"@id\":\"https:\\\/\\\/hovslagareforeningen.se\\\/mentorer\\\/\",\"url\":\"https:\\\/\\\/hovslagareforeningen.se\\\/mentorer\\\/\",\"name\":\"Mentorer - Svenska Hovslagaref\u00f6reningen\",\"isPartOf\":{\"@id\":\"https:\\\/\\\/hovslagareforeningen.se\\\/#website\"},\"datePublished\":\"2020-12-09T13:48:53+00:00\",\"dateModified\":\"2026-01-01T12:23:19+00:00\",\"breadcrumb\":{\"@id\":\"https:\\\/\\\/hovslagareforeningen.se\\\/mentorer\\\/#breadcrumb\"},\"inLanguage\":\"en-GB\",\"potentialAction\":[{\"@type\":\"ReadAction\",\"target\":[\"https:\\\/\\\/hovslagareforeningen.se\\\/mentorer\\\/\"]}]},{\"@type\":\"BreadcrumbList\",\"@id\":\"https:\\\/\\\/hovslagareforeningen.se\\\/mentorer\\\/#breadcrumb\",\"itemListElement\":[{\"@type\":\"ListItem\",\"position\":1,\"name\":\"Hem\",\"item\":\"https:\\\/\\\/hovslagareforeningen.se\\\/\"},{\"@type\":\"ListItem\",\"position\":2,\"name\":\"Mentorer\"}]},{\"@type\":\"WebSite\",\"@id\":\"https:\\\/\\\/hovslagareforeningen.se\\\/#website\",\"url\":\"https:\\\/\\\/hovslagareforeningen.se\\\/\",\"name\":\"Svenska Hovslagaref\u00f6reningen\",\"description\":\"\",\"publisher\":{\"@id\":\"https:\\\/\\\/hovslagareforeningen.se\\\/#organization\"},\"potentialAction\":[{\"@type\":\"SearchAction\",\"target\":{\"@type\":\"EntryPoint\",\"urlTemplate\":\"https:\\\/\\\/hovslagareforeningen.se\\\/?s={search_term_string}\"},\"query-input\":{\"@type\":\"PropertyValueSpecification\",\"valueRequired\":true,\"valueName\":\"search_term_string\"}}],\"inLanguage\":\"en-GB\"},{\"@type\":\"Organization\",\"@id\":\"https:\\\/\\\/hovslagareforeningen.se\\\/#organization\",\"name\":\"Svenska Hovslagaref\u00f6reningen\",\"url\":\"https:\\\/\\\/hovslagareforeningen.se\\\/\",\"logo\":{\"@type\":\"ImageObject\",\"inLanguage\":\"en-GB\",\"@id\":\"https:\\\/\\\/hovslagareforeningen.se\\\/#\\\/schema\\\/logo\\\/image\\\/\",\"url\":\"https:\\\/\\\/i0.wp.com\\\/hovslagareforeningen.se\\\/wp-content\\\/uploads\\\/2025\\\/12\\\/SHF-logo.png?fit=594%2C558&ssl=1\",\"contentUrl\":\"https:\\\/\\\/i0.wp.com\\\/hovslagareforeningen.se\\\/wp-content\\\/uploads\\\/2025\\\/12\\\/SHF-logo.png?fit=594%2C558&ssl=1\",\"width\":594,\"height\":558,\"caption\":\"Svenska Hovslagaref\u00f6reningen\"},\"image\":{\"@id\":\"https:\\\/\\\/hovslagareforeningen.se\\\/#\\\/schema\\\/logo\\\/image\\\/\"},\"sameAs\":[\"https:\\\/\\\/www.facebook.com\\\/SvenskaHovslagareforeningen\",\"https:\\\/\\\/www.instagram.com\\\/svenska_hovslagareforeningen\"]}]}<\/script>\n<!-- \/ Yoast SEO plugin. -->","yoast_head_json":{"title":"Mentorer - Svenska Hovslagaref\u00f6reningen","robots":{"index":"index","follow":"follow","max-snippet":"max-snippet:-1","max-image-preview":"max-image-preview:large","max-video-preview":"max-video-preview:-1"},"canonical":"https:\/\/hovslagareforeningen.se\/en\/mentorer\/","og_locale":"en_GB","og_type":"article","og_title":"Mentorer - Svenska Hovslagaref\u00f6reningen","og_description":"Detta \u00e4r SHF\u00b4s mentorsida. Vill du prata med en kollega ang\u00e5ende problem, tillv\u00e4gag\u00e5ngs\u00e4tt eller bara ha ett bollplank du kan v\u00e4nda dig till? Du ringer naturligtvis vem du vill, oberoende [&hellip;]","og_url":"https:\/\/hovslagareforeningen.se\/en\/mentorer\/","og_site_name":"Svenska Hovslagaref\u00f6reningen","article_publisher":"https:\/\/www.facebook.com\/SvenskaHovslagareforeningen","article_modified_time":"2026-01-01T12:23:19+00:00","twitter_card":"summary_large_image","twitter_misc":{"Estimated reading time":"1 minute"},"schema":{"@context":"https:\/\/schema.org","@graph":[{"@type":"WebPage","@id":"https:\/\/hovslagareforeningen.se\/mentorer\/","url":"https:\/\/hovslagareforeningen.se\/mentorer\/","name":"Mentorer - Svenska Hovslagaref\u00f6reningen","isPartOf":{"@id":"https:\/\/hovslagareforeningen.se\/#website"},"datePublished":"2020-12-09T13:48:53+00:00","dateModified":"2026-01-01T12:23:19+00:00","breadcrumb":{"@id":"https:\/\/hovslagareforeningen.se\/mentorer\/#breadcrumb"},"inLanguage":"en-GB","potentialAction":[{"@type":"ReadAction","target":["https:\/\/hovslagareforeningen.se\/mentorer\/"]}]},{"@type":"BreadcrumbList","@id":"https:\/\/hovslagareforeningen.se\/mentorer\/#breadcrumb","itemListElement":[{"@type":"ListItem","position":1,"name":"Hem","item":"https:\/\/hovslagareforeningen.se\/"},{"@type":"ListItem","position":2,"name":"Mentorer"}]},{"@type":"WebSite","@id":"https:\/\/hovslagareforeningen.se\/#website","url":"https:\/\/hovslagareforeningen.se\/","name":"Svenska Hovslagaref\u00f6reningen","description":"","publisher":{"@id":"https:\/\/hovslagareforeningen.se\/#organization"},"potentialAction":[{"@type":"SearchAction","target":{"@type":"EntryPoint","urlTemplate":"https:\/\/hovslagareforeningen.se\/?s={search_term_string}"},"query-input":{"@type":"PropertyValueSpecification","valueRequired":true,"valueName":"search_term_string"}}],"inLanguage":"en-GB"},{"@type":"Organization","@id":"https:\/\/hovslagareforeningen.se\/#organization","name":"Svenska Hovslagaref\u00f6reningen","url":"https:\/\/hovslagareforeningen.se\/","logo":{"@type":"ImageObject","inLanguage":"en-GB","@id":"https:\/\/hovslagareforeningen.se\/#\/schema\/logo\/image\/","url":"https:\/\/i0.wp.com\/hovslagareforeningen.se\/wp-content\/uploads\/2025\/12\/SHF-logo.png?fit=594%2C558&ssl=1","contentUrl":"https:\/\/i0.wp.com\/hovslagareforeningen.se\/wp-content\/uploads\/2025\/12\/SHF-logo.png?fit=594%2C558&ssl=1","width":594,"height":558,"caption":"Svenska Hovslagaref\u00f6reningen"},"image":{"@id":"https:\/\/hovslagareforeningen.se\/#\/schema\/logo\/image\/"},"sameAs":["https:\/\/www.facebook.com\/SvenskaHovslagareforeningen","https:\/\/www.instagram.com\/svenska_hovslagareforeningen"]}]}},"jetpack_sharing_enabled":true,"_links":{"self":[{"href":"https:\/\/hovslagareforeningen.se\/en\/wp-json\/wp\/v2\/pages\/4789","targetHints":{"allow":["GET"]}}],"collection":[{"href":"https:\/\/hovslagareforeningen.se\/en\/wp-json\/wp\/v2\/pages"}],"about":[{"href":"https:\/\/hovslagareforeningen.se\/en\/wp-json\/wp\/v2\/types\/page"}],"author":[{"embeddable":true,"href":"https:\/\/hovslagareforeningen.se\/en\/wp-json\/wp\/v2\/users\/399"}],"replies":[{"embeddable":true,"href":"https:\/\/hovslagareforeningen.se\/en\/wp-json\/wp\/v2\/comments?post=4789"}],"version-history":[{"count":0,"href":"https:\/\/hovslagareforeningen.se\/en\/wp-json\/wp\/v2\/pages\/4789\/revisions"}],"wp:attachment":[{"href":"https:\/\/hovslagareforeningen.se\/en\/wp-json\/wp\/v2\/media?parent=4789"}],"curies":[{"name":"wp","href":"https:\/\/api.w.org\/{rel}","templated":true}]}}