{"id":4855,"date":"2021-02-21T13:24:25","date_gmt":"2021-02-21T12:24:25","guid":{"rendered":"https:\/\/hovslagareforeningen.se\/?page_id=4855"},"modified":"2025-12-30T14:32:50","modified_gmt":"2025-12-30T13:32:50","slug":"etiska-kommiten","status":"publish","type":"page","link":"https:\/\/hovslagareforeningen.se\/en\/etiska-kommiten\/","title":{"rendered":"Etiska kommitt\u00e9n"},"content":{"rendered":"<div class=\"wp-block-group is-layout-constrained wp-block-group-is-layout-constrained\" style=\"margin-top:var(--wp--preset--spacing--70)\">\n<div class=\"wp-block-columns is-layout-flex wp-container-core-columns-is-layout-595a5fd5 wp-block-columns-is-layout-flex\">\n<div class=\"wp-block-column is-layout-flow wp-block-column-is-layout-flow\" style=\"flex-basis:66.66%\">\n<p><strong>Alla medlemmar i SHF skall f\u00f6lja v\u00e5ra <a href=\"https:\/\/hovslagareforeningen.se\/wp-content\/uploads\/2021\/02\/etiskaregler_.pdf\">etiska regler<\/a><\/strong>.<\/p>\n\n\n\n<p>Anm\u00e4lan om ifr\u00e5gasatt \u00f6vertr\u00e4delse av de etiska reglerna kan g\u00f6ras till den etiska kommitt\u00e9n genom att mejla <a href=\"Mailto:EtiskaKommitten@Hovslagareforeningen.se\">EtiskaKommitten@Hovslagareforeningen.se<\/a>. Anm\u00e4lan kan g\u00f6ras av SHF-medlemmar s\u00e5v\u00e4l som av tredje man.<\/p>\n\n\n\n<p>H\u00e4rut\u00f6ver kan den etiska kommitt\u00e9n genom eget initiativ utreda ifr\u00e5gasatt \u00f6vertr\u00e4delse av de etiska reglerna.<\/p>\n<\/div>\n\n\n\n<div class=\"wp-block-column is-layout-flow wp-block-column-is-layout-flow\" style=\"flex-basis:33.33%\"><\/div>\n<\/div>\n<\/div>\n\n\n\n<div class=\"wp-block-group is-vertical is-layout-flex wp-container-core-group-is-layout-e3da14fd wp-block-group-is-layout-flex\" style=\"margin-top:var(--wp--preset--spacing--70)\">\n<div class=\"wp-block-group kontaktperson wp-container-content-69bc4bdf is-layout-flex wp-container-core-group-is-layout-2c56412c wp-block-group-is-layout-flex\" style=\"border-radius:4px;padding-top:0;padding-right:0;padding-bottom:0;padding-left:0\">\n<figure class=\"wp-block-image size-medium has-custom-border wp-duotone-grayscale\"><img data-recalc-dims=\"1\" loading=\"lazy\" decoding=\"async\" width=\"300\" height=\"300\" src=\"https:\/\/i0.wp.com\/hovslagareforeningen.se\/wp-content\/uploads\/2021\/02\/John_Forbord.jpg?resize=300%2C300&#038;ssl=1\" alt=\"\" class=\"wp-image-4850\" style=\"border-radius:4px;aspect-ratio:3\/4;object-fit:cover\" srcset=\"https:\/\/i0.wp.com\/hovslagareforeningen.se\/wp-content\/uploads\/2021\/02\/John_Forbord.jpg?resize=300%2C300&amp;ssl=1 300w, https:\/\/i0.wp.com\/hovslagareforeningen.se\/wp-content\/uploads\/2021\/02\/John_Forbord.jpg?resize=150%2C150&amp;ssl=1 150w, https:\/\/i0.wp.com\/hovslagareforeningen.se\/wp-content\/uploads\/2021\/02\/John_Forbord.jpg?w=339&amp;ssl=1 339w\" sizes=\"auto, (max-width: 300px) 100vw, 300px\" \/><\/figure>\n\n\n\n<div class=\"wp-block-group is-vertical is-layout-flex wp-container-core-group-is-layout-0b059b65 wp-block-group-is-layout-flex\" style=\"padding-top:var(--wp--preset--spacing--20);padding-right:0;padding-bottom:var(--wp--preset--spacing--20);padding-left:0\">\n<h2 class=\"wp-block-heading\"><strong>John Forbord<\/strong><\/h2>\n\n\n\n<p>Ordf\u00f6rande<\/p>\n<\/div>\n<\/div>\n\n\n\n<div class=\"wp-block-group kontaktperson wp-container-content-69bc4bdf is-layout-flex wp-container-core-group-is-layout-2c56412c wp-block-group-is-layout-flex\" style=\"border-radius:4px;padding-top:0;padding-right:0;padding-bottom:0;padding-left:0\">\n<figure class=\"wp-block-image size-medium has-custom-border wp-duotone-grayscale\"><img data-recalc-dims=\"1\" loading=\"lazy\" decoding=\"async\" width=\"300\" height=\"300\" src=\"https:\/\/i0.wp.com\/hovslagareforeningen.se\/wp-content\/uploads\/2021\/02\/Marie_louise_Martinsson_.jpg?resize=300%2C300&#038;ssl=1\" alt=\"\" class=\"wp-image-4858\" style=\"border-radius:4px;aspect-ratio:3\/4;object-fit:cover\" srcset=\"https:\/\/i0.wp.com\/hovslagareforeningen.se\/wp-content\/uploads\/2021\/02\/Marie_louise_Martinsson_.jpg?resize=300%2C300&amp;ssl=1 300w, https:\/\/i0.wp.com\/hovslagareforeningen.se\/wp-content\/uploads\/2021\/02\/Marie_louise_Martinsson_.jpg?resize=150%2C150&amp;ssl=1 150w, https:\/\/i0.wp.com\/hovslagareforeningen.se\/wp-content\/uploads\/2021\/02\/Marie_louise_Martinsson_.jpg?resize=600%2C600&amp;ssl=1 600w, https:\/\/i0.wp.com\/hovslagareforeningen.se\/wp-content\/uploads\/2021\/02\/Marie_louise_Martinsson_.jpg?w=709&amp;ssl=1 709w\" sizes=\"auto, (max-width: 300px) 100vw, 300px\" \/><\/figure>\n\n\n\n<div class=\"wp-block-group is-vertical is-layout-flex wp-container-core-group-is-layout-0b059b65 wp-block-group-is-layout-flex\" style=\"padding-top:var(--wp--preset--spacing--20);padding-right:0;padding-bottom:var(--wp--preset--spacing--20);padding-left:0\">\n<h2 class=\"wp-block-heading\"><strong>Marie-Louise Martinsson<\/strong><\/h2>\n<\/div>\n<\/div>\n\n\n\n<div class=\"wp-block-group kontaktperson wp-container-content-69bc4bdf is-layout-flex wp-container-core-group-is-layout-2c56412c wp-block-group-is-layout-flex\" style=\"border-radius:4px;padding-top:0;padding-right:0;padding-bottom:0;padding-left:0\">\n<figure class=\"wp-block-image size-medium has-custom-border wp-duotone-grayscale\"><img data-recalc-dims=\"1\" loading=\"lazy\" decoding=\"async\" width=\"300\" height=\"300\" src=\"https:\/\/i0.wp.com\/hovslagareforeningen.se\/wp-content\/uploads\/2021\/02\/Hans_witteborn.jpg?resize=300%2C300&#038;ssl=1\" alt=\"\" class=\"wp-image-4856\" style=\"border-radius:4px;aspect-ratio:3\/4;object-fit:cover\" srcset=\"https:\/\/i0.wp.com\/hovslagareforeningen.se\/wp-content\/uploads\/2021\/02\/Hans_witteborn.jpg?resize=300%2C300&amp;ssl=1 300w, https:\/\/i0.wp.com\/hovslagareforeningen.se\/wp-content\/uploads\/2021\/02\/Hans_witteborn.jpg?resize=150%2C150&amp;ssl=1 150w, https:\/\/i0.wp.com\/hovslagareforeningen.se\/wp-content\/uploads\/2021\/02\/Hans_witteborn.jpg?resize=600%2C600&amp;ssl=1 600w, https:\/\/i0.wp.com\/hovslagareforeningen.se\/wp-content\/uploads\/2021\/02\/Hans_witteborn.jpg?w=709&amp;ssl=1 709w\" sizes=\"auto, (max-width: 300px) 100vw, 300px\" \/><\/figure>\n\n\n\n<div class=\"wp-block-group is-vertical is-layout-flex wp-container-core-group-is-layout-0b059b65 wp-block-group-is-layout-flex\" style=\"padding-top:var(--wp--preset--spacing--20);padding-right:0;padding-bottom:var(--wp--preset--spacing--20);padding-left:0\">\n<h2 class=\"wp-block-heading\"><strong>Hans Witteborn<\/strong><\/h2>\n<\/div>\n<\/div>\n<\/div>","protected":false},"excerpt":{"rendered":"<p>Alla medlemmar i SHF skall f\u00f6lja v\u00e5ra etiska regler. Anm\u00e4lan om ifr\u00e5gasatt \u00f6vertr\u00e4delse av de etiska reglerna kan g\u00f6ras till den etiska kommitt\u00e9n genom att mejla EtiskaKommitten@Hovslagareforeningen.se. Anm\u00e4lan kan g\u00f6ras [&hellip;]<\/p>\n","protected":false},"author":399,"featured_media":0,"parent":0,"menu_order":0,"comment_status":"closed","ping_status":"closed","template":"","meta":{"_EventAllDay":false,"_EventTimezone":"","_EventStartDate":"","_EventEndDate":"","_EventStartDateUTC":"","_EventEndDateUTC":"","_EventShowMap":false,"_EventShowMapLink":false,"_EventURL":"","_EventCost":"","_EventCostDescription":"","_EventCurrencySymbol":"","_EventCurrencyCode":"","_EventCurrencyPosition":"","_EventDateTimeSeparator":"","_EventTimeRangeSeparator":"","_EventOrganizerID":[],"_EventVenueID":[],"_OrganizerEmail":"","_OrganizerPhone":"","_OrganizerWebsite":"","_VenueAddress":"","_VenueCity":"","_VenueCountry":"","_VenueProvince":"","_VenueState":"","_VenueZip":"","_VenuePhone":"","_VenueURL":"","_VenueStateProvince":"","_VenueLat":"","_VenueLng":"","_VenueShowMap":false,"_VenueShowMapLink":false,"footnotes":""},"class_list":["post-4855","page","type-page","status-publish","hentry"],"blocksy_meta":[],"yoast_head":"<!-- This site is optimized with the Yoast SEO plugin v27.4 - https:\/\/yoast.com\/product\/yoast-seo-wordpress\/ -->\n<title>Etiska kommitt\u00e9n - Svenska Hovslagaref\u00f6reningen<\/title>\n<meta name=\"robots\" content=\"index, follow, max-snippet:-1, max-image-preview:large, max-video-preview:-1\" \/>\n<link rel=\"canonical\" href=\"https:\/\/hovslagareforeningen.se\/en\/etiska-kommiten\/\" \/>\n<meta property=\"og:locale\" content=\"en_GB\" \/>\n<meta property=\"og:type\" content=\"article\" \/>\n<meta property=\"og:title\" content=\"Etiska kommitt\u00e9n - Svenska Hovslagaref\u00f6reningen\" \/>\n<meta property=\"og:description\" content=\"Alla medlemmar i SHF skall f\u00f6lja v\u00e5ra etiska regler. Anm\u00e4lan om ifr\u00e5gasatt \u00f6vertr\u00e4delse av de etiska reglerna kan g\u00f6ras till den etiska kommitt\u00e9n genom att mejla EtiskaKommitten@Hovslagareforeningen.se. Anm\u00e4lan kan g\u00f6ras [&hellip;]\" \/>\n<meta property=\"og:url\" content=\"https:\/\/hovslagareforeningen.se\/en\/etiska-kommiten\/\" \/>\n<meta property=\"og:site_name\" content=\"Svenska Hovslagaref\u00f6reningen\" \/>\n<meta property=\"article:publisher\" content=\"https:\/\/www.facebook.com\/SvenskaHovslagareforeningen\" \/>\n<meta property=\"article:modified_time\" content=\"2025-12-30T13:32:50+00:00\" \/>\n<meta property=\"og:image\" content=\"https:\/\/hovslagareforeningen.se\/wp-content\/uploads\/2021\/02\/John_Forbord-300x300.jpg\" \/>\n<meta name=\"twitter:card\" content=\"summary_large_image\" \/>\n<meta name=\"twitter:label1\" content=\"Estimated reading time\" \/>\n\t<meta name=\"twitter:data1\" content=\"1 minute\" \/>\n<script type=\"application\/ld+json\" class=\"yoast-schema-graph\">{\"@context\":\"https:\\\/\\\/schema.org\",\"@graph\":[{\"@type\":\"WebPage\",\"@id\":\"https:\\\/\\\/hovslagareforeningen.se\\\/etiska-kommiten\\\/\",\"url\":\"https:\\\/\\\/hovslagareforeningen.se\\\/etiska-kommiten\\\/\",\"name\":\"Etiska kommitt\u00e9n - Svenska Hovslagaref\u00f6reningen\",\"isPartOf\":{\"@id\":\"https:\\\/\\\/hovslagareforeningen.se\\\/#website\"},\"primaryImageOfPage\":{\"@id\":\"https:\\\/\\\/hovslagareforeningen.se\\\/etiska-kommiten\\\/#primaryimage\"},\"image\":{\"@id\":\"https:\\\/\\\/hovslagareforeningen.se\\\/etiska-kommiten\\\/#primaryimage\"},\"thumbnailUrl\":\"https:\\\/\\\/hovslagareforeningen.se\\\/wp-content\\\/uploads\\\/2021\\\/02\\\/John_Forbord-300x300.jpg\",\"datePublished\":\"2021-02-21T12:24:25+00:00\",\"dateModified\":\"2025-12-30T13:32:50+00:00\",\"breadcrumb\":{\"@id\":\"https:\\\/\\\/hovslagareforeningen.se\\\/etiska-kommiten\\\/#breadcrumb\"},\"inLanguage\":\"en-GB\",\"potentialAction\":[{\"@type\":\"ReadAction\",\"target\":[\"https:\\\/\\\/hovslagareforeningen.se\\\/etiska-kommiten\\\/\"]}]},{\"@type\":\"ImageObject\",\"inLanguage\":\"en-GB\",\"@id\":\"https:\\\/\\\/hovslagareforeningen.se\\\/etiska-kommiten\\\/#primaryimage\",\"url\":\"https:\\\/\\\/hovslagareforeningen.se\\\/wp-content\\\/uploads\\\/2021\\\/02\\\/John_Forbord-300x300.jpg\",\"contentUrl\":\"https:\\\/\\\/hovslagareforeningen.se\\\/wp-content\\\/uploads\\\/2021\\\/02\\\/John_Forbord-300x300.jpg\"},{\"@type\":\"BreadcrumbList\",\"@id\":\"https:\\\/\\\/hovslagareforeningen.se\\\/etiska-kommiten\\\/#breadcrumb\",\"itemListElement\":[{\"@type\":\"ListItem\",\"position\":1,\"name\":\"Hem\",\"item\":\"https:\\\/\\\/hovslagareforeningen.se\\\/\"},{\"@type\":\"ListItem\",\"position\":2,\"name\":\"Etiska kommitt\u00e9n\"}]},{\"@type\":\"WebSite\",\"@id\":\"https:\\\/\\\/hovslagareforeningen.se\\\/#website\",\"url\":\"https:\\\/\\\/hovslagareforeningen.se\\\/\",\"name\":\"Svenska Hovslagaref\u00f6reningen\",\"description\":\"\",\"publisher\":{\"@id\":\"https:\\\/\\\/hovslagareforeningen.se\\\/#organization\"},\"potentialAction\":[{\"@type\":\"SearchAction\",\"target\":{\"@type\":\"EntryPoint\",\"urlTemplate\":\"https:\\\/\\\/hovslagareforeningen.se\\\/?s={search_term_string}\"},\"query-input\":{\"@type\":\"PropertyValueSpecification\",\"valueRequired\":true,\"valueName\":\"search_term_string\"}}],\"inLanguage\":\"en-GB\"},{\"@type\":\"Organization\",\"@id\":\"https:\\\/\\\/hovslagareforeningen.se\\\/#organization\",\"name\":\"Svenska Hovslagaref\u00f6reningen\",\"url\":\"https:\\\/\\\/hovslagareforeningen.se\\\/\",\"logo\":{\"@type\":\"ImageObject\",\"inLanguage\":\"en-GB\",\"@id\":\"https:\\\/\\\/hovslagareforeningen.se\\\/#\\\/schema\\\/logo\\\/image\\\/\",\"url\":\"https:\\\/\\\/i0.wp.com\\\/hovslagareforeningen.se\\\/wp-content\\\/uploads\\\/2025\\\/12\\\/SHF-logo.png?fit=594%2C558&ssl=1\",\"contentUrl\":\"https:\\\/\\\/i0.wp.com\\\/hovslagareforeningen.se\\\/wp-content\\\/uploads\\\/2025\\\/12\\\/SHF-logo.png?fit=594%2C558&ssl=1\",\"width\":594,\"height\":558,\"caption\":\"Svenska Hovslagaref\u00f6reningen\"},\"image\":{\"@id\":\"https:\\\/\\\/hovslagareforeningen.se\\\/#\\\/schema\\\/logo\\\/image\\\/\"},\"sameAs\":[\"https:\\\/\\\/www.facebook.com\\\/SvenskaHovslagareforeningen\",\"https:\\\/\\\/www.instagram.com\\\/svenska_hovslagareforeningen\"]}]}<\/script>\n<!-- \/ Yoast SEO plugin. -->","yoast_head_json":{"title":"Etiska kommitt\u00e9n - Svenska Hovslagaref\u00f6reningen","robots":{"index":"index","follow":"follow","max-snippet":"max-snippet:-1","max-image-preview":"max-image-preview:large","max-video-preview":"max-video-preview:-1"},"canonical":"https:\/\/hovslagareforeningen.se\/en\/etiska-kommiten\/","og_locale":"en_GB","og_type":"article","og_title":"Etiska kommitt\u00e9n - Svenska Hovslagaref\u00f6reningen","og_description":"Alla medlemmar i SHF skall f\u00f6lja v\u00e5ra etiska regler. Anm\u00e4lan om ifr\u00e5gasatt \u00f6vertr\u00e4delse av de etiska reglerna kan g\u00f6ras till den etiska kommitt\u00e9n genom att mejla EtiskaKommitten@Hovslagareforeningen.se. Anm\u00e4lan kan g\u00f6ras [&hellip;]","og_url":"https:\/\/hovslagareforeningen.se\/en\/etiska-kommiten\/","og_site_name":"Svenska Hovslagaref\u00f6reningen","article_publisher":"https:\/\/www.facebook.com\/SvenskaHovslagareforeningen","article_modified_time":"2025-12-30T13:32:50+00:00","og_image":[{"url":"https:\/\/hovslagareforeningen.se\/wp-content\/uploads\/2021\/02\/John_Forbord-300x300.jpg","type":"","width":"","height":""}],"twitter_card":"summary_large_image","twitter_misc":{"Estimated reading time":"1 minute"},"schema":{"@context":"https:\/\/schema.org","@graph":[{"@type":"WebPage","@id":"https:\/\/hovslagareforeningen.se\/etiska-kommiten\/","url":"https:\/\/hovslagareforeningen.se\/etiska-kommiten\/","name":"Etiska kommitt\u00e9n - Svenska Hovslagaref\u00f6reningen","isPartOf":{"@id":"https:\/\/hovslagareforeningen.se\/#website"},"primaryImageOfPage":{"@id":"https:\/\/hovslagareforeningen.se\/etiska-kommiten\/#primaryimage"},"image":{"@id":"https:\/\/hovslagareforeningen.se\/etiska-kommiten\/#primaryimage"},"thumbnailUrl":"https:\/\/hovslagareforeningen.se\/wp-content\/uploads\/2021\/02\/John_Forbord-300x300.jpg","datePublished":"2021-02-21T12:24:25+00:00","dateModified":"2025-12-30T13:32:50+00:00","breadcrumb":{"@id":"https:\/\/hovslagareforeningen.se\/etiska-kommiten\/#breadcrumb"},"inLanguage":"en-GB","potentialAction":[{"@type":"ReadAction","target":["https:\/\/hovslagareforeningen.se\/etiska-kommiten\/"]}]},{"@type":"ImageObject","inLanguage":"en-GB","@id":"https:\/\/hovslagareforeningen.se\/etiska-kommiten\/#primaryimage","url":"https:\/\/hovslagareforeningen.se\/wp-content\/uploads\/2021\/02\/John_Forbord-300x300.jpg","contentUrl":"https:\/\/hovslagareforeningen.se\/wp-content\/uploads\/2021\/02\/John_Forbord-300x300.jpg"},{"@type":"BreadcrumbList","@id":"https:\/\/hovslagareforeningen.se\/etiska-kommiten\/#breadcrumb","itemListElement":[{"@type":"ListItem","position":1,"name":"Hem","item":"https:\/\/hovslagareforeningen.se\/"},{"@type":"ListItem","position":2,"name":"Etiska kommitt\u00e9n"}]},{"@type":"WebSite","@id":"https:\/\/hovslagareforeningen.se\/#website","url":"https:\/\/hovslagareforeningen.se\/","name":"Svenska Hovslagaref\u00f6reningen","description":"","publisher":{"@id":"https:\/\/hovslagareforeningen.se\/#organization"},"potentialAction":[{"@type":"SearchAction","target":{"@type":"EntryPoint","urlTemplate":"https:\/\/hovslagareforeningen.se\/?s={search_term_string}"},"query-input":{"@type":"PropertyValueSpecification","valueRequired":true,"valueName":"search_term_string"}}],"inLanguage":"en-GB"},{"@type":"Organization","@id":"https:\/\/hovslagareforeningen.se\/#organization","name":"Svenska Hovslagaref\u00f6reningen","url":"https:\/\/hovslagareforeningen.se\/","logo":{"@type":"ImageObject","inLanguage":"en-GB","@id":"https:\/\/hovslagareforeningen.se\/#\/schema\/logo\/image\/","url":"https:\/\/i0.wp.com\/hovslagareforeningen.se\/wp-content\/uploads\/2025\/12\/SHF-logo.png?fit=594%2C558&ssl=1","contentUrl":"https:\/\/i0.wp.com\/hovslagareforeningen.se\/wp-content\/uploads\/2025\/12\/SHF-logo.png?fit=594%2C558&ssl=1","width":594,"height":558,"caption":"Svenska Hovslagaref\u00f6reningen"},"image":{"@id":"https:\/\/hovslagareforeningen.se\/#\/schema\/logo\/image\/"},"sameAs":["https:\/\/www.facebook.com\/SvenskaHovslagareforeningen","https:\/\/www.instagram.com\/svenska_hovslagareforeningen"]}]}},"jetpack_sharing_enabled":true,"_links":{"self":[{"href":"https:\/\/hovslagareforeningen.se\/en\/wp-json\/wp\/v2\/pages\/4855","targetHints":{"allow":["GET"]}}],"collection":[{"href":"https:\/\/hovslagareforeningen.se\/en\/wp-json\/wp\/v2\/pages"}],"about":[{"href":"https:\/\/hovslagareforeningen.se\/en\/wp-json\/wp\/v2\/types\/page"}],"author":[{"embeddable":true,"href":"https:\/\/hovslagareforeningen.se\/en\/wp-json\/wp\/v2\/users\/399"}],"replies":[{"embeddable":true,"href":"https:\/\/hovslagareforeningen.se\/en\/wp-json\/wp\/v2\/comments?post=4855"}],"version-history":[{"count":0,"href":"https:\/\/hovslagareforeningen.se\/en\/wp-json\/wp\/v2\/pages\/4855\/revisions"}],"wp:attachment":[{"href":"https:\/\/hovslagareforeningen.se\/en\/wp-json\/wp\/v2\/media?parent=4855"}],"curies":[{"name":"wp","href":"https:\/\/api.w.org\/{rel}","templated":true}]}}