{"id":4965,"date":"2021-07-04T20:11:59","date_gmt":"2021-07-04T18:11:59","guid":{"rendered":"https:\/\/hovslagareforeningen.se\/?page_id=4965"},"modified":"2021-07-04T20:15:51","modified_gmt":"2021-07-04T18:15:51","slug":"european-farriery-championship-2020","status":"publish","type":"page","link":"https:\/\/hovslagareforeningen.se\/en\/european-farriery-championship-2020\/","title":{"rendered":"European Farriery championship 2020"},"content":{"rendered":"<p>&nbsp;<\/p>\n<p><a href=\"https:\/\/i0.wp.com\/hovslagareforeningen.se\/wp-content\/uploads\/2020\/03\/EM-2020-cancelled-1.jpg?ssl=1\"><img data-recalc-dims=\"1\" loading=\"lazy\" decoding=\"async\" class=\"alignnone size-full wp-image-4230\" src=\"https:\/\/i0.wp.com\/hovslagareforeningen.se\/wp-content\/uploads\/2020\/03\/EM-2020-cancelled-1.jpg?resize=1134%2C829&#038;ssl=1\" alt=\"\" width=\"1134\" height=\"829\" srcset=\"https:\/\/i0.wp.com\/hovslagareforeningen.se\/wp-content\/uploads\/2020\/03\/EM-2020-cancelled-1.jpg?w=1134&amp;ssl=1 1134w, https:\/\/i0.wp.com\/hovslagareforeningen.se\/wp-content\/uploads\/2020\/03\/EM-2020-cancelled-1.jpg?resize=300%2C219&amp;ssl=1 300w, https:\/\/i0.wp.com\/hovslagareforeningen.se\/wp-content\/uploads\/2020\/03\/EM-2020-cancelled-1.jpg?resize=768%2C561&amp;ssl=1 768w, https:\/\/i0.wp.com\/hovslagareforeningen.se\/wp-content\/uploads\/2020\/03\/EM-2020-cancelled-1.jpg?resize=1024%2C749&amp;ssl=1 1024w, https:\/\/i0.wp.com\/hovslagareforeningen.se\/wp-content\/uploads\/2020\/03\/EM-2020-cancelled-1.jpg?resize=600%2C439&amp;ssl=1 600w\" sizes=\"auto, (max-width: 1134px) 100vw, 1134px\" \/><\/a><\/p>\n<p>&nbsp;<\/p>\n<h4>&#8212;&#8212;&#8212;&#8212;&#8212;&#8212;&#8212;&#8212;&#8212;&#8212;<\/h4>\n<p>&nbsp;<\/p>\n<h4><strong>K\u00e4ra deltagare och intresserade!<\/strong><\/h4>\n<h4><strong>Vi beklagar verkligen att vi h\u00e4rmed m\u00e5ste meddela att EFFA:s styrelse den 2020-03-23 har beslutat att st\u00e4lla in \u00e5rets EM,<\/strong><\/h4>\n<h4><strong>som var planerat att h\u00e5llas 4-7 juni p\u00e5 Str\u00f6msholm.<\/strong><\/h4>\n<p>&nbsp;<\/p>\n<h2><strong>Sverige kommer ist\u00e4llet att st\u00e5 som v\u00e4rd f\u00f6r EM 2022.<\/strong><\/h2>\n<p>&nbsp;<\/p>\n<h4><strong>Har du fr\u00e5gor \u00e4r du v\u00e4lkommen att kontakta kansliet: <a href=\"mailto:kansliet@hovslagareforeningen.se?subject=Stand%20at%20EM%202020\">kansliet@hovslagareforeningen.se<\/a><\/strong><\/h4>\n<h4><strong>Vi beklagar verkligen situationen!<\/strong><\/h4>\n<h4><\/h4>\n<h4><strong>Med v\u00e4nliga h\u00e4lsningar<\/strong><\/h4>\n<h4><strong>Svenska Hovslagaref\u00f6reningen<\/strong><\/h4>\n<h4><\/h4>\n<p>&nbsp;<\/p>\n<p>&#8212;&#8212;&#8212;&#8212;&#8212;&#8212;&#8212;&#8212;&#8212;&#8212;&#8212;&#8212;&#8212;&#8212;&#8212;&#8212;&#8212;&#8212;&#8212;&#8212;&#8212;&#8212;&#8212;&#8212;&#8212;&#8212;&#8212;&#8212;&#8212;&#8212;&#8212;&#8212;&#8212;&#8212;&#8212;&#8212;&#8212;&#8212;&#8212;&#8212;&#8212;&#8212;&#8212;&#8212;&#8212;&#8212;&#8212;&#8212;&#8212;&#8212;&#8212;&#8212;&#8212;&#8212;&#8212;&#8212;&#8212;&#8212;&#8212;&#8212;&#8212;&#8212;&#8212;&#8212;&#8212;&#8212;&#8212;&#8212;&#8212;&#8212;&#8212;&#8212;&#8212;&#8212;&#8212;&#8212;&#8212;&#8212;&#8212;&#8212;&#8212;&#8212;&#8212;&#8212;<\/p>\n<h1>We will be hosting this event in 2022, same place, same weekend.<\/h1>\n<h3>(Probably with all things decided so far, remaning the same)<\/h3>\n<p>&nbsp;<\/p>\n<p><a href=\"https:\/\/i0.wp.com\/hovslagareforeningen.se\/wp-content\/uploads\/2020\/02\/EM2020_hemsidan.jpg?ssl=1\"><img data-recalc-dims=\"1\" loading=\"lazy\" decoding=\"async\" class=\"alignnone size-full wp-image-4171\" src=\"https:\/\/i0.wp.com\/hovslagareforeningen.se\/wp-content\/uploads\/2020\/02\/EM2020_hemsidan.jpg?resize=1134%2C704&#038;ssl=1\" alt=\"\" width=\"1134\" height=\"704\" srcset=\"https:\/\/i0.wp.com\/hovslagareforeningen.se\/wp-content\/uploads\/2020\/02\/EM2020_hemsidan.jpg?w=1134&amp;ssl=1 1134w, https:\/\/i0.wp.com\/hovslagareforeningen.se\/wp-content\/uploads\/2020\/02\/EM2020_hemsidan.jpg?resize=300%2C186&amp;ssl=1 300w, https:\/\/i0.wp.com\/hovslagareforeningen.se\/wp-content\/uploads\/2020\/02\/EM2020_hemsidan.jpg?resize=768%2C477&amp;ssl=1 768w, https:\/\/i0.wp.com\/hovslagareforeningen.se\/wp-content\/uploads\/2020\/02\/EM2020_hemsidan.jpg?resize=1024%2C636&amp;ssl=1 1024w, https:\/\/i0.wp.com\/hovslagareforeningen.se\/wp-content\/uploads\/2020\/02\/EM2020_hemsidan.jpg?resize=600%2C372&amp;ssl=1 600w\" sizes=\"auto, (max-width: 1134px) 100vw, 1134px\" \/><\/a><\/p>","protected":false},"excerpt":{"rendered":"<p>&nbsp; &nbsp; &#8212;&#8212;&#8212;&#8212;&#8212;&#8212;&#8212;&#8212;&#8212;&#8212; &nbsp; K\u00e4ra deltagare och intresserade! Vi beklagar verkligen att vi h\u00e4rmed m\u00e5ste meddela att EFFA:s styrelse den 2020-03-23 har beslutat att st\u00e4lla in \u00e5rets EM, som var [&hellip;]<\/p>\n","protected":false},"author":399,"featured_media":0,"parent":0,"menu_order":0,"comment_status":"closed","ping_status":"closed","template":"","meta":{"_EventAllDay":false,"_EventTimezone":"","_EventStartDate":"","_EventEndDate":"","_EventStartDateUTC":"","_EventEndDateUTC":"","_EventShowMap":false,"_EventShowMapLink":false,"_EventURL":"","_EventCost":"","_EventCostDescription":"","_EventCurrencySymbol":"","_EventCurrencyCode":"","_EventCurrencyPosition":"","_EventDateTimeSeparator":"","_EventTimeRangeSeparator":"","_EventOrganizerID":[],"_EventVenueID":[],"_OrganizerEmail":"","_OrganizerPhone":"","_OrganizerWebsite":"","_VenueAddress":"","_VenueCity":"","_VenueCountry":"","_VenueProvince":"","_VenueState":"","_VenueZip":"","_VenuePhone":"","_VenueURL":"","_VenueStateProvince":"","_VenueLat":"","_VenueLng":"","_VenueShowMap":false,"_VenueShowMapLink":false,"footnotes":""},"class_list":["post-4965","page","type-page","status-publish","hentry"],"blocksy_meta":[],"yoast_head":"<!-- This site is optimized with the Yoast SEO plugin v27.4 - https:\/\/yoast.com\/product\/yoast-seo-wordpress\/ -->\n<title>European Farriery championship 2020 - Svenska Hovslagaref\u00f6reningen<\/title>\n<meta name=\"robots\" content=\"index, follow, max-snippet:-1, max-image-preview:large, max-video-preview:-1\" \/>\n<link rel=\"canonical\" href=\"https:\/\/hovslagareforeningen.se\/en\/european-farriery-championship-2020\/\" \/>\n<meta property=\"og:locale\" content=\"en_GB\" \/>\n<meta property=\"og:type\" content=\"article\" \/>\n<meta property=\"og:title\" content=\"European Farriery championship 2020 - Svenska Hovslagaref\u00f6reningen\" \/>\n<meta property=\"og:description\" content=\"&nbsp; &nbsp; &#8212;&#8212;&#8212;&#8212;&#8212;&#8212;&#8212;&#8212;&#8212;&#8212; &nbsp; K\u00e4ra deltagare och intresserade! Vi beklagar verkligen att vi h\u00e4rmed m\u00e5ste meddela att EFFA:s styrelse den 2020-03-23 har beslutat att st\u00e4lla in \u00e5rets EM, som var [&hellip;]\" \/>\n<meta property=\"og:url\" content=\"https:\/\/hovslagareforeningen.se\/en\/european-farriery-championship-2020\/\" \/>\n<meta property=\"og:site_name\" content=\"Svenska Hovslagaref\u00f6reningen\" \/>\n<meta property=\"article:publisher\" content=\"https:\/\/www.facebook.com\/SvenskaHovslagareforeningen\" \/>\n<meta property=\"article:modified_time\" content=\"2021-07-04T18:15:51+00:00\" \/>\n<meta property=\"og:image\" content=\"https:\/\/hovslagareforeningen.se\/wp-content\/uploads\/2020\/03\/EM-2020-cancelled-1.jpg\" \/>\n<meta name=\"twitter:card\" content=\"summary_large_image\" \/>\n<meta name=\"twitter:label1\" content=\"Estimated reading time\" \/>\n\t<meta name=\"twitter:data1\" content=\"1 minute\" \/>\n<script type=\"application\/ld+json\" class=\"yoast-schema-graph\">{\"@context\":\"https:\\\/\\\/schema.org\",\"@graph\":[{\"@type\":\"WebPage\",\"@id\":\"https:\\\/\\\/hovslagareforeningen.se\\\/european-farriery-championship-2020\\\/\",\"url\":\"https:\\\/\\\/hovslagareforeningen.se\\\/european-farriery-championship-2020\\\/\",\"name\":\"European Farriery championship 2020 - Svenska Hovslagaref\u00f6reningen\",\"isPartOf\":{\"@id\":\"https:\\\/\\\/hovslagareforeningen.se\\\/#website\"},\"primaryImageOfPage\":{\"@id\":\"https:\\\/\\\/hovslagareforeningen.se\\\/european-farriery-championship-2020\\\/#primaryimage\"},\"image\":{\"@id\":\"https:\\\/\\\/hovslagareforeningen.se\\\/european-farriery-championship-2020\\\/#primaryimage\"},\"thumbnailUrl\":\"https:\\\/\\\/hovslagareforeningen.se\\\/wp-content\\\/uploads\\\/2020\\\/03\\\/EM-2020-cancelled-1.jpg\",\"datePublished\":\"2021-07-04T18:11:59+00:00\",\"dateModified\":\"2021-07-04T18:15:51+00:00\",\"breadcrumb\":{\"@id\":\"https:\\\/\\\/hovslagareforeningen.se\\\/european-farriery-championship-2020\\\/#breadcrumb\"},\"inLanguage\":\"en-GB\",\"potentialAction\":[{\"@type\":\"ReadAction\",\"target\":[\"https:\\\/\\\/hovslagareforeningen.se\\\/european-farriery-championship-2020\\\/\"]}]},{\"@type\":\"ImageObject\",\"inLanguage\":\"en-GB\",\"@id\":\"https:\\\/\\\/hovslagareforeningen.se\\\/european-farriery-championship-2020\\\/#primaryimage\",\"url\":\"https:\\\/\\\/hovslagareforeningen.se\\\/wp-content\\\/uploads\\\/2020\\\/03\\\/EM-2020-cancelled-1.jpg\",\"contentUrl\":\"https:\\\/\\\/hovslagareforeningen.se\\\/wp-content\\\/uploads\\\/2020\\\/03\\\/EM-2020-cancelled-1.jpg\"},{\"@type\":\"BreadcrumbList\",\"@id\":\"https:\\\/\\\/hovslagareforeningen.se\\\/european-farriery-championship-2020\\\/#breadcrumb\",\"itemListElement\":[{\"@type\":\"ListItem\",\"position\":1,\"name\":\"Hem\",\"item\":\"https:\\\/\\\/hovslagareforeningen.se\\\/\"},{\"@type\":\"ListItem\",\"position\":2,\"name\":\"European Farriery championship 2020\"}]},{\"@type\":\"WebSite\",\"@id\":\"https:\\\/\\\/hovslagareforeningen.se\\\/#website\",\"url\":\"https:\\\/\\\/hovslagareforeningen.se\\\/\",\"name\":\"Svenska Hovslagaref\u00f6reningen\",\"description\":\"\",\"publisher\":{\"@id\":\"https:\\\/\\\/hovslagareforeningen.se\\\/#organization\"},\"potentialAction\":[{\"@type\":\"SearchAction\",\"target\":{\"@type\":\"EntryPoint\",\"urlTemplate\":\"https:\\\/\\\/hovslagareforeningen.se\\\/?s={search_term_string}\"},\"query-input\":{\"@type\":\"PropertyValueSpecification\",\"valueRequired\":true,\"valueName\":\"search_term_string\"}}],\"inLanguage\":\"en-GB\"},{\"@type\":\"Organization\",\"@id\":\"https:\\\/\\\/hovslagareforeningen.se\\\/#organization\",\"name\":\"Svenska Hovslagaref\u00f6reningen\",\"url\":\"https:\\\/\\\/hovslagareforeningen.se\\\/\",\"logo\":{\"@type\":\"ImageObject\",\"inLanguage\":\"en-GB\",\"@id\":\"https:\\\/\\\/hovslagareforeningen.se\\\/#\\\/schema\\\/logo\\\/image\\\/\",\"url\":\"https:\\\/\\\/i0.wp.com\\\/hovslagareforeningen.se\\\/wp-content\\\/uploads\\\/2025\\\/12\\\/SHF-logo.png?fit=594%2C558&ssl=1\",\"contentUrl\":\"https:\\\/\\\/i0.wp.com\\\/hovslagareforeningen.se\\\/wp-content\\\/uploads\\\/2025\\\/12\\\/SHF-logo.png?fit=594%2C558&ssl=1\",\"width\":594,\"height\":558,\"caption\":\"Svenska Hovslagaref\u00f6reningen\"},\"image\":{\"@id\":\"https:\\\/\\\/hovslagareforeningen.se\\\/#\\\/schema\\\/logo\\\/image\\\/\"},\"sameAs\":[\"https:\\\/\\\/www.facebook.com\\\/SvenskaHovslagareforeningen\",\"https:\\\/\\\/www.instagram.com\\\/svenska_hovslagareforeningen\"]}]}<\/script>\n<!-- \/ Yoast SEO plugin. -->","yoast_head_json":{"title":"European Farriery championship 2020 - Svenska Hovslagaref\u00f6reningen","robots":{"index":"index","follow":"follow","max-snippet":"max-snippet:-1","max-image-preview":"max-image-preview:large","max-video-preview":"max-video-preview:-1"},"canonical":"https:\/\/hovslagareforeningen.se\/en\/european-farriery-championship-2020\/","og_locale":"en_GB","og_type":"article","og_title":"European Farriery championship 2020 - Svenska Hovslagaref\u00f6reningen","og_description":"&nbsp; &nbsp; &#8212;&#8212;&#8212;&#8212;&#8212;&#8212;&#8212;&#8212;&#8212;&#8212; &nbsp; K\u00e4ra deltagare och intresserade! Vi beklagar verkligen att vi h\u00e4rmed m\u00e5ste meddela att EFFA:s styrelse den 2020-03-23 har beslutat att st\u00e4lla in \u00e5rets EM, som var [&hellip;]","og_url":"https:\/\/hovslagareforeningen.se\/en\/european-farriery-championship-2020\/","og_site_name":"Svenska Hovslagaref\u00f6reningen","article_publisher":"https:\/\/www.facebook.com\/SvenskaHovslagareforeningen","article_modified_time":"2021-07-04T18:15:51+00:00","og_image":[{"url":"https:\/\/hovslagareforeningen.se\/wp-content\/uploads\/2020\/03\/EM-2020-cancelled-1.jpg","type":"","width":"","height":""}],"twitter_card":"summary_large_image","twitter_misc":{"Estimated reading time":"1 minute"},"schema":{"@context":"https:\/\/schema.org","@graph":[{"@type":"WebPage","@id":"https:\/\/hovslagareforeningen.se\/european-farriery-championship-2020\/","url":"https:\/\/hovslagareforeningen.se\/european-farriery-championship-2020\/","name":"European Farriery championship 2020 - Svenska Hovslagaref\u00f6reningen","isPartOf":{"@id":"https:\/\/hovslagareforeningen.se\/#website"},"primaryImageOfPage":{"@id":"https:\/\/hovslagareforeningen.se\/european-farriery-championship-2020\/#primaryimage"},"image":{"@id":"https:\/\/hovslagareforeningen.se\/european-farriery-championship-2020\/#primaryimage"},"thumbnailUrl":"https:\/\/hovslagareforeningen.se\/wp-content\/uploads\/2020\/03\/EM-2020-cancelled-1.jpg","datePublished":"2021-07-04T18:11:59+00:00","dateModified":"2021-07-04T18:15:51+00:00","breadcrumb":{"@id":"https:\/\/hovslagareforeningen.se\/european-farriery-championship-2020\/#breadcrumb"},"inLanguage":"en-GB","potentialAction":[{"@type":"ReadAction","target":["https:\/\/hovslagareforeningen.se\/european-farriery-championship-2020\/"]}]},{"@type":"ImageObject","inLanguage":"en-GB","@id":"https:\/\/hovslagareforeningen.se\/european-farriery-championship-2020\/#primaryimage","url":"https:\/\/hovslagareforeningen.se\/wp-content\/uploads\/2020\/03\/EM-2020-cancelled-1.jpg","contentUrl":"https:\/\/hovslagareforeningen.se\/wp-content\/uploads\/2020\/03\/EM-2020-cancelled-1.jpg"},{"@type":"BreadcrumbList","@id":"https:\/\/hovslagareforeningen.se\/european-farriery-championship-2020\/#breadcrumb","itemListElement":[{"@type":"ListItem","position":1,"name":"Hem","item":"https:\/\/hovslagareforeningen.se\/"},{"@type":"ListItem","position":2,"name":"European Farriery championship 2020"}]},{"@type":"WebSite","@id":"https:\/\/hovslagareforeningen.se\/#website","url":"https:\/\/hovslagareforeningen.se\/","name":"Svenska Hovslagaref\u00f6reningen","description":"","publisher":{"@id":"https:\/\/hovslagareforeningen.se\/#organization"},"potentialAction":[{"@type":"SearchAction","target":{"@type":"EntryPoint","urlTemplate":"https:\/\/hovslagareforeningen.se\/?s={search_term_string}"},"query-input":{"@type":"PropertyValueSpecification","valueRequired":true,"valueName":"search_term_string"}}],"inLanguage":"en-GB"},{"@type":"Organization","@id":"https:\/\/hovslagareforeningen.se\/#organization","name":"Svenska Hovslagaref\u00f6reningen","url":"https:\/\/hovslagareforeningen.se\/","logo":{"@type":"ImageObject","inLanguage":"en-GB","@id":"https:\/\/hovslagareforeningen.se\/#\/schema\/logo\/image\/","url":"https:\/\/i0.wp.com\/hovslagareforeningen.se\/wp-content\/uploads\/2025\/12\/SHF-logo.png?fit=594%2C558&ssl=1","contentUrl":"https:\/\/i0.wp.com\/hovslagareforeningen.se\/wp-content\/uploads\/2025\/12\/SHF-logo.png?fit=594%2C558&ssl=1","width":594,"height":558,"caption":"Svenska Hovslagaref\u00f6reningen"},"image":{"@id":"https:\/\/hovslagareforeningen.se\/#\/schema\/logo\/image\/"},"sameAs":["https:\/\/www.facebook.com\/SvenskaHovslagareforeningen","https:\/\/www.instagram.com\/svenska_hovslagareforeningen"]}]}},"jetpack_sharing_enabled":true,"_links":{"self":[{"href":"https:\/\/hovslagareforeningen.se\/en\/wp-json\/wp\/v2\/pages\/4965","targetHints":{"allow":["GET"]}}],"collection":[{"href":"https:\/\/hovslagareforeningen.se\/en\/wp-json\/wp\/v2\/pages"}],"about":[{"href":"https:\/\/hovslagareforeningen.se\/en\/wp-json\/wp\/v2\/types\/page"}],"author":[{"embeddable":true,"href":"https:\/\/hovslagareforeningen.se\/en\/wp-json\/wp\/v2\/users\/399"}],"replies":[{"embeddable":true,"href":"https:\/\/hovslagareforeningen.se\/en\/wp-json\/wp\/v2\/comments?post=4965"}],"version-history":[{"count":0,"href":"https:\/\/hovslagareforeningen.se\/en\/wp-json\/wp\/v2\/pages\/4965\/revisions"}],"wp:attachment":[{"href":"https:\/\/hovslagareforeningen.se\/en\/wp-json\/wp\/v2\/media?parent=4965"}],"curies":[{"name":"wp","href":"https:\/\/api.w.org\/{rel}","templated":true}]}}