{"id":5022,"date":"2021-09-17T06:54:44","date_gmt":"2021-09-17T04:54:44","guid":{"rendered":"https:\/\/hovslagareforeningen.se\/?page_id=5022"},"modified":"2021-09-17T07:00:27","modified_gmt":"2021-09-17T05:00:27","slug":"genetisk-studie-av-en-utvecklingsrubbning-i-nedre-extremiteten-defekta-hovar-hos-minishetlandsponnyer","status":"publish","type":"page","link":"https:\/\/hovslagareforeningen.se\/en\/genetisk-studie-av-en-utvecklingsrubbning-i-nedre-extremiteten-defekta-hovar-hos-minishetlandsponnyer\/","title":{"rendered":"Genetisk studie av en utvecklingsrubbning i nedre extremiteten (\u201ddefekta hovar\u201d) hos minishetlandsponnyer"},"content":{"rendered":"<p>Gabriella Lindgren1, Ove Wattle2<a href=\"https:\/\/i0.wp.com\/hovslagareforeningen.se\/wp-content\/uploads\/2021\/07\/SLU_Logga.jpg?ssl=1\"><img data-recalc-dims=\"1\" loading=\"lazy\" decoding=\"async\" class=\"size-thumbnail wp-image-4974 alignright\" src=\"https:\/\/i0.wp.com\/hovslagareforeningen.se\/wp-content\/uploads\/2021\/07\/SLU_Logga.jpg?resize=150%2C150&#038;ssl=1\" alt=\"\" width=\"150\" height=\"150\" srcset=\"https:\/\/i0.wp.com\/hovslagareforeningen.se\/wp-content\/uploads\/2021\/07\/SLU_Logga.jpg?resize=150%2C150&amp;ssl=1 150w, https:\/\/i0.wp.com\/hovslagareforeningen.se\/wp-content\/uploads\/2021\/07\/SLU_Logga.jpg?zoom=2&amp;resize=150%2C150&amp;ssl=1 300w\" sizes=\"auto, (max-width: 150px) 100vw, 150px\" \/><\/a><\/p>\n<p>1Institutionen f\u00f6r Husdjursgenetik, SLU, 750 07 Uppsala<br \/>\n2Kliniska vetenskaper, SLU, 750 07 Uppsala<\/p>\n<p>Forskare vid Sveriges Lantbruksuniversitet arbetar med en studie av<br \/>\nminishetlandsf\u00f6l som f\u00f6tts med en utvecklingsrubbning i nedre extremiteten.<br \/>\nF\u00f6len f\u00f6ddes med polydaktyli, med kluvna, kl\u00f6vliknande t\u00e5r (se foton). I ett av<br \/>\nfallen var tre av extremiteterna drabbade, medan p\u00e5 det fj\u00e4rde benet var hoven<br \/>\nnormal men med en liten \u201dklo\u201d p\u00e5 insidan av benet, en liten bit ovanf\u00f6r hoven.<br \/>\nHos ett annat f\u00f6l var endast tv\u00e5 av hovarna \u201dkluvna\u201d och hade en onormal<br \/>\nst\u00e4llning.<br \/>\nEtt av de drabbade f\u00f6len hade \u00e4ven onormalt tjocka kotor p\u00e5 de missbildade<br \/>\nbenen samt in\u00e5tvridna hovar p\u00e5 frambenen. I \u00f6vrigt uppvisade f\u00f6len normala<br \/>\negenskaper, med rak benst\u00e4llning och normal mankh\u00f6jd. Inget av f\u00f6r\u00e4ldradjuren<br \/>\nvisade n\u00e5gra tecken p\u00e5 hovdefekter och ingen av dessa har heller f\u00e5tt n\u00e5gon<br \/>\navkomma med liknande defekt tidigare.<\/p>\n<h4>Genetisk studie<\/h4>\n<p>D\u00e5 defekten med stor sannolikhet \u00e4r genetiskt betingad vill vi i ett f\u00f6rsta skede<br \/>\nunders\u00f6ka arvsg\u00e5ngen, samt estimera prevalensen av defekten. Vi har g\u00e5tt<br \/>\nvidare med kartl\u00e4ggning av den genetiska bakgrunden genom anv\u00e4ndning av<br \/>\nandra generationens sekvenseringstekniker. V\u00e5rt m\u00e5l \u00e4r att identifiera den gen<br \/>\n(eller de gener) som reglerar utvecklingsrubbningen och d\u00e4refter utveckla ett<br \/>\ngenetisk test som talar om ifall ett avelsdjur \u00e4r b\u00e4rare av anlaget eller inte.<br \/>\nResultaten av studien kommer att kunna anv\u00e4ndas f\u00f6r att f\u00f6rhindra att fler f\u00f6l<br \/>\nf\u00f6ds med denna defekt, d\u00e5 den medf\u00f6r lidande hos f\u00f6len samt i de allra flesta fall<br \/>\navlivning.<\/p>\n<h4>Ut\u00f6kat h\u00e4stmaterial beh\u00f6vs<\/h4>\n<p>F\u00f6r genomf\u00f6rande av studien beh\u00f6ver vi er hj\u00e4lp att komma i kontakt med fler<br \/>\ndefekta f\u00f6l. Vi s\u00f6ker d\u00e4rf\u00f6r h\u00e4st\u00e4gare som har eller har haft en mini- eller<br \/>\nshetlandsponny som n\u00e5gon g\u00e5ng har f\u00e5tt en avkomma med en liknande defekt. Vi<br \/>\nber alla som kommer i kontakt med ett s\u00e5dant f\u00f6l att h\u00f6ra av sig till oss (se<br \/>\nadresser nedan), d\u00e5 vi g\u00e4rna vill ha ett blodprov fr\u00e5n det drabbade f\u00f6let samt<br \/>\nf\u00f6r\u00e4ldradjuren. Det kan \u00e4ven bli aktuellt med r\u00f6ntgen och obduktion av<br \/>\ndrabbade f\u00f6l om h\u00e4st\u00e4garen ger sitt medgivande. Alla observationer av denna<br \/>\ndefekt \u00e4r intressanta, \u00e4ven om det \u00e4r flera \u00e5r sedan ett defekt f\u00f6l f\u00f6ddes och \u00e4ven<br \/>\nom avelsdjuren inte l\u00e4ngre finns kvar i livet. Vi uppskattar om du som veterin\u00e4r<br \/>\nh\u00e5ller \u00f6gonen \u00f6ppna f\u00f6r liknande defekter och uppmanar h\u00e4st\u00e4gare att kontakta<br \/>\noss om n\u00e5got misst\u00e4nkt fall skulle dyka upp. Studien kan \u00e4ven komma att<br \/>\ninnefatta polydaktyli hos andra h\u00e4straser, s\u00e5 prover \u00e4ven fr\u00e5n dessa \u00e4r intressant<br \/>\nf\u00f6r v\u00e5r forskning.<\/p>\n<h4>Kontaktinformation<\/h4>\n<p>F\u00f6r fr\u00e5gor om projektet<br \/>\nGabriella Lindgren (<a href=\"mailto:gabriella.lindgren@slu.se\">gabriella.lindgren@slu.se<\/a>), +4618-671918<\/p>\n<p>F\u00f6r veterin\u00e4ra fr\u00e5gor<br \/>\nOve Wattle (<a href=\"mailto:ove.wattle@slu.se\">ove.wattle@slu.se<\/a>), +4618-671386<\/p>\n<p>&nbsp;<\/p>\n<p><a href=\"https:\/\/hovslagareforeningen.se\/wp-content\/uploads\/2021\/09\/forskningsstudie_defektahovar.pdf\">PDF &#8212;&gt; Forskningsstudie_defektahovar<\/a><\/p>","protected":false},"excerpt":{"rendered":"<p>Gabriella Lindgren1, Ove Wattle2 1Institutionen f\u00f6r Husdjursgenetik, SLU, 750 07 Uppsala 2Kliniska vetenskaper, SLU, 750 07 Uppsala Forskare vid Sveriges Lantbruksuniversitet arbetar med en studie av minishetlandsf\u00f6l som f\u00f6tts med [&hellip;]<\/p>\n","protected":false},"author":399,"featured_media":0,"parent":0,"menu_order":0,"comment_status":"closed","ping_status":"closed","template":"","meta":{"_EventAllDay":false,"_EventTimezone":"","_EventStartDate":"","_EventEndDate":"","_EventStartDateUTC":"","_EventEndDateUTC":"","_EventShowMap":false,"_EventShowMapLink":false,"_EventURL":"","_EventCost":"","_EventCostDescription":"","_EventCurrencySymbol":"","_EventCurrencyCode":"","_EventCurrencyPosition":"","_EventDateTimeSeparator":"","_EventTimeRangeSeparator":"","_EventOrganizerID":[],"_EventVenueID":[],"_OrganizerEmail":"","_OrganizerPhone":"","_OrganizerWebsite":"","_VenueAddress":"","_VenueCity":"","_VenueCountry":"","_VenueProvince":"","_VenueState":"","_VenueZip":"","_VenuePhone":"","_VenueURL":"","_VenueStateProvince":"","_VenueLat":"","_VenueLng":"","_VenueShowMap":false,"_VenueShowMapLink":false,"footnotes":""},"class_list":["post-5022","page","type-page","status-publish","hentry"],"blocksy_meta":[],"yoast_head":"<!-- This site is optimized with the Yoast SEO plugin v27.4 - https:\/\/yoast.com\/product\/yoast-seo-wordpress\/ -->\n<title>Genetisk studie av en utvecklingsrubbning i nedre extremiteten (\u201ddefekta hovar\u201d) hos minishetlandsponnyer - Svenska Hovslagaref\u00f6reningen<\/title>\n<meta name=\"robots\" content=\"index, follow, max-snippet:-1, max-image-preview:large, max-video-preview:-1\" \/>\n<link rel=\"canonical\" href=\"https:\/\/hovslagareforeningen.se\/en\/genetisk-studie-av-en-utvecklingsrubbning-i-nedre-extremiteten-defekta-hovar-hos-minishetlandsponnyer\/\" \/>\n<meta property=\"og:locale\" content=\"en_GB\" \/>\n<meta property=\"og:type\" content=\"article\" \/>\n<meta property=\"og:title\" content=\"Genetisk studie av en utvecklingsrubbning i nedre extremiteten (\u201ddefekta hovar\u201d) hos minishetlandsponnyer - Svenska Hovslagaref\u00f6reningen\" \/>\n<meta property=\"og:description\" content=\"Gabriella Lindgren1, Ove Wattle2 1Institutionen f\u00f6r Husdjursgenetik, SLU, 750 07 Uppsala 2Kliniska vetenskaper, SLU, 750 07 Uppsala Forskare vid Sveriges Lantbruksuniversitet arbetar med en studie av minishetlandsf\u00f6l som f\u00f6tts med [&hellip;]\" \/>\n<meta property=\"og:url\" content=\"https:\/\/hovslagareforeningen.se\/en\/genetisk-studie-av-en-utvecklingsrubbning-i-nedre-extremiteten-defekta-hovar-hos-minishetlandsponnyer\/\" \/>\n<meta property=\"og:site_name\" content=\"Svenska Hovslagaref\u00f6reningen\" \/>\n<meta property=\"article:publisher\" content=\"https:\/\/www.facebook.com\/SvenskaHovslagareforeningen\" \/>\n<meta property=\"article:modified_time\" content=\"2021-09-17T05:00:27+00:00\" \/>\n<meta property=\"og:image\" content=\"https:\/\/hovslagareforeningen.se\/wp-content\/uploads\/2021\/07\/SLU_Logga-150x150.jpg\" \/>\n<meta name=\"twitter:card\" content=\"summary_large_image\" \/>\n<meta name=\"twitter:label1\" content=\"Estimated reading time\" \/>\n\t<meta name=\"twitter:data1\" content=\"3 minutes\" \/>\n<script type=\"application\/ld+json\" class=\"yoast-schema-graph\">{\"@context\":\"https:\\\/\\\/schema.org\",\"@graph\":[{\"@type\":\"WebPage\",\"@id\":\"https:\\\/\\\/hovslagareforeningen.se\\\/genetisk-studie-av-en-utvecklingsrubbning-i-nedre-extremiteten-defekta-hovar-hos-minishetlandsponnyer\\\/\",\"url\":\"https:\\\/\\\/hovslagareforeningen.se\\\/genetisk-studie-av-en-utvecklingsrubbning-i-nedre-extremiteten-defekta-hovar-hos-minishetlandsponnyer\\\/\",\"name\":\"Genetisk studie av en utvecklingsrubbning i nedre extremiteten (\u201ddefekta hovar\u201d) hos minishetlandsponnyer - Svenska Hovslagaref\u00f6reningen\",\"isPartOf\":{\"@id\":\"https:\\\/\\\/hovslagareforeningen.se\\\/#website\"},\"primaryImageOfPage\":{\"@id\":\"https:\\\/\\\/hovslagareforeningen.se\\\/genetisk-studie-av-en-utvecklingsrubbning-i-nedre-extremiteten-defekta-hovar-hos-minishetlandsponnyer\\\/#primaryimage\"},\"image\":{\"@id\":\"https:\\\/\\\/hovslagareforeningen.se\\\/genetisk-studie-av-en-utvecklingsrubbning-i-nedre-extremiteten-defekta-hovar-hos-minishetlandsponnyer\\\/#primaryimage\"},\"thumbnailUrl\":\"https:\\\/\\\/hovslagareforeningen.se\\\/wp-content\\\/uploads\\\/2021\\\/07\\\/SLU_Logga-150x150.jpg\",\"datePublished\":\"2021-09-17T04:54:44+00:00\",\"dateModified\":\"2021-09-17T05:00:27+00:00\",\"breadcrumb\":{\"@id\":\"https:\\\/\\\/hovslagareforeningen.se\\\/genetisk-studie-av-en-utvecklingsrubbning-i-nedre-extremiteten-defekta-hovar-hos-minishetlandsponnyer\\\/#breadcrumb\"},\"inLanguage\":\"en-GB\",\"potentialAction\":[{\"@type\":\"ReadAction\",\"target\":[\"https:\\\/\\\/hovslagareforeningen.se\\\/genetisk-studie-av-en-utvecklingsrubbning-i-nedre-extremiteten-defekta-hovar-hos-minishetlandsponnyer\\\/\"]}]},{\"@type\":\"ImageObject\",\"inLanguage\":\"en-GB\",\"@id\":\"https:\\\/\\\/hovslagareforeningen.se\\\/genetisk-studie-av-en-utvecklingsrubbning-i-nedre-extremiteten-defekta-hovar-hos-minishetlandsponnyer\\\/#primaryimage\",\"url\":\"https:\\\/\\\/hovslagareforeningen.se\\\/wp-content\\\/uploads\\\/2021\\\/07\\\/SLU_Logga-150x150.jpg\",\"contentUrl\":\"https:\\\/\\\/hovslagareforeningen.se\\\/wp-content\\\/uploads\\\/2021\\\/07\\\/SLU_Logga-150x150.jpg\"},{\"@type\":\"BreadcrumbList\",\"@id\":\"https:\\\/\\\/hovslagareforeningen.se\\\/genetisk-studie-av-en-utvecklingsrubbning-i-nedre-extremiteten-defekta-hovar-hos-minishetlandsponnyer\\\/#breadcrumb\",\"itemListElement\":[{\"@type\":\"ListItem\",\"position\":1,\"name\":\"Hem\",\"item\":\"https:\\\/\\\/hovslagareforeningen.se\\\/\"},{\"@type\":\"ListItem\",\"position\":2,\"name\":\"Genetisk studie av en utvecklingsrubbning i nedre extremiteten (\u201ddefekta hovar\u201d) hos minishetlandsponnyer\"}]},{\"@type\":\"WebSite\",\"@id\":\"https:\\\/\\\/hovslagareforeningen.se\\\/#website\",\"url\":\"https:\\\/\\\/hovslagareforeningen.se\\\/\",\"name\":\"Svenska Hovslagaref\u00f6reningen\",\"description\":\"\",\"publisher\":{\"@id\":\"https:\\\/\\\/hovslagareforeningen.se\\\/#organization\"},\"potentialAction\":[{\"@type\":\"SearchAction\",\"target\":{\"@type\":\"EntryPoint\",\"urlTemplate\":\"https:\\\/\\\/hovslagareforeningen.se\\\/?s={search_term_string}\"},\"query-input\":{\"@type\":\"PropertyValueSpecification\",\"valueRequired\":true,\"valueName\":\"search_term_string\"}}],\"inLanguage\":\"en-GB\"},{\"@type\":\"Organization\",\"@id\":\"https:\\\/\\\/hovslagareforeningen.se\\\/#organization\",\"name\":\"Svenska Hovslagaref\u00f6reningen\",\"url\":\"https:\\\/\\\/hovslagareforeningen.se\\\/\",\"logo\":{\"@type\":\"ImageObject\",\"inLanguage\":\"en-GB\",\"@id\":\"https:\\\/\\\/hovslagareforeningen.se\\\/#\\\/schema\\\/logo\\\/image\\\/\",\"url\":\"https:\\\/\\\/i0.wp.com\\\/hovslagareforeningen.se\\\/wp-content\\\/uploads\\\/2025\\\/12\\\/SHF-logo.png?fit=594%2C558&ssl=1\",\"contentUrl\":\"https:\\\/\\\/i0.wp.com\\\/hovslagareforeningen.se\\\/wp-content\\\/uploads\\\/2025\\\/12\\\/SHF-logo.png?fit=594%2C558&ssl=1\",\"width\":594,\"height\":558,\"caption\":\"Svenska Hovslagaref\u00f6reningen\"},\"image\":{\"@id\":\"https:\\\/\\\/hovslagareforeningen.se\\\/#\\\/schema\\\/logo\\\/image\\\/\"},\"sameAs\":[\"https:\\\/\\\/www.facebook.com\\\/SvenskaHovslagareforeningen\",\"https:\\\/\\\/www.instagram.com\\\/svenska_hovslagareforeningen\"]}]}<\/script>\n<!-- \/ Yoast SEO plugin. -->","yoast_head_json":{"title":"Genetisk studie av en utvecklingsrubbning i nedre extremiteten (\u201ddefekta hovar\u201d) hos minishetlandsponnyer - Svenska Hovslagaref\u00f6reningen","robots":{"index":"index","follow":"follow","max-snippet":"max-snippet:-1","max-image-preview":"max-image-preview:large","max-video-preview":"max-video-preview:-1"},"canonical":"https:\/\/hovslagareforeningen.se\/en\/genetisk-studie-av-en-utvecklingsrubbning-i-nedre-extremiteten-defekta-hovar-hos-minishetlandsponnyer\/","og_locale":"en_GB","og_type":"article","og_title":"Genetisk studie av en utvecklingsrubbning i nedre extremiteten (\u201ddefekta hovar\u201d) hos minishetlandsponnyer - Svenska Hovslagaref\u00f6reningen","og_description":"Gabriella Lindgren1, Ove Wattle2 1Institutionen f\u00f6r Husdjursgenetik, SLU, 750 07 Uppsala 2Kliniska vetenskaper, SLU, 750 07 Uppsala Forskare vid Sveriges Lantbruksuniversitet arbetar med en studie av minishetlandsf\u00f6l som f\u00f6tts med [&hellip;]","og_url":"https:\/\/hovslagareforeningen.se\/en\/genetisk-studie-av-en-utvecklingsrubbning-i-nedre-extremiteten-defekta-hovar-hos-minishetlandsponnyer\/","og_site_name":"Svenska Hovslagaref\u00f6reningen","article_publisher":"https:\/\/www.facebook.com\/SvenskaHovslagareforeningen","article_modified_time":"2021-09-17T05:00:27+00:00","og_image":[{"url":"https:\/\/hovslagareforeningen.se\/wp-content\/uploads\/2021\/07\/SLU_Logga-150x150.jpg","type":"","width":"","height":""}],"twitter_card":"summary_large_image","twitter_misc":{"Estimated reading time":"3 minutes"},"schema":{"@context":"https:\/\/schema.org","@graph":[{"@type":"WebPage","@id":"https:\/\/hovslagareforeningen.se\/genetisk-studie-av-en-utvecklingsrubbning-i-nedre-extremiteten-defekta-hovar-hos-minishetlandsponnyer\/","url":"https:\/\/hovslagareforeningen.se\/genetisk-studie-av-en-utvecklingsrubbning-i-nedre-extremiteten-defekta-hovar-hos-minishetlandsponnyer\/","name":"Genetisk studie av en utvecklingsrubbning i nedre extremiteten (\u201ddefekta hovar\u201d) hos minishetlandsponnyer - Svenska Hovslagaref\u00f6reningen","isPartOf":{"@id":"https:\/\/hovslagareforeningen.se\/#website"},"primaryImageOfPage":{"@id":"https:\/\/hovslagareforeningen.se\/genetisk-studie-av-en-utvecklingsrubbning-i-nedre-extremiteten-defekta-hovar-hos-minishetlandsponnyer\/#primaryimage"},"image":{"@id":"https:\/\/hovslagareforeningen.se\/genetisk-studie-av-en-utvecklingsrubbning-i-nedre-extremiteten-defekta-hovar-hos-minishetlandsponnyer\/#primaryimage"},"thumbnailUrl":"https:\/\/hovslagareforeningen.se\/wp-content\/uploads\/2021\/07\/SLU_Logga-150x150.jpg","datePublished":"2021-09-17T04:54:44+00:00","dateModified":"2021-09-17T05:00:27+00:00","breadcrumb":{"@id":"https:\/\/hovslagareforeningen.se\/genetisk-studie-av-en-utvecklingsrubbning-i-nedre-extremiteten-defekta-hovar-hos-minishetlandsponnyer\/#breadcrumb"},"inLanguage":"en-GB","potentialAction":[{"@type":"ReadAction","target":["https:\/\/hovslagareforeningen.se\/genetisk-studie-av-en-utvecklingsrubbning-i-nedre-extremiteten-defekta-hovar-hos-minishetlandsponnyer\/"]}]},{"@type":"ImageObject","inLanguage":"en-GB","@id":"https:\/\/hovslagareforeningen.se\/genetisk-studie-av-en-utvecklingsrubbning-i-nedre-extremiteten-defekta-hovar-hos-minishetlandsponnyer\/#primaryimage","url":"https:\/\/hovslagareforeningen.se\/wp-content\/uploads\/2021\/07\/SLU_Logga-150x150.jpg","contentUrl":"https:\/\/hovslagareforeningen.se\/wp-content\/uploads\/2021\/07\/SLU_Logga-150x150.jpg"},{"@type":"BreadcrumbList","@id":"https:\/\/hovslagareforeningen.se\/genetisk-studie-av-en-utvecklingsrubbning-i-nedre-extremiteten-defekta-hovar-hos-minishetlandsponnyer\/#breadcrumb","itemListElement":[{"@type":"ListItem","position":1,"name":"Hem","item":"https:\/\/hovslagareforeningen.se\/"},{"@type":"ListItem","position":2,"name":"Genetisk studie av en utvecklingsrubbning i nedre extremiteten (\u201ddefekta hovar\u201d) hos minishetlandsponnyer"}]},{"@type":"WebSite","@id":"https:\/\/hovslagareforeningen.se\/#website","url":"https:\/\/hovslagareforeningen.se\/","name":"Svenska Hovslagaref\u00f6reningen","description":"","publisher":{"@id":"https:\/\/hovslagareforeningen.se\/#organization"},"potentialAction":[{"@type":"SearchAction","target":{"@type":"EntryPoint","urlTemplate":"https:\/\/hovslagareforeningen.se\/?s={search_term_string}"},"query-input":{"@type":"PropertyValueSpecification","valueRequired":true,"valueName":"search_term_string"}}],"inLanguage":"en-GB"},{"@type":"Organization","@id":"https:\/\/hovslagareforeningen.se\/#organization","name":"Svenska Hovslagaref\u00f6reningen","url":"https:\/\/hovslagareforeningen.se\/","logo":{"@type":"ImageObject","inLanguage":"en-GB","@id":"https:\/\/hovslagareforeningen.se\/#\/schema\/logo\/image\/","url":"https:\/\/i0.wp.com\/hovslagareforeningen.se\/wp-content\/uploads\/2025\/12\/SHF-logo.png?fit=594%2C558&ssl=1","contentUrl":"https:\/\/i0.wp.com\/hovslagareforeningen.se\/wp-content\/uploads\/2025\/12\/SHF-logo.png?fit=594%2C558&ssl=1","width":594,"height":558,"caption":"Svenska Hovslagaref\u00f6reningen"},"image":{"@id":"https:\/\/hovslagareforeningen.se\/#\/schema\/logo\/image\/"},"sameAs":["https:\/\/www.facebook.com\/SvenskaHovslagareforeningen","https:\/\/www.instagram.com\/svenska_hovslagareforeningen"]}]}},"jetpack_sharing_enabled":true,"_links":{"self":[{"href":"https:\/\/hovslagareforeningen.se\/en\/wp-json\/wp\/v2\/pages\/5022","targetHints":{"allow":["GET"]}}],"collection":[{"href":"https:\/\/hovslagareforeningen.se\/en\/wp-json\/wp\/v2\/pages"}],"about":[{"href":"https:\/\/hovslagareforeningen.se\/en\/wp-json\/wp\/v2\/types\/page"}],"author":[{"embeddable":true,"href":"https:\/\/hovslagareforeningen.se\/en\/wp-json\/wp\/v2\/users\/399"}],"replies":[{"embeddable":true,"href":"https:\/\/hovslagareforeningen.se\/en\/wp-json\/wp\/v2\/comments?post=5022"}],"version-history":[{"count":0,"href":"https:\/\/hovslagareforeningen.se\/en\/wp-json\/wp\/v2\/pages\/5022\/revisions"}],"wp:attachment":[{"href":"https:\/\/hovslagareforeningen.se\/en\/wp-json\/wp\/v2\/media?parent=5022"}],"curies":[{"name":"wp","href":"https:\/\/api.w.org\/{rel}","templated":true}]}}