{"id":525,"date":"2013-10-24T15:32:21","date_gmt":"2013-10-24T13:32:21","guid":{"rendered":"http:\/\/hovslagar14.84.vildmarksdata.net\/?page_id=525"},"modified":"2018-12-23T11:13:41","modified_gmt":"2018-12-23T10:13:41","slug":"block-1-7","status":"publish","type":"page","link":"https:\/\/hovslagareforeningen.se\/en\/block-1-7\/","title":{"rendered":"Block 1-7"},"content":{"rendered":"<p><strong>Block 1: Anatomi och fysiologi\u00a0\u00a0\u00a0\u00a0 2\u00bd dag<\/strong><\/p>\n<p>Dag 1 och 2 g\u00e5r vi igenom h\u00e4stens anatomi med fokus p\u00e5 de nedre falangerna. Uppbyggnad av hoven ner p\u00e5 cellniv\u00e5 och varf\u00f6r den ser ut\u00a0som den g\u00f6r. Ligamentupph\u00e4ngningar, sammans\u00e4ttningar, skelettets uppbyggnad, senor, det distala benets leder och glidytor mm. Belastningsf\u00f6rh\u00e5llanden i det distala benet. Fysiologisk\u00a0skoning.<\/p>\n<p>Dag 3 \u00e4r praktiska \u00f6vningar. Vi tittar p\u00e5 benst\u00e4llningen p\u00e5 levande h\u00e4star och f\u00f6rs\u00f6ker\u00a0f\u00f6rst\u00e5 vad som h\u00e4nder inne i benet och varf\u00f6r, vilka strukturer som blir mer eller mindre\u00a0p\u00e5verkade av h\u00e4stens benst\u00e4llning. Kursdeltagarna dissekerar var sitt h\u00e4stben f\u00f6r att f\u00e5 se hur alla\u00a0strukturer ser ut. Man ska se ligamentinf\u00e4stningar, hovbrosket, ledytor, senornas och\u00a0gaffelbandens inf\u00e4stningar mm. Dagen kopplar ihop de teoretiska lektionerna med hur det ser ut \u201dp\u00e5 riktigt\u201d<\/p>\n<p>Ett omfattande kompendium skickas ut till deltagarna i god tid innan blocket.<\/p>\n<p>Blocket leds av Ove Wattle.<\/p>\n<p>&nbsp;<\/p>\n<p><strong>Block 2: Svets och Smide\u00a0\u00a0\u00a0\u00a0\u00a0\u00a0\u00a0\u00a0\u00a0\u00a0\u00a0\u00a0 2 dagar<\/strong><\/p>\n<p>P\u00e5 kursen f\u00e5r vi en teoretisk genomg\u00e5ng av smide av h\u00e4stskor, dragning av kappor, modifiering av fabriksskor, lite materiall\u00e4ra, olika svetstekniker och varmskoning\/kallskoning. S\u00e4kerhet och arbetsmilj\u00f6 \u00e4r en viktig del av utbildningen.<\/p>\n<p>I smedjan tr\u00e4nar vi dragning av kappor, modifieringar, svetsning och i viss m\u00e5n smide av skor. Hur du ska underh\u00e5lla dina smidesverktyg demonstreras.<\/p>\n<p>Blocket leds av tv\u00e5 av hovslagarinstrukt\u00f6rerna.<\/p>\n<p>&nbsp;<\/p>\n<p><strong>Block 3: Regelverk, allm\u00e4n djursjukv\u00e5rd, smittskydd\u00a0\u00a0\u00a0 1 dag<\/strong><\/p>\n<p>Regelverk f\u00f6r djurh\u00e4lsopersonal\/godk\u00e4nda hovslagare. Vilka skyldigheter har man som godk\u00e4nd\u00a0hovslagare? Hur ska en journal ska skrivas? Intygsskrivning. Smittskydd vid arbete med djur. Hur h\u00e5ller man en god hygien och minskar\u00a0risken f\u00f6r smittspridning? Hur k\u00e4nner man igen de vanligaste typer av smitta och vad, och till vem, \u00e4r man\u00a0skyldig att rapportera? Vad \u00e4r en zoonos och en epizoti?<\/p>\n<p>Dessa fr\u00e5gor, och m\u00e5nga fler, f\u00e5r du svar p\u00e5 under denna kursdag.<\/p>\n<p>Blocket leds av Ove Wattle.<\/p>\n<p>&nbsp;<\/p>\n<p><strong>Block 4: Balansering &amp; korrigering\u00a0\u00a0\u00a0\u00a0\u00a0\u00a0\u00a0\u00a0\u00a0\u00a0\u00a0\u00a0\u00a0\u00a0 2 dagar<\/strong><\/p>\n<p>Dag ett \u00e4r teori. Hur h\u00e4sten belastar nedre benet och hoven i r\u00f6relse och i stillhet och vilka strukturer som p\u00e5verkas.\u00a0Man pratar \u00e4ven om underlagets betydelse och beslagets inverkan samt hur olika beslag kan p\u00e5verka belastningen beroende p\u00e5 underlaget. Hur olika h\u00e4straser kan r\u00f6ra sig olika, har olika f\u00f6ruts\u00e4ttningar\u00a0och \u00e4ndam\u00e5l. \u00c4ven genomg\u00e5ng av verkning med tryckplatta. Hur mycket belastning kan man\u00a0flytta bara genom att verka hoven? Dag tv\u00e5 \u00e4r det praktiska \u00f6vningar. Varje elev skall sko minst tv\u00e5 hovar p\u00e5 en levande h\u00e4st.\u00a0H\u00e4sten skall besiktigas noga f\u00f6re och efter skoningen. Under besiktningen tittar vi p\u00e5 hur h\u00e4sten belastar hovar och leder under r\u00f6relse i skritt och trav. Man skall \u00e4ven innan h\u00e4sten skos f\u00e5\u00a0m\u00f6jligheten att prova kila h\u00e4sten \u00e5t olika h\u00e5ll f\u00f6r att se r\u00f6relsep\u00e5verkan. Inf\u00f6r skoningen ska en plan skapas och sedan f\u00f6ljas. Eventuella r\u00e5d till h\u00e4st\u00e4garen ska ocks\u00e5 redovisas.<\/p>\n<p>&nbsp;<\/p>\n<p>&nbsp;<\/p>\n<p><strong>Block 5: F\u00f6lkorrigering\u00a0\u00a0\u00a0\u00a0\u00a0\u00a0\u00a0\u00a0\u00a0\u00a0\u00a0\u00a0\u00a0\u00a0\u00a0 2 dagar<\/strong><\/p>\n<p>Dag ett \u00e4r teori. Vi g\u00e5r igenom benst\u00e4llningar hos f\u00f6l. Tillv\u00e4xtzoner i benets distala delar. N\u00e4r och hur kan\/ska man korrigera benst\u00e4llningen? Hur\u00a0f\u00f6len skall hanteras av djur\u00e4garen f\u00f6r att uppn\u00e5 b\u00e4sta resultat. Vad man kan anv\u00e4nda sig av\u00a0f\u00f6r plaster och ortopediska skor f\u00f6r att hj\u00e4lpa f\u00f6let. Man pratar \u00e4ven om arbetsmilj\u00f6n och\u00a0hur vi som anv\u00e4nder plasten kan p\u00e5verkas om man inte tar h\u00e4nsyn till skyddsutrustning. Man\u00a0skall under dag ett f\u00e5 m\u00f6jligheten att prova p\u00e5 att plasta p\u00e5 ett preparat f\u00f6r att veta hur\u00a0plasten fungerar f\u00f6r dem som sen ska g\u00f6ra det p\u00e5 levande h\u00e4st.<\/p>\n<p>Dag tv\u00e5 \u00e4r det praktiska \u00f6vningar p\u00e5 levande f\u00f6l. Man tittar p\u00e5 flera f\u00f6l, g\u00e5r igenom dessa\u00a0och uppr\u00e4ttar\u00a0en handlingsplan. Sedan delas eleverna upp i mindre grupper f\u00f6r att utf\u00f6ra \u00e5tg\u00e4rder p\u00e5\u00a0f\u00f6let.\u00a0Hur man skall arbeta kring f\u00f6len f\u00f6r b\u00e5de h\u00e4stens och hovslagarens s\u00e4kerhet. Alla elever skall\u00a0f\u00e5 m\u00f6jligheten att pr\u00f6va p\u00e5 att anv\u00e4nda plaster p\u00e5 en levande h\u00e4st. Alla h\u00e4star ses igenom\u00a0f\u00f6r att se \u00f6nskat resultat och diskussion f\u00f6rs kring resultaten.<\/p>\n<p>Blocket leds av Ove Wattle samt hovslagarinstrukt\u00f6rer.<\/p>\n<p>&nbsp;<\/p>\n<p><strong>Block 6: Hovreparationer\u00a0\u00a0\u00a0\u00a0\u00a0\u00a0\u00a0\u00a0\u00a0\u00a0\u00a0 2 dagar<\/strong><\/p>\n<p>Under dag ett \u00e4gnas halva dagen \u00e5t teori och halva dagen \u00e5t praktik. Sprickor \u00e4r temat f\u00f6r\u00a0denna dag. Vi diskuterar vad som h\u00e4nder i hoven vid t.ex. en spricka, en kronrandskada mm.\u00a0Hur man hanterar fallet beroende p\u00e5 sprickans uppkomst, trauma och belastning.\u00a0Prognos, behandling och \u00e4ven r\u00e5d till h\u00e4st\u00e4gare g\u00e5s igenom. Olika beslag och fixeringsmetoder med plast, nitbleck, s\u00f6mnit och bandagering testas p\u00e5 preparat. \u00c4ven\u00a0hur man kan flytta belastningen i en hov f\u00f6r att avlasta sprickor och h\u00e5lv\u00e4ggar tas upp.<\/p>\n<p>Under dag tv\u00e5 \u00e4gnas halva dagen \u00e5t teori och halva dagen \u00e5t praktik. Vi g\u00e5r igenom h\u00e5lv\u00e4ggsproblematik, b\u00e4rrandsr\u00f6ta eller White line disease.\u00a0Varf\u00f6r uppkommer h\u00e5lv\u00e4ggar och hur kan milj\u00f6n kring h\u00e4sten kan spela in?\u00a0Hur man skall behandla h\u00e4star med h\u00e5lv\u00e4gg? Praktiskt s\u00e5 f\u00e5r man prova g\u00f6ra olika beslag f\u00f6r\u00a0h\u00e5lv\u00e4ggsproblematik.<\/p>\n<p>Blocket leds av Ove Wattle och hovslagarinstrukt\u00f6rer.<\/p>\n<p>&nbsp;<\/p>\n<p><strong>Block 7: Hovsjukdomar\u00a0\u00a0\u00a0\u00a0\u00a0\u00a0\u00a0\u00a0\u00a0\u00a0\u00a0\u00a0\u00a0\u00a0 3 dagar (2 dagar f\u00f6r veterin\u00e4rer)<\/strong><\/p>\n<p>Dag ett omhandlar b\u00e5de teori och praktik och \u00e4r enbart f\u00f6r hovslagare. Denna dag diskuteras hovbensfrakturer. Vilka olika typer av\u00a0frakturer som finns. Vi tar \u00e4ven upp fr\u00e4mmande f\u00f6rem\u00e5l som kan komma in i hoven som\u00a0t.ex. ett spiktramp. Hur h\u00e4sten p\u00e5verkas och hur man skall hantera fallen p\u00e5\u00a0hemmaplan och n\u00e4r man beh\u00f6ver remittera vidare. Under de praktiska \u00f6vningarna skall\u00a0ett frakturbeslag g\u00f6ras efter en r\u00f6ntgenbild och tillpassas p\u00e5 en hov. Deltagarna\u00a0skall \u00e4ven g\u00f6ra ett f\u00e5ngbeslag och ett str\u00e5lbensbeslag till en hov.<\/p>\n<p>&nbsp;<\/p>\n<p>Dag tv\u00e5 \u00e4r b\u00e5de teori och praktik och h\u00e4r \u00e4r \u00e4ven veterin\u00e4rer v\u00e4lkomna att delta. Vi g\u00e5r igenom bl.a. kronrandsskador, f\u00e5ng och\u00a0str\u00e5lbensproblematik. Vi g\u00e5r igenom hur t.ex. en tr\u00e4bit som g\u00e5tt in vid kronranden och ner l\u00e4ngs\u00a0hornkapseln verkas bort och hur man behandlar ett s\u00e5dant ingrepp med bandage och gips.\u00a0Man skall ocks\u00e5 denna\u00a0dag verka upp ett spiktramp som g\u00e5tt upp mot str\u00e5lbenet\/str\u00e5lbensbursan och g\u00e5 igenom hur man skyddar hoven efter ett s\u00e5dant ingrepp. Prognos och risker vid denna typ av spiktramp diskuteras.<\/p>\n<p>&nbsp;<\/p>\n<p>Dag tre inneh\u00e5ller b\u00e5de teori och praktiska demonstrationer med deltagande av b\u00e5de hovslagare och veterin\u00e4rer. Vad som dagen omhandlar \u00e4r bl.a. hovbensfraktur, f\u00e5ng, l\u00e5g h\u00e4lta, sen- och ligamentskador.<\/p>\n<p>&nbsp;<\/p>\n<p>Blocket leds av veterin\u00e4r Ove Wattle och Henrik Jansson.<\/p>\n<p>&nbsp;<\/p>\n<p><strong>Examen<\/strong><\/p>\n<p>Examen best\u00e5r av en teoridel och en praktisk del.Teorin g\u00f6rs som en tentamen d\u00e4r fr\u00e5gorna presenteras p\u00e5 en bildsk\u00e4rm och var och en skriver ner svaren som sedan l\u00e4mnas in f\u00f6r r\u00e4ttning, Teoriprovet varar en dag med avbrott f\u00f6r kafferaster och lunch. F\u00f6r att bli godk\u00e4nd m\u00e5ste man uppn\u00e5 minst 66 % r\u00e4tt svarspo\u00e4ng.<\/p>\n<p>Det praktiska provet delas in i tv\u00e5 delar med vardera tv\u00e5 delmoment. En h\u00e4st ska skos p\u00e5 ett f\u00f6r h\u00e4sten korrekt fysiologisk s\u00e4tt d\u00e4r \u00e4ven kvalitetskriterier som tillpassning, planhet och balans bed\u00f6ms. Ett delmoment g\u00e5r ut p\u00e5 att samma h\u00e4st f\u00e5r en t\u00e4nkt diagnos p\u00e5 ena benet och ska skos med r\u00e4tt sjukbeslag. Efter bed\u00f6mningen ska h\u00e4sten skos normalt p\u00e5 den hoven igen. Under andra delen av praktikprovet ska ett preparat som f\u00e5tt diagnosen hovbensfraktur skos med r\u00e4tt beslag. Ett annat preparat har en hovspricka som ska fixeras och hoven ska skos med ett passande beslag.<\/p>\n<p>Varje delmoment bed\u00f6ms f\u00f6r sig och resultatet g\u00e5s igenom enskilt sist p\u00e5 dagen. Blir man underk\u00e4nd i n\u00e5got moment beh\u00f6vs bara den delen g\u00f6ras om.<\/p>\n<p>Ove Wattle ansvarar f\u00f6r teoriprovet samt granskar praktiken tillsammans med Henrik Jansson och ytterligare en hovslagarinstrukt\u00f6r.<\/p>\n<p>&nbsp;<\/p>","protected":false},"excerpt":{"rendered":"<p>Block 1: Anatomi och fysiologi\u00a0\u00a0\u00a0\u00a0 2\u00bd dag Dag 1 och 2 g\u00e5r vi igenom h\u00e4stens anatomi med fokus p\u00e5 de nedre falangerna. Uppbyggnad av hoven ner p\u00e5 cellniv\u00e5 och varf\u00f6r [&hellip;]<\/p>\n","protected":false},"author":399,"featured_media":0,"parent":0,"menu_order":0,"comment_status":"closed","ping_status":"closed","template":"","meta":{"_EventAllDay":false,"_EventTimezone":"","_EventStartDate":"","_EventEndDate":"","_EventStartDateUTC":"","_EventEndDateUTC":"","_EventShowMap":false,"_EventShowMapLink":false,"_EventURL":"","_EventCost":"","_EventCostDescription":"","_EventCurrencySymbol":"","_EventCurrencyCode":"","_EventCurrencyPosition":"","_EventDateTimeSeparator":"","_EventTimeRangeSeparator":"","_EventOrganizerID":[],"_EventVenueID":[],"_OrganizerEmail":"","_OrganizerPhone":"","_OrganizerWebsite":"","_VenueAddress":"","_VenueCity":"","_VenueCountry":"","_VenueProvince":"","_VenueState":"","_VenueZip":"","_VenuePhone":"","_VenueURL":"","_VenueStateProvince":"","_VenueLat":"","_VenueLng":"","_VenueShowMap":false,"_VenueShowMapLink":false,"footnotes":""},"class_list":["post-525","page","type-page","status-publish","hentry"],"blocksy_meta":[],"yoast_head":"<!-- This site is optimized with the Yoast SEO plugin v27.4 - https:\/\/yoast.com\/product\/yoast-seo-wordpress\/ -->\n<title>Block 1-7 - Svenska Hovslagaref\u00f6reningen<\/title>\n<meta name=\"robots\" content=\"index, follow, max-snippet:-1, max-image-preview:large, max-video-preview:-1\" \/>\n<link rel=\"canonical\" href=\"https:\/\/hovslagareforeningen.se\/en\/block-1-7\/\" \/>\n<meta property=\"og:locale\" content=\"en_GB\" \/>\n<meta property=\"og:type\" content=\"article\" \/>\n<meta property=\"og:title\" content=\"Block 1-7 - Svenska Hovslagaref\u00f6reningen\" \/>\n<meta property=\"og:description\" content=\"Block 1: Anatomi och fysiologi\u00a0\u00a0\u00a0\u00a0 2\u00bd dag Dag 1 och 2 g\u00e5r vi igenom h\u00e4stens anatomi med fokus p\u00e5 de nedre falangerna. Uppbyggnad av hoven ner p\u00e5 cellniv\u00e5 och varf\u00f6r [&hellip;]\" \/>\n<meta property=\"og:url\" content=\"https:\/\/hovslagareforeningen.se\/en\/block-1-7\/\" \/>\n<meta property=\"og:site_name\" content=\"Svenska Hovslagaref\u00f6reningen\" \/>\n<meta property=\"article:publisher\" content=\"https:\/\/www.facebook.com\/SvenskaHovslagareforeningen\" \/>\n<meta property=\"article:modified_time\" content=\"2018-12-23T10:13:41+00:00\" \/>\n<meta name=\"twitter:card\" content=\"summary_large_image\" \/>\n<meta name=\"twitter:label1\" content=\"Estimated reading time\" \/>\n\t<meta name=\"twitter:data1\" content=\"7 minutes\" \/>\n<script type=\"application\/ld+json\" class=\"yoast-schema-graph\">{\"@context\":\"https:\\\/\\\/schema.org\",\"@graph\":[{\"@type\":\"WebPage\",\"@id\":\"https:\\\/\\\/hovslagareforeningen.se\\\/block-1-7\\\/\",\"url\":\"https:\\\/\\\/hovslagareforeningen.se\\\/block-1-7\\\/\",\"name\":\"Block 1-7 - Svenska Hovslagaref\u00f6reningen\",\"isPartOf\":{\"@id\":\"https:\\\/\\\/hovslagareforeningen.se\\\/#website\"},\"datePublished\":\"2013-10-24T13:32:21+00:00\",\"dateModified\":\"2018-12-23T10:13:41+00:00\",\"breadcrumb\":{\"@id\":\"https:\\\/\\\/hovslagareforeningen.se\\\/block-1-7\\\/#breadcrumb\"},\"inLanguage\":\"en-GB\",\"potentialAction\":[{\"@type\":\"ReadAction\",\"target\":[\"https:\\\/\\\/hovslagareforeningen.se\\\/block-1-7\\\/\"]}]},{\"@type\":\"BreadcrumbList\",\"@id\":\"https:\\\/\\\/hovslagareforeningen.se\\\/block-1-7\\\/#breadcrumb\",\"itemListElement\":[{\"@type\":\"ListItem\",\"position\":1,\"name\":\"Hem\",\"item\":\"https:\\\/\\\/hovslagareforeningen.se\\\/\"},{\"@type\":\"ListItem\",\"position\":2,\"name\":\"Block 1-7\"}]},{\"@type\":\"WebSite\",\"@id\":\"https:\\\/\\\/hovslagareforeningen.se\\\/#website\",\"url\":\"https:\\\/\\\/hovslagareforeningen.se\\\/\",\"name\":\"Svenska Hovslagaref\u00f6reningen\",\"description\":\"\",\"publisher\":{\"@id\":\"https:\\\/\\\/hovslagareforeningen.se\\\/#organization\"},\"potentialAction\":[{\"@type\":\"SearchAction\",\"target\":{\"@type\":\"EntryPoint\",\"urlTemplate\":\"https:\\\/\\\/hovslagareforeningen.se\\\/?s={search_term_string}\"},\"query-input\":{\"@type\":\"PropertyValueSpecification\",\"valueRequired\":true,\"valueName\":\"search_term_string\"}}],\"inLanguage\":\"en-GB\"},{\"@type\":\"Organization\",\"@id\":\"https:\\\/\\\/hovslagareforeningen.se\\\/#organization\",\"name\":\"Svenska Hovslagaref\u00f6reningen\",\"url\":\"https:\\\/\\\/hovslagareforeningen.se\\\/\",\"logo\":{\"@type\":\"ImageObject\",\"inLanguage\":\"en-GB\",\"@id\":\"https:\\\/\\\/hovslagareforeningen.se\\\/#\\\/schema\\\/logo\\\/image\\\/\",\"url\":\"https:\\\/\\\/i0.wp.com\\\/hovslagareforeningen.se\\\/wp-content\\\/uploads\\\/2025\\\/12\\\/SHF-logo.png?fit=594%2C558&ssl=1\",\"contentUrl\":\"https:\\\/\\\/i0.wp.com\\\/hovslagareforeningen.se\\\/wp-content\\\/uploads\\\/2025\\\/12\\\/SHF-logo.png?fit=594%2C558&ssl=1\",\"width\":594,\"height\":558,\"caption\":\"Svenska Hovslagaref\u00f6reningen\"},\"image\":{\"@id\":\"https:\\\/\\\/hovslagareforeningen.se\\\/#\\\/schema\\\/logo\\\/image\\\/\"},\"sameAs\":[\"https:\\\/\\\/www.facebook.com\\\/SvenskaHovslagareforeningen\",\"https:\\\/\\\/www.instagram.com\\\/svenska_hovslagareforeningen\"]}]}<\/script>\n<!-- \/ Yoast SEO plugin. -->","yoast_head_json":{"title":"Block 1-7 - Svenska Hovslagaref\u00f6reningen","robots":{"index":"index","follow":"follow","max-snippet":"max-snippet:-1","max-image-preview":"max-image-preview:large","max-video-preview":"max-video-preview:-1"},"canonical":"https:\/\/hovslagareforeningen.se\/en\/block-1-7\/","og_locale":"en_GB","og_type":"article","og_title":"Block 1-7 - Svenska Hovslagaref\u00f6reningen","og_description":"Block 1: Anatomi och fysiologi\u00a0\u00a0\u00a0\u00a0 2\u00bd dag Dag 1 och 2 g\u00e5r vi igenom h\u00e4stens anatomi med fokus p\u00e5 de nedre falangerna. Uppbyggnad av hoven ner p\u00e5 cellniv\u00e5 och varf\u00f6r [&hellip;]","og_url":"https:\/\/hovslagareforeningen.se\/en\/block-1-7\/","og_site_name":"Svenska Hovslagaref\u00f6reningen","article_publisher":"https:\/\/www.facebook.com\/SvenskaHovslagareforeningen","article_modified_time":"2018-12-23T10:13:41+00:00","twitter_card":"summary_large_image","twitter_misc":{"Estimated reading time":"7 minutes"},"schema":{"@context":"https:\/\/schema.org","@graph":[{"@type":"WebPage","@id":"https:\/\/hovslagareforeningen.se\/block-1-7\/","url":"https:\/\/hovslagareforeningen.se\/block-1-7\/","name":"Block 1-7 - Svenska Hovslagaref\u00f6reningen","isPartOf":{"@id":"https:\/\/hovslagareforeningen.se\/#website"},"datePublished":"2013-10-24T13:32:21+00:00","dateModified":"2018-12-23T10:13:41+00:00","breadcrumb":{"@id":"https:\/\/hovslagareforeningen.se\/block-1-7\/#breadcrumb"},"inLanguage":"en-GB","potentialAction":[{"@type":"ReadAction","target":["https:\/\/hovslagareforeningen.se\/block-1-7\/"]}]},{"@type":"BreadcrumbList","@id":"https:\/\/hovslagareforeningen.se\/block-1-7\/#breadcrumb","itemListElement":[{"@type":"ListItem","position":1,"name":"Hem","item":"https:\/\/hovslagareforeningen.se\/"},{"@type":"ListItem","position":2,"name":"Block 1-7"}]},{"@type":"WebSite","@id":"https:\/\/hovslagareforeningen.se\/#website","url":"https:\/\/hovslagareforeningen.se\/","name":"Svenska Hovslagaref\u00f6reningen","description":"","publisher":{"@id":"https:\/\/hovslagareforeningen.se\/#organization"},"potentialAction":[{"@type":"SearchAction","target":{"@type":"EntryPoint","urlTemplate":"https:\/\/hovslagareforeningen.se\/?s={search_term_string}"},"query-input":{"@type":"PropertyValueSpecification","valueRequired":true,"valueName":"search_term_string"}}],"inLanguage":"en-GB"},{"@type":"Organization","@id":"https:\/\/hovslagareforeningen.se\/#organization","name":"Svenska Hovslagaref\u00f6reningen","url":"https:\/\/hovslagareforeningen.se\/","logo":{"@type":"ImageObject","inLanguage":"en-GB","@id":"https:\/\/hovslagareforeningen.se\/#\/schema\/logo\/image\/","url":"https:\/\/i0.wp.com\/hovslagareforeningen.se\/wp-content\/uploads\/2025\/12\/SHF-logo.png?fit=594%2C558&ssl=1","contentUrl":"https:\/\/i0.wp.com\/hovslagareforeningen.se\/wp-content\/uploads\/2025\/12\/SHF-logo.png?fit=594%2C558&ssl=1","width":594,"height":558,"caption":"Svenska Hovslagaref\u00f6reningen"},"image":{"@id":"https:\/\/hovslagareforeningen.se\/#\/schema\/logo\/image\/"},"sameAs":["https:\/\/www.facebook.com\/SvenskaHovslagareforeningen","https:\/\/www.instagram.com\/svenska_hovslagareforeningen"]}]}},"jetpack_sharing_enabled":true,"_links":{"self":[{"href":"https:\/\/hovslagareforeningen.se\/en\/wp-json\/wp\/v2\/pages\/525","targetHints":{"allow":["GET"]}}],"collection":[{"href":"https:\/\/hovslagareforeningen.se\/en\/wp-json\/wp\/v2\/pages"}],"about":[{"href":"https:\/\/hovslagareforeningen.se\/en\/wp-json\/wp\/v2\/types\/page"}],"author":[{"embeddable":true,"href":"https:\/\/hovslagareforeningen.se\/en\/wp-json\/wp\/v2\/users\/399"}],"replies":[{"embeddable":true,"href":"https:\/\/hovslagareforeningen.se\/en\/wp-json\/wp\/v2\/comments?post=525"}],"version-history":[{"count":0,"href":"https:\/\/hovslagareforeningen.se\/en\/wp-json\/wp\/v2\/pages\/525\/revisions"}],"wp:attachment":[{"href":"https:\/\/hovslagareforeningen.se\/en\/wp-json\/wp\/v2\/media?parent=525"}],"curies":[{"name":"wp","href":"https:\/\/api.w.org\/{rel}","templated":true}]}}