{"id":5324,"date":"2022-06-16T18:34:14","date_gmt":"2022-06-16T16:34:14","guid":{"rendered":"https:\/\/hovslagareforeningen.se\/?page_id=5324"},"modified":"2022-10-08T14:28:10","modified_gmt":"2022-10-08T12:28:10","slug":"open-swedish-championship-2022","status":"publish","type":"page","link":"https:\/\/hovslagareforeningen.se\/en\/open-swedish-championship-2022\/","title":{"rendered":"Open Swedish Championship 2022"},"content":{"rendered":"<h3 class=\"has-medium-font-size\"><strong>Domare: Aksel Vibe, Norge &amp; Niklas Pettersson Sverige.<\/strong><\/h3>\r\n<p>&nbsp;<\/p>\r\n<h1 id=\"mce_2\"><strong>Skor &#8212;&gt; <a href=\"https:\/\/hovslagareforeningen.se\/en\/sm-2022-skor\/\">L\u00c4NK<\/a><\/strong><\/h1>\r\n<p>&nbsp;<\/p>\r\n<p class=\"has-medium-font-size\"><strong>Anm\u00e4lningsavgifter\/Registration fees:<\/strong><\/p>\r\n\r\n\r\n\r\n\r\n\r\n<p>Division 3: 1700 SEK (1200 SEK*)<\/p>\r\n\r\n\r\n\r\n<p>Division 2: 2000 SEK (1500 SEK*)<\/p>\r\n\r\n\r\n\r\n<p>Division 1: 2200 SEK (1700 SEK*)<\/p>\r\n<p>Lagskoning Ardenner: 3000 SEK (2500 SEK*)<\/p>\r\n<p>*) SHF-medlem<\/p>\r\n<p>&nbsp;<\/p>\r\n<p>\r\n\r\n<\/p>\r\n\r\n\r\n\r\n\r\n\r\n\r\n\r\n\r\n\r\n\r\n\r\n\r\n\r\n<p class=\"has-medium-font-size\"><strong>Priser \u00e4r exklusive moms.<\/strong><\/p>\r\n\r\n\r\n<hr class=\"wp-block-separator\" \/>\r\n\r\n\r\n<p><a href=\"https:\/\/i0.wp.com\/hovslagareforeningen.se\/wp-content\/uploads\/2022\/05\/190th-MUSTAD.jpg?ssl=1\"><img data-recalc-dims=\"1\" loading=\"lazy\" decoding=\"async\" class=\"alignnone  wp-image-5311\" src=\"https:\/\/i0.wp.com\/hovslagareforeningen.se\/wp-content\/uploads\/2022\/05\/190th-MUSTAD.jpg?resize=635%2C301&#038;ssl=1\" alt=\"\" width=\"635\" height=\"301\" srcset=\"https:\/\/i0.wp.com\/hovslagareforeningen.se\/wp-content\/uploads\/2022\/05\/190th-MUSTAD.jpg?w=1924&amp;ssl=1 1924w, https:\/\/i0.wp.com\/hovslagareforeningen.se\/wp-content\/uploads\/2022\/05\/190th-MUSTAD.jpg?resize=300%2C142&amp;ssl=1 300w, https:\/\/i0.wp.com\/hovslagareforeningen.se\/wp-content\/uploads\/2022\/05\/190th-MUSTAD.jpg?resize=1024%2C485&amp;ssl=1 1024w, https:\/\/i0.wp.com\/hovslagareforeningen.se\/wp-content\/uploads\/2022\/05\/190th-MUSTAD.jpg?resize=768%2C364&amp;ssl=1 768w, https:\/\/i0.wp.com\/hovslagareforeningen.se\/wp-content\/uploads\/2022\/05\/190th-MUSTAD.jpg?resize=800%2C379&amp;ssl=1 800w, https:\/\/i0.wp.com\/hovslagareforeningen.se\/wp-content\/uploads\/2022\/05\/190th-MUSTAD.jpg?resize=600%2C284&amp;ssl=1 600w, https:\/\/i0.wp.com\/hovslagareforeningen.se\/wp-content\/uploads\/2022\/05\/190th-MUSTAD.jpg?resize=1536%2C728&amp;ssl=1 1536w\" sizes=\"auto, (max-width: 635px) 100vw, 635px\" \/><\/a><\/p>\r\n<h1 class=\"wp-block-heading\">Open Swedish Championships in farrier, 23-25 September at Flyinge<\/h1>\r\n<p>The Swedish Championships are organized in connection with, Nordic hoof summit, three days with lectures and inspiration.<\/p>\r\n<p>There will also be team shoeing competition, Ardenner,\u00a0 max 4 Teams.<\/p>\r\n<hr \/>\r\n<h1>Start lists &#8212;&gt; <a href=\"https:\/\/hovslagareforeningen.se\/wp-content\/uploads\/2022\/09\/Startlistor_hovslagar_SM_2022_NY_.pdf\">LINK<\/a><\/h1>\r\n<hr \/>\r\n<h2>AUKTION &#8212;&gt; <a href=\"https:\/\/hovslagareforeningen.se\/en\/auktion-sm-2022\/\">LINK<\/a>\u00a0 *new auction items have arrived!<\/h2>\r\n<h2>Program &#8212;&gt; <a href=\"https:\/\/hovslagareforeningen.se\/en\/program-sm-2022\/\">LINK<\/a><\/h2>\r\n<h2><del>Registration &#8212;&gt; <a href=\"http:\/\/www.farrierportal.com\/event\/open-swedish-championship\/\">MUSTAD FARRIER PORTAL<\/a><\/del><\/h2>\r\n<h3>Judges: Aksel Vibe, Norway &amp; Niklas Pettersson Sweden.<\/h3>\r\n<h2>Hotel &amp; more info &#8212;&gt; <a href=\"https:\/\/hovslagareforeningen.se\/en\/hotell-mer-info\/\">LINK<\/a><\/h2>\r\n<h1><br \/>Shoes &#8212;&gt; <a href=\"https:\/\/hovslagareforeningen.se\/en\/sm-2022-skor\/\">LINK<\/a><\/h1>\r\n<p>&nbsp;<\/p>\r\n<p><strong>Registration fees:<\/strong><\/p>\r\n<p>Division 3: 1700 SEK (1200 SEK *)<\/p>\r\n<p>Division 2: 2000 SEK (1500 SEK *)<\/p>\r\n<p>Division 1: 2200 SEK (1700 SEK *)\u00a0<\/p>\r\n<p>Lagskoning Ardenner: 3000 SEK (2500 SEK*)<\/p>\r\n<p>*) SHF-member<\/p>\r\n<p>&nbsp;<\/p>\r\n<p><br \/>Prices are without Swedish VAT, 25%.<\/p>\r\n<p>(VAT will be added according to Swedish law)<\/p>\r\n<p>&nbsp;<\/p>\r\n\r\n\r\n\r\n<p>&nbsp;<\/p>","protected":false},"excerpt":{"rendered":"<p>Domare: Aksel Vibe, Norge &amp; Niklas Pettersson Sverige. &nbsp; Skor &#8212;&gt; L\u00c4NK &nbsp; Anm\u00e4lningsavgifter\/Registration fees: Division 3: 1700 SEK (1200 SEK*) Division 2: 2000 SEK (1500 SEK*) Division 1: 2200 [&hellip;]<\/p>\n","protected":false},"author":399,"featured_media":0,"parent":0,"menu_order":0,"comment_status":"closed","ping_status":"closed","template":"","meta":{"_EventAllDay":false,"_EventTimezone":"","_EventStartDate":"","_EventEndDate":"","_EventStartDateUTC":"","_EventEndDateUTC":"","_EventShowMap":false,"_EventShowMapLink":false,"_EventURL":"","_EventCost":"","_EventCostDescription":"","_EventCurrencySymbol":"","_EventCurrencyCode":"","_EventCurrencyPosition":"","_EventDateTimeSeparator":"","_EventTimeRangeSeparator":"","_EventOrganizerID":[],"_EventVenueID":[],"_OrganizerEmail":"","_OrganizerPhone":"","_OrganizerWebsite":"","_VenueAddress":"","_VenueCity":"","_VenueCountry":"","_VenueProvince":"","_VenueState":"","_VenueZip":"","_VenuePhone":"","_VenueURL":"","_VenueStateProvince":"","_VenueLat":"","_VenueLng":"","_VenueShowMap":false,"_VenueShowMapLink":false,"footnotes":""},"class_list":["post-5324","page","type-page","status-publish","hentry"],"blocksy_meta":[],"yoast_head":"<!-- This site is optimized with the Yoast SEO plugin v27.6 - https:\/\/yoast.com\/product\/yoast-seo-wordpress\/ -->\n<title>Open Swedish Championship 2022 - Svenska Hovslagaref\u00f6reningen<\/title>\n<meta name=\"robots\" content=\"index, follow, max-snippet:-1, max-image-preview:large, max-video-preview:-1\" \/>\n<link rel=\"canonical\" href=\"https:\/\/hovslagareforeningen.se\/en\/open-swedish-championship-2022\/\" \/>\n<meta property=\"og:locale\" content=\"en_GB\" \/>\n<meta property=\"og:type\" content=\"article\" \/>\n<meta property=\"og:title\" content=\"Open Swedish Championship 2022 - Svenska Hovslagaref\u00f6reningen\" \/>\n<meta property=\"og:description\" content=\"Domare: Aksel Vibe, Norge &amp; Niklas Pettersson Sverige. &nbsp; Skor &#8212;&gt; L\u00c4NK &nbsp; Anm\u00e4lningsavgifter\/Registration fees: Division 3: 1700 SEK (1200 SEK*) Division 2: 2000 SEK (1500 SEK*) Division 1: 2200 [&hellip;]\" \/>\n<meta property=\"og:url\" content=\"https:\/\/hovslagareforeningen.se\/en\/open-swedish-championship-2022\/\" \/>\n<meta property=\"og:site_name\" content=\"Svenska Hovslagaref\u00f6reningen\" \/>\n<meta property=\"article:publisher\" content=\"https:\/\/www.facebook.com\/SvenskaHovslagareforeningen\" \/>\n<meta property=\"article:modified_time\" content=\"2022-10-08T12:28:10+00:00\" \/>\n<meta property=\"og:image\" content=\"https:\/\/hovslagareforeningen.se\/wp-content\/uploads\/2022\/05\/190th-MUSTAD.jpg\" \/>\n<meta name=\"twitter:card\" content=\"summary_large_image\" \/>\n<meta name=\"twitter:label1\" content=\"Estimated reading time\" \/>\n\t<meta name=\"twitter:data1\" content=\"1 minute\" \/>\n<script type=\"application\/ld+json\" class=\"yoast-schema-graph\">{\"@context\":\"https:\\\/\\\/schema.org\",\"@graph\":[{\"@type\":\"WebPage\",\"@id\":\"https:\\\/\\\/hovslagareforeningen.se\\\/open-swedish-championship-2022\\\/\",\"url\":\"https:\\\/\\\/hovslagareforeningen.se\\\/open-swedish-championship-2022\\\/\",\"name\":\"Open Swedish Championship 2022 - Svenska Hovslagaref\u00f6reningen\",\"isPartOf\":{\"@id\":\"https:\\\/\\\/hovslagareforeningen.se\\\/#website\"},\"primaryImageOfPage\":{\"@id\":\"https:\\\/\\\/hovslagareforeningen.se\\\/open-swedish-championship-2022\\\/#primaryimage\"},\"image\":{\"@id\":\"https:\\\/\\\/hovslagareforeningen.se\\\/open-swedish-championship-2022\\\/#primaryimage\"},\"thumbnailUrl\":\"https:\\\/\\\/hovslagareforeningen.se\\\/wp-content\\\/uploads\\\/2022\\\/05\\\/190th-MUSTAD.jpg\",\"datePublished\":\"2022-06-16T16:34:14+00:00\",\"dateModified\":\"2022-10-08T12:28:10+00:00\",\"breadcrumb\":{\"@id\":\"https:\\\/\\\/hovslagareforeningen.se\\\/open-swedish-championship-2022\\\/#breadcrumb\"},\"inLanguage\":\"en-GB\",\"potentialAction\":[{\"@type\":\"ReadAction\",\"target\":[\"https:\\\/\\\/hovslagareforeningen.se\\\/open-swedish-championship-2022\\\/\"]}]},{\"@type\":\"ImageObject\",\"inLanguage\":\"en-GB\",\"@id\":\"https:\\\/\\\/hovslagareforeningen.se\\\/open-swedish-championship-2022\\\/#primaryimage\",\"url\":\"https:\\\/\\\/hovslagareforeningen.se\\\/wp-content\\\/uploads\\\/2022\\\/05\\\/190th-MUSTAD.jpg\",\"contentUrl\":\"https:\\\/\\\/hovslagareforeningen.se\\\/wp-content\\\/uploads\\\/2022\\\/05\\\/190th-MUSTAD.jpg\"},{\"@type\":\"BreadcrumbList\",\"@id\":\"https:\\\/\\\/hovslagareforeningen.se\\\/open-swedish-championship-2022\\\/#breadcrumb\",\"itemListElement\":[{\"@type\":\"ListItem\",\"position\":1,\"name\":\"Hem\",\"item\":\"https:\\\/\\\/hovslagareforeningen.se\\\/\"},{\"@type\":\"ListItem\",\"position\":2,\"name\":\"Open Swedish Championship 2022\"}]},{\"@type\":\"WebSite\",\"@id\":\"https:\\\/\\\/hovslagareforeningen.se\\\/#website\",\"url\":\"https:\\\/\\\/hovslagareforeningen.se\\\/\",\"name\":\"Svenska Hovslagaref\u00f6reningen\",\"description\":\"\",\"publisher\":{\"@id\":\"https:\\\/\\\/hovslagareforeningen.se\\\/#organization\"},\"potentialAction\":[{\"@type\":\"SearchAction\",\"target\":{\"@type\":\"EntryPoint\",\"urlTemplate\":\"https:\\\/\\\/hovslagareforeningen.se\\\/?s={search_term_string}\"},\"query-input\":{\"@type\":\"PropertyValueSpecification\",\"valueRequired\":true,\"valueName\":\"search_term_string\"}}],\"inLanguage\":\"en-GB\"},{\"@type\":\"Organization\",\"@id\":\"https:\\\/\\\/hovslagareforeningen.se\\\/#organization\",\"name\":\"Svenska Hovslagaref\u00f6reningen\",\"url\":\"https:\\\/\\\/hovslagareforeningen.se\\\/\",\"logo\":{\"@type\":\"ImageObject\",\"inLanguage\":\"en-GB\",\"@id\":\"https:\\\/\\\/hovslagareforeningen.se\\\/#\\\/schema\\\/logo\\\/image\\\/\",\"url\":\"https:\\\/\\\/i0.wp.com\\\/hovslagareforeningen.se\\\/wp-content\\\/uploads\\\/2025\\\/12\\\/SHF-logo.png?fit=594%2C558&ssl=1\",\"contentUrl\":\"https:\\\/\\\/i0.wp.com\\\/hovslagareforeningen.se\\\/wp-content\\\/uploads\\\/2025\\\/12\\\/SHF-logo.png?fit=594%2C558&ssl=1\",\"width\":594,\"height\":558,\"caption\":\"Svenska Hovslagaref\u00f6reningen\"},\"image\":{\"@id\":\"https:\\\/\\\/hovslagareforeningen.se\\\/#\\\/schema\\\/logo\\\/image\\\/\"},\"sameAs\":[\"https:\\\/\\\/www.facebook.com\\\/SvenskaHovslagareforeningen\",\"https:\\\/\\\/www.instagram.com\\\/svenska_hovslagareforeningen\"]}]}<\/script>\n<!-- \/ Yoast SEO plugin. -->","yoast_head_json":{"title":"Open Swedish Championship 2022 - Svenska Hovslagaref\u00f6reningen","robots":{"index":"index","follow":"follow","max-snippet":"max-snippet:-1","max-image-preview":"max-image-preview:large","max-video-preview":"max-video-preview:-1"},"canonical":"https:\/\/hovslagareforeningen.se\/en\/open-swedish-championship-2022\/","og_locale":"en_GB","og_type":"article","og_title":"Open Swedish Championship 2022 - Svenska Hovslagaref\u00f6reningen","og_description":"Domare: Aksel Vibe, Norge &amp; Niklas Pettersson Sverige. &nbsp; Skor &#8212;&gt; L\u00c4NK &nbsp; Anm\u00e4lningsavgifter\/Registration fees: Division 3: 1700 SEK (1200 SEK*) Division 2: 2000 SEK (1500 SEK*) Division 1: 2200 [&hellip;]","og_url":"https:\/\/hovslagareforeningen.se\/en\/open-swedish-championship-2022\/","og_site_name":"Svenska Hovslagaref\u00f6reningen","article_publisher":"https:\/\/www.facebook.com\/SvenskaHovslagareforeningen","article_modified_time":"2022-10-08T12:28:10+00:00","og_image":[{"url":"https:\/\/hovslagareforeningen.se\/wp-content\/uploads\/2022\/05\/190th-MUSTAD.jpg","type":"","width":"","height":""}],"twitter_card":"summary_large_image","twitter_misc":{"Estimated reading time":"1 minute"},"schema":{"@context":"https:\/\/schema.org","@graph":[{"@type":"WebPage","@id":"https:\/\/hovslagareforeningen.se\/open-swedish-championship-2022\/","url":"https:\/\/hovslagareforeningen.se\/open-swedish-championship-2022\/","name":"Open Swedish Championship 2022 - Svenska Hovslagaref\u00f6reningen","isPartOf":{"@id":"https:\/\/hovslagareforeningen.se\/#website"},"primaryImageOfPage":{"@id":"https:\/\/hovslagareforeningen.se\/open-swedish-championship-2022\/#primaryimage"},"image":{"@id":"https:\/\/hovslagareforeningen.se\/open-swedish-championship-2022\/#primaryimage"},"thumbnailUrl":"https:\/\/hovslagareforeningen.se\/wp-content\/uploads\/2022\/05\/190th-MUSTAD.jpg","datePublished":"2022-06-16T16:34:14+00:00","dateModified":"2022-10-08T12:28:10+00:00","breadcrumb":{"@id":"https:\/\/hovslagareforeningen.se\/open-swedish-championship-2022\/#breadcrumb"},"inLanguage":"en-GB","potentialAction":[{"@type":"ReadAction","target":["https:\/\/hovslagareforeningen.se\/open-swedish-championship-2022\/"]}]},{"@type":"ImageObject","inLanguage":"en-GB","@id":"https:\/\/hovslagareforeningen.se\/open-swedish-championship-2022\/#primaryimage","url":"https:\/\/hovslagareforeningen.se\/wp-content\/uploads\/2022\/05\/190th-MUSTAD.jpg","contentUrl":"https:\/\/hovslagareforeningen.se\/wp-content\/uploads\/2022\/05\/190th-MUSTAD.jpg"},{"@type":"BreadcrumbList","@id":"https:\/\/hovslagareforeningen.se\/open-swedish-championship-2022\/#breadcrumb","itemListElement":[{"@type":"ListItem","position":1,"name":"Hem","item":"https:\/\/hovslagareforeningen.se\/"},{"@type":"ListItem","position":2,"name":"Open Swedish Championship 2022"}]},{"@type":"WebSite","@id":"https:\/\/hovslagareforeningen.se\/#website","url":"https:\/\/hovslagareforeningen.se\/","name":"Svenska Hovslagaref\u00f6reningen","description":"","publisher":{"@id":"https:\/\/hovslagareforeningen.se\/#organization"},"potentialAction":[{"@type":"SearchAction","target":{"@type":"EntryPoint","urlTemplate":"https:\/\/hovslagareforeningen.se\/?s={search_term_string}"},"query-input":{"@type":"PropertyValueSpecification","valueRequired":true,"valueName":"search_term_string"}}],"inLanguage":"en-GB"},{"@type":"Organization","@id":"https:\/\/hovslagareforeningen.se\/#organization","name":"Svenska Hovslagaref\u00f6reningen","url":"https:\/\/hovslagareforeningen.se\/","logo":{"@type":"ImageObject","inLanguage":"en-GB","@id":"https:\/\/hovslagareforeningen.se\/#\/schema\/logo\/image\/","url":"https:\/\/i0.wp.com\/hovslagareforeningen.se\/wp-content\/uploads\/2025\/12\/SHF-logo.png?fit=594%2C558&ssl=1","contentUrl":"https:\/\/i0.wp.com\/hovslagareforeningen.se\/wp-content\/uploads\/2025\/12\/SHF-logo.png?fit=594%2C558&ssl=1","width":594,"height":558,"caption":"Svenska Hovslagaref\u00f6reningen"},"image":{"@id":"https:\/\/hovslagareforeningen.se\/#\/schema\/logo\/image\/"},"sameAs":["https:\/\/www.facebook.com\/SvenskaHovslagareforeningen","https:\/\/www.instagram.com\/svenska_hovslagareforeningen"]}]}},"jetpack_sharing_enabled":true,"_links":{"self":[{"href":"https:\/\/hovslagareforeningen.se\/en\/wp-json\/wp\/v2\/pages\/5324","targetHints":{"allow":["GET"]}}],"collection":[{"href":"https:\/\/hovslagareforeningen.se\/en\/wp-json\/wp\/v2\/pages"}],"about":[{"href":"https:\/\/hovslagareforeningen.se\/en\/wp-json\/wp\/v2\/types\/page"}],"author":[{"embeddable":true,"href":"https:\/\/hovslagareforeningen.se\/en\/wp-json\/wp\/v2\/users\/399"}],"replies":[{"embeddable":true,"href":"https:\/\/hovslagareforeningen.se\/en\/wp-json\/wp\/v2\/comments?post=5324"}],"version-history":[{"count":0,"href":"https:\/\/hovslagareforeningen.se\/en\/wp-json\/wp\/v2\/pages\/5324\/revisions"}],"wp:attachment":[{"href":"https:\/\/hovslagareforeningen.se\/en\/wp-json\/wp\/v2\/media?parent=5324"}],"curies":[{"name":"wp","href":"https:\/\/api.w.org\/{rel}","templated":true}]}}