{"id":542,"date":"2013-10-24T15:44:22","date_gmt":"2013-10-24T13:44:22","guid":{"rendered":"http:\/\/hovslagar14.84.vildmarksdata.net\/?page_id=542"},"modified":"2024-04-16T13:56:43","modified_gmt":"2024-04-16T11:56:43","slug":"godkand-hovslagare","status":"publish","type":"page","link":"https:\/\/hovslagareforeningen.se\/en\/godkand-hovslagare\/","title":{"rendered":"Godk\u00e4nd hovslagare"},"content":{"rendered":"<h3>Godk\u00e4nd hovslagare<\/h3>\n<p>Den 1 januari 2010 fick Sverige en ny beh\u00f6righetslag. Lagen inneb\u00e4r bland annat att det kr\u00e4vs legitimering eller godk\u00e4nnande\u00a0f\u00f6r fler yrkesgrupper som arbetar inom djurens h\u00e4lso- och sjukv\u00e5rd. Av jordbruksverket godk\u00e4nda hovslagare ing\u00e5r i djurh\u00e4lsopersonalen.<\/p>\n<p>En godk\u00e4nd hovslagare arbetar med friska och sjuka h\u00e4star. Han\/ hon m\u00e5ste f\u00f6lja regler om journalf\u00f6ring, intygsskrivande, anm\u00e4lningsplikt mm. Godk\u00e4nd hovslagare pr\u00f6vas av Ansvarsn\u00e4mnden f\u00f6r djurens h\u00e4lso- och sjukv\u00e5rd, om djur\u00e4garen anser att ett fel i yrkesut\u00f6vandet har beg\u00e5tts och v\u00e4ljer att anm\u00e4la.<\/p>\n<p><a title=\"Journalf\u00f6ring\" href=\"https:\/\/hovslagareforeningen.se\/en\/godkand-hovslagare\/journalforing\/\">Om journalf\u00f6ring<\/a><\/p>\n<p>&nbsp;<\/p>\n<h3>Hovslagare utan godk\u00e4nnande<\/h3>\n<p>Man f\u00e5r arbeta som hovslagare utan att vara godk\u00e4nd. D\u00e5 omfattas man av behandlingsf\u00f6rbudet. Behandlingsf\u00f6rbudet s\u00e4tter gr\u00e4nser f\u00f6r vad man f\u00e5r g\u00f6ra. Hovslagaren har ansvar f\u00f6r de behandlingar han\/ hon utf\u00f6r. Hovslagaren utan godk\u00e4nnande pr\u00f6vas av allm\u00e4n domstol enligt djurskyddslagstiftningen om n\u00e5got g\u00e5r fel vid en behandling.<\/p>\n<p>&nbsp;<\/p>\n<p><strong>Sedering\/lugnande medel<\/strong><\/p>\n<p>Sedan lagen om djurh\u00e4lsopersonal kom till (1 januari 2010) har Svenska Hovslagaref\u00f6reningen p\u00e5 m\u00f6ten med Jordbruksverket p\u00e5talat det orimliga i att man m\u00e5ste vara godk\u00e4nd hovslagare f\u00f6r att f\u00e5 arbeta med h\u00e4star som har f\u00e5tt lugnande medel (sedering). H\u00f6sten 2013 beslutade Jordbruksverket att g\u00f6ra om en del f\u00f6reskrifter ang\u00e5ende djurh\u00e4lsopersonalen. D\u00e5 beslutades \u00e4ven att \u00e4ndra beslutet om sedering. Den 1 januari 2014 b\u00f6rjade den nya f\u00f6reskriften att g\u00e4lla. Detta inneb\u00e4r att vi alla utan att bryta mot lagen kan sko h\u00e4star som har f\u00e5tt lugnande medel (sedering).<\/p>\n<p><strong>S\u00f6vning\/lokalbed\u00f6vning<\/strong><\/p>\n<p>D\u00e4remot finns f\u00f6rbudet kvar att arbeta med h\u00e4star under allm\u00e4n eller lokalbed\u00f6vning vilket betyder att h\u00e4sten \u00e4r s\u00f6vd eller har f\u00e5tt en bed\u00f6vningsspruta lokalt som tar bort sm\u00e4rtan. N\u00e4r lagen kom till beslutades om \u00f6verg\u00e5ngsregler som skulle vara i fem \u00e5r. Under den tid skulle \u00e4ven hovslagare utan godk\u00e4nnande kunna jobba med s\u00f6vda eller bed\u00f6vade h\u00e4star. Detta under f\u00f6ruts\u00e4ttning att personen har reell kompetens f\u00f6r uppgiften, har varit yrkesverksam under minst tre \u00e5r innan 1 januari 2010 samt att veterin\u00e4ren finns p\u00e5 plats och kan ingripa vid komplikationer. Denna behandling sker p\u00e5 veterin\u00e4rens ansvar.<\/p>\n<p>MEN\u2026 den 1 januari 2015 f\u00f6rsvann \u00f6verg\u00e5ngsreglerna och d\u00e5 M\u00c5STE man vara godk\u00e4nd f\u00f6r att f\u00e5 arbeta med s\u00f6vda eller bed\u00f6vade h\u00e4star.<\/p>\n<p>Allts\u00e5:<\/p>\n<p>Sederade(lugnande medel) h\u00e4star f\u00e5r alla hovslagare arbeta med (g\u00e4ller fr\u00e5n 1 januari 2014).<\/p>\n<p>S\u00f6vda eller bed\u00f6vade h\u00e4star f\u00e5r enbart godk\u00e4nda hovslagare arbeta med (g\u00e4ller fr\u00e5n den 1 januari 2015). Se texten om \u00f6verg\u00e5ngsregeln ovan.<\/p>\n<p>&nbsp;<\/p>\n<p>Behandlingsf\u00f6rbudet inneb\u00e4r att en icke godk\u00e4nd hovslagare f\u00e5r sko och verka h\u00e4star men inte behandla djur som \u00e4r s\u00f6vda eller bed\u00f6vade, misst\u00e4nks ha en epizooti eller zoonos, utf\u00f6ra operativa ingrepp eller utf\u00f6ra behandlingar som orsakar djuret ett inte obetydligt lidande.<\/p>\n<p>&nbsp;<\/p>\n<p>L\u00e4nkar:<\/p>\n<p><a title=\"Godk\u00e4nda hovslagare i Sverige\" href=\"https:\/\/jordbruksverket.se\/djur\/lantbruksdjur-och-hastar\/hastar\/godkanda-hovslagare\" target=\"_blank\" rel=\"noopener noreferrer\">Godk\u00e4nda hovslagare i Sverige<\/a><\/p>\n<p><a title=\"F\u00f6reskrifter och allm\u00e4nna r\u00e5d f\u00f6r djurh\u00e4lsopersonal\" href=\"https:\/\/jordbruksverket.se\/djur\/personal-inom-djurens-halso--och-sjukvard\" target=\"_blank\" rel=\"noopener noreferrer\">F\u00f6reskrifter och allm\u00e4nna r\u00e5d f\u00f6r djurh\u00e4lsopersonal<\/a><\/p>\n<p><a title=\"Beh\u00f6righetslagen\" href=\"https:\/\/www.lansstyrelsen.se\/vastra-gotaland\/djur\/djur-i-verksamheten\/djurhalsopersonal.html\" target=\"_blank\" rel=\"noopener noreferrer\">L\u00e4nsstyrelsen djurh\u00e4lsopersonal<\/a><\/p>\n<p><a title=\"Jordbruksverket\" href=\"http:\/\/www.jordbruksverket.se\" target=\"_blank\" rel=\"noopener noreferrer\">Jordbruksverket<\/a><\/p>\n<p>&nbsp;<\/p>\n<h3>Ordlista<\/h3>\n<table border=\"1\" cellspacing=\"0\" cellpadding=\"0\">\n<tbody>\n<tr>\n<td valign=\"top\" width=\"307\">Epizooti<\/td>\n<td valign=\"top\" width=\"307\">Epizooti \u00e4r en utbredd spridning av en allvarlig, \u00a0 smittsam djursjukdom. Epizootilagen omfattar bland annat mul- och kl\u00f6vsjuka och \u00a0 BSE.<\/td>\n<\/tr>\n<tr>\n<td valign=\"top\" width=\"307\">Zoonos<\/td>\n<td valign=\"top\" width=\"307\">Zoonos \u00e4r en sjukdom som sprids mellan m\u00e4nniskor och djur. \u00a0 Exempel p\u00e5 s\u00e5dan sjukdom \u00e4r tuberkolos och rabies.<\/td>\n<\/tr>\n<\/tbody>\n<\/table>","protected":false},"excerpt":{"rendered":"<p>Godk\u00e4nd hovslagare Den 1 januari 2010 fick Sverige en ny beh\u00f6righetslag. Lagen inneb\u00e4r bland annat att det kr\u00e4vs legitimering eller godk\u00e4nnande\u00a0f\u00f6r fler yrkesgrupper som arbetar inom djurens h\u00e4lso- och sjukv\u00e5rd. [&hellip;]<\/p>\n","protected":false},"author":399,"featured_media":0,"parent":0,"menu_order":0,"comment_status":"closed","ping_status":"closed","template":"","meta":{"_EventAllDay":false,"_EventTimezone":"","_EventStartDate":"","_EventEndDate":"","_EventStartDateUTC":"","_EventEndDateUTC":"","_EventShowMap":false,"_EventShowMapLink":false,"_EventURL":"","_EventCost":"","_EventCostDescription":"","_EventCurrencySymbol":"","_EventCurrencyCode":"","_EventCurrencyPosition":"","_EventDateTimeSeparator":"","_EventTimeRangeSeparator":"","_EventOrganizerID":[],"_EventVenueID":[],"_OrganizerEmail":"","_OrganizerPhone":"","_OrganizerWebsite":"","_VenueAddress":"","_VenueCity":"","_VenueCountry":"","_VenueProvince":"","_VenueState":"","_VenueZip":"","_VenuePhone":"","_VenueURL":"","_VenueStateProvince":"","_VenueLat":"","_VenueLng":"","_VenueShowMap":false,"_VenueShowMapLink":false,"footnotes":""},"class_list":["post-542","page","type-page","status-publish","hentry"],"blocksy_meta":[],"yoast_head":"<!-- This site is optimized with the Yoast SEO plugin v27.5 - https:\/\/yoast.com\/product\/yoast-seo-wordpress\/ -->\n<title>Godk\u00e4nd hovslagare - Svenska Hovslagaref\u00f6reningen<\/title>\n<meta name=\"robots\" content=\"index, follow, max-snippet:-1, max-image-preview:large, max-video-preview:-1\" \/>\n<link rel=\"canonical\" href=\"https:\/\/hovslagareforeningen.se\/en\/godkand-hovslagare\/\" \/>\n<meta property=\"og:locale\" content=\"en_GB\" \/>\n<meta property=\"og:type\" content=\"article\" \/>\n<meta property=\"og:title\" content=\"Godk\u00e4nd hovslagare - Svenska Hovslagaref\u00f6reningen\" \/>\n<meta property=\"og:description\" content=\"Godk\u00e4nd hovslagare Den 1 januari 2010 fick Sverige en ny beh\u00f6righetslag. Lagen inneb\u00e4r bland annat att det kr\u00e4vs legitimering eller godk\u00e4nnande\u00a0f\u00f6r fler yrkesgrupper som arbetar inom djurens h\u00e4lso- och sjukv\u00e5rd. [&hellip;]\" \/>\n<meta property=\"og:url\" content=\"https:\/\/hovslagareforeningen.se\/en\/godkand-hovslagare\/\" \/>\n<meta property=\"og:site_name\" content=\"Svenska Hovslagaref\u00f6reningen\" \/>\n<meta property=\"article:publisher\" content=\"https:\/\/www.facebook.com\/SvenskaHovslagareforeningen\" \/>\n<meta property=\"article:modified_time\" content=\"2024-04-16T11:56:43+00:00\" \/>\n<meta name=\"twitter:card\" content=\"summary_large_image\" \/>\n<meta name=\"twitter:label1\" content=\"Estimated reading time\" \/>\n\t<meta name=\"twitter:data1\" content=\"3 minutes\" \/>\n<script type=\"application\/ld+json\" class=\"yoast-schema-graph\">{\"@context\":\"https:\\\/\\\/schema.org\",\"@graph\":[{\"@type\":\"WebPage\",\"@id\":\"https:\\\/\\\/hovslagareforeningen.se\\\/godkand-hovslagare\\\/\",\"url\":\"https:\\\/\\\/hovslagareforeningen.se\\\/godkand-hovslagare\\\/\",\"name\":\"Godk\u00e4nd hovslagare - Svenska Hovslagaref\u00f6reningen\",\"isPartOf\":{\"@id\":\"https:\\\/\\\/hovslagareforeningen.se\\\/#website\"},\"datePublished\":\"2013-10-24T13:44:22+00:00\",\"dateModified\":\"2024-04-16T11:56:43+00:00\",\"breadcrumb\":{\"@id\":\"https:\\\/\\\/hovslagareforeningen.se\\\/godkand-hovslagare\\\/#breadcrumb\"},\"inLanguage\":\"en-GB\",\"potentialAction\":[{\"@type\":\"ReadAction\",\"target\":[\"https:\\\/\\\/hovslagareforeningen.se\\\/godkand-hovslagare\\\/\"]}]},{\"@type\":\"BreadcrumbList\",\"@id\":\"https:\\\/\\\/hovslagareforeningen.se\\\/godkand-hovslagare\\\/#breadcrumb\",\"itemListElement\":[{\"@type\":\"ListItem\",\"position\":1,\"name\":\"Hem\",\"item\":\"https:\\\/\\\/hovslagareforeningen.se\\\/\"},{\"@type\":\"ListItem\",\"position\":2,\"name\":\"Godk\u00e4nd hovslagare\"}]},{\"@type\":\"WebSite\",\"@id\":\"https:\\\/\\\/hovslagareforeningen.se\\\/#website\",\"url\":\"https:\\\/\\\/hovslagareforeningen.se\\\/\",\"name\":\"Svenska Hovslagaref\u00f6reningen\",\"description\":\"\",\"publisher\":{\"@id\":\"https:\\\/\\\/hovslagareforeningen.se\\\/#organization\"},\"potentialAction\":[{\"@type\":\"SearchAction\",\"target\":{\"@type\":\"EntryPoint\",\"urlTemplate\":\"https:\\\/\\\/hovslagareforeningen.se\\\/?s={search_term_string}\"},\"query-input\":{\"@type\":\"PropertyValueSpecification\",\"valueRequired\":true,\"valueName\":\"search_term_string\"}}],\"inLanguage\":\"en-GB\"},{\"@type\":\"Organization\",\"@id\":\"https:\\\/\\\/hovslagareforeningen.se\\\/#organization\",\"name\":\"Svenska Hovslagaref\u00f6reningen\",\"url\":\"https:\\\/\\\/hovslagareforeningen.se\\\/\",\"logo\":{\"@type\":\"ImageObject\",\"inLanguage\":\"en-GB\",\"@id\":\"https:\\\/\\\/hovslagareforeningen.se\\\/#\\\/schema\\\/logo\\\/image\\\/\",\"url\":\"https:\\\/\\\/i0.wp.com\\\/hovslagareforeningen.se\\\/wp-content\\\/uploads\\\/2025\\\/12\\\/SHF-logo.png?fit=594%2C558&ssl=1\",\"contentUrl\":\"https:\\\/\\\/i0.wp.com\\\/hovslagareforeningen.se\\\/wp-content\\\/uploads\\\/2025\\\/12\\\/SHF-logo.png?fit=594%2C558&ssl=1\",\"width\":594,\"height\":558,\"caption\":\"Svenska Hovslagaref\u00f6reningen\"},\"image\":{\"@id\":\"https:\\\/\\\/hovslagareforeningen.se\\\/#\\\/schema\\\/logo\\\/image\\\/\"},\"sameAs\":[\"https:\\\/\\\/www.facebook.com\\\/SvenskaHovslagareforeningen\",\"https:\\\/\\\/www.instagram.com\\\/svenska_hovslagareforeningen\"]}]}<\/script>\n<!-- \/ Yoast SEO plugin. -->","yoast_head_json":{"title":"Godk\u00e4nd hovslagare - Svenska Hovslagaref\u00f6reningen","robots":{"index":"index","follow":"follow","max-snippet":"max-snippet:-1","max-image-preview":"max-image-preview:large","max-video-preview":"max-video-preview:-1"},"canonical":"https:\/\/hovslagareforeningen.se\/en\/godkand-hovslagare\/","og_locale":"en_GB","og_type":"article","og_title":"Godk\u00e4nd hovslagare - Svenska Hovslagaref\u00f6reningen","og_description":"Godk\u00e4nd hovslagare Den 1 januari 2010 fick Sverige en ny beh\u00f6righetslag. Lagen inneb\u00e4r bland annat att det kr\u00e4vs legitimering eller godk\u00e4nnande\u00a0f\u00f6r fler yrkesgrupper som arbetar inom djurens h\u00e4lso- och sjukv\u00e5rd. [&hellip;]","og_url":"https:\/\/hovslagareforeningen.se\/en\/godkand-hovslagare\/","og_site_name":"Svenska Hovslagaref\u00f6reningen","article_publisher":"https:\/\/www.facebook.com\/SvenskaHovslagareforeningen","article_modified_time":"2024-04-16T11:56:43+00:00","twitter_card":"summary_large_image","twitter_misc":{"Estimated reading time":"3 minutes"},"schema":{"@context":"https:\/\/schema.org","@graph":[{"@type":"WebPage","@id":"https:\/\/hovslagareforeningen.se\/godkand-hovslagare\/","url":"https:\/\/hovslagareforeningen.se\/godkand-hovslagare\/","name":"Godk\u00e4nd hovslagare - Svenska Hovslagaref\u00f6reningen","isPartOf":{"@id":"https:\/\/hovslagareforeningen.se\/#website"},"datePublished":"2013-10-24T13:44:22+00:00","dateModified":"2024-04-16T11:56:43+00:00","breadcrumb":{"@id":"https:\/\/hovslagareforeningen.se\/godkand-hovslagare\/#breadcrumb"},"inLanguage":"en-GB","potentialAction":[{"@type":"ReadAction","target":["https:\/\/hovslagareforeningen.se\/godkand-hovslagare\/"]}]},{"@type":"BreadcrumbList","@id":"https:\/\/hovslagareforeningen.se\/godkand-hovslagare\/#breadcrumb","itemListElement":[{"@type":"ListItem","position":1,"name":"Hem","item":"https:\/\/hovslagareforeningen.se\/"},{"@type":"ListItem","position":2,"name":"Godk\u00e4nd hovslagare"}]},{"@type":"WebSite","@id":"https:\/\/hovslagareforeningen.se\/#website","url":"https:\/\/hovslagareforeningen.se\/","name":"Svenska Hovslagaref\u00f6reningen","description":"","publisher":{"@id":"https:\/\/hovslagareforeningen.se\/#organization"},"potentialAction":[{"@type":"SearchAction","target":{"@type":"EntryPoint","urlTemplate":"https:\/\/hovslagareforeningen.se\/?s={search_term_string}"},"query-input":{"@type":"PropertyValueSpecification","valueRequired":true,"valueName":"search_term_string"}}],"inLanguage":"en-GB"},{"@type":"Organization","@id":"https:\/\/hovslagareforeningen.se\/#organization","name":"Svenska Hovslagaref\u00f6reningen","url":"https:\/\/hovslagareforeningen.se\/","logo":{"@type":"ImageObject","inLanguage":"en-GB","@id":"https:\/\/hovslagareforeningen.se\/#\/schema\/logo\/image\/","url":"https:\/\/i0.wp.com\/hovslagareforeningen.se\/wp-content\/uploads\/2025\/12\/SHF-logo.png?fit=594%2C558&ssl=1","contentUrl":"https:\/\/i0.wp.com\/hovslagareforeningen.se\/wp-content\/uploads\/2025\/12\/SHF-logo.png?fit=594%2C558&ssl=1","width":594,"height":558,"caption":"Svenska Hovslagaref\u00f6reningen"},"image":{"@id":"https:\/\/hovslagareforeningen.se\/#\/schema\/logo\/image\/"},"sameAs":["https:\/\/www.facebook.com\/SvenskaHovslagareforeningen","https:\/\/www.instagram.com\/svenska_hovslagareforeningen"]}]}},"jetpack_sharing_enabled":true,"_links":{"self":[{"href":"https:\/\/hovslagareforeningen.se\/en\/wp-json\/wp\/v2\/pages\/542","targetHints":{"allow":["GET"]}}],"collection":[{"href":"https:\/\/hovslagareforeningen.se\/en\/wp-json\/wp\/v2\/pages"}],"about":[{"href":"https:\/\/hovslagareforeningen.se\/en\/wp-json\/wp\/v2\/types\/page"}],"author":[{"embeddable":true,"href":"https:\/\/hovslagareforeningen.se\/en\/wp-json\/wp\/v2\/users\/399"}],"replies":[{"embeddable":true,"href":"https:\/\/hovslagareforeningen.se\/en\/wp-json\/wp\/v2\/comments?post=542"}],"version-history":[{"count":0,"href":"https:\/\/hovslagareforeningen.se\/en\/wp-json\/wp\/v2\/pages\/542\/revisions"}],"wp:attachment":[{"href":"https:\/\/hovslagareforeningen.se\/en\/wp-json\/wp\/v2\/media?parent=542"}],"curies":[{"name":"wp","href":"https:\/\/api.w.org\/{rel}","templated":true}]}}