{"id":5436,"date":"2022-08-12T15:00:46","date_gmt":"2022-08-12T13:00:46","guid":{"rendered":"https:\/\/hovslagareforeningen.se\/?page_id=5436"},"modified":"2022-09-10T10:42:06","modified_gmt":"2022-09-10T08:42:06","slug":"hotell-mer-info","status":"publish","type":"page","link":"https:\/\/hovslagareforeningen.se\/en\/hotell-mer-info\/","title":{"rendered":"Hotell &#038; mer info"},"content":{"rendered":"<h2>SHF har f\u00f6rhandlat fram ett f\u00f6rm\u00e5nligt pris f\u00f6r hotellboende p\u00e5 Elite hotel Ideon,<br \/>\nLund.<\/h2>\n<p>Det ligger knappt 1,5 mil fr\u00e5n Flyinge och priset p\u00e5 ett enkelrum \u00e4r 655 kr och<br \/>\ndubbelrum 865 kr.<br \/>\nParkeringsavgift 70 kr\/dygn<\/p>\n<p><strong>Hotellbest\u00e4llning: &#8212;&gt;\u00a0 <a href=\"https:\/\/bookings.elite.se\/ibe\/details.aspx?propertyid=16754&amp;nights=1&amp;checkin=23\/9\/2022&amp;group=4398225&amp;lang=en-gb\">L\u00c4NK <\/a>\u00a0 OBS! Om hotellboknings-l\u00e4nken inte skulle fungera g\u00e5r det bra att ringa till hotellet och boka, tel 046-287 11 00<\/strong><\/p>\n<p>Passa p\u00e5 att \u00e4ven boka plats p\u00e5 v\u00e5r galamiddag p\u00e5 fredagskv\u00e4llen 23 september kl<br \/>\n19.30<br \/>\n<strong>Middagen \u00e4ger rum p\u00e5 Elite hotel Ideon, Lund och bokas via SHF kansli<\/strong><br \/>\n<strong><a href=\"mailto:kansliet@hovslagareforeningen.se\">kansliet@hovslagareforeningen.se<\/a> senast 9 september.<\/strong><\/p>\n<p>Uppge SM 2022 samt din<br \/>\nfakturaadress, vilktigt att du ocks\u00e5 meddelar ev. specialkost\/matallergi samtidigt!<br \/>\n<strong>Under denna kv\u00e4ll utlovas \u00f6verraskningar och en auktion till f\u00f6rm\u00e5n f\u00f6r v\u00e5rt landslag.<\/strong><br \/>\n<strong>AUKTION \u2014&gt; <a href=\"https:\/\/hovslagareforeningen.se\/en\/auktion-sm-2022\/\">L\u00c4NK<\/a><\/strong><\/p>\n<p><strong>MENY:<\/strong><br \/>\nF\u00f6rr\u00e4tt<br \/>\nBakade betor med kapris och v\u00e4sterbottenost<br \/>\nVarmr\u00e4tt<br \/>\nKalv med jord\u00e4rtskocka, svartk\u00e5l och rosmarin<br \/>\nDessert<br \/>\n\u00c4pple med kola, r\u00e5gbr\u00f6d och gr\u00e4dde<br \/>\nMiddagen kostar 525 kr, ex moms<\/p>\n<p><strong>Dryckespaket<\/strong><br \/>\nWAIPARA HILLS, Pinot Noir Central Otago, Nya Zealand<br \/>\nPROEMIO, Chardonnay Mendoza, Argentina<br \/>\nVOUVRAY CUV\u00c9E ALEXANDRE Loire, Frankrike<br \/>\n2 viner &#8211; 315 kr ink. moms &#8211; 252 kr ex. moms<br \/>\n3 viner &#8211; 355 kr ink. moms &#8211; 284 kr ex. moms<br \/>\nI priset ing\u00e5r p\u00e5fyllning av vin till varmr\u00e4tten<\/p>\n<p>&nbsp;<\/p>\n<p>Vill du anm\u00e4la dig till SM, g\u00f6r det senast 4 september p\u00e5: <a href=\"https:\/\/hovslagareforeningen.se\/en\/open-swedish-championship-2022\/\">https:\/\/hovslagareforeningen.se\/open-swedish-championship-2022\/<\/a><\/p>\n<p>L\u00e4s mer om Nordic Hoof Summit p\u00e5: <a href=\"https:\/\/flyinge.se\/kalender\/nordic-hoof-summit\/\">https:\/\/flyinge.se\/kalender\/nordic-hoof-summit\/<\/a><\/p>\n<p>&nbsp;<\/p>\n<h2>&#8212;&#8211;English&#8212;&#8211;<\/h2>\n<h2>SHF has negotiated a favorable price for hotel accommodation at the Elite hotel Ideon, Lund.<\/h2>\n<p>It is just under 1.5 miles from Flyinge and the price of a single room is SEK 655 and<br \/>\ndouble room SEK 865.<br \/>\nParking fee SEK 70\/day<\/p>\n<p><strong>Hotel booking: &#8212;&gt;\u00a0 <a href=\"https:\/\/bookings.elite.se\/ibe\/details.aspx?propertyid=16754&amp;nights=1&amp;checkin=23\/9\/2022&amp;group=4398225&amp;lang=en-gb\">LINK<\/a>\u00a0 \u00a0 ATTENTION! If the hotel booking link does not work, it is fine to call the hotel and book, tel. 0046-46-287 11 00<\/strong><\/p>\n<p>Take the opportunity to also book a place at our gala dinner on Friday evening, September 23 at<br \/>\n19.30<br \/>\n<strong>The dinner takes place at the Elite hotel Ideon, Lund and is booked through the SHF office<\/strong><br \/>\n<strong><a href=\"mailto:kansliet@hovslagareforeningen.se\">kansliet@hovslagareforeningen.se<\/a> no later than September 9.<\/strong><\/p>\n<p>State SM 2022 and your invoice address, it is important that you also notify special diet\/food allergy at the same time!<br \/>\nDuring this evening, surprises are promised and an auction in favor of our national team.<br \/>\n<strong>AUKTION \u2014&gt; <a href=\"https:\/\/hovslagareforeningen.se\/en\/auktion-sm-2022\/\">LINK<\/a><\/strong><\/p>\n<p><strong>MENU:<\/strong><br \/>\nStarter<br \/>\nBaked beets with capers and V\u00e4sterbotten cheese<br \/>\nHot dish<br \/>\nVeal with artichoke, black cabbage and rosemary<br \/>\nDessert<br \/>\nApple with caramel, rye bread and cream<br \/>\nThe dinner costs SEK 525, ex VAT<\/p>\n<p><strong>Beverage package<\/strong><br \/>\nWAIPARA HILLS, Pinot Noir Central Otago, New Zealand<br \/>\nPROEMIO, Chardonnay Mendoza, Argentina<br \/>\nVOUVRAY CUVEE ALEXANDRE Loire, France<br \/>\n2 wines &#8211; SEK 315 incl. VAT &#8211; SEK 252 ex. VAT<br \/>\n3 wines &#8211; SEK 355 incl. VAT &#8211; SEK 284 ex. VAT<br \/>\nThe price includes a refill of wine for the main course<\/p>\n<p>&nbsp;<\/p>\n<p>If you want to register for the SM, do so by August 15 at the latest at: <a href=\"https:\/\/hovslagareforeningen.se\/en\/open-swedish-championship-2022\/\">https:\/\/hovslagareforeningen.se\/open-swedish-championship-2022\/<\/a><\/p>\n<p>Read more about the Nordic Hoof Summit at: <a href=\"https:\/\/flyinge.se\/kalender\/nordic-hoof-summit\/\">https:\/\/flyinge.se\/kalender\/nordic-hoof-summit\/<\/a><\/p>","protected":false},"excerpt":{"rendered":"<p>SHF har f\u00f6rhandlat fram ett f\u00f6rm\u00e5nligt pris f\u00f6r hotellboende p\u00e5 Elite hotel Ideon, Lund. Det ligger knappt 1,5 mil fr\u00e5n Flyinge och priset p\u00e5 ett enkelrum \u00e4r 655 kr och [&hellip;]<\/p>\n","protected":false},"author":399,"featured_media":0,"parent":0,"menu_order":0,"comment_status":"closed","ping_status":"closed","template":"","meta":{"_EventAllDay":false,"_EventTimezone":"","_EventStartDate":"","_EventEndDate":"","_EventStartDateUTC":"","_EventEndDateUTC":"","_EventShowMap":false,"_EventShowMapLink":false,"_EventURL":"","_EventCost":"","_EventCostDescription":"","_EventCurrencySymbol":"","_EventCurrencyCode":"","_EventCurrencyPosition":"","_EventDateTimeSeparator":"","_EventTimeRangeSeparator":"","_EventOrganizerID":[],"_EventVenueID":[],"_OrganizerEmail":"","_OrganizerPhone":"","_OrganizerWebsite":"","_VenueAddress":"","_VenueCity":"","_VenueCountry":"","_VenueProvince":"","_VenueState":"","_VenueZip":"","_VenuePhone":"","_VenueURL":"","_VenueStateProvince":"","_VenueLat":"","_VenueLng":"","_VenueShowMap":false,"_VenueShowMapLink":false,"footnotes":""},"class_list":["post-5436","page","type-page","status-publish","hentry"],"blocksy_meta":[],"yoast_head":"<!-- This site is optimized with the Yoast SEO plugin v27.6 - https:\/\/yoast.com\/product\/yoast-seo-wordpress\/ -->\n<title>Hotell &amp; mer info - Svenska Hovslagaref\u00f6reningen<\/title>\n<meta name=\"robots\" content=\"index, follow, max-snippet:-1, max-image-preview:large, max-video-preview:-1\" \/>\n<link rel=\"canonical\" href=\"https:\/\/hovslagareforeningen.se\/en\/hotell-mer-info\/\" \/>\n<meta property=\"og:locale\" content=\"en_GB\" \/>\n<meta property=\"og:type\" content=\"article\" \/>\n<meta property=\"og:title\" content=\"Hotell &amp; mer info - Svenska Hovslagaref\u00f6reningen\" \/>\n<meta property=\"og:description\" content=\"SHF har f\u00f6rhandlat fram ett f\u00f6rm\u00e5nligt pris f\u00f6r hotellboende p\u00e5 Elite hotel Ideon, Lund. Det ligger knappt 1,5 mil fr\u00e5n Flyinge och priset p\u00e5 ett enkelrum \u00e4r 655 kr och [&hellip;]\" \/>\n<meta property=\"og:url\" content=\"https:\/\/hovslagareforeningen.se\/en\/hotell-mer-info\/\" \/>\n<meta property=\"og:site_name\" content=\"Svenska Hovslagaref\u00f6reningen\" \/>\n<meta property=\"article:publisher\" content=\"https:\/\/www.facebook.com\/SvenskaHovslagareforeningen\" \/>\n<meta property=\"article:modified_time\" content=\"2022-09-10T08:42:06+00:00\" \/>\n<meta name=\"twitter:card\" content=\"summary_large_image\" \/>\n<meta name=\"twitter:label1\" content=\"Estimated reading time\" \/>\n\t<meta name=\"twitter:data1\" content=\"3 minutes\" \/>\n<script type=\"application\/ld+json\" class=\"yoast-schema-graph\">{\"@context\":\"https:\\\/\\\/schema.org\",\"@graph\":[{\"@type\":\"WebPage\",\"@id\":\"https:\\\/\\\/hovslagareforeningen.se\\\/hotell-mer-info\\\/\",\"url\":\"https:\\\/\\\/hovslagareforeningen.se\\\/hotell-mer-info\\\/\",\"name\":\"Hotell & mer info - Svenska Hovslagaref\u00f6reningen\",\"isPartOf\":{\"@id\":\"https:\\\/\\\/hovslagareforeningen.se\\\/#website\"},\"datePublished\":\"2022-08-12T13:00:46+00:00\",\"dateModified\":\"2022-09-10T08:42:06+00:00\",\"breadcrumb\":{\"@id\":\"https:\\\/\\\/hovslagareforeningen.se\\\/hotell-mer-info\\\/#breadcrumb\"},\"inLanguage\":\"en-GB\",\"potentialAction\":[{\"@type\":\"ReadAction\",\"target\":[\"https:\\\/\\\/hovslagareforeningen.se\\\/hotell-mer-info\\\/\"]}]},{\"@type\":\"BreadcrumbList\",\"@id\":\"https:\\\/\\\/hovslagareforeningen.se\\\/hotell-mer-info\\\/#breadcrumb\",\"itemListElement\":[{\"@type\":\"ListItem\",\"position\":1,\"name\":\"Hem\",\"item\":\"https:\\\/\\\/hovslagareforeningen.se\\\/\"},{\"@type\":\"ListItem\",\"position\":2,\"name\":\"Hotell &#038; mer info\"}]},{\"@type\":\"WebSite\",\"@id\":\"https:\\\/\\\/hovslagareforeningen.se\\\/#website\",\"url\":\"https:\\\/\\\/hovslagareforeningen.se\\\/\",\"name\":\"Svenska Hovslagaref\u00f6reningen\",\"description\":\"\",\"publisher\":{\"@id\":\"https:\\\/\\\/hovslagareforeningen.se\\\/#organization\"},\"potentialAction\":[{\"@type\":\"SearchAction\",\"target\":{\"@type\":\"EntryPoint\",\"urlTemplate\":\"https:\\\/\\\/hovslagareforeningen.se\\\/?s={search_term_string}\"},\"query-input\":{\"@type\":\"PropertyValueSpecification\",\"valueRequired\":true,\"valueName\":\"search_term_string\"}}],\"inLanguage\":\"en-GB\"},{\"@type\":\"Organization\",\"@id\":\"https:\\\/\\\/hovslagareforeningen.se\\\/#organization\",\"name\":\"Svenska Hovslagaref\u00f6reningen\",\"url\":\"https:\\\/\\\/hovslagareforeningen.se\\\/\",\"logo\":{\"@type\":\"ImageObject\",\"inLanguage\":\"en-GB\",\"@id\":\"https:\\\/\\\/hovslagareforeningen.se\\\/#\\\/schema\\\/logo\\\/image\\\/\",\"url\":\"https:\\\/\\\/i0.wp.com\\\/hovslagareforeningen.se\\\/wp-content\\\/uploads\\\/2025\\\/12\\\/SHF-logo.png?fit=594%2C558&ssl=1\",\"contentUrl\":\"https:\\\/\\\/i0.wp.com\\\/hovslagareforeningen.se\\\/wp-content\\\/uploads\\\/2025\\\/12\\\/SHF-logo.png?fit=594%2C558&ssl=1\",\"width\":594,\"height\":558,\"caption\":\"Svenska Hovslagaref\u00f6reningen\"},\"image\":{\"@id\":\"https:\\\/\\\/hovslagareforeningen.se\\\/#\\\/schema\\\/logo\\\/image\\\/\"},\"sameAs\":[\"https:\\\/\\\/www.facebook.com\\\/SvenskaHovslagareforeningen\",\"https:\\\/\\\/www.instagram.com\\\/svenska_hovslagareforeningen\"]}]}<\/script>\n<!-- \/ Yoast SEO plugin. -->","yoast_head_json":{"title":"Hotell & mer info - Svenska Hovslagaref\u00f6reningen","robots":{"index":"index","follow":"follow","max-snippet":"max-snippet:-1","max-image-preview":"max-image-preview:large","max-video-preview":"max-video-preview:-1"},"canonical":"https:\/\/hovslagareforeningen.se\/en\/hotell-mer-info\/","og_locale":"en_GB","og_type":"article","og_title":"Hotell & mer info - Svenska Hovslagaref\u00f6reningen","og_description":"SHF har f\u00f6rhandlat fram ett f\u00f6rm\u00e5nligt pris f\u00f6r hotellboende p\u00e5 Elite hotel Ideon, Lund. Det ligger knappt 1,5 mil fr\u00e5n Flyinge och priset p\u00e5 ett enkelrum \u00e4r 655 kr och [&hellip;]","og_url":"https:\/\/hovslagareforeningen.se\/en\/hotell-mer-info\/","og_site_name":"Svenska Hovslagaref\u00f6reningen","article_publisher":"https:\/\/www.facebook.com\/SvenskaHovslagareforeningen","article_modified_time":"2022-09-10T08:42:06+00:00","twitter_card":"summary_large_image","twitter_misc":{"Estimated reading time":"3 minutes"},"schema":{"@context":"https:\/\/schema.org","@graph":[{"@type":"WebPage","@id":"https:\/\/hovslagareforeningen.se\/hotell-mer-info\/","url":"https:\/\/hovslagareforeningen.se\/hotell-mer-info\/","name":"Hotell & mer info - Svenska Hovslagaref\u00f6reningen","isPartOf":{"@id":"https:\/\/hovslagareforeningen.se\/#website"},"datePublished":"2022-08-12T13:00:46+00:00","dateModified":"2022-09-10T08:42:06+00:00","breadcrumb":{"@id":"https:\/\/hovslagareforeningen.se\/hotell-mer-info\/#breadcrumb"},"inLanguage":"en-GB","potentialAction":[{"@type":"ReadAction","target":["https:\/\/hovslagareforeningen.se\/hotell-mer-info\/"]}]},{"@type":"BreadcrumbList","@id":"https:\/\/hovslagareforeningen.se\/hotell-mer-info\/#breadcrumb","itemListElement":[{"@type":"ListItem","position":1,"name":"Hem","item":"https:\/\/hovslagareforeningen.se\/"},{"@type":"ListItem","position":2,"name":"Hotell &#038; mer info"}]},{"@type":"WebSite","@id":"https:\/\/hovslagareforeningen.se\/#website","url":"https:\/\/hovslagareforeningen.se\/","name":"Svenska Hovslagaref\u00f6reningen","description":"","publisher":{"@id":"https:\/\/hovslagareforeningen.se\/#organization"},"potentialAction":[{"@type":"SearchAction","target":{"@type":"EntryPoint","urlTemplate":"https:\/\/hovslagareforeningen.se\/?s={search_term_string}"},"query-input":{"@type":"PropertyValueSpecification","valueRequired":true,"valueName":"search_term_string"}}],"inLanguage":"en-GB"},{"@type":"Organization","@id":"https:\/\/hovslagareforeningen.se\/#organization","name":"Svenska Hovslagaref\u00f6reningen","url":"https:\/\/hovslagareforeningen.se\/","logo":{"@type":"ImageObject","inLanguage":"en-GB","@id":"https:\/\/hovslagareforeningen.se\/#\/schema\/logo\/image\/","url":"https:\/\/i0.wp.com\/hovslagareforeningen.se\/wp-content\/uploads\/2025\/12\/SHF-logo.png?fit=594%2C558&ssl=1","contentUrl":"https:\/\/i0.wp.com\/hovslagareforeningen.se\/wp-content\/uploads\/2025\/12\/SHF-logo.png?fit=594%2C558&ssl=1","width":594,"height":558,"caption":"Svenska Hovslagaref\u00f6reningen"},"image":{"@id":"https:\/\/hovslagareforeningen.se\/#\/schema\/logo\/image\/"},"sameAs":["https:\/\/www.facebook.com\/SvenskaHovslagareforeningen","https:\/\/www.instagram.com\/svenska_hovslagareforeningen"]}]}},"jetpack_sharing_enabled":true,"_links":{"self":[{"href":"https:\/\/hovslagareforeningen.se\/en\/wp-json\/wp\/v2\/pages\/5436","targetHints":{"allow":["GET"]}}],"collection":[{"href":"https:\/\/hovslagareforeningen.se\/en\/wp-json\/wp\/v2\/pages"}],"about":[{"href":"https:\/\/hovslagareforeningen.se\/en\/wp-json\/wp\/v2\/types\/page"}],"author":[{"embeddable":true,"href":"https:\/\/hovslagareforeningen.se\/en\/wp-json\/wp\/v2\/users\/399"}],"replies":[{"embeddable":true,"href":"https:\/\/hovslagareforeningen.se\/en\/wp-json\/wp\/v2\/comments?post=5436"}],"version-history":[{"count":0,"href":"https:\/\/hovslagareforeningen.se\/en\/wp-json\/wp\/v2\/pages\/5436\/revisions"}],"wp:attachment":[{"href":"https:\/\/hovslagareforeningen.se\/en\/wp-json\/wp\/v2\/media?parent=5436"}],"curies":[{"name":"wp","href":"https:\/\/api.w.org\/{rel}","templated":true}]}}