{"id":5446,"date":"2022-09-08T20:09:53","date_gmt":"2022-09-08T18:09:53","guid":{"rendered":"https:\/\/hovslagareforeningen.se\/?page_id=5446"},"modified":"2022-09-20T21:48:56","modified_gmt":"2022-09-20T19:48:56","slug":"auktion-sm-2022","status":"publish","type":"page","link":"https:\/\/hovslagareforeningen.se\/en\/auktion-sm-2022\/","title":{"rendered":"AUKTION SM 2022"},"content":{"rendered":"<h2>Hobbit-searcher, abscesskniv.<\/h2>\n<h2>Sk\u00e4nkt av Simon Bodner.<\/h2>\n<h2>(V\u00e4rde: ca 1790\u00a0exklusive moms)<\/h2>\n<p><a href=\"https:\/\/i0.wp.com\/hovslagareforeningen.se\/wp-content\/uploads\/2022\/09\/Simpa.jpg?ssl=1\"><img data-recalc-dims=\"1\" loading=\"lazy\" decoding=\"async\" class=\"alignnone wp-image-5464\" src=\"https:\/\/i0.wp.com\/hovslagareforeningen.se\/wp-content\/uploads\/2022\/09\/Simpa.jpg?resize=449%2C357&#038;ssl=1\" alt=\"\" width=\"449\" height=\"357\" srcset=\"https:\/\/i0.wp.com\/hovslagareforeningen.se\/wp-content\/uploads\/2022\/09\/Simpa.jpg?resize=1024%2C815&amp;ssl=1 1024w, https:\/\/i0.wp.com\/hovslagareforeningen.se\/wp-content\/uploads\/2022\/09\/Simpa.jpg?resize=600%2C478&amp;ssl=1 600w, https:\/\/i0.wp.com\/hovslagareforeningen.se\/wp-content\/uploads\/2022\/09\/Simpa.jpg?resize=300%2C239&amp;ssl=1 300w, https:\/\/i0.wp.com\/hovslagareforeningen.se\/wp-content\/uploads\/2022\/09\/Simpa.jpg?resize=768%2C611&amp;ssl=1 768w, https:\/\/i0.wp.com\/hovslagareforeningen.se\/wp-content\/uploads\/2022\/09\/Simpa.jpg?resize=754%2C600&amp;ssl=1 754w, https:\/\/i0.wp.com\/hovslagareforeningen.se\/wp-content\/uploads\/2022\/09\/Simpa.jpg?w=1417&amp;ssl=1 1417w\" sizes=\"auto, (max-width: 449px) 100vw, 449px\" \/><\/a><\/p>\n<h2>&#8212;&#8212;&#8212;&#8212;&#8212;&#8212;&#8212;&#8212;&#8212;&#8212;&#8212;&#8212;&#8212;&#8212;&#8212;&#8212;&#8212;&#8212;-<\/h2>\n<h2>Prydnadsboll gjord av h\u00e4stskor.<\/h2>\n<h2>Sk\u00e4nkt av Ridskolan Str\u00f6msholm.<\/h2>\n<h2>(v\u00e4rde ok\u00e4nt)<\/h2>\n<p><a href=\"https:\/\/i0.wp.com\/hovslagareforeningen.se\/wp-content\/uploads\/2022\/09\/sko-boll.png?ssl=1\"><img data-recalc-dims=\"1\" loading=\"lazy\" decoding=\"async\" class=\"alignnone wp-image-5463\" src=\"https:\/\/i0.wp.com\/hovslagareforeningen.se\/wp-content\/uploads\/2022\/09\/sko-boll.png?resize=440%2C581&#038;ssl=1\" alt=\"\" width=\"440\" height=\"581\" srcset=\"https:\/\/i0.wp.com\/hovslagareforeningen.se\/wp-content\/uploads\/2022\/09\/sko-boll.png?w=526&amp;ssl=1 526w, https:\/\/i0.wp.com\/hovslagareforeningen.se\/wp-content\/uploads\/2022\/09\/sko-boll.png?resize=227%2C300&amp;ssl=1 227w, https:\/\/i0.wp.com\/hovslagareforeningen.se\/wp-content\/uploads\/2022\/09\/sko-boll.png?resize=454%2C600&amp;ssl=1 454w\" sizes=\"auto, (max-width: 440px) 100vw, 440px\" \/><\/a><\/p>\n<h2>&#8212;&#8212;&#8212;&#8212;&#8212;&#8212;&#8212;&#8212;&#8212;&#8212;&#8212;&#8212;&#8212;&#8212;&#8212;&#8212;&#8212;&#8212;-<\/h2>\n<h2>Prydnatsfat i tenn med \u00e4kthetsbevis.<\/h2>\n<h2>Sk\u00e4nkt av B\u00f6rje Wetterlind (v\u00e4rde ok\u00e4nt)<\/h2>\n<p><a href=\"https:\/\/i0.wp.com\/hovslagareforeningen.se\/wp-content\/uploads\/2022\/09\/Borje.jpg?ssl=1\"><img data-recalc-dims=\"1\" loading=\"lazy\" decoding=\"async\" class=\"alignnone wp-image-5447\" src=\"https:\/\/i0.wp.com\/hovslagareforeningen.se\/wp-content\/uploads\/2022\/09\/Borje.jpg?resize=441%2C312&#038;ssl=1\" alt=\"\" width=\"441\" height=\"312\" srcset=\"https:\/\/i0.wp.com\/hovslagareforeningen.se\/wp-content\/uploads\/2022\/09\/Borje.jpg?w=1134&amp;ssl=1 1134w, https:\/\/i0.wp.com\/hovslagareforeningen.se\/wp-content\/uploads\/2022\/09\/Borje.jpg?resize=600%2C424&amp;ssl=1 600w, https:\/\/i0.wp.com\/hovslagareforeningen.se\/wp-content\/uploads\/2022\/09\/Borje.jpg?resize=300%2C212&amp;ssl=1 300w, https:\/\/i0.wp.com\/hovslagareforeningen.se\/wp-content\/uploads\/2022\/09\/Borje.jpg?resize=1024%2C723&amp;ssl=1 1024w, https:\/\/i0.wp.com\/hovslagareforeningen.se\/wp-content\/uploads\/2022\/09\/Borje.jpg?resize=768%2C542&amp;ssl=1 768w, https:\/\/i0.wp.com\/hovslagareforeningen.se\/wp-content\/uploads\/2022\/09\/Borje.jpg?resize=800%2C565&amp;ssl=1 800w\" sizes=\"auto, (max-width: 441px) 100vw, 441px\" \/><\/a><\/p>\n<h2>&#8212;&#8212;&#8212;&#8212;&#8212;&#8212;&#8212;&#8212;&#8212;&#8212;&#8212;&#8212;&#8212;&#8212;&#8212;&#8212;&#8212;&#8212;-<\/h2>\n<h2>F\u00f6rkl\u00e4de i l\u00e4der i deras egen design, sk\u00e4nkt<\/h2>\n<h2>av Westbergs Hovsjukv\u00e5rd &amp; Smedja.<\/h2>\n<h2>(v\u00e4rde ca: 2500 kr exklusive moms)<\/h2>\n<p><a href=\"https:\/\/i0.wp.com\/hovslagareforeningen.se\/wp-content\/uploads\/2022\/09\/Westbergsforklade.jpg?ssl=1\"><img data-recalc-dims=\"1\" loading=\"lazy\" decoding=\"async\" class=\"alignnone wp-image-5448\" src=\"https:\/\/i0.wp.com\/hovslagareforeningen.se\/wp-content\/uploads\/2022\/09\/Westbergsforklade.jpg?resize=437%2C300&#038;ssl=1\" alt=\"\" width=\"437\" height=\"300\" srcset=\"https:\/\/i0.wp.com\/hovslagareforeningen.se\/wp-content\/uploads\/2022\/09\/Westbergsforklade.jpg?w=1134&amp;ssl=1 1134w, https:\/\/i0.wp.com\/hovslagareforeningen.se\/wp-content\/uploads\/2022\/09\/Westbergsforklade.jpg?resize=600%2C412&amp;ssl=1 600w, https:\/\/i0.wp.com\/hovslagareforeningen.se\/wp-content\/uploads\/2022\/09\/Westbergsforklade.jpg?resize=300%2C206&amp;ssl=1 300w, https:\/\/i0.wp.com\/hovslagareforeningen.se\/wp-content\/uploads\/2022\/09\/Westbergsforklade.jpg?resize=1024%2C703&amp;ssl=1 1024w, https:\/\/i0.wp.com\/hovslagareforeningen.se\/wp-content\/uploads\/2022\/09\/Westbergsforklade.jpg?resize=768%2C527&amp;ssl=1 768w, https:\/\/i0.wp.com\/hovslagareforeningen.se\/wp-content\/uploads\/2022\/09\/Westbergsforklade.jpg?resize=800%2C549&amp;ssl=1 800w\" sizes=\"auto, (max-width: 437px) 100vw, 437px\" \/><\/a><\/p>\n<h2>&#8212;&#8212;&#8212;&#8212;&#8212;&#8212;&#8212;&#8212;&#8212;&#8212;&#8212;&#8212;&#8212;&#8212;&#8212;&#8212;&#8212;&#8212;-<\/h2>\n<h2>4 st tallrikar &#8220;Canter&#8221;, Birgitta Kjellstr\u00f6m,<\/h2>\n<h2>sk\u00e4nkt av Mikaela Hallstedt.<\/h2>\n<h2>(v\u00e4rde ca 800:-\u00a0exklusive moms)<\/h2>\n<p><a href=\"https:\/\/i0.wp.com\/hovslagareforeningen.se\/wp-content\/uploads\/2022\/09\/Birgitta_KjellstromCanter.jpg?ssl=1\"><img data-recalc-dims=\"1\" loading=\"lazy\" decoding=\"async\" class=\"alignnone wp-image-5450\" src=\"https:\/\/i0.wp.com\/hovslagareforeningen.se\/wp-content\/uploads\/2022\/09\/Birgitta_KjellstromCanter.jpg?resize=436%2C421&#038;ssl=1\" alt=\"\" width=\"436\" height=\"421\" srcset=\"https:\/\/i0.wp.com\/hovslagareforeningen.se\/wp-content\/uploads\/2022\/09\/Birgitta_KjellstromCanter.jpg?w=480&amp;ssl=1 480w, https:\/\/i0.wp.com\/hovslagareforeningen.se\/wp-content\/uploads\/2022\/09\/Birgitta_KjellstromCanter.jpg?resize=300%2C290&amp;ssl=1 300w\" sizes=\"auto, (max-width: 436px) 100vw, 436px\" \/><\/a><\/p>\n<h2>&#8212;&#8212;&#8212;&#8212;&#8212;&#8212;&#8212;&#8212;&#8212;&#8212;&#8212;&#8212;&#8212;&#8212;&#8212;&#8212;&#8212;&#8212;-<\/h2>\n<h2><\/h2>\n<h3>5st flugmedel Centaura (2 paket)<\/h3>\n<h3>(v\u00e4rde\/paket ca: 750 kr exklusive moms)<\/h3>\n<p><a href=\"https:\/\/i0.wp.com\/hovslagareforeningen.se\/wp-content\/uploads\/2022\/09\/centaura.jpg?ssl=1\"><img data-recalc-dims=\"1\" loading=\"lazy\" decoding=\"async\" class=\"alignnone wp-image-5451\" src=\"https:\/\/i0.wp.com\/hovslagareforeningen.se\/wp-content\/uploads\/2022\/09\/centaura.jpg?resize=436%2C402&#038;ssl=1\" alt=\"\" width=\"436\" height=\"402\" srcset=\"https:\/\/i0.wp.com\/hovslagareforeningen.se\/wp-content\/uploads\/2022\/09\/centaura.jpg?w=567&amp;ssl=1 567w, https:\/\/i0.wp.com\/hovslagareforeningen.se\/wp-content\/uploads\/2022\/09\/centaura.jpg?resize=300%2C277&amp;ssl=1 300w, https:\/\/i0.wp.com\/hovslagareforeningen.se\/wp-content\/uploads\/2022\/09\/centaura.jpg?resize=270%2C250&amp;ssl=1 270w\" sizes=\"auto, (max-width: 436px) 100vw, 436px\" \/><\/a><\/p>\n<h2>&#8212;&#8212;&#8212;&#8212;<\/h2>\n<h2>Har du n\u00e5got som du vill sk\u00e4nka till auktionen?<\/h2>\n<p>Kontakta <span class=\"nc684nl6\">Klara H\u00e4gglund<\/span> p\u00e5 <a href=\"mailto:hagglund.klara@gmail.com\">hagglund.klara@gmail.com<\/a><\/p>\n<p>eller 073-069 48 33 (sms)<\/p>\n<h2>Alla bidrag mottages tacksamt!<\/h2>\n<p>&nbsp;<\/p>\n<h1>Tillbaka till SM-sidan &#8212;&gt;<a href=\"https:\/\/hovslagareforeningen.se\/en\/open-swedish-championship-2022\/\"> L\u00c4NK<\/a><\/h1>\n<p>&nbsp;<\/p>","protected":false},"excerpt":{"rendered":"<p>Hobbit-searcher, abscesskniv. Sk\u00e4nkt av Simon Bodner. (V\u00e4rde: ca 1790\u00a0exklusive moms) &#8212;&#8212;&#8212;&#8212;&#8212;&#8212;&#8212;&#8212;&#8212;&#8212;&#8212;&#8212;&#8212;&#8212;&#8212;&#8212;&#8212;&#8212;- Prydnadsboll gjord av h\u00e4stskor. Sk\u00e4nkt av Ridskolan Str\u00f6msholm. (v\u00e4rde ok\u00e4nt) &#8212;&#8212;&#8212;&#8212;&#8212;&#8212;&#8212;&#8212;&#8212;&#8212;&#8212;&#8212;&#8212;&#8212;&#8212;&#8212;&#8212;&#8212;- Prydnatsfat i tenn med \u00e4kthetsbevis. Sk\u00e4nkt av B\u00f6rje [&hellip;]<\/p>\n","protected":false},"author":399,"featured_media":0,"parent":0,"menu_order":0,"comment_status":"closed","ping_status":"closed","template":"","meta":{"_EventAllDay":false,"_EventTimezone":"","_EventStartDate":"","_EventEndDate":"","_EventStartDateUTC":"","_EventEndDateUTC":"","_EventShowMap":false,"_EventShowMapLink":false,"_EventURL":"","_EventCost":"","_EventCostDescription":"","_EventCurrencySymbol":"","_EventCurrencyCode":"","_EventCurrencyPosition":"","_EventDateTimeSeparator":"","_EventTimeRangeSeparator":"","_EventOrganizerID":[],"_EventVenueID":[],"_OrganizerEmail":"","_OrganizerPhone":"","_OrganizerWebsite":"","_VenueAddress":"","_VenueCity":"","_VenueCountry":"","_VenueProvince":"","_VenueState":"","_VenueZip":"","_VenuePhone":"","_VenueURL":"","_VenueStateProvince":"","_VenueLat":"","_VenueLng":"","_VenueShowMap":false,"_VenueShowMapLink":false,"footnotes":""},"class_list":["post-5446","page","type-page","status-publish","hentry"],"blocksy_meta":[],"yoast_head":"<!-- This site is optimized with the Yoast SEO plugin v27.6 - https:\/\/yoast.com\/product\/yoast-seo-wordpress\/ -->\n<title>AUKTION SM 2022 - Svenska Hovslagaref\u00f6reningen<\/title>\n<meta name=\"robots\" content=\"index, follow, max-snippet:-1, max-image-preview:large, max-video-preview:-1\" \/>\n<link rel=\"canonical\" href=\"https:\/\/hovslagareforeningen.se\/en\/auktion-sm-2022\/\" \/>\n<meta property=\"og:locale\" content=\"en_GB\" \/>\n<meta property=\"og:type\" content=\"article\" \/>\n<meta property=\"og:title\" content=\"AUKTION SM 2022 - Svenska Hovslagaref\u00f6reningen\" \/>\n<meta property=\"og:description\" content=\"Hobbit-searcher, abscesskniv. Sk\u00e4nkt av Simon Bodner. (V\u00e4rde: ca 1790\u00a0exklusive moms) &#8212;&#8212;&#8212;&#8212;&#8212;&#8212;&#8212;&#8212;&#8212;&#8212;&#8212;&#8212;&#8212;&#8212;&#8212;&#8212;&#8212;&#8212;- Prydnadsboll gjord av h\u00e4stskor. Sk\u00e4nkt av Ridskolan Str\u00f6msholm. (v\u00e4rde ok\u00e4nt) &#8212;&#8212;&#8212;&#8212;&#8212;&#8212;&#8212;&#8212;&#8212;&#8212;&#8212;&#8212;&#8212;&#8212;&#8212;&#8212;&#8212;&#8212;- Prydnatsfat i tenn med \u00e4kthetsbevis. Sk\u00e4nkt av B\u00f6rje [&hellip;]\" \/>\n<meta property=\"og:url\" content=\"https:\/\/hovslagareforeningen.se\/en\/auktion-sm-2022\/\" \/>\n<meta property=\"og:site_name\" content=\"Svenska Hovslagaref\u00f6reningen\" \/>\n<meta property=\"article:publisher\" content=\"https:\/\/www.facebook.com\/SvenskaHovslagareforeningen\" \/>\n<meta property=\"article:modified_time\" content=\"2022-09-20T19:48:56+00:00\" \/>\n<meta property=\"og:image\" content=\"https:\/\/hovslagareforeningen.se\/wp-content\/uploads\/2022\/09\/Simpa-1024x815.jpg\" \/>\n<meta name=\"twitter:card\" content=\"summary_large_image\" \/>\n<meta name=\"twitter:label1\" content=\"Estimated reading time\" \/>\n\t<meta name=\"twitter:data1\" content=\"1 minute\" \/>\n<script type=\"application\/ld+json\" class=\"yoast-schema-graph\">{\"@context\":\"https:\\\/\\\/schema.org\",\"@graph\":[{\"@type\":\"WebPage\",\"@id\":\"https:\\\/\\\/hovslagareforeningen.se\\\/auktion-sm-2022\\\/\",\"url\":\"https:\\\/\\\/hovslagareforeningen.se\\\/auktion-sm-2022\\\/\",\"name\":\"AUKTION SM 2022 - Svenska Hovslagaref\u00f6reningen\",\"isPartOf\":{\"@id\":\"https:\\\/\\\/hovslagareforeningen.se\\\/#website\"},\"primaryImageOfPage\":{\"@id\":\"https:\\\/\\\/hovslagareforeningen.se\\\/auktion-sm-2022\\\/#primaryimage\"},\"image\":{\"@id\":\"https:\\\/\\\/hovslagareforeningen.se\\\/auktion-sm-2022\\\/#primaryimage\"},\"thumbnailUrl\":\"https:\\\/\\\/hovslagareforeningen.se\\\/wp-content\\\/uploads\\\/2022\\\/09\\\/Simpa-1024x815.jpg\",\"datePublished\":\"2022-09-08T18:09:53+00:00\",\"dateModified\":\"2022-09-20T19:48:56+00:00\",\"breadcrumb\":{\"@id\":\"https:\\\/\\\/hovslagareforeningen.se\\\/auktion-sm-2022\\\/#breadcrumb\"},\"inLanguage\":\"en-GB\",\"potentialAction\":[{\"@type\":\"ReadAction\",\"target\":[\"https:\\\/\\\/hovslagareforeningen.se\\\/auktion-sm-2022\\\/\"]}]},{\"@type\":\"ImageObject\",\"inLanguage\":\"en-GB\",\"@id\":\"https:\\\/\\\/hovslagareforeningen.se\\\/auktion-sm-2022\\\/#primaryimage\",\"url\":\"https:\\\/\\\/hovslagareforeningen.se\\\/wp-content\\\/uploads\\\/2022\\\/09\\\/Simpa-1024x815.jpg\",\"contentUrl\":\"https:\\\/\\\/hovslagareforeningen.se\\\/wp-content\\\/uploads\\\/2022\\\/09\\\/Simpa-1024x815.jpg\"},{\"@type\":\"BreadcrumbList\",\"@id\":\"https:\\\/\\\/hovslagareforeningen.se\\\/auktion-sm-2022\\\/#breadcrumb\",\"itemListElement\":[{\"@type\":\"ListItem\",\"position\":1,\"name\":\"Hem\",\"item\":\"https:\\\/\\\/hovslagareforeningen.se\\\/\"},{\"@type\":\"ListItem\",\"position\":2,\"name\":\"AUKTION SM 2022\"}]},{\"@type\":\"WebSite\",\"@id\":\"https:\\\/\\\/hovslagareforeningen.se\\\/#website\",\"url\":\"https:\\\/\\\/hovslagareforeningen.se\\\/\",\"name\":\"Svenska Hovslagaref\u00f6reningen\",\"description\":\"\",\"publisher\":{\"@id\":\"https:\\\/\\\/hovslagareforeningen.se\\\/#organization\"},\"potentialAction\":[{\"@type\":\"SearchAction\",\"target\":{\"@type\":\"EntryPoint\",\"urlTemplate\":\"https:\\\/\\\/hovslagareforeningen.se\\\/?s={search_term_string}\"},\"query-input\":{\"@type\":\"PropertyValueSpecification\",\"valueRequired\":true,\"valueName\":\"search_term_string\"}}],\"inLanguage\":\"en-GB\"},{\"@type\":\"Organization\",\"@id\":\"https:\\\/\\\/hovslagareforeningen.se\\\/#organization\",\"name\":\"Svenska Hovslagaref\u00f6reningen\",\"url\":\"https:\\\/\\\/hovslagareforeningen.se\\\/\",\"logo\":{\"@type\":\"ImageObject\",\"inLanguage\":\"en-GB\",\"@id\":\"https:\\\/\\\/hovslagareforeningen.se\\\/#\\\/schema\\\/logo\\\/image\\\/\",\"url\":\"https:\\\/\\\/i0.wp.com\\\/hovslagareforeningen.se\\\/wp-content\\\/uploads\\\/2025\\\/12\\\/SHF-logo.png?fit=594%2C558&ssl=1\",\"contentUrl\":\"https:\\\/\\\/i0.wp.com\\\/hovslagareforeningen.se\\\/wp-content\\\/uploads\\\/2025\\\/12\\\/SHF-logo.png?fit=594%2C558&ssl=1\",\"width\":594,\"height\":558,\"caption\":\"Svenska Hovslagaref\u00f6reningen\"},\"image\":{\"@id\":\"https:\\\/\\\/hovslagareforeningen.se\\\/#\\\/schema\\\/logo\\\/image\\\/\"},\"sameAs\":[\"https:\\\/\\\/www.facebook.com\\\/SvenskaHovslagareforeningen\",\"https:\\\/\\\/www.instagram.com\\\/svenska_hovslagareforeningen\"]}]}<\/script>\n<!-- \/ Yoast SEO plugin. -->","yoast_head_json":{"title":"AUKTION SM 2022 - Svenska Hovslagaref\u00f6reningen","robots":{"index":"index","follow":"follow","max-snippet":"max-snippet:-1","max-image-preview":"max-image-preview:large","max-video-preview":"max-video-preview:-1"},"canonical":"https:\/\/hovslagareforeningen.se\/en\/auktion-sm-2022\/","og_locale":"en_GB","og_type":"article","og_title":"AUKTION SM 2022 - Svenska Hovslagaref\u00f6reningen","og_description":"Hobbit-searcher, abscesskniv. Sk\u00e4nkt av Simon Bodner. (V\u00e4rde: ca 1790\u00a0exklusive moms) &#8212;&#8212;&#8212;&#8212;&#8212;&#8212;&#8212;&#8212;&#8212;&#8212;&#8212;&#8212;&#8212;&#8212;&#8212;&#8212;&#8212;&#8212;- Prydnadsboll gjord av h\u00e4stskor. Sk\u00e4nkt av Ridskolan Str\u00f6msholm. (v\u00e4rde ok\u00e4nt) &#8212;&#8212;&#8212;&#8212;&#8212;&#8212;&#8212;&#8212;&#8212;&#8212;&#8212;&#8212;&#8212;&#8212;&#8212;&#8212;&#8212;&#8212;- Prydnatsfat i tenn med \u00e4kthetsbevis. Sk\u00e4nkt av B\u00f6rje [&hellip;]","og_url":"https:\/\/hovslagareforeningen.se\/en\/auktion-sm-2022\/","og_site_name":"Svenska Hovslagaref\u00f6reningen","article_publisher":"https:\/\/www.facebook.com\/SvenskaHovslagareforeningen","article_modified_time":"2022-09-20T19:48:56+00:00","og_image":[{"url":"https:\/\/hovslagareforeningen.se\/wp-content\/uploads\/2022\/09\/Simpa-1024x815.jpg","type":"","width":"","height":""}],"twitter_card":"summary_large_image","twitter_misc":{"Estimated reading time":"1 minute"},"schema":{"@context":"https:\/\/schema.org","@graph":[{"@type":"WebPage","@id":"https:\/\/hovslagareforeningen.se\/auktion-sm-2022\/","url":"https:\/\/hovslagareforeningen.se\/auktion-sm-2022\/","name":"AUKTION SM 2022 - Svenska Hovslagaref\u00f6reningen","isPartOf":{"@id":"https:\/\/hovslagareforeningen.se\/#website"},"primaryImageOfPage":{"@id":"https:\/\/hovslagareforeningen.se\/auktion-sm-2022\/#primaryimage"},"image":{"@id":"https:\/\/hovslagareforeningen.se\/auktion-sm-2022\/#primaryimage"},"thumbnailUrl":"https:\/\/hovslagareforeningen.se\/wp-content\/uploads\/2022\/09\/Simpa-1024x815.jpg","datePublished":"2022-09-08T18:09:53+00:00","dateModified":"2022-09-20T19:48:56+00:00","breadcrumb":{"@id":"https:\/\/hovslagareforeningen.se\/auktion-sm-2022\/#breadcrumb"},"inLanguage":"en-GB","potentialAction":[{"@type":"ReadAction","target":["https:\/\/hovslagareforeningen.se\/auktion-sm-2022\/"]}]},{"@type":"ImageObject","inLanguage":"en-GB","@id":"https:\/\/hovslagareforeningen.se\/auktion-sm-2022\/#primaryimage","url":"https:\/\/hovslagareforeningen.se\/wp-content\/uploads\/2022\/09\/Simpa-1024x815.jpg","contentUrl":"https:\/\/hovslagareforeningen.se\/wp-content\/uploads\/2022\/09\/Simpa-1024x815.jpg"},{"@type":"BreadcrumbList","@id":"https:\/\/hovslagareforeningen.se\/auktion-sm-2022\/#breadcrumb","itemListElement":[{"@type":"ListItem","position":1,"name":"Hem","item":"https:\/\/hovslagareforeningen.se\/"},{"@type":"ListItem","position":2,"name":"AUKTION SM 2022"}]},{"@type":"WebSite","@id":"https:\/\/hovslagareforeningen.se\/#website","url":"https:\/\/hovslagareforeningen.se\/","name":"Svenska Hovslagaref\u00f6reningen","description":"","publisher":{"@id":"https:\/\/hovslagareforeningen.se\/#organization"},"potentialAction":[{"@type":"SearchAction","target":{"@type":"EntryPoint","urlTemplate":"https:\/\/hovslagareforeningen.se\/?s={search_term_string}"},"query-input":{"@type":"PropertyValueSpecification","valueRequired":true,"valueName":"search_term_string"}}],"inLanguage":"en-GB"},{"@type":"Organization","@id":"https:\/\/hovslagareforeningen.se\/#organization","name":"Svenska Hovslagaref\u00f6reningen","url":"https:\/\/hovslagareforeningen.se\/","logo":{"@type":"ImageObject","inLanguage":"en-GB","@id":"https:\/\/hovslagareforeningen.se\/#\/schema\/logo\/image\/","url":"https:\/\/i0.wp.com\/hovslagareforeningen.se\/wp-content\/uploads\/2025\/12\/SHF-logo.png?fit=594%2C558&ssl=1","contentUrl":"https:\/\/i0.wp.com\/hovslagareforeningen.se\/wp-content\/uploads\/2025\/12\/SHF-logo.png?fit=594%2C558&ssl=1","width":594,"height":558,"caption":"Svenska Hovslagaref\u00f6reningen"},"image":{"@id":"https:\/\/hovslagareforeningen.se\/#\/schema\/logo\/image\/"},"sameAs":["https:\/\/www.facebook.com\/SvenskaHovslagareforeningen","https:\/\/www.instagram.com\/svenska_hovslagareforeningen"]}]}},"jetpack_sharing_enabled":true,"_links":{"self":[{"href":"https:\/\/hovslagareforeningen.se\/en\/wp-json\/wp\/v2\/pages\/5446","targetHints":{"allow":["GET"]}}],"collection":[{"href":"https:\/\/hovslagareforeningen.se\/en\/wp-json\/wp\/v2\/pages"}],"about":[{"href":"https:\/\/hovslagareforeningen.se\/en\/wp-json\/wp\/v2\/types\/page"}],"author":[{"embeddable":true,"href":"https:\/\/hovslagareforeningen.se\/en\/wp-json\/wp\/v2\/users\/399"}],"replies":[{"embeddable":true,"href":"https:\/\/hovslagareforeningen.se\/en\/wp-json\/wp\/v2\/comments?post=5446"}],"version-history":[{"count":0,"href":"https:\/\/hovslagareforeningen.se\/en\/wp-json\/wp\/v2\/pages\/5446\/revisions"}],"wp:attachment":[{"href":"https:\/\/hovslagareforeningen.se\/en\/wp-json\/wp\/v2\/media?parent=5446"}],"curies":[{"name":"wp","href":"https:\/\/api.w.org\/{rel}","templated":true}]}}