{"id":5514,"date":"2022-12-17T14:57:41","date_gmt":"2022-12-17T13:57:41","guid":{"rendered":"https:\/\/hovslagareforeningen.se\/?page_id=5514"},"modified":"2022-12-31T15:33:23","modified_gmt":"2022-12-31T14:33:23","slug":"titeln-hovslagare","status":"publish","type":"page","link":"https:\/\/hovslagareforeningen.se\/en\/titeln-hovslagare\/","title":{"rendered":"Titeln Hovslagare"},"content":{"rendered":"<h3><strong>Titeln Hovslagare f\u00f6resl\u00e5s bli skyddad titel<\/strong><br \/>\n\u2013 Viktigt nu \u00e4r att se till att bli godk\u00e4nd av Jordbruksverket<\/h3>\n<p>Regeringen beslutade den 10 juni 2021 att tills\u00e4tta en s\u00e4rskild utredare med uppdrag att se \u00f6ver lagstiftningen f\u00f6r djurens h\u00e4lso- och sjukv\u00e5rd.<br \/>\nUtredarna l\u00e4mnade \u00f6ver den f\u00e4rdiga utredningen, det s\u00e5 kallade bet\u00e4nkandet, till regeringskansliet den 7 november 2022.<\/p>\n<p>Bet\u00e4nkande av Utredningen om en h\u00e5llbar och l\u00e5ngsiktigt v\u00e4lfungerande h\u00e4lso- och sjukv\u00e5rd f\u00f6r djur &#8212;&gt;<strong> <a href=\"https:\/\/data.riksdagen.se\/fil\/57BA0E69-0AF2-4F04-A467-970601F76D60\">L\u00c4NK<\/a><\/strong><\/p>\n<p><strong>Nu ska f\u00f6rslaget ut p\u00e5 remiss till ber\u00f6rda myndigheter och organisationer.<\/strong><\/p>\n<p>&nbsp;<\/p>\n<p>Det \u00e4r Jordbruksverket som avg\u00f6r om de \u00f6verg\u00e5ngsregler som idag g\u00e4ller f\u00f6r att kunna bli godk\u00e4nd hovslagare f\u00f6rl\u00e4ngs eller inte efter \u00e5rsskiftet 2025\/2026.<\/p>\n<p>&nbsp;<\/p>\n<h3><strong><a href=\"https:\/\/hovslagareforeningen.se\/wp-content\/uploads\/2022\/12\/2023-01-SKYDDAD-TITEL.pdf\"><img data-recalc-dims=\"1\" loading=\"lazy\" decoding=\"async\" class=\"alignnone size-large wp-image-5526\" src=\"https:\/\/i0.wp.com\/hovslagareforeningen.se\/wp-content\/uploads\/2022\/12\/TITEL_N.jpg?resize=1024%2C958&#038;ssl=1\" alt=\"\" width=\"1024\" height=\"958\" srcset=\"https:\/\/i0.wp.com\/hovslagareforeningen.se\/wp-content\/uploads\/2022\/12\/TITEL_N-scaled.jpg?resize=1024%2C958&amp;ssl=1 1024w, https:\/\/i0.wp.com\/hovslagareforeningen.se\/wp-content\/uploads\/2022\/12\/TITEL_N-scaled.jpg?resize=600%2C561&amp;ssl=1 600w, https:\/\/i0.wp.com\/hovslagareforeningen.se\/wp-content\/uploads\/2022\/12\/TITEL_N-scaled.jpg?resize=300%2C281&amp;ssl=1 300w, https:\/\/i0.wp.com\/hovslagareforeningen.se\/wp-content\/uploads\/2022\/12\/TITEL_N-scaled.jpg?resize=768%2C719&amp;ssl=1 768w, https:\/\/i0.wp.com\/hovslagareforeningen.se\/wp-content\/uploads\/2022\/12\/TITEL_N-scaled.jpg?resize=641%2C600&amp;ssl=1 641w, https:\/\/i0.wp.com\/hovslagareforeningen.se\/wp-content\/uploads\/2022\/12\/TITEL_N-scaled.jpg?resize=1536%2C1437&amp;ssl=1 1536w, https:\/\/i0.wp.com\/hovslagareforeningen.se\/wp-content\/uploads\/2022\/12\/TITEL_N-scaled.jpg?resize=2048%2C1917&amp;ssl=1 2048w\" sizes=\"auto, (max-width: 1024px) 100vw, 1024px\" \/><\/a><\/strong><\/h3>","protected":false},"excerpt":{"rendered":"<p>Titeln Hovslagare f\u00f6resl\u00e5s bli skyddad titel \u2013 Viktigt nu \u00e4r att se till att bli godk\u00e4nd av Jordbruksverket Regeringen beslutade den 10 juni 2021 att tills\u00e4tta en s\u00e4rskild utredare med [&hellip;]<\/p>\n","protected":false},"author":399,"featured_media":0,"parent":0,"menu_order":0,"comment_status":"closed","ping_status":"closed","template":"","meta":{"_EventAllDay":false,"_EventTimezone":"","_EventStartDate":"","_EventEndDate":"","_EventStartDateUTC":"","_EventEndDateUTC":"","_EventShowMap":false,"_EventShowMapLink":false,"_EventURL":"","_EventCost":"","_EventCostDescription":"","_EventCurrencySymbol":"","_EventCurrencyCode":"","_EventCurrencyPosition":"","_EventDateTimeSeparator":"","_EventTimeRangeSeparator":"","_EventOrganizerID":[],"_EventVenueID":[],"_OrganizerEmail":"","_OrganizerPhone":"","_OrganizerWebsite":"","_VenueAddress":"","_VenueCity":"","_VenueCountry":"","_VenueProvince":"","_VenueState":"","_VenueZip":"","_VenuePhone":"","_VenueURL":"","_VenueStateProvince":"","_VenueLat":"","_VenueLng":"","_VenueShowMap":false,"_VenueShowMapLink":false,"footnotes":""},"class_list":["post-5514","page","type-page","status-publish","hentry"],"blocksy_meta":[],"yoast_head":"<!-- This site is optimized with the Yoast SEO plugin v27.4 - https:\/\/yoast.com\/product\/yoast-seo-wordpress\/ -->\n<title>Titeln Hovslagare - Svenska Hovslagaref\u00f6reningen<\/title>\n<meta name=\"robots\" content=\"index, follow, max-snippet:-1, max-image-preview:large, max-video-preview:-1\" \/>\n<link rel=\"canonical\" href=\"https:\/\/hovslagareforeningen.se\/en\/titeln-hovslagare\/\" \/>\n<meta property=\"og:locale\" content=\"en_GB\" \/>\n<meta property=\"og:type\" content=\"article\" \/>\n<meta property=\"og:title\" content=\"Titeln Hovslagare - Svenska Hovslagaref\u00f6reningen\" \/>\n<meta property=\"og:description\" content=\"Titeln Hovslagare f\u00f6resl\u00e5s bli skyddad titel \u2013 Viktigt nu \u00e4r att se till att bli godk\u00e4nd av Jordbruksverket Regeringen beslutade den 10 juni 2021 att tills\u00e4tta en s\u00e4rskild utredare med [&hellip;]\" \/>\n<meta property=\"og:url\" content=\"https:\/\/hovslagareforeningen.se\/en\/titeln-hovslagare\/\" \/>\n<meta property=\"og:site_name\" content=\"Svenska Hovslagaref\u00f6reningen\" \/>\n<meta property=\"article:publisher\" content=\"https:\/\/www.facebook.com\/SvenskaHovslagareforeningen\" \/>\n<meta property=\"article:modified_time\" content=\"2022-12-31T14:33:23+00:00\" \/>\n<meta property=\"og:image\" content=\"https:\/\/hovslagareforeningen.se\/wp-content\/uploads\/2022\/12\/TITEL_N-1024x958.jpg\" \/>\n<meta name=\"twitter:card\" content=\"summary_large_image\" \/>\n<meta name=\"twitter:label1\" content=\"Estimated reading time\" \/>\n\t<meta name=\"twitter:data1\" content=\"1 minute\" \/>\n<script type=\"application\/ld+json\" class=\"yoast-schema-graph\">{\"@context\":\"https:\\\/\\\/schema.org\",\"@graph\":[{\"@type\":\"WebPage\",\"@id\":\"https:\\\/\\\/hovslagareforeningen.se\\\/titeln-hovslagare\\\/\",\"url\":\"https:\\\/\\\/hovslagareforeningen.se\\\/titeln-hovslagare\\\/\",\"name\":\"Titeln Hovslagare - Svenska Hovslagaref\u00f6reningen\",\"isPartOf\":{\"@id\":\"https:\\\/\\\/hovslagareforeningen.se\\\/#website\"},\"primaryImageOfPage\":{\"@id\":\"https:\\\/\\\/hovslagareforeningen.se\\\/titeln-hovslagare\\\/#primaryimage\"},\"image\":{\"@id\":\"https:\\\/\\\/hovslagareforeningen.se\\\/titeln-hovslagare\\\/#primaryimage\"},\"thumbnailUrl\":\"https:\\\/\\\/hovslagareforeningen.se\\\/wp-content\\\/uploads\\\/2022\\\/12\\\/TITEL_N-1024x958.jpg\",\"datePublished\":\"2022-12-17T13:57:41+00:00\",\"dateModified\":\"2022-12-31T14:33:23+00:00\",\"breadcrumb\":{\"@id\":\"https:\\\/\\\/hovslagareforeningen.se\\\/titeln-hovslagare\\\/#breadcrumb\"},\"inLanguage\":\"en-GB\",\"potentialAction\":[{\"@type\":\"ReadAction\",\"target\":[\"https:\\\/\\\/hovslagareforeningen.se\\\/titeln-hovslagare\\\/\"]}]},{\"@type\":\"ImageObject\",\"inLanguage\":\"en-GB\",\"@id\":\"https:\\\/\\\/hovslagareforeningen.se\\\/titeln-hovslagare\\\/#primaryimage\",\"url\":\"https:\\\/\\\/hovslagareforeningen.se\\\/wp-content\\\/uploads\\\/2022\\\/12\\\/TITEL_N-1024x958.jpg\",\"contentUrl\":\"https:\\\/\\\/hovslagareforeningen.se\\\/wp-content\\\/uploads\\\/2022\\\/12\\\/TITEL_N-1024x958.jpg\"},{\"@type\":\"BreadcrumbList\",\"@id\":\"https:\\\/\\\/hovslagareforeningen.se\\\/titeln-hovslagare\\\/#breadcrumb\",\"itemListElement\":[{\"@type\":\"ListItem\",\"position\":1,\"name\":\"Hem\",\"item\":\"https:\\\/\\\/hovslagareforeningen.se\\\/\"},{\"@type\":\"ListItem\",\"position\":2,\"name\":\"Titeln Hovslagare\"}]},{\"@type\":\"WebSite\",\"@id\":\"https:\\\/\\\/hovslagareforeningen.se\\\/#website\",\"url\":\"https:\\\/\\\/hovslagareforeningen.se\\\/\",\"name\":\"Svenska Hovslagaref\u00f6reningen\",\"description\":\"\",\"publisher\":{\"@id\":\"https:\\\/\\\/hovslagareforeningen.se\\\/#organization\"},\"potentialAction\":[{\"@type\":\"SearchAction\",\"target\":{\"@type\":\"EntryPoint\",\"urlTemplate\":\"https:\\\/\\\/hovslagareforeningen.se\\\/?s={search_term_string}\"},\"query-input\":{\"@type\":\"PropertyValueSpecification\",\"valueRequired\":true,\"valueName\":\"search_term_string\"}}],\"inLanguage\":\"en-GB\"},{\"@type\":\"Organization\",\"@id\":\"https:\\\/\\\/hovslagareforeningen.se\\\/#organization\",\"name\":\"Svenska Hovslagaref\u00f6reningen\",\"url\":\"https:\\\/\\\/hovslagareforeningen.se\\\/\",\"logo\":{\"@type\":\"ImageObject\",\"inLanguage\":\"en-GB\",\"@id\":\"https:\\\/\\\/hovslagareforeningen.se\\\/#\\\/schema\\\/logo\\\/image\\\/\",\"url\":\"https:\\\/\\\/i0.wp.com\\\/hovslagareforeningen.se\\\/wp-content\\\/uploads\\\/2025\\\/12\\\/SHF-logo.png?fit=594%2C558&ssl=1\",\"contentUrl\":\"https:\\\/\\\/i0.wp.com\\\/hovslagareforeningen.se\\\/wp-content\\\/uploads\\\/2025\\\/12\\\/SHF-logo.png?fit=594%2C558&ssl=1\",\"width\":594,\"height\":558,\"caption\":\"Svenska Hovslagaref\u00f6reningen\"},\"image\":{\"@id\":\"https:\\\/\\\/hovslagareforeningen.se\\\/#\\\/schema\\\/logo\\\/image\\\/\"},\"sameAs\":[\"https:\\\/\\\/www.facebook.com\\\/SvenskaHovslagareforeningen\",\"https:\\\/\\\/www.instagram.com\\\/svenska_hovslagareforeningen\"]}]}<\/script>\n<!-- \/ Yoast SEO plugin. -->","yoast_head_json":{"title":"Titeln Hovslagare - Svenska Hovslagaref\u00f6reningen","robots":{"index":"index","follow":"follow","max-snippet":"max-snippet:-1","max-image-preview":"max-image-preview:large","max-video-preview":"max-video-preview:-1"},"canonical":"https:\/\/hovslagareforeningen.se\/en\/titeln-hovslagare\/","og_locale":"en_GB","og_type":"article","og_title":"Titeln Hovslagare - Svenska Hovslagaref\u00f6reningen","og_description":"Titeln Hovslagare f\u00f6resl\u00e5s bli skyddad titel \u2013 Viktigt nu \u00e4r att se till att bli godk\u00e4nd av Jordbruksverket Regeringen beslutade den 10 juni 2021 att tills\u00e4tta en s\u00e4rskild utredare med [&hellip;]","og_url":"https:\/\/hovslagareforeningen.se\/en\/titeln-hovslagare\/","og_site_name":"Svenska Hovslagaref\u00f6reningen","article_publisher":"https:\/\/www.facebook.com\/SvenskaHovslagareforeningen","article_modified_time":"2022-12-31T14:33:23+00:00","og_image":[{"url":"https:\/\/hovslagareforeningen.se\/wp-content\/uploads\/2022\/12\/TITEL_N-1024x958.jpg","type":"","width":"","height":""}],"twitter_card":"summary_large_image","twitter_misc":{"Estimated reading time":"1 minute"},"schema":{"@context":"https:\/\/schema.org","@graph":[{"@type":"WebPage","@id":"https:\/\/hovslagareforeningen.se\/titeln-hovslagare\/","url":"https:\/\/hovslagareforeningen.se\/titeln-hovslagare\/","name":"Titeln Hovslagare - Svenska Hovslagaref\u00f6reningen","isPartOf":{"@id":"https:\/\/hovslagareforeningen.se\/#website"},"primaryImageOfPage":{"@id":"https:\/\/hovslagareforeningen.se\/titeln-hovslagare\/#primaryimage"},"image":{"@id":"https:\/\/hovslagareforeningen.se\/titeln-hovslagare\/#primaryimage"},"thumbnailUrl":"https:\/\/hovslagareforeningen.se\/wp-content\/uploads\/2022\/12\/TITEL_N-1024x958.jpg","datePublished":"2022-12-17T13:57:41+00:00","dateModified":"2022-12-31T14:33:23+00:00","breadcrumb":{"@id":"https:\/\/hovslagareforeningen.se\/titeln-hovslagare\/#breadcrumb"},"inLanguage":"en-GB","potentialAction":[{"@type":"ReadAction","target":["https:\/\/hovslagareforeningen.se\/titeln-hovslagare\/"]}]},{"@type":"ImageObject","inLanguage":"en-GB","@id":"https:\/\/hovslagareforeningen.se\/titeln-hovslagare\/#primaryimage","url":"https:\/\/hovslagareforeningen.se\/wp-content\/uploads\/2022\/12\/TITEL_N-1024x958.jpg","contentUrl":"https:\/\/hovslagareforeningen.se\/wp-content\/uploads\/2022\/12\/TITEL_N-1024x958.jpg"},{"@type":"BreadcrumbList","@id":"https:\/\/hovslagareforeningen.se\/titeln-hovslagare\/#breadcrumb","itemListElement":[{"@type":"ListItem","position":1,"name":"Hem","item":"https:\/\/hovslagareforeningen.se\/"},{"@type":"ListItem","position":2,"name":"Titeln Hovslagare"}]},{"@type":"WebSite","@id":"https:\/\/hovslagareforeningen.se\/#website","url":"https:\/\/hovslagareforeningen.se\/","name":"Svenska Hovslagaref\u00f6reningen","description":"","publisher":{"@id":"https:\/\/hovslagareforeningen.se\/#organization"},"potentialAction":[{"@type":"SearchAction","target":{"@type":"EntryPoint","urlTemplate":"https:\/\/hovslagareforeningen.se\/?s={search_term_string}"},"query-input":{"@type":"PropertyValueSpecification","valueRequired":true,"valueName":"search_term_string"}}],"inLanguage":"en-GB"},{"@type":"Organization","@id":"https:\/\/hovslagareforeningen.se\/#organization","name":"Svenska Hovslagaref\u00f6reningen","url":"https:\/\/hovslagareforeningen.se\/","logo":{"@type":"ImageObject","inLanguage":"en-GB","@id":"https:\/\/hovslagareforeningen.se\/#\/schema\/logo\/image\/","url":"https:\/\/i0.wp.com\/hovslagareforeningen.se\/wp-content\/uploads\/2025\/12\/SHF-logo.png?fit=594%2C558&ssl=1","contentUrl":"https:\/\/i0.wp.com\/hovslagareforeningen.se\/wp-content\/uploads\/2025\/12\/SHF-logo.png?fit=594%2C558&ssl=1","width":594,"height":558,"caption":"Svenska Hovslagaref\u00f6reningen"},"image":{"@id":"https:\/\/hovslagareforeningen.se\/#\/schema\/logo\/image\/"},"sameAs":["https:\/\/www.facebook.com\/SvenskaHovslagareforeningen","https:\/\/www.instagram.com\/svenska_hovslagareforeningen"]}]}},"jetpack_sharing_enabled":true,"_links":{"self":[{"href":"https:\/\/hovslagareforeningen.se\/en\/wp-json\/wp\/v2\/pages\/5514","targetHints":{"allow":["GET"]}}],"collection":[{"href":"https:\/\/hovslagareforeningen.se\/en\/wp-json\/wp\/v2\/pages"}],"about":[{"href":"https:\/\/hovslagareforeningen.se\/en\/wp-json\/wp\/v2\/types\/page"}],"author":[{"embeddable":true,"href":"https:\/\/hovslagareforeningen.se\/en\/wp-json\/wp\/v2\/users\/399"}],"replies":[{"embeddable":true,"href":"https:\/\/hovslagareforeningen.se\/en\/wp-json\/wp\/v2\/comments?post=5514"}],"version-history":[{"count":0,"href":"https:\/\/hovslagareforeningen.se\/en\/wp-json\/wp\/v2\/pages\/5514\/revisions"}],"wp:attachment":[{"href":"https:\/\/hovslagareforeningen.se\/en\/wp-json\/wp\/v2\/media?parent=5514"}],"curies":[{"name":"wp","href":"https:\/\/api.w.org\/{rel}","templated":true}]}}