{"id":5696,"date":"2023-04-15T08:49:48","date_gmt":"2023-04-15T06:49:48","guid":{"rendered":"https:\/\/hovslagareforeningen.se\/?page_id=5696"},"modified":"2023-04-15T09:47:26","modified_gmt":"2023-04-15T07:47:26","slug":"folforelasning-med-rose-marie-clark-marina-axelson-6-5","status":"publish","type":"page","link":"https:\/\/hovslagareforeningen.se\/en\/folforelasning-med-rose-marie-clark-marina-axelson-6-5\/","title":{"rendered":"F\u00f6lf\u00f6rel\u00e4sning med Rose-Marie Clark &#038; Marina Axelson 6\/5"},"content":{"rendered":"<div>Studiecirkel h\u00e4st Kungsbacka arrangerar f\u00f6rel\u00e4sning l\u00f6rdag 6 maj, kl 12 p\u00e5 Kungsbacka ridklubb.<\/div>\n<div>FB-l\u00e4nk &#8212;&gt; <a class=\"x1i10hfl xjbqb8w x6umtig x1b1mbwd xaqea5y xav7gou x9f619 x1ypdohk xt0psk2 xe8uvvx xdj266r x11i5rnm xat24cr x1mh8g0r xexx8yu x4uap5 x18d9i69 xkhd6sd x16tdsg8 x1hl2dhg xggy1nq x1a2a7pz x1heor9g xt0b8zv x1xlr1w8\" tabindex=\"0\" role=\"link\" href=\"https:\/\/www.facebook.com\/groups\/3301425093476036\/\">Studiecirkel h\u00e4st Kungsbacka<\/a><\/div>\n<div class=\"x11i5rnm xat24cr x1mh8g0r x1vvkbs xdj266r\">Studiecirkel h\u00e4st Kungsbacka, \u00e4r v\u00e4ldigt stola och glada \u00f6ver att f\u00e5 arrangera denna f\u00f6rel\u00e4sningen med tv\u00e5 av de mest kompetenta inom \u00e4mnet p\u00e5 samma f\u00f6rel\u00e4sning. Med l\u00e5ng gedigen erfarenhet samt ett gott samarbete har Rose-Marie och Marina tillsammans lyckats f\u00f6rb\u00e4ttra livet f\u00f6r m\u00e4ngder av f\u00f6l genom \u00e5ren.<br \/>\nVi kommer h\u00e5lla fokus p\u00e5 vikten av samarbeten \u00f6ver yrkesgrupperna, hur man b\u00f6r hantera olika benst\u00e4llningar, n\u00e4r b\u00f6r f\u00f6let vila inne och n\u00e4r beh\u00f6ver den st\u00e4rkas ute. N\u00e4r och hur beh\u00f6ver f\u00f6let hj\u00e4lp med sin kropp och n\u00e4r beh\u00f6ver hovarna korrigeras.<\/div>\n<div class=\"x11i5rnm xat24cr x1mh8g0r x1vvkbs xtlvy1s\">Rose-Marie Clark utbildade sig till Hovslagare 1976 i Stockholm. B\u00f6rjade samma \u00e5r som Hovslagare p\u00e5 T\u00e4by galopp. Tr\u00e4ffade Marina Axelson p\u00e5 90 talet och b\u00f6rjade d\u00e5 med ett samarbete. Rose-Marie har \u00e4ven arbetat som klinkhovslagare sedan i b\u00f6rjan p\u00e5 90 talet. Hon har varit i Australien och askulterat med korrigering av felaktiga benst\u00e4llningar hos f\u00f6l vid ett flertal tillf\u00e4llen och tagit fram skon RoseFoalShoe.<\/div>\n<div class=\"x11i5rnm xat24cr x1mh8g0r x1vvkbs xtlvy1s\"><\/div>\n<div class=\"x11i5rnm xat24cr x1mh8g0r x1vvkbs xtlvy1s\">Marina Axelson driver Axelsons Animal Massage School sedan 30 \u00e5r tillbaka och b\u00f6rjade samarbeta med Rose-Marie Clark p\u00e5 90-talet med f\u00f6l p\u00e5 T\u00e4by kliniken d\u00e5 hon masserade fullblodsgalopp\u00f6rer p\u00e5 T\u00e4by galopp. Marina \u00e4r utbildad Equifysioterapeut i USA d\u00e4r hon bodde i 6 \u00e5r innan hon flyttade hem till Sverige 1993 och startade sin skola.<\/div>\n<div class=\"x11i5rnm xat24cr x1mh8g0r x1vvkbs xtlvy1s\">Evenemanget \u00e4r l\u00e4mpligt f\u00f6r s\u00e5v\u00e4l veterin\u00e4rer, hovslagare samt h\u00e4st\u00e4gare som v\u00e4ntar sitt f\u00f6rsta f\u00f6l.<\/div>\n<div>Vi har begr\u00e4nsat antal platser s\u00e5 boka din plats i tid.<\/div>\n<div class=\"x11i5rnm xat24cr x1mh8g0r x1vvkbs xtlvy1s\"><strong>Anm\u00e4lan \u00e4r bindande och sker via sms till 0703-004746 och betalning via swish till nr 123 6073696<\/strong><br \/>\n<strong>pris 500 kr.<\/strong><br \/>\n<strong>sista anm\u00e4lningsdag \u00e4r 26\/4.<\/strong><\/p>\n<div class=\"x1i10hfl xjbqb8w x6umtig x1b1mbwd xaqea5y xav7gou x9f619 x1ypdohk xt0psk2 xe8uvvx xdj266r x11i5rnm xat24cr x1mh8g0r xexx8yu x4uap5 x18d9i69 xkhd6sd x16tdsg8 x1hl2dhg xggy1nq x1a2a7pz xt0b8zv xzsf02u x1s688f\" tabindex=\"0\" role=\"button\"><\/div>\n<\/div>","protected":false},"excerpt":{"rendered":"<p>Studiecirkel h\u00e4st Kungsbacka arrangerar f\u00f6rel\u00e4sning l\u00f6rdag 6 maj, kl 12 p\u00e5 Kungsbacka ridklubb. FB-l\u00e4nk &#8212;&gt; Studiecirkel h\u00e4st Kungsbacka Studiecirkel h\u00e4st Kungsbacka, \u00e4r v\u00e4ldigt stola och glada \u00f6ver att f\u00e5 arrangera [&hellip;]<\/p>\n","protected":false},"author":399,"featured_media":0,"parent":0,"menu_order":0,"comment_status":"closed","ping_status":"closed","template":"","meta":{"_EventAllDay":false,"_EventTimezone":"","_EventStartDate":"","_EventEndDate":"","_EventStartDateUTC":"","_EventEndDateUTC":"","_EventShowMap":false,"_EventShowMapLink":false,"_EventURL":"","_EventCost":"","_EventCostDescription":"","_EventCurrencySymbol":"","_EventCurrencyCode":"","_EventCurrencyPosition":"","_EventDateTimeSeparator":"","_EventTimeRangeSeparator":"","_EventOrganizerID":[],"_EventVenueID":[],"_OrganizerEmail":"","_OrganizerPhone":"","_OrganizerWebsite":"","_VenueAddress":"","_VenueCity":"","_VenueCountry":"","_VenueProvince":"","_VenueState":"","_VenueZip":"","_VenuePhone":"","_VenueURL":"","_VenueStateProvince":"","_VenueLat":"","_VenueLng":"","_VenueShowMap":false,"_VenueShowMapLink":false,"footnotes":""},"class_list":["post-5696","page","type-page","status-publish","hentry"],"blocksy_meta":[],"yoast_head":"<!-- This site is optimized with the Yoast SEO plugin v27.4 - https:\/\/yoast.com\/product\/yoast-seo-wordpress\/ -->\n<title>F\u00f6lf\u00f6rel\u00e4sning med Rose-Marie Clark &amp; Marina Axelson 6\/5 - Svenska Hovslagaref\u00f6reningen<\/title>\n<meta name=\"robots\" content=\"index, follow, max-snippet:-1, max-image-preview:large, max-video-preview:-1\" \/>\n<link rel=\"canonical\" href=\"https:\/\/hovslagareforeningen.se\/en\/folforelasning-med-rose-marie-clark-marina-axelson-6-5\/\" \/>\n<meta property=\"og:locale\" content=\"en_GB\" \/>\n<meta property=\"og:type\" content=\"article\" \/>\n<meta property=\"og:title\" content=\"F\u00f6lf\u00f6rel\u00e4sning med Rose-Marie Clark &amp; Marina Axelson 6\/5 - Svenska Hovslagaref\u00f6reningen\" \/>\n<meta property=\"og:description\" content=\"Studiecirkel h\u00e4st Kungsbacka arrangerar f\u00f6rel\u00e4sning l\u00f6rdag 6 maj, kl 12 p\u00e5 Kungsbacka ridklubb. FB-l\u00e4nk &#8212;&gt; Studiecirkel h\u00e4st Kungsbacka Studiecirkel h\u00e4st Kungsbacka, \u00e4r v\u00e4ldigt stola och glada \u00f6ver att f\u00e5 arrangera [&hellip;]\" \/>\n<meta property=\"og:url\" content=\"https:\/\/hovslagareforeningen.se\/en\/folforelasning-med-rose-marie-clark-marina-axelson-6-5\/\" \/>\n<meta property=\"og:site_name\" content=\"Svenska Hovslagaref\u00f6reningen\" \/>\n<meta property=\"article:publisher\" content=\"https:\/\/www.facebook.com\/SvenskaHovslagareforeningen\" \/>\n<meta property=\"article:modified_time\" content=\"2023-04-15T07:47:26+00:00\" \/>\n<meta name=\"twitter:card\" content=\"summary_large_image\" \/>\n<meta name=\"twitter:label1\" content=\"Estimated reading time\" \/>\n\t<meta name=\"twitter:data1\" content=\"2 minutes\" \/>\n<script type=\"application\/ld+json\" class=\"yoast-schema-graph\">{\"@context\":\"https:\\\/\\\/schema.org\",\"@graph\":[{\"@type\":\"WebPage\",\"@id\":\"https:\\\/\\\/hovslagareforeningen.se\\\/folforelasning-med-rose-marie-clark-marina-axelson-6-5\\\/\",\"url\":\"https:\\\/\\\/hovslagareforeningen.se\\\/folforelasning-med-rose-marie-clark-marina-axelson-6-5\\\/\",\"name\":\"F\u00f6lf\u00f6rel\u00e4sning med Rose-Marie Clark & Marina Axelson 6\\\/5 - Svenska Hovslagaref\u00f6reningen\",\"isPartOf\":{\"@id\":\"https:\\\/\\\/hovslagareforeningen.se\\\/#website\"},\"datePublished\":\"2023-04-15T06:49:48+00:00\",\"dateModified\":\"2023-04-15T07:47:26+00:00\",\"breadcrumb\":{\"@id\":\"https:\\\/\\\/hovslagareforeningen.se\\\/folforelasning-med-rose-marie-clark-marina-axelson-6-5\\\/#breadcrumb\"},\"inLanguage\":\"en-GB\",\"potentialAction\":[{\"@type\":\"ReadAction\",\"target\":[\"https:\\\/\\\/hovslagareforeningen.se\\\/folforelasning-med-rose-marie-clark-marina-axelson-6-5\\\/\"]}]},{\"@type\":\"BreadcrumbList\",\"@id\":\"https:\\\/\\\/hovslagareforeningen.se\\\/folforelasning-med-rose-marie-clark-marina-axelson-6-5\\\/#breadcrumb\",\"itemListElement\":[{\"@type\":\"ListItem\",\"position\":1,\"name\":\"Hem\",\"item\":\"https:\\\/\\\/hovslagareforeningen.se\\\/\"},{\"@type\":\"ListItem\",\"position\":2,\"name\":\"F\u00f6lf\u00f6rel\u00e4sning med Rose-Marie Clark &#038; Marina Axelson 6\\\/5\"}]},{\"@type\":\"WebSite\",\"@id\":\"https:\\\/\\\/hovslagareforeningen.se\\\/#website\",\"url\":\"https:\\\/\\\/hovslagareforeningen.se\\\/\",\"name\":\"Svenska Hovslagaref\u00f6reningen\",\"description\":\"\",\"publisher\":{\"@id\":\"https:\\\/\\\/hovslagareforeningen.se\\\/#organization\"},\"potentialAction\":[{\"@type\":\"SearchAction\",\"target\":{\"@type\":\"EntryPoint\",\"urlTemplate\":\"https:\\\/\\\/hovslagareforeningen.se\\\/?s={search_term_string}\"},\"query-input\":{\"@type\":\"PropertyValueSpecification\",\"valueRequired\":true,\"valueName\":\"search_term_string\"}}],\"inLanguage\":\"en-GB\"},{\"@type\":\"Organization\",\"@id\":\"https:\\\/\\\/hovslagareforeningen.se\\\/#organization\",\"name\":\"Svenska Hovslagaref\u00f6reningen\",\"url\":\"https:\\\/\\\/hovslagareforeningen.se\\\/\",\"logo\":{\"@type\":\"ImageObject\",\"inLanguage\":\"en-GB\",\"@id\":\"https:\\\/\\\/hovslagareforeningen.se\\\/#\\\/schema\\\/logo\\\/image\\\/\",\"url\":\"https:\\\/\\\/i0.wp.com\\\/hovslagareforeningen.se\\\/wp-content\\\/uploads\\\/2025\\\/12\\\/SHF-logo.png?fit=594%2C558&ssl=1\",\"contentUrl\":\"https:\\\/\\\/i0.wp.com\\\/hovslagareforeningen.se\\\/wp-content\\\/uploads\\\/2025\\\/12\\\/SHF-logo.png?fit=594%2C558&ssl=1\",\"width\":594,\"height\":558,\"caption\":\"Svenska Hovslagaref\u00f6reningen\"},\"image\":{\"@id\":\"https:\\\/\\\/hovslagareforeningen.se\\\/#\\\/schema\\\/logo\\\/image\\\/\"},\"sameAs\":[\"https:\\\/\\\/www.facebook.com\\\/SvenskaHovslagareforeningen\",\"https:\\\/\\\/www.instagram.com\\\/svenska_hovslagareforeningen\"]}]}<\/script>\n<!-- \/ Yoast SEO plugin. -->","yoast_head_json":{"title":"F\u00f6lf\u00f6rel\u00e4sning med Rose-Marie Clark & Marina Axelson 6\/5 - Svenska Hovslagaref\u00f6reningen","robots":{"index":"index","follow":"follow","max-snippet":"max-snippet:-1","max-image-preview":"max-image-preview:large","max-video-preview":"max-video-preview:-1"},"canonical":"https:\/\/hovslagareforeningen.se\/en\/folforelasning-med-rose-marie-clark-marina-axelson-6-5\/","og_locale":"en_GB","og_type":"article","og_title":"F\u00f6lf\u00f6rel\u00e4sning med Rose-Marie Clark & Marina Axelson 6\/5 - Svenska Hovslagaref\u00f6reningen","og_description":"Studiecirkel h\u00e4st Kungsbacka arrangerar f\u00f6rel\u00e4sning l\u00f6rdag 6 maj, kl 12 p\u00e5 Kungsbacka ridklubb. FB-l\u00e4nk &#8212;&gt; Studiecirkel h\u00e4st Kungsbacka Studiecirkel h\u00e4st Kungsbacka, \u00e4r v\u00e4ldigt stola och glada \u00f6ver att f\u00e5 arrangera [&hellip;]","og_url":"https:\/\/hovslagareforeningen.se\/en\/folforelasning-med-rose-marie-clark-marina-axelson-6-5\/","og_site_name":"Svenska Hovslagaref\u00f6reningen","article_publisher":"https:\/\/www.facebook.com\/SvenskaHovslagareforeningen","article_modified_time":"2023-04-15T07:47:26+00:00","twitter_card":"summary_large_image","twitter_misc":{"Estimated reading time":"2 minutes"},"schema":{"@context":"https:\/\/schema.org","@graph":[{"@type":"WebPage","@id":"https:\/\/hovslagareforeningen.se\/folforelasning-med-rose-marie-clark-marina-axelson-6-5\/","url":"https:\/\/hovslagareforeningen.se\/folforelasning-med-rose-marie-clark-marina-axelson-6-5\/","name":"F\u00f6lf\u00f6rel\u00e4sning med Rose-Marie Clark & Marina Axelson 6\/5 - Svenska Hovslagaref\u00f6reningen","isPartOf":{"@id":"https:\/\/hovslagareforeningen.se\/#website"},"datePublished":"2023-04-15T06:49:48+00:00","dateModified":"2023-04-15T07:47:26+00:00","breadcrumb":{"@id":"https:\/\/hovslagareforeningen.se\/folforelasning-med-rose-marie-clark-marina-axelson-6-5\/#breadcrumb"},"inLanguage":"en-GB","potentialAction":[{"@type":"ReadAction","target":["https:\/\/hovslagareforeningen.se\/folforelasning-med-rose-marie-clark-marina-axelson-6-5\/"]}]},{"@type":"BreadcrumbList","@id":"https:\/\/hovslagareforeningen.se\/folforelasning-med-rose-marie-clark-marina-axelson-6-5\/#breadcrumb","itemListElement":[{"@type":"ListItem","position":1,"name":"Hem","item":"https:\/\/hovslagareforeningen.se\/"},{"@type":"ListItem","position":2,"name":"F\u00f6lf\u00f6rel\u00e4sning med Rose-Marie Clark &#038; Marina Axelson 6\/5"}]},{"@type":"WebSite","@id":"https:\/\/hovslagareforeningen.se\/#website","url":"https:\/\/hovslagareforeningen.se\/","name":"Svenska Hovslagaref\u00f6reningen","description":"","publisher":{"@id":"https:\/\/hovslagareforeningen.se\/#organization"},"potentialAction":[{"@type":"SearchAction","target":{"@type":"EntryPoint","urlTemplate":"https:\/\/hovslagareforeningen.se\/?s={search_term_string}"},"query-input":{"@type":"PropertyValueSpecification","valueRequired":true,"valueName":"search_term_string"}}],"inLanguage":"en-GB"},{"@type":"Organization","@id":"https:\/\/hovslagareforeningen.se\/#organization","name":"Svenska Hovslagaref\u00f6reningen","url":"https:\/\/hovslagareforeningen.se\/","logo":{"@type":"ImageObject","inLanguage":"en-GB","@id":"https:\/\/hovslagareforeningen.se\/#\/schema\/logo\/image\/","url":"https:\/\/i0.wp.com\/hovslagareforeningen.se\/wp-content\/uploads\/2025\/12\/SHF-logo.png?fit=594%2C558&ssl=1","contentUrl":"https:\/\/i0.wp.com\/hovslagareforeningen.se\/wp-content\/uploads\/2025\/12\/SHF-logo.png?fit=594%2C558&ssl=1","width":594,"height":558,"caption":"Svenska Hovslagaref\u00f6reningen"},"image":{"@id":"https:\/\/hovslagareforeningen.se\/#\/schema\/logo\/image\/"},"sameAs":["https:\/\/www.facebook.com\/SvenskaHovslagareforeningen","https:\/\/www.instagram.com\/svenska_hovslagareforeningen"]}]}},"jetpack_sharing_enabled":true,"_links":{"self":[{"href":"https:\/\/hovslagareforeningen.se\/en\/wp-json\/wp\/v2\/pages\/5696","targetHints":{"allow":["GET"]}}],"collection":[{"href":"https:\/\/hovslagareforeningen.se\/en\/wp-json\/wp\/v2\/pages"}],"about":[{"href":"https:\/\/hovslagareforeningen.se\/en\/wp-json\/wp\/v2\/types\/page"}],"author":[{"embeddable":true,"href":"https:\/\/hovslagareforeningen.se\/en\/wp-json\/wp\/v2\/users\/399"}],"replies":[{"embeddable":true,"href":"https:\/\/hovslagareforeningen.se\/en\/wp-json\/wp\/v2\/comments?post=5696"}],"version-history":[{"count":0,"href":"https:\/\/hovslagareforeningen.se\/en\/wp-json\/wp\/v2\/pages\/5696\/revisions"}],"wp:attachment":[{"href":"https:\/\/hovslagareforeningen.se\/en\/wp-json\/wp\/v2\/media?parent=5696"}],"curies":[{"name":"wp","href":"https:\/\/api.w.org\/{rel}","templated":true}]}}