{"id":6041,"date":"2024-03-07T21:16:04","date_gmt":"2024-03-07T20:16:04","guid":{"rendered":"https:\/\/hovslagareforeningen.se\/?page_id=6041"},"modified":"2024-03-07T21:16:41","modified_gmt":"2024-03-07T20:16:41","slug":"forelasning-pa-uds","status":"publish","type":"page","link":"https:\/\/hovslagareforeningen.se\/en\/forelasning-pa-uds\/","title":{"rendered":"F\u00f6rel\u00e4sning p\u00e5 UDS"},"content":{"rendered":"<p>Till f\u00f6rm\u00e5n f\u00f6r Svenska landslaget i hovslageri<\/p>\n<h2>F\u00f6rel\u00e4sningsdag p\u00e5 Universitetsdjursjukhuset 18:e April<\/h2>\n<p>&nbsp;<\/p>\n<p>08.45-09.00\u00a0\u00a0\u00a0\u00a0\u00a0 H\u00e4lsar alla v\u00e4lkomna<\/p>\n<p>09.00-09.45\u00a0\u00a0\u00a0\u00a0\u00a0 Daniel Svedare Veterin\u00e4r UDS. Objektiva r\u00f6relse system.<\/p>\n<p>09.45-10.30\u00a0\u00a0\u00a0\u00a0\u00a0 Emma Persson Veterin\u00e4r, Forskare biomekanik. R\u00f6relse asymmetri hos h\u00e4st<\/p>\n<p>10.30-10.45\u00a0 \u00a0 \u00a0 \u00a0Paus<\/p>\n<p>10.45-12.00\u00a0\u00a0\u00a0\u00a0\u00a0 Henrik Jansson Hovslagarm\u00e4stare, FWCF. Hovbensfrakturer, behandling och prognos<\/p>\n<p>12.00-13.30\u00a0 \u00a0 \u00a0 Lunch<\/p>\n<p>13.30-14.15\u00a0\u00a0\u00a0\u00a0\u00a0 Chrichan lvarius Hovslagarm\u00e4stare. Hur fungerar det om man blir anm\u00e4ld till ansvarsn\u00e4mnden?<\/p>\n<p>14.15-14-30\u00a0\u00a0\u00a0\u00a0\u00a0 Paus<\/p>\n<p>14.30-15.15\u00a0\u00a0\u00a0\u00a0\u00a0 Elin Svonni Veterin\u00e4r UDS, Doktorand. Insulinresistens hos h\u00e4st. Kan vi hj\u00e4lpa f\u00e5ngh\u00e4star med EMS<\/p>\n<p>15.15\u00a0\u00a0\u00a0\u00a0\u00a0\u00a0\u00a0\u00a0\u00a0\u00a0\u00a0\u00a0\u00a0\u00a0\u00a0\u00a0 Avslutning<\/p>\n<p>&nbsp;<\/p>\n<p>Kostnad 1 500 kr f\u00f6r verksam hovslagare L\u00e4rling 500 kr<\/p>\n<p>Vill man ge extra bidrag till f\u00f6rm\u00e5n f\u00f6r landslaget s\u00e5 tas det med stor tacksamhet emot!!<\/p>\n<p>Pengarna som den h\u00e4r dagen inbringar g\u00e5r direkt till landslaget i hovslageri, f\u00f6r kunna representera Sverige p\u00e5 hovslagar-VM i Stoneleigh, England.<\/p>\n<p>Max antal deltagare \u00e4r 50 personer.<\/p>\n<p>&nbsp;<\/p>\n<p>Anm\u00e4l dig till f\u00f6rel\u00e4sningsdagen via mejl till: <a href=\"mailto:kansliet@hovslagareforeningen.se\"><u>kansliet@hovslagareforeningen.se<\/u><\/a><\/p>\n<p>Uppge namn, mobilnummer, mejladress och, om du inte \u00e4r medlem i Svenska Hovslagaref\u00f6reningen, uppge \u00e4ven adress, postnummer, postort. Om det \u00e4r ett f\u00f6retag som ska faktureras s\u00e5 uppge \u00e4ven f\u00f6retagets namn och organisationsnummer.<\/p>\n<p>Eller skanna qr-koden. <strong>V\u00e4lkommen med din anm\u00e4lan!<\/strong><\/p>\n<p><img data-recalc-dims=\"1\" loading=\"lazy\" decoding=\"async\" class=\"alignnone size-full wp-image-6043\" src=\"https:\/\/i0.wp.com\/hovslagareforeningen.se\/wp-content\/uploads\/2024\/03\/qr.png?resize=345%2C348&#038;ssl=1\" alt=\"\" width=\"345\" height=\"348\" srcset=\"https:\/\/i0.wp.com\/hovslagareforeningen.se\/wp-content\/uploads\/2024\/03\/qr.png?w=345&amp;ssl=1 345w, https:\/\/i0.wp.com\/hovslagareforeningen.se\/wp-content\/uploads\/2024\/03\/qr.png?resize=100%2C100&amp;ssl=1 100w, https:\/\/i0.wp.com\/hovslagareforeningen.se\/wp-content\/uploads\/2024\/03\/qr.png?resize=297%2C300&amp;ssl=1 297w, https:\/\/i0.wp.com\/hovslagareforeningen.se\/wp-content\/uploads\/2024\/03\/qr.png?resize=150%2C150&amp;ssl=1 150w\" sizes=\"auto, (max-width: 345px) 100vw, 345px\" \/><\/p>\n<p>Inbjudan i pdf-format -&gt; <a href=\"https:\/\/hovslagareforeningen.se\/en\/forelasning-pa-uds\/hovdag\/\" rel=\"attachment wp-att-6042\">Hovdag<\/a><\/p>","protected":false},"excerpt":{"rendered":"<p>Till f\u00f6rm\u00e5n f\u00f6r Svenska landslaget i hovslageri F\u00f6rel\u00e4sningsdag p\u00e5 Universitetsdjursjukhuset 18:e April &nbsp; 08.45-09.00\u00a0\u00a0\u00a0\u00a0\u00a0 H\u00e4lsar alla v\u00e4lkomna 09.00-09.45\u00a0\u00a0\u00a0\u00a0\u00a0 Daniel Svedare Veterin\u00e4r UDS. Objektiva r\u00f6relse system. 09.45-10.30\u00a0\u00a0\u00a0\u00a0\u00a0 Emma Persson Veterin\u00e4r, Forskare [&hellip;]<\/p>\n","protected":false},"author":951,"featured_media":0,"parent":0,"menu_order":0,"comment_status":"closed","ping_status":"closed","template":"","meta":{"_EventAllDay":false,"_EventTimezone":"","_EventStartDate":"","_EventEndDate":"","_EventStartDateUTC":"","_EventEndDateUTC":"","_EventShowMap":false,"_EventShowMapLink":false,"_EventURL":"","_EventCost":"","_EventCostDescription":"","_EventCurrencySymbol":"","_EventCurrencyCode":"","_EventCurrencyPosition":"","_EventDateTimeSeparator":"","_EventTimeRangeSeparator":"","_EventOrganizerID":[],"_EventVenueID":[],"_OrganizerEmail":"","_OrganizerPhone":"","_OrganizerWebsite":"","_VenueAddress":"","_VenueCity":"","_VenueCountry":"","_VenueProvince":"","_VenueState":"","_VenueZip":"","_VenuePhone":"","_VenueURL":"","_VenueStateProvince":"","_VenueLat":"","_VenueLng":"","_VenueShowMap":false,"_VenueShowMapLink":false,"footnotes":""},"class_list":["post-6041","page","type-page","status-publish","hentry"],"blocksy_meta":[],"yoast_head":"<!-- This site is optimized with the Yoast SEO plugin v27.5 - https:\/\/yoast.com\/product\/yoast-seo-wordpress\/ -->\n<title>F\u00f6rel\u00e4sning p\u00e5 UDS - Svenska Hovslagaref\u00f6reningen<\/title>\n<meta name=\"robots\" content=\"index, follow, max-snippet:-1, max-image-preview:large, max-video-preview:-1\" \/>\n<link rel=\"canonical\" href=\"https:\/\/hovslagareforeningen.se\/en\/forelasning-pa-uds\/\" \/>\n<meta property=\"og:locale\" content=\"en_GB\" \/>\n<meta property=\"og:type\" content=\"article\" \/>\n<meta property=\"og:title\" content=\"F\u00f6rel\u00e4sning p\u00e5 UDS - Svenska Hovslagaref\u00f6reningen\" \/>\n<meta property=\"og:description\" content=\"Till f\u00f6rm\u00e5n f\u00f6r Svenska landslaget i hovslageri F\u00f6rel\u00e4sningsdag p\u00e5 Universitetsdjursjukhuset 18:e April &nbsp; 08.45-09.00\u00a0\u00a0\u00a0\u00a0\u00a0 H\u00e4lsar alla v\u00e4lkomna 09.00-09.45\u00a0\u00a0\u00a0\u00a0\u00a0 Daniel Svedare Veterin\u00e4r UDS. Objektiva r\u00f6relse system. 09.45-10.30\u00a0\u00a0\u00a0\u00a0\u00a0 Emma Persson Veterin\u00e4r, Forskare [&hellip;]\" \/>\n<meta property=\"og:url\" content=\"https:\/\/hovslagareforeningen.se\/en\/forelasning-pa-uds\/\" \/>\n<meta property=\"og:site_name\" content=\"Svenska Hovslagaref\u00f6reningen\" \/>\n<meta property=\"article:publisher\" content=\"https:\/\/www.facebook.com\/SvenskaHovslagareforeningen\" \/>\n<meta property=\"article:modified_time\" content=\"2024-03-07T20:16:41+00:00\" \/>\n<meta property=\"og:image\" content=\"https:\/\/hovslagareforeningen.se\/wp-content\/uploads\/2024\/03\/qr.png\" \/>\n<meta name=\"twitter:card\" content=\"summary_large_image\" \/>\n<meta name=\"twitter:label1\" content=\"Estimated reading time\" \/>\n\t<meta name=\"twitter:data1\" content=\"1 minute\" \/>\n<script type=\"application\/ld+json\" class=\"yoast-schema-graph\">{\"@context\":\"https:\\\/\\\/schema.org\",\"@graph\":[{\"@type\":\"WebPage\",\"@id\":\"https:\\\/\\\/hovslagareforeningen.se\\\/forelasning-pa-uds\\\/\",\"url\":\"https:\\\/\\\/hovslagareforeningen.se\\\/forelasning-pa-uds\\\/\",\"name\":\"F\u00f6rel\u00e4sning p\u00e5 UDS - Svenska Hovslagaref\u00f6reningen\",\"isPartOf\":{\"@id\":\"https:\\\/\\\/hovslagareforeningen.se\\\/#website\"},\"primaryImageOfPage\":{\"@id\":\"https:\\\/\\\/hovslagareforeningen.se\\\/forelasning-pa-uds\\\/#primaryimage\"},\"image\":{\"@id\":\"https:\\\/\\\/hovslagareforeningen.se\\\/forelasning-pa-uds\\\/#primaryimage\"},\"thumbnailUrl\":\"https:\\\/\\\/hovslagareforeningen.se\\\/wp-content\\\/uploads\\\/2024\\\/03\\\/qr.png\",\"datePublished\":\"2024-03-07T20:16:04+00:00\",\"dateModified\":\"2024-03-07T20:16:41+00:00\",\"breadcrumb\":{\"@id\":\"https:\\\/\\\/hovslagareforeningen.se\\\/forelasning-pa-uds\\\/#breadcrumb\"},\"inLanguage\":\"en-GB\",\"potentialAction\":[{\"@type\":\"ReadAction\",\"target\":[\"https:\\\/\\\/hovslagareforeningen.se\\\/forelasning-pa-uds\\\/\"]}]},{\"@type\":\"ImageObject\",\"inLanguage\":\"en-GB\",\"@id\":\"https:\\\/\\\/hovslagareforeningen.se\\\/forelasning-pa-uds\\\/#primaryimage\",\"url\":\"https:\\\/\\\/hovslagareforeningen.se\\\/wp-content\\\/uploads\\\/2024\\\/03\\\/qr.png\",\"contentUrl\":\"https:\\\/\\\/hovslagareforeningen.se\\\/wp-content\\\/uploads\\\/2024\\\/03\\\/qr.png\"},{\"@type\":\"BreadcrumbList\",\"@id\":\"https:\\\/\\\/hovslagareforeningen.se\\\/forelasning-pa-uds\\\/#breadcrumb\",\"itemListElement\":[{\"@type\":\"ListItem\",\"position\":1,\"name\":\"Hem\",\"item\":\"https:\\\/\\\/hovslagareforeningen.se\\\/\"},{\"@type\":\"ListItem\",\"position\":2,\"name\":\"F\u00f6rel\u00e4sning p\u00e5 UDS\"}]},{\"@type\":\"WebSite\",\"@id\":\"https:\\\/\\\/hovslagareforeningen.se\\\/#website\",\"url\":\"https:\\\/\\\/hovslagareforeningen.se\\\/\",\"name\":\"Svenska Hovslagaref\u00f6reningen\",\"description\":\"\",\"publisher\":{\"@id\":\"https:\\\/\\\/hovslagareforeningen.se\\\/#organization\"},\"potentialAction\":[{\"@type\":\"SearchAction\",\"target\":{\"@type\":\"EntryPoint\",\"urlTemplate\":\"https:\\\/\\\/hovslagareforeningen.se\\\/?s={search_term_string}\"},\"query-input\":{\"@type\":\"PropertyValueSpecification\",\"valueRequired\":true,\"valueName\":\"search_term_string\"}}],\"inLanguage\":\"en-GB\"},{\"@type\":\"Organization\",\"@id\":\"https:\\\/\\\/hovslagareforeningen.se\\\/#organization\",\"name\":\"Svenska Hovslagaref\u00f6reningen\",\"url\":\"https:\\\/\\\/hovslagareforeningen.se\\\/\",\"logo\":{\"@type\":\"ImageObject\",\"inLanguage\":\"en-GB\",\"@id\":\"https:\\\/\\\/hovslagareforeningen.se\\\/#\\\/schema\\\/logo\\\/image\\\/\",\"url\":\"https:\\\/\\\/i0.wp.com\\\/hovslagareforeningen.se\\\/wp-content\\\/uploads\\\/2025\\\/12\\\/SHF-logo.png?fit=594%2C558&ssl=1\",\"contentUrl\":\"https:\\\/\\\/i0.wp.com\\\/hovslagareforeningen.se\\\/wp-content\\\/uploads\\\/2025\\\/12\\\/SHF-logo.png?fit=594%2C558&ssl=1\",\"width\":594,\"height\":558,\"caption\":\"Svenska Hovslagaref\u00f6reningen\"},\"image\":{\"@id\":\"https:\\\/\\\/hovslagareforeningen.se\\\/#\\\/schema\\\/logo\\\/image\\\/\"},\"sameAs\":[\"https:\\\/\\\/www.facebook.com\\\/SvenskaHovslagareforeningen\",\"https:\\\/\\\/www.instagram.com\\\/svenska_hovslagareforeningen\"]}]}<\/script>\n<!-- \/ Yoast SEO plugin. -->","yoast_head_json":{"title":"F\u00f6rel\u00e4sning p\u00e5 UDS - Svenska Hovslagaref\u00f6reningen","robots":{"index":"index","follow":"follow","max-snippet":"max-snippet:-1","max-image-preview":"max-image-preview:large","max-video-preview":"max-video-preview:-1"},"canonical":"https:\/\/hovslagareforeningen.se\/en\/forelasning-pa-uds\/","og_locale":"en_GB","og_type":"article","og_title":"F\u00f6rel\u00e4sning p\u00e5 UDS - Svenska Hovslagaref\u00f6reningen","og_description":"Till f\u00f6rm\u00e5n f\u00f6r Svenska landslaget i hovslageri F\u00f6rel\u00e4sningsdag p\u00e5 Universitetsdjursjukhuset 18:e April &nbsp; 08.45-09.00\u00a0\u00a0\u00a0\u00a0\u00a0 H\u00e4lsar alla v\u00e4lkomna 09.00-09.45\u00a0\u00a0\u00a0\u00a0\u00a0 Daniel Svedare Veterin\u00e4r UDS. Objektiva r\u00f6relse system. 09.45-10.30\u00a0\u00a0\u00a0\u00a0\u00a0 Emma Persson Veterin\u00e4r, Forskare [&hellip;]","og_url":"https:\/\/hovslagareforeningen.se\/en\/forelasning-pa-uds\/","og_site_name":"Svenska Hovslagaref\u00f6reningen","article_publisher":"https:\/\/www.facebook.com\/SvenskaHovslagareforeningen","article_modified_time":"2024-03-07T20:16:41+00:00","og_image":[{"url":"https:\/\/hovslagareforeningen.se\/wp-content\/uploads\/2024\/03\/qr.png","type":"","width":"","height":""}],"twitter_card":"summary_large_image","twitter_misc":{"Estimated reading time":"1 minute"},"schema":{"@context":"https:\/\/schema.org","@graph":[{"@type":"WebPage","@id":"https:\/\/hovslagareforeningen.se\/forelasning-pa-uds\/","url":"https:\/\/hovslagareforeningen.se\/forelasning-pa-uds\/","name":"F\u00f6rel\u00e4sning p\u00e5 UDS - Svenska Hovslagaref\u00f6reningen","isPartOf":{"@id":"https:\/\/hovslagareforeningen.se\/#website"},"primaryImageOfPage":{"@id":"https:\/\/hovslagareforeningen.se\/forelasning-pa-uds\/#primaryimage"},"image":{"@id":"https:\/\/hovslagareforeningen.se\/forelasning-pa-uds\/#primaryimage"},"thumbnailUrl":"https:\/\/hovslagareforeningen.se\/wp-content\/uploads\/2024\/03\/qr.png","datePublished":"2024-03-07T20:16:04+00:00","dateModified":"2024-03-07T20:16:41+00:00","breadcrumb":{"@id":"https:\/\/hovslagareforeningen.se\/forelasning-pa-uds\/#breadcrumb"},"inLanguage":"en-GB","potentialAction":[{"@type":"ReadAction","target":["https:\/\/hovslagareforeningen.se\/forelasning-pa-uds\/"]}]},{"@type":"ImageObject","inLanguage":"en-GB","@id":"https:\/\/hovslagareforeningen.se\/forelasning-pa-uds\/#primaryimage","url":"https:\/\/hovslagareforeningen.se\/wp-content\/uploads\/2024\/03\/qr.png","contentUrl":"https:\/\/hovslagareforeningen.se\/wp-content\/uploads\/2024\/03\/qr.png"},{"@type":"BreadcrumbList","@id":"https:\/\/hovslagareforeningen.se\/forelasning-pa-uds\/#breadcrumb","itemListElement":[{"@type":"ListItem","position":1,"name":"Hem","item":"https:\/\/hovslagareforeningen.se\/"},{"@type":"ListItem","position":2,"name":"F\u00f6rel\u00e4sning p\u00e5 UDS"}]},{"@type":"WebSite","@id":"https:\/\/hovslagareforeningen.se\/#website","url":"https:\/\/hovslagareforeningen.se\/","name":"Svenska Hovslagaref\u00f6reningen","description":"","publisher":{"@id":"https:\/\/hovslagareforeningen.se\/#organization"},"potentialAction":[{"@type":"SearchAction","target":{"@type":"EntryPoint","urlTemplate":"https:\/\/hovslagareforeningen.se\/?s={search_term_string}"},"query-input":{"@type":"PropertyValueSpecification","valueRequired":true,"valueName":"search_term_string"}}],"inLanguage":"en-GB"},{"@type":"Organization","@id":"https:\/\/hovslagareforeningen.se\/#organization","name":"Svenska Hovslagaref\u00f6reningen","url":"https:\/\/hovslagareforeningen.se\/","logo":{"@type":"ImageObject","inLanguage":"en-GB","@id":"https:\/\/hovslagareforeningen.se\/#\/schema\/logo\/image\/","url":"https:\/\/i0.wp.com\/hovslagareforeningen.se\/wp-content\/uploads\/2025\/12\/SHF-logo.png?fit=594%2C558&ssl=1","contentUrl":"https:\/\/i0.wp.com\/hovslagareforeningen.se\/wp-content\/uploads\/2025\/12\/SHF-logo.png?fit=594%2C558&ssl=1","width":594,"height":558,"caption":"Svenska Hovslagaref\u00f6reningen"},"image":{"@id":"https:\/\/hovslagareforeningen.se\/#\/schema\/logo\/image\/"},"sameAs":["https:\/\/www.facebook.com\/SvenskaHovslagareforeningen","https:\/\/www.instagram.com\/svenska_hovslagareforeningen"]}]}},"jetpack_sharing_enabled":true,"_links":{"self":[{"href":"https:\/\/hovslagareforeningen.se\/en\/wp-json\/wp\/v2\/pages\/6041","targetHints":{"allow":["GET"]}}],"collection":[{"href":"https:\/\/hovslagareforeningen.se\/en\/wp-json\/wp\/v2\/pages"}],"about":[{"href":"https:\/\/hovslagareforeningen.se\/en\/wp-json\/wp\/v2\/types\/page"}],"author":[{"embeddable":true,"href":"https:\/\/hovslagareforeningen.se\/en\/wp-json\/wp\/v2\/users\/951"}],"replies":[{"embeddable":true,"href":"https:\/\/hovslagareforeningen.se\/en\/wp-json\/wp\/v2\/comments?post=6041"}],"version-history":[{"count":0,"href":"https:\/\/hovslagareforeningen.se\/en\/wp-json\/wp\/v2\/pages\/6041\/revisions"}],"wp:attachment":[{"href":"https:\/\/hovslagareforeningen.se\/en\/wp-json\/wp\/v2\/media?parent=6041"}],"curies":[{"name":"wp","href":"https:\/\/api.w.org\/{rel}","templated":true}]}}