{"id":619,"date":"2013-10-29T13:46:34","date_gmt":"2013-10-29T12:46:34","guid":{"rendered":"http:\/\/hovslagar14.84.vildmarksdata.net\/?page_id=619"},"modified":"2016-03-15T12:34:01","modified_gmt":"2016-03-15T11:34:01","slug":"vem-skor-din-hast","status":"publish","type":"page","link":"https:\/\/hovslagareforeningen.se\/en\/vem-skor-din-hast\/","title":{"rendered":"Vem skor din h\u00e4st?"},"content":{"rendered":"<h2><strong>Vem skor din h\u00e4st?<\/strong><\/h2>\n<p>&nbsp;<\/p>\n<p>Ladda ner: <a href=\"https:\/\/hovslagareforeningen.se\/wp-content\/uploads\/2014\/01\/Broschyr-Vem-skor-din-hast.pdf\">Broschyr &#8211; Vem skor din h\u00e4st<\/a><\/p>\n<p>&nbsp;<\/p>\n<p>Titeln hovslagare \u00e4r inte skyddad. Vem som helst kan allts\u00e5 kalla sig hovslagare utan att ha vare sig utbildning, yrkeserfarenhet eller h\u00e4stvana.<\/p>\n<p><a href=\"https:\/\/i0.wp.com\/hovslagareforeningen.se\/wp-content\/uploads\/2013\/11\/IMG_4725.jpg?ssl=1\"><img data-recalc-dims=\"1\" loading=\"lazy\" decoding=\"async\" width=\"300\" height=\"200\" class=\"alignnone wp-image-735\" src=\"https:\/\/i0.wp.com\/hovslagareforeningen.se\/wp-content\/uploads\/2013\/11\/IMG_4725.jpg?resize=300%2C200&#038;ssl=1\" alt=\"IMG_4725\" srcset=\"https:\/\/i0.wp.com\/hovslagareforeningen.se\/wp-content\/uploads\/2013\/11\/IMG_4725.jpg?resize=300%2C200&amp;ssl=1 300w, https:\/\/i0.wp.com\/hovslagareforeningen.se\/wp-content\/uploads\/2013\/11\/IMG_4725.jpg?resize=1024%2C682&amp;ssl=1 1024w, https:\/\/i0.wp.com\/hovslagareforeningen.se\/wp-content\/uploads\/2013\/11\/IMG_4725.jpg?resize=600%2C400&amp;ssl=1 600w, https:\/\/i0.wp.com\/hovslagareforeningen.se\/wp-content\/uploads\/2013\/11\/IMG_4725.jpg?w=2732&amp;ssl=1 2732w, https:\/\/i0.wp.com\/hovslagareforeningen.se\/wp-content\/uploads\/2013\/11\/IMG_4725.jpg?w=4098&amp;ssl=1 4098w\" sizes=\"auto, (max-width: 300px) 100vw, 300px\" \/><\/a><\/p>\n<p>&nbsp;<\/p>\n<p><strong>Hur vet jag om min hovslagare \u00e4r utbildad?<\/strong><\/p>\n<p>En hovslagare kan vara utbildad utan att vara medlem i Svenska Hovslagaref\u00f6reningen. Du kan dock vara s\u00e4ker p\u00e5 att hovslagare som \u00e4r medlem i Svenska Hovslagaref\u00f6reningen \u00e4r utbildad och innehar godk\u00e4nd examen. Dessutom \u00e4r f\u00f6reningens medlemmar ansvarsf\u00f6rs\u00e4krade och olycksfallsf\u00f6rs\u00e4krade.<\/p>\n<p>&nbsp;<\/p>\n<p><strong>Vad ska jag t\u00e4nka p\u00e5 n\u00e4r jag v\u00e4ljer ny hovslagare?<\/strong><\/p>\n<p>P\u00e5 Svenska Hovslagaref\u00f6reningens hemsida finns ett register \u2013 S\u00f6k hovslagare \u2013 \u00f6ver f\u00f6reningens\u00a0 cirka 450 medlemmar som alla \u00e4r utbildade med minst grundutbildning och godk\u00e4nd examen. Om du\u00a0 v\u00e4ljer att anlita en annan hovslagare beh\u00f6ver du fr\u00e5ga denne om den \u00e4r utbildad och om den \u00e4r ansvarsf\u00f6rs\u00e4krad.<\/p>\n<p><a href=\"https:\/\/i0.wp.com\/hovslagareforeningen.se\/wp-content\/uploads\/2013\/11\/IMG_4765.jpg?ssl=1\"><img data-recalc-dims=\"1\" height=\"200\" width=\"300\" decoding=\"async\" src=\"https:\/\/i0.wp.com\/hovslagareforeningen.se\/wp-content\/uploads\/2013\/11\/IMG_4765.jpg?resize=300%2C200&#038;ssl=1\" alt=\"IMG_4765\" \/><\/a><\/p>\n<p>&nbsp;<\/p>\n<p><strong>Vad h\u00e4nder om min h\u00e4st skadas av en hovslagare som inte \u00e4r ansvarsf\u00f6rs\u00e4krad?<\/strong><\/p>\n<p>Tidigare var h\u00e4st\u00e4garen ansvarig n\u00e4r hovslagaren skodde men sedan ett par \u00e5r tillbaka \u00e4r hovslagaren alltid ansvarig f\u00f6r sitt arbete. Om din h\u00e4st skadas i samband med skoning kan du f\u00e5 ers\u00e4ttning f\u00f6r uppkomna kostnader genom hovslagarens ansvarsf\u00f6rs\u00e4kring. F\u00f6rs\u00e4kringsbolaget g\u00f6r en oberoende utredning om vem som b\u00e4r ansvaret f\u00f6r h\u00e4ndelsen. Om hovslagaren kan h\u00e5llas ansvarig betalas pengar ut till h\u00e4st\u00e4garen.<\/p>\n<p>Som h\u00e4st\u00e4gare \u00e4r det vanskligt att anlita en hovslagare utan f\u00f6rs\u00e4kring. Om n\u00e5got h\u00e4nder och kostnaden f\u00f6r skadan blir stor kan det vara sv\u00e5rt att kr\u00e4va ers\u00e4ttning fr\u00e5n sin hovslagare. Det kan bli en l\u00e5ng och dyr process med kronofogde och domstol om hovslagaren inte kan eller vill betala. Har du en ansvarsf\u00f6rs\u00e4krad hovslagare skulle en s\u00e5dan process ist\u00e4llet g\u00e5 via f\u00f6rs\u00e4kringsbolaget.<\/p>\n<p><a href=\"https:\/\/i0.wp.com\/hovslagareforeningen.se\/wp-content\/uploads\/2013\/11\/IMG_4637.jpg?ssl=1\"><img data-recalc-dims=\"1\" loading=\"lazy\" decoding=\"async\" width=\"300\" height=\"200\" class=\"alignnone wp-image-733\" src=\"https:\/\/i0.wp.com\/hovslagareforeningen.se\/wp-content\/uploads\/2013\/11\/IMG_4637.jpg?resize=300%2C200&#038;ssl=1\" alt=\"IMG_4637\" srcset=\"https:\/\/i0.wp.com\/hovslagareforeningen.se\/wp-content\/uploads\/2013\/11\/IMG_4637.jpg?resize=300%2C200&amp;ssl=1 300w, https:\/\/i0.wp.com\/hovslagareforeningen.se\/wp-content\/uploads\/2013\/11\/IMG_4637.jpg?resize=1024%2C682&amp;ssl=1 1024w, https:\/\/i0.wp.com\/hovslagareforeningen.se\/wp-content\/uploads\/2013\/11\/IMG_4637.jpg?resize=600%2C400&amp;ssl=1 600w, https:\/\/i0.wp.com\/hovslagareforeningen.se\/wp-content\/uploads\/2013\/11\/IMG_4637.jpg?w=2732&amp;ssl=1 2732w, https:\/\/i0.wp.com\/hovslagareforeningen.se\/wp-content\/uploads\/2013\/11\/IMG_4637.jpg?w=4098&amp;ssl=1 4098w\" sizes=\"auto, (max-width: 300px) 100vw, 300px\" \/><\/a><\/p>\n<p>&nbsp;<\/p>\n<p><strong>Vad g\u00f6r Svenska Hovslagaref\u00f6reningen? <\/strong><\/p>\n<p>Svenska Hovslagaref\u00f6reningen arbetar med att organisera och utbilda hovslagare. Vi tillvaratar branschens intresse genom att arbeta f\u00f6r f\u00f6rb\u00e4ttrade arbetsvillkor f\u00f6r hovslagarna och f\u00f6rb\u00e4ttrad hovv\u00e5rd f\u00f6r h\u00e4star.<\/p>\n<p>En av f\u00f6reningen viktigaste uppgifter \u00e4r utbildning. Svenska Hovslagaref\u00f6reningen ansvarar f\u00f6r vidareutbildning av hovslagare samt ges\u00e4ll- och m\u00e4starprov f\u00f6r hovslagaryrket. Dessutom \u00e4r f\u00f6reningen engagerad i arbetet med att kvalitetss\u00e4kra de hovslagarutbildningar vi har i Sverige.<\/p>\n<p>Svenska Hovslagaref\u00f6reningen finns h\u00e4r f\u00f6r dig som h\u00e4st\u00e4gare n\u00e4r du har fr\u00e5gor kring hovslagare och hovslageri. Genom att ringa v\u00e5rt kansli kan du f\u00e5 svar p\u00e5 dina funderingar.<\/p>\n<p><a href=\"https:\/\/i0.wp.com\/hovslagareforeningen.se\/wp-content\/uploads\/2016\/03\/catharina.jpg?ssl=1\"><img data-recalc-dims=\"1\" loading=\"lazy\" decoding=\"async\" class=\"alignnone size-medium wp-image-1959\" src=\"https:\/\/i0.wp.com\/hovslagareforeningen.se\/wp-content\/uploads\/2016\/03\/catharina.jpg?resize=223%2C300&#038;ssl=1\" alt=\"catharina\" width=\"223\" height=\"300\" srcset=\"https:\/\/i0.wp.com\/hovslagareforeningen.se\/wp-content\/uploads\/2016\/03\/catharina.jpg?resize=223%2C300&amp;ssl=1 223w, https:\/\/i0.wp.com\/hovslagareforeningen.se\/wp-content\/uploads\/2016\/03\/catharina.jpg?resize=600%2C808&amp;ssl=1 600w, https:\/\/i0.wp.com\/hovslagareforeningen.se\/wp-content\/uploads\/2016\/03\/catharina.jpg?w=715&amp;ssl=1 715w\" sizes=\"auto, (max-width: 223px) 100vw, 223px\" \/><\/a><\/p>\n<p><em>Catharina Tiefensee driver SHFs kansli.<\/em><\/p>\n<p><strong>\u00c4r du os\u00e4ker p\u00e5 om din hovslagare \u00e4r utbildad och medlem i Svenska Hovslagaref\u00f6reningen? <\/strong><\/p>\n<p><strong>Kontakta oss!<\/strong><\/p>\n<p>kansliet@hovslagareforeningen.se<\/p>\n<p>0722-088 008<\/p>\n<p>&nbsp;<\/p>\n<p>&nbsp;<\/p>","protected":false},"excerpt":{"rendered":"<p>Vem skor din h\u00e4st? &nbsp; Ladda ner: Broschyr &#8211; Vem skor din h\u00e4st &nbsp; Titeln hovslagare \u00e4r inte skyddad. Vem som helst kan allts\u00e5 kalla sig hovslagare utan att ha [&hellip;]<\/p>\n","protected":false},"author":399,"featured_media":0,"parent":0,"menu_order":0,"comment_status":"closed","ping_status":"closed","template":"","meta":{"_EventAllDay":false,"_EventTimezone":"","_EventStartDate":"","_EventEndDate":"","_EventStartDateUTC":"","_EventEndDateUTC":"","_EventShowMap":false,"_EventShowMapLink":false,"_EventURL":"","_EventCost":"","_EventCostDescription":"","_EventCurrencySymbol":"","_EventCurrencyCode":"","_EventCurrencyPosition":"","_EventDateTimeSeparator":"","_EventTimeRangeSeparator":"","_EventOrganizerID":[],"_EventVenueID":[],"_OrganizerEmail":"","_OrganizerPhone":"","_OrganizerWebsite":"","_VenueAddress":"","_VenueCity":"","_VenueCountry":"","_VenueProvince":"","_VenueState":"","_VenueZip":"","_VenuePhone":"","_VenueURL":"","_VenueStateProvince":"","_VenueLat":"","_VenueLng":"","_VenueShowMap":false,"_VenueShowMapLink":false,"footnotes":""},"class_list":["post-619","page","type-page","status-publish","hentry"],"blocksy_meta":[],"yoast_head":"<!-- This site is optimized with the Yoast SEO plugin v27.5 - https:\/\/yoast.com\/product\/yoast-seo-wordpress\/ -->\n<title>Vem skor din h\u00e4st? - Svenska Hovslagaref\u00f6reningen<\/title>\n<meta name=\"robots\" content=\"index, follow, max-snippet:-1, max-image-preview:large, max-video-preview:-1\" \/>\n<link rel=\"canonical\" href=\"https:\/\/hovslagareforeningen.se\/en\/vem-skor-din-hast\/\" \/>\n<meta property=\"og:locale\" content=\"en_GB\" \/>\n<meta property=\"og:type\" content=\"article\" \/>\n<meta property=\"og:title\" content=\"Vem skor din h\u00e4st? - Svenska Hovslagaref\u00f6reningen\" \/>\n<meta property=\"og:description\" content=\"Vem skor din h\u00e4st? &nbsp; Ladda ner: Broschyr &#8211; Vem skor din h\u00e4st &nbsp; Titeln hovslagare \u00e4r inte skyddad. Vem som helst kan allts\u00e5 kalla sig hovslagare utan att ha [&hellip;]\" \/>\n<meta property=\"og:url\" content=\"https:\/\/hovslagareforeningen.se\/en\/vem-skor-din-hast\/\" \/>\n<meta property=\"og:site_name\" content=\"Svenska Hovslagaref\u00f6reningen\" \/>\n<meta property=\"article:publisher\" content=\"https:\/\/www.facebook.com\/SvenskaHovslagareforeningen\" \/>\n<meta property=\"article:modified_time\" content=\"2016-03-15T11:34:01+00:00\" \/>\n<meta property=\"og:image\" content=\"https:\/\/hovslagareforeningen.se\/wp-content\/uploads\/2013\/11\/IMG_4725-300x200.jpg\" \/>\n<meta name=\"twitter:card\" content=\"summary_large_image\" \/>\n<meta name=\"twitter:label1\" content=\"Estimated reading time\" \/>\n\t<meta name=\"twitter:data1\" content=\"2 minutes\" \/>\n<script type=\"application\/ld+json\" class=\"yoast-schema-graph\">{\"@context\":\"https:\\\/\\\/schema.org\",\"@graph\":[{\"@type\":\"WebPage\",\"@id\":\"https:\\\/\\\/hovslagareforeningen.se\\\/vem-skor-din-hast\\\/\",\"url\":\"https:\\\/\\\/hovslagareforeningen.se\\\/vem-skor-din-hast\\\/\",\"name\":\"Vem skor din h\u00e4st? - Svenska Hovslagaref\u00f6reningen\",\"isPartOf\":{\"@id\":\"https:\\\/\\\/hovslagareforeningen.se\\\/#website\"},\"primaryImageOfPage\":{\"@id\":\"https:\\\/\\\/hovslagareforeningen.se\\\/vem-skor-din-hast\\\/#primaryimage\"},\"image\":{\"@id\":\"https:\\\/\\\/hovslagareforeningen.se\\\/vem-skor-din-hast\\\/#primaryimage\"},\"thumbnailUrl\":\"https:\\\/\\\/hovslagareforeningen.se\\\/wp-content\\\/uploads\\\/2013\\\/11\\\/IMG_4725-300x200.jpg\",\"datePublished\":\"2013-10-29T12:46:34+00:00\",\"dateModified\":\"2016-03-15T11:34:01+00:00\",\"breadcrumb\":{\"@id\":\"https:\\\/\\\/hovslagareforeningen.se\\\/vem-skor-din-hast\\\/#breadcrumb\"},\"inLanguage\":\"en-GB\",\"potentialAction\":[{\"@type\":\"ReadAction\",\"target\":[\"https:\\\/\\\/hovslagareforeningen.se\\\/vem-skor-din-hast\\\/\"]}]},{\"@type\":\"ImageObject\",\"inLanguage\":\"en-GB\",\"@id\":\"https:\\\/\\\/hovslagareforeningen.se\\\/vem-skor-din-hast\\\/#primaryimage\",\"url\":\"https:\\\/\\\/hovslagareforeningen.se\\\/wp-content\\\/uploads\\\/2013\\\/11\\\/IMG_4725-300x200.jpg\",\"contentUrl\":\"https:\\\/\\\/hovslagareforeningen.se\\\/wp-content\\\/uploads\\\/2013\\\/11\\\/IMG_4725-300x200.jpg\"},{\"@type\":\"BreadcrumbList\",\"@id\":\"https:\\\/\\\/hovslagareforeningen.se\\\/vem-skor-din-hast\\\/#breadcrumb\",\"itemListElement\":[{\"@type\":\"ListItem\",\"position\":1,\"name\":\"Hem\",\"item\":\"https:\\\/\\\/hovslagareforeningen.se\\\/\"},{\"@type\":\"ListItem\",\"position\":2,\"name\":\"Vem skor din h\u00e4st?\"}]},{\"@type\":\"WebSite\",\"@id\":\"https:\\\/\\\/hovslagareforeningen.se\\\/#website\",\"url\":\"https:\\\/\\\/hovslagareforeningen.se\\\/\",\"name\":\"Svenska Hovslagaref\u00f6reningen\",\"description\":\"\",\"publisher\":{\"@id\":\"https:\\\/\\\/hovslagareforeningen.se\\\/#organization\"},\"potentialAction\":[{\"@type\":\"SearchAction\",\"target\":{\"@type\":\"EntryPoint\",\"urlTemplate\":\"https:\\\/\\\/hovslagareforeningen.se\\\/?s={search_term_string}\"},\"query-input\":{\"@type\":\"PropertyValueSpecification\",\"valueRequired\":true,\"valueName\":\"search_term_string\"}}],\"inLanguage\":\"en-GB\"},{\"@type\":\"Organization\",\"@id\":\"https:\\\/\\\/hovslagareforeningen.se\\\/#organization\",\"name\":\"Svenska Hovslagaref\u00f6reningen\",\"url\":\"https:\\\/\\\/hovslagareforeningen.se\\\/\",\"logo\":{\"@type\":\"ImageObject\",\"inLanguage\":\"en-GB\",\"@id\":\"https:\\\/\\\/hovslagareforeningen.se\\\/#\\\/schema\\\/logo\\\/image\\\/\",\"url\":\"https:\\\/\\\/i0.wp.com\\\/hovslagareforeningen.se\\\/wp-content\\\/uploads\\\/2025\\\/12\\\/SHF-logo.png?fit=594%2C558&ssl=1\",\"contentUrl\":\"https:\\\/\\\/i0.wp.com\\\/hovslagareforeningen.se\\\/wp-content\\\/uploads\\\/2025\\\/12\\\/SHF-logo.png?fit=594%2C558&ssl=1\",\"width\":594,\"height\":558,\"caption\":\"Svenska Hovslagaref\u00f6reningen\"},\"image\":{\"@id\":\"https:\\\/\\\/hovslagareforeningen.se\\\/#\\\/schema\\\/logo\\\/image\\\/\"},\"sameAs\":[\"https:\\\/\\\/www.facebook.com\\\/SvenskaHovslagareforeningen\",\"https:\\\/\\\/www.instagram.com\\\/svenska_hovslagareforeningen\"]}]}<\/script>\n<!-- \/ Yoast SEO plugin. -->","yoast_head_json":{"title":"Vem skor din h\u00e4st? - Svenska Hovslagaref\u00f6reningen","robots":{"index":"index","follow":"follow","max-snippet":"max-snippet:-1","max-image-preview":"max-image-preview:large","max-video-preview":"max-video-preview:-1"},"canonical":"https:\/\/hovslagareforeningen.se\/en\/vem-skor-din-hast\/","og_locale":"en_GB","og_type":"article","og_title":"Vem skor din h\u00e4st? - Svenska Hovslagaref\u00f6reningen","og_description":"Vem skor din h\u00e4st? &nbsp; Ladda ner: Broschyr &#8211; Vem skor din h\u00e4st &nbsp; Titeln hovslagare \u00e4r inte skyddad. Vem som helst kan allts\u00e5 kalla sig hovslagare utan att ha [&hellip;]","og_url":"https:\/\/hovslagareforeningen.se\/en\/vem-skor-din-hast\/","og_site_name":"Svenska Hovslagaref\u00f6reningen","article_publisher":"https:\/\/www.facebook.com\/SvenskaHovslagareforeningen","article_modified_time":"2016-03-15T11:34:01+00:00","og_image":[{"url":"https:\/\/hovslagareforeningen.se\/wp-content\/uploads\/2013\/11\/IMG_4725-300x200.jpg","type":"","width":"","height":""}],"twitter_card":"summary_large_image","twitter_misc":{"Estimated reading time":"2 minutes"},"schema":{"@context":"https:\/\/schema.org","@graph":[{"@type":"WebPage","@id":"https:\/\/hovslagareforeningen.se\/vem-skor-din-hast\/","url":"https:\/\/hovslagareforeningen.se\/vem-skor-din-hast\/","name":"Vem skor din h\u00e4st? - Svenska Hovslagaref\u00f6reningen","isPartOf":{"@id":"https:\/\/hovslagareforeningen.se\/#website"},"primaryImageOfPage":{"@id":"https:\/\/hovslagareforeningen.se\/vem-skor-din-hast\/#primaryimage"},"image":{"@id":"https:\/\/hovslagareforeningen.se\/vem-skor-din-hast\/#primaryimage"},"thumbnailUrl":"https:\/\/hovslagareforeningen.se\/wp-content\/uploads\/2013\/11\/IMG_4725-300x200.jpg","datePublished":"2013-10-29T12:46:34+00:00","dateModified":"2016-03-15T11:34:01+00:00","breadcrumb":{"@id":"https:\/\/hovslagareforeningen.se\/vem-skor-din-hast\/#breadcrumb"},"inLanguage":"en-GB","potentialAction":[{"@type":"ReadAction","target":["https:\/\/hovslagareforeningen.se\/vem-skor-din-hast\/"]}]},{"@type":"ImageObject","inLanguage":"en-GB","@id":"https:\/\/hovslagareforeningen.se\/vem-skor-din-hast\/#primaryimage","url":"https:\/\/hovslagareforeningen.se\/wp-content\/uploads\/2013\/11\/IMG_4725-300x200.jpg","contentUrl":"https:\/\/hovslagareforeningen.se\/wp-content\/uploads\/2013\/11\/IMG_4725-300x200.jpg"},{"@type":"BreadcrumbList","@id":"https:\/\/hovslagareforeningen.se\/vem-skor-din-hast\/#breadcrumb","itemListElement":[{"@type":"ListItem","position":1,"name":"Hem","item":"https:\/\/hovslagareforeningen.se\/"},{"@type":"ListItem","position":2,"name":"Vem skor din h\u00e4st?"}]},{"@type":"WebSite","@id":"https:\/\/hovslagareforeningen.se\/#website","url":"https:\/\/hovslagareforeningen.se\/","name":"Svenska Hovslagaref\u00f6reningen","description":"","publisher":{"@id":"https:\/\/hovslagareforeningen.se\/#organization"},"potentialAction":[{"@type":"SearchAction","target":{"@type":"EntryPoint","urlTemplate":"https:\/\/hovslagareforeningen.se\/?s={search_term_string}"},"query-input":{"@type":"PropertyValueSpecification","valueRequired":true,"valueName":"search_term_string"}}],"inLanguage":"en-GB"},{"@type":"Organization","@id":"https:\/\/hovslagareforeningen.se\/#organization","name":"Svenska Hovslagaref\u00f6reningen","url":"https:\/\/hovslagareforeningen.se\/","logo":{"@type":"ImageObject","inLanguage":"en-GB","@id":"https:\/\/hovslagareforeningen.se\/#\/schema\/logo\/image\/","url":"https:\/\/i0.wp.com\/hovslagareforeningen.se\/wp-content\/uploads\/2025\/12\/SHF-logo.png?fit=594%2C558&ssl=1","contentUrl":"https:\/\/i0.wp.com\/hovslagareforeningen.se\/wp-content\/uploads\/2025\/12\/SHF-logo.png?fit=594%2C558&ssl=1","width":594,"height":558,"caption":"Svenska Hovslagaref\u00f6reningen"},"image":{"@id":"https:\/\/hovslagareforeningen.se\/#\/schema\/logo\/image\/"},"sameAs":["https:\/\/www.facebook.com\/SvenskaHovslagareforeningen","https:\/\/www.instagram.com\/svenska_hovslagareforeningen"]}]}},"jetpack_sharing_enabled":true,"_links":{"self":[{"href":"https:\/\/hovslagareforeningen.se\/en\/wp-json\/wp\/v2\/pages\/619","targetHints":{"allow":["GET"]}}],"collection":[{"href":"https:\/\/hovslagareforeningen.se\/en\/wp-json\/wp\/v2\/pages"}],"about":[{"href":"https:\/\/hovslagareforeningen.se\/en\/wp-json\/wp\/v2\/types\/page"}],"author":[{"embeddable":true,"href":"https:\/\/hovslagareforeningen.se\/en\/wp-json\/wp\/v2\/users\/399"}],"replies":[{"embeddable":true,"href":"https:\/\/hovslagareforeningen.se\/en\/wp-json\/wp\/v2\/comments?post=619"}],"version-history":[{"count":0,"href":"https:\/\/hovslagareforeningen.se\/en\/wp-json\/wp\/v2\/pages\/619\/revisions"}],"wp:attachment":[{"href":"https:\/\/hovslagareforeningen.se\/en\/wp-json\/wp\/v2\/media?parent=619"}],"curies":[{"name":"wp","href":"https:\/\/api.w.org\/{rel}","templated":true}]}}