{"id":6392,"date":"2025-01-05T20:30:15","date_gmt":"2025-01-05T19:30:15","guid":{"rendered":"https:\/\/hovslagareforeningen.se\/?page_id=6392"},"modified":"2025-01-10T14:18:56","modified_gmt":"2025-01-10T13:18:56","slug":"mer-information-gesallprov","status":"publish","type":"page","link":"https:\/\/hovslagareforeningen.se\/en\/mer-information-gesallprov\/","title":{"rendered":"Mer information ges\u00e4llprov"},"content":{"rendered":"<p><strong>Nyheter 2024 \u2013 2025<\/strong><br \/>\nDelvis nya modellskor \u00e4r framtagna. De nya modellskorna \u00e4r indelade i tre grupper med tv\u00e5 skor i varje. Lottdragning avg\u00f6r vilken grupp av tv\u00e5 skor som ska smidas p\u00e5 provdagen. Maxtiden \u00e4r 70 minuter. Observera att de nya modellskorna g\u00e4ller f\u00f6r alla som efter 28 februari 2025 avl\u00e4gger ett nytt ges\u00e4llprov. Ges\u00e4llprov som avl\u00e4ggs innan den 1 mars 2025 anv\u00e4nder de fem modellskor som g\u00e4ller idag. Vid fr\u00e5gor, kontakta Michael Knap <a href=\"mailto:gom@hovslagareforeningen.se\">gom@hovslagareforeningen.se<\/a> eller 0709 &#8211; 47 98 56.<\/p>\n<p><strong>N\u00e5gra ord om ges\u00e4llprov och Ges\u00e4llbrev<\/strong><br \/>\nGes\u00e4llbrev kan idag erh\u00e5llas inom runt 70 olika yrken. Efter utbildning inom ett hantverksyrke kan du visa din kompetens genom att avl\u00e4gga ett ges\u00e4llprov. Du f\u00e5r d\u00e5 ett Ges\u00e4llbrev som bevis p\u00e5 att du uppfyller branschens krav p\u00e5 yrkeskunnande. Ges\u00e4llbrevet ger dig st\u00f6rre chans till ett bra jobb inom yrket du valt, b\u00e5de i Sverige och utomlands. Ges\u00e4llbrev finns i ett flertal europeiska l\u00e4nder. F\u00f6r att f\u00e5 Ges\u00e4llbrev m\u00e5ste du ha genomf\u00f6rt den utbildning och praktik som kr\u00e4vs i yrket. D\u00e4refter f\u00e5r du avl\u00e4gga ditt ges\u00e4llprov enligt branschens fastst\u00e4llda krav.<br \/>\nDet svenska ges\u00e4llprovet f\u00f6r hovslagare anv\u00e4nds numera av fyra yrkesh\u00f6gskoleutbildningar som sina examensprov. Ges\u00e4llprovet \u00e4r certifierat (godk\u00e4nt) av European Federation of Farriers Associations, EFFA. Hovslagare som innehar ett svenskt Ges\u00e4llbrev och \u00e4r medlem i SHF f\u00e5r varje \u00e5r ett klisterm\u00e4rke till bilen som verifierar att hovslagaren \u00e4r Certified Eurofarrier.<br \/>\nHovslagare som inte \u00e4r medlem i SHF, och \u00f6nskar certifieringen, beh\u00f6ver kontakta kansliet@hovslareforeningen.se f\u00f6r mer information.<br \/>\nL\u00e4s provbest\u00e4mmelser och anvisningar till ges\u00e4llprov f\u00f6r en utf\u00f6rlig beskrivning av ges\u00e4llprovets inneh\u00e5ll.<\/p>\n<p><strong>Kostnader<\/strong><br \/>\nSvenska Hovslagaref\u00f6reningen tar ut en avgift f\u00f6r ges\u00e4llprovet. I slutet av anvisningar till ges\u00e4llprov finns g\u00e4llande tariffer.<br \/>\nEfter avklarat ges\u00e4llprov m\u00e5ste en ans\u00f6kan om Ges\u00e4llbrev skickas in till Ges\u00e4ll- och M\u00e4starbrevskansliet. Information om hur du ans\u00f6ker om ges\u00e4llbrev f\u00e5r du i samband med att vi skickar bevis (i form av sammanst\u00e4llningen av resultatet fr\u00e5n provet) till dig.<br \/>\nKostnaden\u00a0f\u00f6r Ges\u00e4llbrev \u00e4r\u00a0800 kr plus moms (2024-01-01).<\/p>\n<p><strong>Utdelning av Ges\u00e4llbrev<\/strong><br \/>\nUtdelning av Ges\u00e4llbrevet sker oftast under ceremoniella former och du kan v\u00e4lja att ta emot ditt Ges\u00e4llbrev p\u00e5 SHF:s \u00e5rsm\u00f6teshelg, via lokala hantverksf\u00f6reningar eller f\u00e5 det hemskickat.<br \/>\nF\u00f6r mera information kontakta\u00a0<a href=\"mailto:kansliet@hovslagareforeningen.se\">kansliet@hovslagareforeningen.se<\/a>\u00a0eller Ges\u00e4ll- och M\u00e4starbrevskansliet i Leksand p\u00e5 telefon 0247 \u2013 369 50.<\/p>\n<p><strong>R\u00e5d och rekommendationer<\/strong><br \/>\nSkoningen ska utf\u00f6ras, p\u00e5 ett f\u00f6r h\u00e4sten s\u00e5 fysiologiskt korrekt vis som m\u00f6jligt. Det \u00e4r ol\u00e4mpligt att ha med en h\u00e4st som \u00e4r nyverkad, oskodd eller har g\u00e5tt en f\u00f6r l\u00e5ng skoperiod. Det \u00e4r alltid provdeltagaren sj\u00e4lv eller utbildningsanordnaren i vissa fall, som ansvarar f\u00f6r att h\u00e4sten \u00e4r l\u00e4mplig att ha med p\u00e5 ett prov.<br \/>\nGranskarna \u00e4ger r\u00e4tt att avvisa en h\u00e4st som bed\u00f6ms ol\u00e4mplig. Vid tillf\u00e4llen d\u00e4r provet avbryts eller underk\u00e4nds ansvarar provdeltagaren, eller i vissa fall utbildningsanordnaren, f\u00f6r att h\u00e4sten efter avslutat prov snarast skos om av erfaren hovslagare.<\/p>\n<p><strong>Ges\u00e4llbrev f\u00f6rr och nu.<\/strong><br \/>\nEnligt 1720 \u00e5rs skr\u00e5ordning skulle en l\u00e4rling vara minst 14 \u00e5r gammal. L\u00e4rotiden varierade mellan olika yrken och kunde vara tre till fem \u00e5r. Under slutet av skr\u00e5tiden kom krav p\u00e5 att l\u00e4rlingen skulle klara ett ges\u00e4llprov f\u00f6r att kunna bli Ges\u00e4ll. Bed\u00f6mningen gjordes av en M\u00e4stare och vid en invigningsceremoni delades ett Ges\u00e4llbrev ut som bevis p\u00e5 att vederb\u00f6rande blivit Ges\u00e4ll. F\u00f6r att sedan bli m\u00e4stare beh\u00f6vdes ett antal \u00e5r d\u00e4r Ges\u00e4llen ofta reste runt och arbetade f\u00f6r olika m\u00e4stare f\u00f6r att f\u00f6rkovra sig inom sitt yrke. Dessa resor kallades ges\u00e4llvandringar. Det engelska ordet f\u00f6r Ges\u00e4ll \u00e4r journeyman som betyder en man som vandrar eller reser.<br \/>\nDagens ges\u00e4llprov inom hovslagaryrket skapades p\u00e5 1980-talet. N\u00e4r detta skrivs (2025-01-01) har totalt 248 hovslagare klarat sina ges\u00e4llprov och beg\u00e4rt ut sina Ges\u00e4llbrev.<\/p>\n<p>Ett ges\u00e4llprov i hovslagarbranschen \u00e4r utformat s\u00e5 att de viktigaste arbetsmomenten i en nyutbildad hovslagares yrkesliv testas genom provets utformning. Provet ska utr\u00f6na om aspiranten innehar de kunskaper och f\u00e4rdigheter som arbetet med att verka och sko friska h\u00e4star kr\u00e4ver. Provet ska utf\u00f6ras sj\u00e4lvst\u00e4ndigt av aspiranten och arbetet bed\u00f6ms av tv\u00e5 granskare ur Svenska Hovslagaref\u00f6reningens granskark\u00e5r. Ges\u00e4llprovet \u00e4r sista anhalten innan aspiranten st\u00e5r p\u00e5 egna ben och kan b\u00f6rja arbeta med egna kunders h\u00e4star.<br \/>\nAtt ha klarat ett ges\u00e4llprov inneb\u00e4r f\u00f6r de flesta en stolthet de b\u00e4r med sig hela livet. Det blir en kvalitativ start p\u00e5 ett f\u00f6rhoppningsvis l\u00e5ngt yrkesliv.<\/p>\n<p>&nbsp;<\/p>\n<p>&nbsp;<\/p>\n<p>&nbsp;<\/p>\n<p>&nbsp;<\/p>\n<p>&nbsp;<\/p>\n<p>&nbsp;<\/p>\n<p>&nbsp;<\/p>","protected":false},"excerpt":{"rendered":"<p>Nyheter 2024 \u2013 2025 Delvis nya modellskor \u00e4r framtagna. De nya modellskorna \u00e4r indelade i tre grupper med tv\u00e5 skor i varje. Lottdragning avg\u00f6r vilken grupp av tv\u00e5 skor som [&hellip;]<\/p>\n","protected":false},"author":399,"featured_media":0,"parent":0,"menu_order":0,"comment_status":"closed","ping_status":"closed","template":"","meta":{"_EventAllDay":false,"_EventTimezone":"","_EventStartDate":"","_EventEndDate":"","_EventStartDateUTC":"","_EventEndDateUTC":"","_EventShowMap":false,"_EventShowMapLink":false,"_EventURL":"","_EventCost":"","_EventCostDescription":"","_EventCurrencySymbol":"","_EventCurrencyCode":"","_EventCurrencyPosition":"","_EventDateTimeSeparator":"","_EventTimeRangeSeparator":"","_EventOrganizerID":[],"_EventVenueID":[],"_OrganizerEmail":"","_OrganizerPhone":"","_OrganizerWebsite":"","_VenueAddress":"","_VenueCity":"","_VenueCountry":"","_VenueProvince":"","_VenueState":"","_VenueZip":"","_VenuePhone":"","_VenueURL":"","_VenueStateProvince":"","_VenueLat":"","_VenueLng":"","_VenueShowMap":false,"_VenueShowMapLink":false,"footnotes":""},"class_list":["post-6392","page","type-page","status-publish","hentry"],"blocksy_meta":[],"yoast_head":"<!-- This site is optimized with the Yoast SEO plugin v27.3 - https:\/\/yoast.com\/product\/yoast-seo-wordpress\/ -->\n<title>Mer information ges\u00e4llprov - Svenska Hovslagaref\u00f6reningen<\/title>\n<meta name=\"robots\" content=\"index, follow, max-snippet:-1, max-image-preview:large, max-video-preview:-1\" \/>\n<link rel=\"canonical\" href=\"https:\/\/hovslagareforeningen.se\/en\/mer-information-gesallprov\/\" \/>\n<meta property=\"og:locale\" content=\"en_GB\" \/>\n<meta property=\"og:type\" content=\"article\" \/>\n<meta property=\"og:title\" content=\"Mer information ges\u00e4llprov - Svenska Hovslagaref\u00f6reningen\" \/>\n<meta property=\"og:description\" content=\"Nyheter 2024 \u2013 2025 Delvis nya modellskor \u00e4r framtagna. De nya modellskorna \u00e4r indelade i tre grupper med tv\u00e5 skor i varje. Lottdragning avg\u00f6r vilken grupp av tv\u00e5 skor som [&hellip;]\" \/>\n<meta property=\"og:url\" content=\"https:\/\/hovslagareforeningen.se\/en\/mer-information-gesallprov\/\" \/>\n<meta property=\"og:site_name\" content=\"Svenska Hovslagaref\u00f6reningen\" \/>\n<meta property=\"article:publisher\" content=\"https:\/\/www.facebook.com\/SvenskaHovslagareforeningen\" \/>\n<meta property=\"article:modified_time\" content=\"2025-01-10T13:18:56+00:00\" \/>\n<meta name=\"twitter:card\" content=\"summary_large_image\" \/>\n<meta name=\"twitter:label1\" content=\"Estimated reading time\" \/>\n\t<meta name=\"twitter:data1\" content=\"4 minutes\" \/>\n<script type=\"application\/ld+json\" class=\"yoast-schema-graph\">{\"@context\":\"https:\\\/\\\/schema.org\",\"@graph\":[{\"@type\":\"WebPage\",\"@id\":\"https:\\\/\\\/hovslagareforeningen.se\\\/mer-information-gesallprov\\\/\",\"url\":\"https:\\\/\\\/hovslagareforeningen.se\\\/mer-information-gesallprov\\\/\",\"name\":\"Mer information ges\u00e4llprov - Svenska Hovslagaref\u00f6reningen\",\"isPartOf\":{\"@id\":\"https:\\\/\\\/hovslagareforeningen.se\\\/#website\"},\"datePublished\":\"2025-01-05T19:30:15+00:00\",\"dateModified\":\"2025-01-10T13:18:56+00:00\",\"breadcrumb\":{\"@id\":\"https:\\\/\\\/hovslagareforeningen.se\\\/mer-information-gesallprov\\\/#breadcrumb\"},\"inLanguage\":\"en-GB\",\"potentialAction\":[{\"@type\":\"ReadAction\",\"target\":[\"https:\\\/\\\/hovslagareforeningen.se\\\/mer-information-gesallprov\\\/\"]}]},{\"@type\":\"BreadcrumbList\",\"@id\":\"https:\\\/\\\/hovslagareforeningen.se\\\/mer-information-gesallprov\\\/#breadcrumb\",\"itemListElement\":[{\"@type\":\"ListItem\",\"position\":1,\"name\":\"Hem\",\"item\":\"https:\\\/\\\/hovslagareforeningen.se\\\/\"},{\"@type\":\"ListItem\",\"position\":2,\"name\":\"Mer information ges\u00e4llprov\"}]},{\"@type\":\"WebSite\",\"@id\":\"https:\\\/\\\/hovslagareforeningen.se\\\/#website\",\"url\":\"https:\\\/\\\/hovslagareforeningen.se\\\/\",\"name\":\"Svenska Hovslagaref\u00f6reningen\",\"description\":\"\",\"publisher\":{\"@id\":\"https:\\\/\\\/hovslagareforeningen.se\\\/#organization\"},\"potentialAction\":[{\"@type\":\"SearchAction\",\"target\":{\"@type\":\"EntryPoint\",\"urlTemplate\":\"https:\\\/\\\/hovslagareforeningen.se\\\/?s={search_term_string}\"},\"query-input\":{\"@type\":\"PropertyValueSpecification\",\"valueRequired\":true,\"valueName\":\"search_term_string\"}}],\"inLanguage\":\"en-GB\"},{\"@type\":\"Organization\",\"@id\":\"https:\\\/\\\/hovslagareforeningen.se\\\/#organization\",\"name\":\"Svenska Hovslagaref\u00f6reningen\",\"url\":\"https:\\\/\\\/hovslagareforeningen.se\\\/\",\"logo\":{\"@type\":\"ImageObject\",\"inLanguage\":\"en-GB\",\"@id\":\"https:\\\/\\\/hovslagareforeningen.se\\\/#\\\/schema\\\/logo\\\/image\\\/\",\"url\":\"https:\\\/\\\/i0.wp.com\\\/hovslagareforeningen.se\\\/wp-content\\\/uploads\\\/2025\\\/12\\\/SHF-logo.png?fit=594%2C558&ssl=1\",\"contentUrl\":\"https:\\\/\\\/i0.wp.com\\\/hovslagareforeningen.se\\\/wp-content\\\/uploads\\\/2025\\\/12\\\/SHF-logo.png?fit=594%2C558&ssl=1\",\"width\":594,\"height\":558,\"caption\":\"Svenska Hovslagaref\u00f6reningen\"},\"image\":{\"@id\":\"https:\\\/\\\/hovslagareforeningen.se\\\/#\\\/schema\\\/logo\\\/image\\\/\"},\"sameAs\":[\"https:\\\/\\\/www.facebook.com\\\/SvenskaHovslagareforeningen\",\"https:\\\/\\\/www.instagram.com\\\/svenska_hovslagareforeningen\"]}]}<\/script>\n<!-- \/ Yoast SEO plugin. -->","yoast_head_json":{"title":"Mer information ges\u00e4llprov - Svenska Hovslagaref\u00f6reningen","robots":{"index":"index","follow":"follow","max-snippet":"max-snippet:-1","max-image-preview":"max-image-preview:large","max-video-preview":"max-video-preview:-1"},"canonical":"https:\/\/hovslagareforeningen.se\/en\/mer-information-gesallprov\/","og_locale":"en_GB","og_type":"article","og_title":"Mer information ges\u00e4llprov - Svenska Hovslagaref\u00f6reningen","og_description":"Nyheter 2024 \u2013 2025 Delvis nya modellskor \u00e4r framtagna. De nya modellskorna \u00e4r indelade i tre grupper med tv\u00e5 skor i varje. Lottdragning avg\u00f6r vilken grupp av tv\u00e5 skor som [&hellip;]","og_url":"https:\/\/hovslagareforeningen.se\/en\/mer-information-gesallprov\/","og_site_name":"Svenska Hovslagaref\u00f6reningen","article_publisher":"https:\/\/www.facebook.com\/SvenskaHovslagareforeningen","article_modified_time":"2025-01-10T13:18:56+00:00","twitter_card":"summary_large_image","twitter_misc":{"Estimated reading time":"4 minutes"},"schema":{"@context":"https:\/\/schema.org","@graph":[{"@type":"WebPage","@id":"https:\/\/hovslagareforeningen.se\/mer-information-gesallprov\/","url":"https:\/\/hovslagareforeningen.se\/mer-information-gesallprov\/","name":"Mer information ges\u00e4llprov - Svenska Hovslagaref\u00f6reningen","isPartOf":{"@id":"https:\/\/hovslagareforeningen.se\/#website"},"datePublished":"2025-01-05T19:30:15+00:00","dateModified":"2025-01-10T13:18:56+00:00","breadcrumb":{"@id":"https:\/\/hovslagareforeningen.se\/mer-information-gesallprov\/#breadcrumb"},"inLanguage":"en-GB","potentialAction":[{"@type":"ReadAction","target":["https:\/\/hovslagareforeningen.se\/mer-information-gesallprov\/"]}]},{"@type":"BreadcrumbList","@id":"https:\/\/hovslagareforeningen.se\/mer-information-gesallprov\/#breadcrumb","itemListElement":[{"@type":"ListItem","position":1,"name":"Hem","item":"https:\/\/hovslagareforeningen.se\/"},{"@type":"ListItem","position":2,"name":"Mer information ges\u00e4llprov"}]},{"@type":"WebSite","@id":"https:\/\/hovslagareforeningen.se\/#website","url":"https:\/\/hovslagareforeningen.se\/","name":"Svenska Hovslagaref\u00f6reningen","description":"","publisher":{"@id":"https:\/\/hovslagareforeningen.se\/#organization"},"potentialAction":[{"@type":"SearchAction","target":{"@type":"EntryPoint","urlTemplate":"https:\/\/hovslagareforeningen.se\/?s={search_term_string}"},"query-input":{"@type":"PropertyValueSpecification","valueRequired":true,"valueName":"search_term_string"}}],"inLanguage":"en-GB"},{"@type":"Organization","@id":"https:\/\/hovslagareforeningen.se\/#organization","name":"Svenska Hovslagaref\u00f6reningen","url":"https:\/\/hovslagareforeningen.se\/","logo":{"@type":"ImageObject","inLanguage":"en-GB","@id":"https:\/\/hovslagareforeningen.se\/#\/schema\/logo\/image\/","url":"https:\/\/i0.wp.com\/hovslagareforeningen.se\/wp-content\/uploads\/2025\/12\/SHF-logo.png?fit=594%2C558&ssl=1","contentUrl":"https:\/\/i0.wp.com\/hovslagareforeningen.se\/wp-content\/uploads\/2025\/12\/SHF-logo.png?fit=594%2C558&ssl=1","width":594,"height":558,"caption":"Svenska Hovslagaref\u00f6reningen"},"image":{"@id":"https:\/\/hovslagareforeningen.se\/#\/schema\/logo\/image\/"},"sameAs":["https:\/\/www.facebook.com\/SvenskaHovslagareforeningen","https:\/\/www.instagram.com\/svenska_hovslagareforeningen"]}]}},"jetpack_sharing_enabled":true,"_links":{"self":[{"href":"https:\/\/hovslagareforeningen.se\/en\/wp-json\/wp\/v2\/pages\/6392","targetHints":{"allow":["GET"]}}],"collection":[{"href":"https:\/\/hovslagareforeningen.se\/en\/wp-json\/wp\/v2\/pages"}],"about":[{"href":"https:\/\/hovslagareforeningen.se\/en\/wp-json\/wp\/v2\/types\/page"}],"author":[{"embeddable":true,"href":"https:\/\/hovslagareforeningen.se\/en\/wp-json\/wp\/v2\/users\/399"}],"replies":[{"embeddable":true,"href":"https:\/\/hovslagareforeningen.se\/en\/wp-json\/wp\/v2\/comments?post=6392"}],"version-history":[{"count":0,"href":"https:\/\/hovslagareforeningen.se\/en\/wp-json\/wp\/v2\/pages\/6392\/revisions"}],"wp:attachment":[{"href":"https:\/\/hovslagareforeningen.se\/en\/wp-json\/wp\/v2\/media?parent=6392"}],"curies":[{"name":"wp","href":"https:\/\/api.w.org\/{rel}","templated":true}]}}