{"id":6400,"date":"2025-01-05T22:54:35","date_gmt":"2025-01-05T21:54:35","guid":{"rendered":"https:\/\/hovslagareforeningen.se\/?page_id=6400"},"modified":"2026-01-20T11:46:37","modified_gmt":"2026-01-20T10:46:37","slug":"ansokan-om-gesallprov","status":"publish","type":"page","link":"https:\/\/hovslagareforeningen.se\/en\/ansokan-om-gesallprov\/","title":{"rendered":"Ans\u00f6kan om Ges\u00e4llprov"},"content":{"rendered":"<div class=\"forminator-guttenberg\"><div class=\"forminator-ui forminator-custom-form forminator-custom-form-6338 forminator-design--default  forminator_ajax\" data-forminator-render=\"0\" data-form=\"forminator-module-6338\" data-uid=\"69f0eebd25820\"><br\/><\/div><form\n\t\t\t\tid=\"forminator-module-6338\"\n\t\t\t\tclass=\"forminator-ui forminator-custom-form forminator-custom-form-6338 forminator-design--default  forminator_ajax\"\n\t\t\t\tmethod=\"post\"\n\t\t\t\tdata-forminator-render=\"0\"\n\t\t\t\tdata-form-id=\"6338\"\n\t\t\t\tenctype=\"multipart\/form-data\" data-color-option=\"default\" data-design=\"default\" data-grid=\"open\" style=\"display: none;\"\n\t\t\t\tdata-uid=\"69f0eebd25820\" action=\"\"\n\t\t\t><div role=\"alert\" aria-live=\"polite\" class=\"forminator-response-message forminator-error\" aria-hidden=\"true\"><\/div><div class=\"forminator-row\"><div id=\"html-2\" class=\"forminator-field-html forminator-col forminator-col-12\"><div class=\"forminator-field forminator-merge-tags\" data-field=\"html-2\"><p><strong>Ans\u00f6kan om avl\u00e4ggande av Ges\u00e4llprov<\/strong><\/p><\/div><\/div><\/div><div class=\"forminator-row\"><div id=\"name-1\" class=\"forminator-field-name forminator-col forminator-col-12\"><div class=\"forminator-field\"><label for=\"forminator-field-name-1_69f0eebd25820\" id=\"forminator-field-name-1_69f0eebd25820-label\" class=\"forminator-label\">Namn <span class=\"forminator-required\">*<\/span><\/label><input type=\"text\" name=\"name-1\" value=\"\" placeholder=\"F\u00f6r- och efternamn p\u00e5 den s\u00f6kande\" id=\"forminator-field-name-1_69f0eebd25820\" class=\"forminator-input forminator-name--field\" aria-required=\"true\" autocomplete=\"name\" \/><\/div><\/div><\/div><div class=\"forminator-row\"><div id=\"text-1\" class=\"forminator-field-text forminator-col forminator-col-12\"><div class=\"forminator-field\"><label for=\"forminator-field-text-1_69f0eebd25820\" id=\"forminator-field-text-1_69f0eebd25820-label\" class=\"forminator-label\">Personnummer 12 siffror <span class=\"forminator-required\">*<\/span><\/label><input type=\"text\" name=\"text-1\" value=\"\" placeholder=\"\u00c5\u00c5\u00c5\u00c5MMDD-XXXX\" id=\"forminator-field-text-1_69f0eebd25820\" class=\"forminator-input forminator-name--field\" data-required=\"1\" \/><\/div><\/div><\/div><div class=\"forminator-row\"><div id=\"address-1\" class=\"forminator-field-address forminator-col forminator-col-12\"><div class=\"forminator-row\"><div id=\"address-1-street_address\" class=\"forminator-col\"><div class=\"forminator-field\"><label for=\"forminator-field-address-1-street_address_69f0eebd25820\" id=\"forminator-field-address-1-street_address_69f0eebd25820-label\" class=\"forminator-label\">Adress <span class=\"forminator-required\">*<\/span><\/label><input type=\"text\" name=\"address-1-street_address\" placeholder=\"\" id=\"forminator-field-address-1-street_address_69f0eebd25820\" class=\"forminator-input\" data-required=\"1\" aria-required=\"true\" autocomplete=\"address-line1\" value=\"\" \/><\/div><\/div><\/div><div class=\"forminator-row\" data-multiple=\"false\"><div id=\"address-1-city\" class=\"forminator-col forminator-col-12\"><div class=\"forminator-field\"><label for=\"forminator-field-address-1-city_69f0eebd25820\" id=\"forminator-field-address-1-city_69f0eebd25820-label\" class=\"forminator-label\">Stad <span class=\"forminator-required\">*<\/span><\/label><input type=\"text\" name=\"address-1-city\" placeholder=\"\" id=\"forminator-field-address-1-city_69f0eebd25820\" class=\"forminator-input\" data-required=\"1\" aria-required=\"true\" autocomplete=\"address-level2\" value=\"\" \/><\/div><\/div><\/div><div class=\"forminator-row\" data-multiple=\"false\"><div id=\"address-1-zip\" class=\"forminator-col forminator-col-12\"><div class=\"forminator-field\"><label for=\"forminator-field-address-1-zip_69f0eebd25820\" id=\"forminator-field-address-1-zip_69f0eebd25820-label\" class=\"forminator-label\">Postnummer <span class=\"forminator-required\">*<\/span><\/label><input type=\"text\" name=\"address-1-zip\" placeholder=\"\" id=\"forminator-field-address-1-zip_69f0eebd25820\" class=\"forminator-input\" autocomplete=\"postal-code\" value=\"\" \/><\/div><\/div><\/div><\/div><\/div><div class=\"forminator-row\"><div id=\"email-1\" class=\"forminator-field-email forminator-col forminator-col-12\"><div class=\"forminator-field\"><label for=\"forminator-field-email-1_69f0eebd25820\" id=\"forminator-field-email-1_69f0eebd25820-label\" class=\"forminator-label\">E-postadress <span class=\"forminator-required\">*<\/span><\/label><input type=\"email\" name=\"email-1\" value=\"\" placeholder=\"Ange din e-postadress\" id=\"forminator-field-email-1_69f0eebd25820\" class=\"forminator-input forminator-email--field\" data-required=\"1\" aria-required=\"true\" autocomplete=\"email\" \/><\/div><\/div><\/div><div class=\"forminator-row\"><div id=\"phone-1\" class=\"forminator-field-phone forminator-col forminator-col-12\"><div class=\"forminator-field\"><label for=\"forminator-field-phone-1_69f0eebd25820\" id=\"forminator-field-phone-1_69f0eebd25820-label\" class=\"forminator-label\">Telefon-\/mobilnummer <span class=\"forminator-required\">*<\/span><\/label><input type=\"text\" name=\"phone-1\" value=\"\" placeholder=\"Ange ditt telefon-\/mobilnummer\" id=\"forminator-field-phone-1_69f0eebd25820\" class=\"forminator-input forminator-field--phone\" data-required=\"1\" aria-required=\"true\" autocomplete=\"off\" \/><\/div><\/div><\/div><div class=\"forminator-row\"><div id=\"checkbox-4\" class=\"forminator-field-checkbox forminator-col forminator-col-12\"><div role=\"group\" class=\"forminator-field required\" aria-labelledby=\"forminator-checkbox-group-forminator-field-checkbox-4-69f0eebd25820-label\"><span id=\"forminator-checkbox-group-forminator-field-checkbox-4-69f0eebd25820-label\" class=\"forminator-label\">Godk\u00e4nnande av lagring av personuppgifter <span class=\"forminator-required\">*<\/span><\/span><label id=\"forminator-field-checkbox-4-1-69f0eebd25820-label\" for=\"forminator-field-checkbox-4-1-69f0eebd25820\" class=\"forminator-checkbox\" title=\"Jag godk\u00e4nner att Svenska Hovslagaref\u00f6reningen lagrar mina personuppgifter enligt Svenska Hovslagaref\u00f6reningens GDPR-policy\"><input type=\"checkbox\" name=\"checkbox-4[]\" value=\"one\" id=\"forminator-field-checkbox-4-1-69f0eebd25820\" aria-labelledby=\"forminator-field-checkbox-4-1-69f0eebd25820-label\" data-calculation=\"0\"   data-hidden-behavior=\"zero\" aria-describedby=\"forminator-field-checkbox-4-69f0eebd25820-description\"\/><span class=\"forminator-checkbox-box\" aria-hidden=\"true\"><\/span><span class=\"forminator-checkbox-label\">Jag godk\u00e4nner att Svenska Hovslagaref\u00f6reningen lagrar mina personuppgifter enligt Svenska Hovslagaref\u00f6reningens GDPR-policy<\/span><\/label><span id=\"forminator-field-checkbox-4-69f0eebd25820-description\" class=\"forminator-description\">Bocka i rutan<\/span><\/div><\/div><\/div><div class=\"forminator-row\"><div id=\"html-1\" class=\"forminator-field-html forminator-col forminator-col-12\"><div class=\"forminator-field forminator-merge-tags\" data-field=\"html-1\"><p>Enligt Ges\u00e4llprovsbest\u00e4mmelserna m\u00e5ste ett av f\u00f6ljande villkor vara uppfyllda:<\/p>\n<ul>\n<li>Genomg\u00e5ngen, av SHF godk\u00e4nd tre\u00e5rig yrkesh\u00f6gskoleutbildning.<\/li>\n<li>Examen fr\u00e5n en av SHF godk\u00e4nd utbildning plus praktiktid s\u00e5 att sammanlagd heltid i yrket uppg\u00e5r till minst 4800 timmar.<\/li>\n<li>Annan v\u00e4ldokumenterad, likv\u00e4rdig utbildning (t ex internationell) om minst 4800 timmar. Valideras av branschen i varje enskilt fall.<\/li>\n<\/ul>\n<p>&nbsp;<\/p>\n<p><strong>Fyll i information om din utbildning<\/strong><br>V\u00e4nligen v\u00e4lj en av alternativen nedan.&nbsp;<\/p><\/div><\/div><\/div><div class=\"forminator-row\"><div id=\"checkbox-1\" class=\"forminator-field-checkbox forminator-col forminator-col-6\"><div role=\"group\" class=\"forminator-field\" aria-labelledby=\"forminator-checkbox-group-forminator-field-checkbox-1-69f0eebd25820-label\"><label id=\"forminator-field-checkbox-1-1-69f0eebd25820-label\" for=\"forminator-field-checkbox-1-1-69f0eebd25820\" class=\"forminator-checkbox\" title=\"Yrkesh\u00f6gskoleutbildning\"><input type=\"checkbox\" name=\"checkbox-1[]\" value=\"one\" id=\"forminator-field-checkbox-1-1-69f0eebd25820\" aria-labelledby=\"forminator-field-checkbox-1-1-69f0eebd25820-label\" data-calculation=\"0\"   data-hidden-behavior=\"zero\"\/><span class=\"forminator-checkbox-box\" aria-hidden=\"true\"><\/span><span class=\"forminator-checkbox-label\">Yrkesh\u00f6gskoleutbildning<\/span><\/label><\/div><\/div><div id=\"text-2\" class=\"forminator-field-text forminator-col forminator-col-6\"><div class=\"forminator-field\"><input type=\"text\" name=\"text-2\" value=\"\" placeholder=\"Skolans eller utbildningens namn\" id=\"forminator-field-text-2_69f0eebd25820\" class=\"forminator-input forminator-name--field\" data-required=\"\" \/><\/div><\/div><\/div><div class=\"forminator-row\"><div id=\"checkbox-2\" class=\"forminator-field-checkbox forminator-col forminator-col-6\"><div role=\"group\" class=\"forminator-field\" aria-labelledby=\"forminator-checkbox-group-forminator-field-checkbox-2-69f0eebd25820-label\"><label id=\"forminator-field-checkbox-2-1-69f0eebd25820-label\" for=\"forminator-field-checkbox-2-1-69f0eebd25820\" class=\"forminator-checkbox\" title=\"Annan svensk utbildning\"><input type=\"checkbox\" name=\"checkbox-2[]\" value=\"one\" id=\"forminator-field-checkbox-2-1-69f0eebd25820\" aria-labelledby=\"forminator-field-checkbox-2-1-69f0eebd25820-label\" data-calculation=\"0\"   data-hidden-behavior=\"zero\"\/><span class=\"forminator-checkbox-box\" aria-hidden=\"true\"><\/span><span class=\"forminator-checkbox-label\">Annan svensk utbildning<\/span><\/label><\/div><\/div><div id=\"text-3\" class=\"forminator-field-text forminator-col forminator-col-6\"><div class=\"forminator-field\"><input type=\"text\" name=\"text-3\" value=\"\" placeholder=\"Skolans eller utbildningens namn\" id=\"forminator-field-text-3_69f0eebd25820\" class=\"forminator-input forminator-name--field\" data-required=\"\" \/><\/div><\/div><\/div><div class=\"forminator-row\"><div id=\"checkbox-3\" class=\"forminator-field-checkbox forminator-col forminator-col-6\"><div role=\"group\" class=\"forminator-field\" aria-labelledby=\"forminator-checkbox-group-forminator-field-checkbox-3-69f0eebd25820-label\"><label id=\"forminator-field-checkbox-3-1-69f0eebd25820-label\" for=\"forminator-field-checkbox-3-1-69f0eebd25820\" class=\"forminator-checkbox\" title=\"Annan utbildning (int. utbildning)*\"><input type=\"checkbox\" name=\"checkbox-3[]\" value=\"one\" id=\"forminator-field-checkbox-3-1-69f0eebd25820\" aria-labelledby=\"forminator-field-checkbox-3-1-69f0eebd25820-label\" data-calculation=\"0\"   data-hidden-behavior=\"zero\"\/><span class=\"forminator-checkbox-box\" aria-hidden=\"true\"><\/span><span class=\"forminator-checkbox-label\">Annan utbildning (int. utbildning)*<\/span><\/label><\/div><\/div><div id=\"text-4\" class=\"forminator-field-text forminator-col forminator-col-6\"><div class=\"forminator-field\"><input type=\"text\" name=\"text-4\" value=\"\" placeholder=\"Skolans eller utbildningens namn\" id=\"forminator-field-text-4_69f0eebd25820\" class=\"forminator-input forminator-name--field\" data-required=\"\" \/><\/div><\/div><\/div><div class=\"forminator-row\"><div id=\"html-3\" class=\"forminator-field-html forminator-col forminator-col-12\"><div class=\"forminator-field forminator-merge-tags\" data-field=\"html-3\"><p><strong>Bifoga ditt examensbevis nedan, det \u00e4r obligatoriskt.&nbsp;<\/strong><\/p>\n<p>* Vid annan utbildning (till exempel internationell) skickar du med ett intyg p\u00e5 att din sammanlagda tid i yrket inklusive utbildningstiden.<\/p><\/div><\/div><\/div><div class=\"forminator-row\"><div id=\"upload-1\" class=\"forminator-field-upload forminator-col forminator-col-12\"><div class=\"forminator-field\"><label for=\"forminator-field-upload-1_69f0eebd25820\" id=\"forminator-field-upload-1_69f0eebd25820-label\" class=\"forminator-label\">Bifoga examensbevis &#8211; obligatoriskt <span class=\"forminator-required\">*<\/span><\/label><div class=\"forminator-multi-upload\" data-element=\"upload-1_69f0eebd25820\"><input type=\"file\" name=\"upload-1[]\" id=\"forminator-field-upload-1_69f0eebd25820\" class=\"forminator-input-file-required do-validate forminator-field-upload-1_69f0eebd25820-6338\" multiple=\"multiple\" data-method=\"ajax\" data-limit=\"3\" data-limit-message=\"You can upload a maximum of 3 files.\" data-size=\"8000000\" data-size-message=\"Maximum file size allowed is 8 MB. \"><div class=\"forminator-multi-upload-message\" aria-hidden=\"true\"><span class=\"forminator-icon-upload\" aria-hidden=\"true\"><\/span><p>Drag and Drop (or) <a class=\"forminator-upload-file--forminator-field-upload-1_69f0eebd25820\" href=\"#\" onclick=\"return false;\">Choose Files<\/a><\/p><\/div><\/div><ul class=\"forminator-uploaded-files upload-container-upload-1_69f0eebd25820\"><\/ul><\/div><\/div><\/div><div class=\"forminator-row\"><div id=\"html-4\" class=\"forminator-field-html forminator-col forminator-col-12\"><div class=\"forminator-field forminator-merge-tags\" data-field=\"html-4\"><ul>\n<li>&nbsp;Utbildningar \u00e4r godk\u00e4nda av SHF om vi medverkar med granskare vid utbildningens slutexamen.<\/li>\n<li>Styrelsen i SHF har beslutat att alla som har examen fr\u00e5n Riksanl\u00e4ggningarnas grundutbildningar \u00e4r kvalificerade att avl\u00e4gga Ges\u00e4llprov.<\/li>\n<\/ul>\n<p>Vi h\u00f6r av oss om vi beh\u00f6ver kompletterande uppgifter ut\u00f6ver vad som st\u00e5r ovan.<\/p><\/div><\/div><\/div><input type=\"hidden\" name=\"referer_url\" value=\"\" \/><div class=\"forminator-row forminator-row-last\"><div class=\"forminator-col\"><div class=\"forminator-field\"><button class=\"forminator-button forminator-button-submit\">Skicka ans&ouml;kan<\/button><\/div><\/div><\/div><input type=\"hidden\" id=\"forminator_nonce\" name=\"forminator_nonce\" value=\"e034a88a28\" \/><input type=\"hidden\" name=\"_wp_http_referer\" value=\"\/en\/wp-json\/wp\/v2\/pages\/6400\" \/><input type=\"hidden\" name=\"form_id\" value=\"6338\"><input type=\"hidden\" name=\"page_id\" value=\"6400\"><input type=\"hidden\" name=\"form_type\" value=\"default\"><input type=\"hidden\" name=\"current_url\" value=\"https:\/\/hovslagareforeningen.se\/en\/ansokan-om-gesallprov\/\"><input type=\"hidden\" name=\"render_id\" value=\"0\"><input type=\"hidden\" name=\"forminator-multifile-hidden\" class=\"forminator-multifile-hidden\"><input type=\"hidden\" name=\"action\" value=\"forminator_submit_form_custom-forms\"><input type=\"hidden\" name=\"trp-form-language\" value=\"en\"\/><\/form><\/div>","protected":false},"excerpt":{"rendered":"","protected":false},"author":951,"featured_media":0,"parent":0,"menu_order":0,"comment_status":"closed","ping_status":"closed","template":"","meta":{"_EventAllDay":false,"_EventTimezone":"","_EventStartDate":"","_EventEndDate":"","_EventStartDateUTC":"","_EventEndDateUTC":"","_EventShowMap":false,"_EventShowMapLink":false,"_EventURL":"","_EventCost":"","_EventCostDescription":"","_EventCurrencySymbol":"","_EventCurrencyCode":"","_EventCurrencyPosition":"","_EventDateTimeSeparator":"","_EventTimeRangeSeparator":"","_EventOrganizerID":[],"_EventVenueID":[],"_OrganizerEmail":"","_OrganizerPhone":"","_OrganizerWebsite":"","_VenueAddress":"","_VenueCity":"","_VenueCountry":"","_VenueProvince":"","_VenueState":"","_VenueZip":"","_VenuePhone":"","_VenueURL":"","_VenueStateProvince":"","_VenueLat":"","_VenueLng":"","_VenueShowMap":false,"_VenueShowMapLink":false,"footnotes":""},"class_list":["post-6400","page","type-page","status-publish","hentry"],"blocksy_meta":[],"yoast_head":"<!-- This site is optimized with the Yoast SEO plugin v27.4 - https:\/\/yoast.com\/product\/yoast-seo-wordpress\/ -->\n<title>Ans\u00f6kan om Ges\u00e4llprov - Svenska Hovslagaref\u00f6reningen<\/title>\n<meta name=\"robots\" content=\"index, follow, max-snippet:-1, max-image-preview:large, max-video-preview:-1\" \/>\n<link rel=\"canonical\" href=\"https:\/\/hovslagareforeningen.se\/en\/ansokan-om-gesallprov\/\" \/>\n<meta property=\"og:locale\" content=\"en_GB\" \/>\n<meta property=\"og:type\" content=\"article\" \/>\n<meta property=\"og:title\" content=\"Ans\u00f6kan om Ges\u00e4llprov - Svenska Hovslagaref\u00f6reningen\" \/>\n<meta property=\"og:url\" content=\"https:\/\/hovslagareforeningen.se\/en\/ansokan-om-gesallprov\/\" \/>\n<meta property=\"og:site_name\" content=\"Svenska Hovslagaref\u00f6reningen\" \/>\n<meta property=\"article:publisher\" content=\"https:\/\/www.facebook.com\/SvenskaHovslagareforeningen\" \/>\n<meta property=\"article:modified_time\" content=\"2026-01-20T10:46:37+00:00\" \/>\n<meta name=\"twitter:card\" content=\"summary_large_image\" \/>\n<meta name=\"twitter:label1\" content=\"Estimated reading time\" \/>\n\t<meta name=\"twitter:data1\" content=\"1 minute\" \/>\n<script type=\"application\/ld+json\" class=\"yoast-schema-graph\">{\"@context\":\"https:\\\/\\\/schema.org\",\"@graph\":[{\"@type\":\"WebPage\",\"@id\":\"https:\\\/\\\/hovslagareforeningen.se\\\/ansokan-om-gesallprov\\\/\",\"url\":\"https:\\\/\\\/hovslagareforeningen.se\\\/ansokan-om-gesallprov\\\/\",\"name\":\"Ans\u00f6kan om Ges\u00e4llprov - Svenska Hovslagaref\u00f6reningen\",\"isPartOf\":{\"@id\":\"https:\\\/\\\/hovslagareforeningen.se\\\/#website\"},\"datePublished\":\"2025-01-05T21:54:35+00:00\",\"dateModified\":\"2026-01-20T10:46:37+00:00\",\"breadcrumb\":{\"@id\":\"https:\\\/\\\/hovslagareforeningen.se\\\/ansokan-om-gesallprov\\\/#breadcrumb\"},\"inLanguage\":\"en-GB\",\"potentialAction\":[{\"@type\":\"ReadAction\",\"target\":[\"https:\\\/\\\/hovslagareforeningen.se\\\/ansokan-om-gesallprov\\\/\"]}]},{\"@type\":\"BreadcrumbList\",\"@id\":\"https:\\\/\\\/hovslagareforeningen.se\\\/ansokan-om-gesallprov\\\/#breadcrumb\",\"itemListElement\":[{\"@type\":\"ListItem\",\"position\":1,\"name\":\"Hem\",\"item\":\"https:\\\/\\\/hovslagareforeningen.se\\\/\"},{\"@type\":\"ListItem\",\"position\":2,\"name\":\"Ans\u00f6kan om Ges\u00e4llprov\"}]},{\"@type\":\"WebSite\",\"@id\":\"https:\\\/\\\/hovslagareforeningen.se\\\/#website\",\"url\":\"https:\\\/\\\/hovslagareforeningen.se\\\/\",\"name\":\"Svenska Hovslagaref\u00f6reningen\",\"description\":\"\",\"publisher\":{\"@id\":\"https:\\\/\\\/hovslagareforeningen.se\\\/#organization\"},\"potentialAction\":[{\"@type\":\"SearchAction\",\"target\":{\"@type\":\"EntryPoint\",\"urlTemplate\":\"https:\\\/\\\/hovslagareforeningen.se\\\/?s={search_term_string}\"},\"query-input\":{\"@type\":\"PropertyValueSpecification\",\"valueRequired\":true,\"valueName\":\"search_term_string\"}}],\"inLanguage\":\"en-GB\"},{\"@type\":\"Organization\",\"@id\":\"https:\\\/\\\/hovslagareforeningen.se\\\/#organization\",\"name\":\"Svenska Hovslagaref\u00f6reningen\",\"url\":\"https:\\\/\\\/hovslagareforeningen.se\\\/\",\"logo\":{\"@type\":\"ImageObject\",\"inLanguage\":\"en-GB\",\"@id\":\"https:\\\/\\\/hovslagareforeningen.se\\\/#\\\/schema\\\/logo\\\/image\\\/\",\"url\":\"https:\\\/\\\/i0.wp.com\\\/hovslagareforeningen.se\\\/wp-content\\\/uploads\\\/2025\\\/12\\\/SHF-logo.png?fit=594%2C558&ssl=1\",\"contentUrl\":\"https:\\\/\\\/i0.wp.com\\\/hovslagareforeningen.se\\\/wp-content\\\/uploads\\\/2025\\\/12\\\/SHF-logo.png?fit=594%2C558&ssl=1\",\"width\":594,\"height\":558,\"caption\":\"Svenska Hovslagaref\u00f6reningen\"},\"image\":{\"@id\":\"https:\\\/\\\/hovslagareforeningen.se\\\/#\\\/schema\\\/logo\\\/image\\\/\"},\"sameAs\":[\"https:\\\/\\\/www.facebook.com\\\/SvenskaHovslagareforeningen\",\"https:\\\/\\\/www.instagram.com\\\/svenska_hovslagareforeningen\"]}]}<\/script>\n<!-- \/ Yoast SEO plugin. -->","yoast_head_json":{"title":"Ans\u00f6kan om Ges\u00e4llprov - Svenska Hovslagaref\u00f6reningen","robots":{"index":"index","follow":"follow","max-snippet":"max-snippet:-1","max-image-preview":"max-image-preview:large","max-video-preview":"max-video-preview:-1"},"canonical":"https:\/\/hovslagareforeningen.se\/en\/ansokan-om-gesallprov\/","og_locale":"en_GB","og_type":"article","og_title":"Ans\u00f6kan om Ges\u00e4llprov - Svenska Hovslagaref\u00f6reningen","og_url":"https:\/\/hovslagareforeningen.se\/en\/ansokan-om-gesallprov\/","og_site_name":"Svenska Hovslagaref\u00f6reningen","article_publisher":"https:\/\/www.facebook.com\/SvenskaHovslagareforeningen","article_modified_time":"2026-01-20T10:46:37+00:00","twitter_card":"summary_large_image","twitter_misc":{"Estimated reading time":"1 minute"},"schema":{"@context":"https:\/\/schema.org","@graph":[{"@type":"WebPage","@id":"https:\/\/hovslagareforeningen.se\/ansokan-om-gesallprov\/","url":"https:\/\/hovslagareforeningen.se\/ansokan-om-gesallprov\/","name":"Ans\u00f6kan om Ges\u00e4llprov - Svenska Hovslagaref\u00f6reningen","isPartOf":{"@id":"https:\/\/hovslagareforeningen.se\/#website"},"datePublished":"2025-01-05T21:54:35+00:00","dateModified":"2026-01-20T10:46:37+00:00","breadcrumb":{"@id":"https:\/\/hovslagareforeningen.se\/ansokan-om-gesallprov\/#breadcrumb"},"inLanguage":"en-GB","potentialAction":[{"@type":"ReadAction","target":["https:\/\/hovslagareforeningen.se\/ansokan-om-gesallprov\/"]}]},{"@type":"BreadcrumbList","@id":"https:\/\/hovslagareforeningen.se\/ansokan-om-gesallprov\/#breadcrumb","itemListElement":[{"@type":"ListItem","position":1,"name":"Hem","item":"https:\/\/hovslagareforeningen.se\/"},{"@type":"ListItem","position":2,"name":"Ans\u00f6kan om Ges\u00e4llprov"}]},{"@type":"WebSite","@id":"https:\/\/hovslagareforeningen.se\/#website","url":"https:\/\/hovslagareforeningen.se\/","name":"Svenska Hovslagaref\u00f6reningen","description":"","publisher":{"@id":"https:\/\/hovslagareforeningen.se\/#organization"},"potentialAction":[{"@type":"SearchAction","target":{"@type":"EntryPoint","urlTemplate":"https:\/\/hovslagareforeningen.se\/?s={search_term_string}"},"query-input":{"@type":"PropertyValueSpecification","valueRequired":true,"valueName":"search_term_string"}}],"inLanguage":"en-GB"},{"@type":"Organization","@id":"https:\/\/hovslagareforeningen.se\/#organization","name":"Svenska Hovslagaref\u00f6reningen","url":"https:\/\/hovslagareforeningen.se\/","logo":{"@type":"ImageObject","inLanguage":"en-GB","@id":"https:\/\/hovslagareforeningen.se\/#\/schema\/logo\/image\/","url":"https:\/\/i0.wp.com\/hovslagareforeningen.se\/wp-content\/uploads\/2025\/12\/SHF-logo.png?fit=594%2C558&ssl=1","contentUrl":"https:\/\/i0.wp.com\/hovslagareforeningen.se\/wp-content\/uploads\/2025\/12\/SHF-logo.png?fit=594%2C558&ssl=1","width":594,"height":558,"caption":"Svenska Hovslagaref\u00f6reningen"},"image":{"@id":"https:\/\/hovslagareforeningen.se\/#\/schema\/logo\/image\/"},"sameAs":["https:\/\/www.facebook.com\/SvenskaHovslagareforeningen","https:\/\/www.instagram.com\/svenska_hovslagareforeningen"]}]}},"jetpack_sharing_enabled":true,"_links":{"self":[{"href":"https:\/\/hovslagareforeningen.se\/en\/wp-json\/wp\/v2\/pages\/6400","targetHints":{"allow":["GET"]}}],"collection":[{"href":"https:\/\/hovslagareforeningen.se\/en\/wp-json\/wp\/v2\/pages"}],"about":[{"href":"https:\/\/hovslagareforeningen.se\/en\/wp-json\/wp\/v2\/types\/page"}],"author":[{"embeddable":true,"href":"https:\/\/hovslagareforeningen.se\/en\/wp-json\/wp\/v2\/users\/951"}],"replies":[{"embeddable":true,"href":"https:\/\/hovslagareforeningen.se\/en\/wp-json\/wp\/v2\/comments?post=6400"}],"version-history":[{"count":0,"href":"https:\/\/hovslagareforeningen.se\/en\/wp-json\/wp\/v2\/pages\/6400\/revisions"}],"wp:attachment":[{"href":"https:\/\/hovslagareforeningen.se\/en\/wp-json\/wp\/v2\/media?parent=6400"}],"curies":[{"name":"wp","href":"https:\/\/api.w.org\/{rel}","templated":true}]}}