{"id":6467,"date":"2025-03-07T15:59:48","date_gmt":"2025-03-07T14:59:48","guid":{"rendered":"https:\/\/hovslagareforeningen.se\/?page_id=6467"},"modified":"2026-01-13T19:02:46","modified_gmt":"2026-01-13T18:02:46","slug":"arets-hovslagarekollega-2025","status":"publish","type":"page","link":"https:\/\/hovslagareforeningen.se\/en\/arets-hovslagarekollega-2025\/","title":{"rendered":"\u00c5rets hovslagarekollega 2025"},"content":{"rendered":"<header class=\"entry-header\">\n<h1 class=\"entry-title \"><img data-recalc-dims=\"1\" loading=\"lazy\" decoding=\"async\" class=\"alignnone size-full wp-image-6060\" style=\"font-size: 14px;\" src=\"https:\/\/i0.wp.com\/hovslagareforeningen.se\/wp-content\/uploads\/2024\/04\/kollega.png?resize=1284%2C447&#038;ssl=1\" sizes=\"auto, (max-width: 1284px) 100vw, 1284px\" srcset=\"https:\/\/hovslagareforeningen.se\/wp-content\/uploads\/2024\/04\/kollega.png 1284w, https:\/\/hovslagareforeningen.se\/wp-content\/uploads\/2024\/04\/kollega-300x104.png 300w, https:\/\/hovslagareforeningen.se\/wp-content\/uploads\/2024\/04\/kollega-1024x356.png 1024w, https:\/\/hovslagareforeningen.se\/wp-content\/uploads\/2024\/04\/kollega-768x267.png 768w, https:\/\/hovslagareforeningen.se\/wp-content\/uploads\/2024\/04\/kollega-800x279.png 800w, https:\/\/hovslagareforeningen.se\/wp-content\/uploads\/2024\/04\/kollega-600x209.png 600w\" alt=\"\" width=\"1284\" height=\"447\" \/><\/h1>\n<\/header>\n<div class=\"entry-content\">\n<h3>\u00c5rets nominerade hovslagare \u00e4r, utan inb\u00f6rdes ordning;<\/h3>\n<ol>\n<li><strong>Debora Linn\u00e9r<\/strong><\/li>\n<li><strong>Martin Bruks<\/strong><\/li>\n<li><strong>Hanna Ericson<\/strong><\/li>\n<li><strong>Tobias Ekl\u00f6f<\/strong><\/li>\n<\/ol>\n<p><strong>OBS! Detta \u00e4r \u00e5rets hovslagarekollega 2025 och r\u00f6stningen \u00e4r avslutad.<br \/>\n<\/strong><strong>Grattis Martin Bruks till \u00e5rets hovslagarekollega 2025!<\/strong><\/p>\n<p>R\u00e4kneverket \u00e4r nollst\u00e4llt och ni l\u00e4gger en r\u00f6st p\u00e5 den ni tycker f\u00f6rtj\u00e4nar titeln <strong>&#8220;\u00c5rets hovslagarekollega 2025&#8221;<\/strong>.<\/p>\n<p><strong>Fr\u00e5n nu och fram till 20 april<\/strong>\u00a0utses den b\u00e4sta kollegan via en\u00a0<strong>mailomro\u0308stning.<\/strong> Maila namnet p\u00e5 den du tycker ska vinna till:\u00a0 <a href=\"mailto:hovslagarekollega@hovslagareforeningen.se\">hovslagarekollega@hovslagareforeningen.se.<\/a><\/p>\n<p>Vinnaren kommer att presenteras under l\u00f6rdagens festmiddag under \u00e5rsm\u00f6teshelgen p\u00e5 Solvalla.<\/p>\n<hr \/>\n<p>Motiveringar:<\/p>\n<p>Debora Linn\u00e9r<br \/>\nHon \u00e4r precis den da\u0308r kollegan som man alltid kan ringa fo\u0308r att r\u00e5dfr\u00e5ga och bolla tankar med, eller den som ho\u0308r av sig bara fo\u0308r att fr\u00e5ga hur man m\u00e5r.<br \/>\nHon fixar julbord, middagar och \u00e4r en av dem som man helst vill umg\u00e5s med som man inte bara \u00e4r kollega med.<br \/>\nHon \u00e4r en riktigt bra v\u00e4n. B\u00e4sta!<br \/>\nEn kvinna som enligt mig \u00e4r kunnig och professionell.<br \/>\nM\u00f6ter b\u00e5de h\u00e4st\u00e4gare och deras fyrbenta v\u00e4nner med respekt, \u00e4ven om kemin ibland lyser med sin fr\u00e5nvaro.<\/p>\n<p>Martin Bruks.<br \/>\nMartin \u00e4r den typen av m\u00e4nniska som inte skr\u00e4der orden, utan \u00e4r \u00e4rlig och pushar oss andra alltid fram\u00e5t utan att sj\u00e4lv ha n\u00e5gon vinning i det.<br \/>\nF\u00f6tterna p\u00e5 jorden och du vet alltid var du har honom.<br \/>\nHan bryr sig inte att han sj\u00e4lv f\u00e5r en ekonomisk f\u00f6rlust f\u00f6r att hj\u00e4lpa till.<br \/>\nEn genuint \u00e4rlig m\u00e4nniska\/ kollega \/ v\u00e4n.<\/p>\n<p>Hanna Ericson<br \/>\nJag har aldrig k\u00e4nt att n\u00e5gon fr\u00e5ga varit dum att st\u00e4lla eller st\u00e4lld f\u00f6r m\u00e5nga g\u00e5nger.<br \/>\nHon f\u00e5r mig att vilja forts\u00e4tta utvecklas, l\u00e4ra mig mera.<br \/>\nN\u00e4r stressen har tagit \u00f6ver och sj\u00e4lvf\u00f6rtroendet varit p\u00e5 botten D\u00c5 har hon varit det st\u00f6d jag beh\u00f6vt.<\/p>\n<p>Tobias Ekl\u00f6f<br \/>\nMed ett enormt (skulle kunna s\u00e4ga o\u00e4ndligt) pedagogiskt t\u00e5lamod, har han sedan min f\u00f6rsta praktikdag i februari 2024, l\u00e4rt mig s\u00e5 himla mycket i hovslageriv\u00e4g.<br \/>\nAllt ifr\u00e5n verkning, skoning, sjukbeslag och skoriktning till balansering!<br \/>\nVilken fr\u00e5ga jag \u00e4n kommer med s\u00e5 svarar han hundra g\u00e5nger om s\u00e5 beh\u00f6vs!<br \/>\n(\u00e4ven om det \u00e4r samma fr\u00e5ga som kommer f\u00f6r hundrade g\u00e5ngen)<br \/>\nEfter min grundutbildning s\u00e5 har Tobias varit ett j\u00e4ttestort st\u00f6d, jag har f\u00e5tt forts\u00e4tta utvecklas tillsammans med honom p\u00e5 hans arbetsplatser samtidigtsom jag k\u00e4mpar p\u00e5 med mina egna kunder, och om jag k\u00f6r fast i n\u00e5nting s\u00e5 finns han alltid ett sms\/samtal bort f\u00f6r st\u00f6d och support, han st\u00e4ller alltid upp!<\/p>\n<\/div>\n<div class=\"entry-content\">\n<hr \/>\n<p><strong>Har du den ba\u0308sta hovslagarekollegan i Sverige?<\/strong><br \/>\nDu vet, den da\u0308r kollegan man alltid kan ringa fo\u0308r att r\u00e5dfr\u00e5ga och bolla tankar med, eller den som ho\u0308r av sig bara fo\u0308r att fr\u00e5ga hur du m\u00e5r.<\/p>\n<p>Den person du just nu sitter och ta\u0308nker pa\u030a tycker vi att du ska nominera till <strong>\u201dA\u030arets hovslagarekollega 2025\u201d<\/strong>, som vi kommer att kora under Svenska hovslagarefo\u0308reningens a\u030arsmo\u0308teshelg 25-27 april pa\u030a Solvalla.<\/p>\n<p>Skriv en motivering till varfo\u0308r just hen ska bli A\u030arets hovslagarekollega 2025 och mejla din motivering senast den 5<strong>\u00a0april<\/strong> till:\u00a0<a href=\"mailto:hovslagarekollega@hovslagareforeningen.se\">hovslagarekollega@hovslagareforeningen.se<\/a><\/p>\n<p><strong>Fra\u030an och med den 6 april<\/strong> kommer de fyra hovslagare som f\u00e5tt flest nomineringar att presenteras h\u00e4r pa\u030a hemsidan.<\/p>\n<hr \/>\n<p><strong>Mellan den 6 och fram till 20 april<\/strong>\u00a0utses den b\u00e4sta kollegan via en\u00a0<strong>mejlomro\u0308stning<\/strong>, da\u0308r du l\u00e4gger din r\u00f6st p\u00e5 en av de fyra och mejlar namnet p\u00e5 den du tycker ska vinna till <a href=\"mailto:hovslagarekollega@hovslagareforeningen.se\">hovslagarekollega@hovslagareforeningen.se.<\/a><\/p>\n<p>Vinnaren kommer att presenteras under l\u00f6rdagens festmiddag under \u00e5rsm\u00f6teshelgen p\u00e5 Solvalla.<\/p>\n<p><strong><em>OBS! Den nominerade ska vara medlem i SHF.<\/em><\/strong><\/p>\n<\/div>\n<hr \/>\n<p>[\/et_pb_text][\/et_pb_column][\/et_pb_row][\/et_pb_section]<\/p>\n","protected":false},"excerpt":{"rendered":"<p>\u00c5rets nominerade hovslagare \u00e4r, utan inb\u00f6rdes ordning; Debora Linn\u00e9r Martin Bruks Hanna Ericson Tobias Ekl\u00f6f OBS! Detta \u00e4r \u00e5rets hovslagarekollega 2025 och r\u00f6stningen \u00e4r avslutad. Grattis Martin Bruks till \u00e5rets [&hellip;]<\/p>\n","protected":false},"author":399,"featured_media":6060,"parent":0,"menu_order":0,"comment_status":"closed","ping_status":"closed","template":"","meta":{"_EventAllDay":false,"_EventTimezone":"","_EventStartDate":"","_EventEndDate":"","_EventStartDateUTC":"","_EventEndDateUTC":"","_EventShowMap":false,"_EventShowMapLink":false,"_EventURL":"","_EventCost":"","_EventCostDescription":"","_EventCurrencySymbol":"","_EventCurrencyCode":"","_EventCurrencyPosition":"","_EventDateTimeSeparator":"","_EventTimeRangeSeparator":"","_EventOrganizerID":[],"_EventVenueID":[],"_OrganizerEmail":"","_OrganizerPhone":"","_OrganizerWebsite":"","_VenueAddress":"","_VenueCity":"","_VenueCountry":"","_VenueProvince":"","_VenueState":"","_VenueZip":"","_VenuePhone":"","_VenueURL":"","_VenueStateProvince":"","_VenueLat":"","_VenueLng":"","_VenueShowMap":false,"_VenueShowMapLink":false,"footnotes":""},"class_list":["post-6467","page","type-page","status-publish","has-post-thumbnail","hentry"],"blocksy_meta":[],"yoast_head":"<!-- This site is optimized with the Yoast SEO plugin v27.4 - https:\/\/yoast.com\/product\/yoast-seo-wordpress\/ -->\n<title>\u00c5rets hovslagarekollega 2025 - Svenska Hovslagaref\u00f6reningen<\/title>\n<meta name=\"robots\" content=\"index, follow, max-snippet:-1, max-image-preview:large, max-video-preview:-1\" \/>\n<link rel=\"canonical\" href=\"https:\/\/hovslagareforeningen.se\/en\/arets-hovslagarekollega-2025\/\" \/>\n<meta property=\"og:locale\" content=\"en_GB\" \/>\n<meta property=\"og:type\" content=\"article\" \/>\n<meta property=\"og:title\" content=\"\u00c5rets hovslagarekollega 2025 - Svenska Hovslagaref\u00f6reningen\" \/>\n<meta property=\"og:description\" content=\"\u00c5rets nominerade hovslagare \u00e4r, utan inb\u00f6rdes ordning; Debora Linn\u00e9r Martin Bruks Hanna Ericson Tobias Ekl\u00f6f OBS! Detta \u00e4r \u00e5rets hovslagarekollega 2025 och r\u00f6stningen \u00e4r avslutad. Grattis Martin Bruks till \u00e5rets [&hellip;]\" \/>\n<meta property=\"og:url\" content=\"https:\/\/hovslagareforeningen.se\/en\/arets-hovslagarekollega-2025\/\" \/>\n<meta property=\"og:site_name\" content=\"Svenska Hovslagaref\u00f6reningen\" \/>\n<meta property=\"article:publisher\" content=\"https:\/\/www.facebook.com\/SvenskaHovslagareforeningen\" \/>\n<meta property=\"article:modified_time\" content=\"2026-01-13T18:02:46+00:00\" \/>\n<meta property=\"og:image\" content=\"https:\/\/hovslagareforeningen.se\/wp-content\/uploads\/2024\/04\/kollega-e1743090544696.png\" \/>\n\t<meta property=\"og:image:width\" content=\"660\" \/>\n\t<meta property=\"og:image:height\" content=\"447\" \/>\n\t<meta property=\"og:image:type\" content=\"image\/png\" \/>\n<meta name=\"twitter:card\" content=\"summary_large_image\" \/>\n<meta name=\"twitter:label1\" content=\"Estimated reading time\" \/>\n\t<meta name=\"twitter:data1\" content=\"4 minutes\" \/>\n<script type=\"application\/ld+json\" class=\"yoast-schema-graph\">{\"@context\":\"https:\\\/\\\/schema.org\",\"@graph\":[{\"@type\":\"WebPage\",\"@id\":\"https:\\\/\\\/hovslagareforeningen.se\\\/arets-hovslagarekollega-2025\\\/\",\"url\":\"https:\\\/\\\/hovslagareforeningen.se\\\/arets-hovslagarekollega-2025\\\/\",\"name\":\"\u00c5rets hovslagarekollega 2025 - Svenska Hovslagaref\u00f6reningen\",\"isPartOf\":{\"@id\":\"https:\\\/\\\/hovslagareforeningen.se\\\/#website\"},\"primaryImageOfPage\":{\"@id\":\"https:\\\/\\\/hovslagareforeningen.se\\\/arets-hovslagarekollega-2025\\\/#primaryimage\"},\"image\":{\"@id\":\"https:\\\/\\\/hovslagareforeningen.se\\\/arets-hovslagarekollega-2025\\\/#primaryimage\"},\"thumbnailUrl\":\"https:\\\/\\\/i0.wp.com\\\/hovslagareforeningen.se\\\/wp-content\\\/uploads\\\/2024\\\/04\\\/kollega-e1743090544696.png?fit=660%2C447&ssl=1\",\"datePublished\":\"2025-03-07T14:59:48+00:00\",\"dateModified\":\"2026-01-13T18:02:46+00:00\",\"breadcrumb\":{\"@id\":\"https:\\\/\\\/hovslagareforeningen.se\\\/arets-hovslagarekollega-2025\\\/#breadcrumb\"},\"inLanguage\":\"en-GB\",\"potentialAction\":[{\"@type\":\"ReadAction\",\"target\":[\"https:\\\/\\\/hovslagareforeningen.se\\\/arets-hovslagarekollega-2025\\\/\"]}]},{\"@type\":\"ImageObject\",\"inLanguage\":\"en-GB\",\"@id\":\"https:\\\/\\\/hovslagareforeningen.se\\\/arets-hovslagarekollega-2025\\\/#primaryimage\",\"url\":\"https:\\\/\\\/i0.wp.com\\\/hovslagareforeningen.se\\\/wp-content\\\/uploads\\\/2024\\\/04\\\/kollega-e1743090544696.png?fit=660%2C447&ssl=1\",\"contentUrl\":\"https:\\\/\\\/i0.wp.com\\\/hovslagareforeningen.se\\\/wp-content\\\/uploads\\\/2024\\\/04\\\/kollega-e1743090544696.png?fit=660%2C447&ssl=1\",\"width\":660,\"height\":447},{\"@type\":\"BreadcrumbList\",\"@id\":\"https:\\\/\\\/hovslagareforeningen.se\\\/arets-hovslagarekollega-2025\\\/#breadcrumb\",\"itemListElement\":[{\"@type\":\"ListItem\",\"position\":1,\"name\":\"Hem\",\"item\":\"https:\\\/\\\/hovslagareforeningen.se\\\/\"},{\"@type\":\"ListItem\",\"position\":2,\"name\":\"\u00c5rets hovslagarekollega 2025\"}]},{\"@type\":\"WebSite\",\"@id\":\"https:\\\/\\\/hovslagareforeningen.se\\\/#website\",\"url\":\"https:\\\/\\\/hovslagareforeningen.se\\\/\",\"name\":\"Svenska Hovslagaref\u00f6reningen\",\"description\":\"\",\"publisher\":{\"@id\":\"https:\\\/\\\/hovslagareforeningen.se\\\/#organization\"},\"potentialAction\":[{\"@type\":\"SearchAction\",\"target\":{\"@type\":\"EntryPoint\",\"urlTemplate\":\"https:\\\/\\\/hovslagareforeningen.se\\\/?s={search_term_string}\"},\"query-input\":{\"@type\":\"PropertyValueSpecification\",\"valueRequired\":true,\"valueName\":\"search_term_string\"}}],\"inLanguage\":\"en-GB\"},{\"@type\":\"Organization\",\"@id\":\"https:\\\/\\\/hovslagareforeningen.se\\\/#organization\",\"name\":\"Svenska Hovslagaref\u00f6reningen\",\"url\":\"https:\\\/\\\/hovslagareforeningen.se\\\/\",\"logo\":{\"@type\":\"ImageObject\",\"inLanguage\":\"en-GB\",\"@id\":\"https:\\\/\\\/hovslagareforeningen.se\\\/#\\\/schema\\\/logo\\\/image\\\/\",\"url\":\"https:\\\/\\\/i0.wp.com\\\/hovslagareforeningen.se\\\/wp-content\\\/uploads\\\/2025\\\/12\\\/SHF-logo.png?fit=594%2C558&ssl=1\",\"contentUrl\":\"https:\\\/\\\/i0.wp.com\\\/hovslagareforeningen.se\\\/wp-content\\\/uploads\\\/2025\\\/12\\\/SHF-logo.png?fit=594%2C558&ssl=1\",\"width\":594,\"height\":558,\"caption\":\"Svenska Hovslagaref\u00f6reningen\"},\"image\":{\"@id\":\"https:\\\/\\\/hovslagareforeningen.se\\\/#\\\/schema\\\/logo\\\/image\\\/\"},\"sameAs\":[\"https:\\\/\\\/www.facebook.com\\\/SvenskaHovslagareforeningen\",\"https:\\\/\\\/www.instagram.com\\\/svenska_hovslagareforeningen\"]}]}<\/script>\n<!-- \/ Yoast SEO plugin. -->","yoast_head_json":{"title":"\u00c5rets hovslagarekollega 2025 - Svenska Hovslagaref\u00f6reningen","robots":{"index":"index","follow":"follow","max-snippet":"max-snippet:-1","max-image-preview":"max-image-preview:large","max-video-preview":"max-video-preview:-1"},"canonical":"https:\/\/hovslagareforeningen.se\/en\/arets-hovslagarekollega-2025\/","og_locale":"en_GB","og_type":"article","og_title":"\u00c5rets hovslagarekollega 2025 - Svenska Hovslagaref\u00f6reningen","og_description":"\u00c5rets nominerade hovslagare \u00e4r, utan inb\u00f6rdes ordning; Debora Linn\u00e9r Martin Bruks Hanna Ericson Tobias Ekl\u00f6f OBS! Detta \u00e4r \u00e5rets hovslagarekollega 2025 och r\u00f6stningen \u00e4r avslutad. Grattis Martin Bruks till \u00e5rets [&hellip;]","og_url":"https:\/\/hovslagareforeningen.se\/en\/arets-hovslagarekollega-2025\/","og_site_name":"Svenska Hovslagaref\u00f6reningen","article_publisher":"https:\/\/www.facebook.com\/SvenskaHovslagareforeningen","article_modified_time":"2026-01-13T18:02:46+00:00","og_image":[{"width":660,"height":447,"url":"https:\/\/hovslagareforeningen.se\/wp-content\/uploads\/2024\/04\/kollega-e1743090544696.png","type":"image\/png"}],"twitter_card":"summary_large_image","twitter_misc":{"Estimated reading time":"4 minutes"},"schema":{"@context":"https:\/\/schema.org","@graph":[{"@type":"WebPage","@id":"https:\/\/hovslagareforeningen.se\/arets-hovslagarekollega-2025\/","url":"https:\/\/hovslagareforeningen.se\/arets-hovslagarekollega-2025\/","name":"\u00c5rets hovslagarekollega 2025 - Svenska Hovslagaref\u00f6reningen","isPartOf":{"@id":"https:\/\/hovslagareforeningen.se\/#website"},"primaryImageOfPage":{"@id":"https:\/\/hovslagareforeningen.se\/arets-hovslagarekollega-2025\/#primaryimage"},"image":{"@id":"https:\/\/hovslagareforeningen.se\/arets-hovslagarekollega-2025\/#primaryimage"},"thumbnailUrl":"https:\/\/i0.wp.com\/hovslagareforeningen.se\/wp-content\/uploads\/2024\/04\/kollega-e1743090544696.png?fit=660%2C447&ssl=1","datePublished":"2025-03-07T14:59:48+00:00","dateModified":"2026-01-13T18:02:46+00:00","breadcrumb":{"@id":"https:\/\/hovslagareforeningen.se\/arets-hovslagarekollega-2025\/#breadcrumb"},"inLanguage":"en-GB","potentialAction":[{"@type":"ReadAction","target":["https:\/\/hovslagareforeningen.se\/arets-hovslagarekollega-2025\/"]}]},{"@type":"ImageObject","inLanguage":"en-GB","@id":"https:\/\/hovslagareforeningen.se\/arets-hovslagarekollega-2025\/#primaryimage","url":"https:\/\/i0.wp.com\/hovslagareforeningen.se\/wp-content\/uploads\/2024\/04\/kollega-e1743090544696.png?fit=660%2C447&ssl=1","contentUrl":"https:\/\/i0.wp.com\/hovslagareforeningen.se\/wp-content\/uploads\/2024\/04\/kollega-e1743090544696.png?fit=660%2C447&ssl=1","width":660,"height":447},{"@type":"BreadcrumbList","@id":"https:\/\/hovslagareforeningen.se\/arets-hovslagarekollega-2025\/#breadcrumb","itemListElement":[{"@type":"ListItem","position":1,"name":"Hem","item":"https:\/\/hovslagareforeningen.se\/"},{"@type":"ListItem","position":2,"name":"\u00c5rets hovslagarekollega 2025"}]},{"@type":"WebSite","@id":"https:\/\/hovslagareforeningen.se\/#website","url":"https:\/\/hovslagareforeningen.se\/","name":"Svenska Hovslagaref\u00f6reningen","description":"","publisher":{"@id":"https:\/\/hovslagareforeningen.se\/#organization"},"potentialAction":[{"@type":"SearchAction","target":{"@type":"EntryPoint","urlTemplate":"https:\/\/hovslagareforeningen.se\/?s={search_term_string}"},"query-input":{"@type":"PropertyValueSpecification","valueRequired":true,"valueName":"search_term_string"}}],"inLanguage":"en-GB"},{"@type":"Organization","@id":"https:\/\/hovslagareforeningen.se\/#organization","name":"Svenska Hovslagaref\u00f6reningen","url":"https:\/\/hovslagareforeningen.se\/","logo":{"@type":"ImageObject","inLanguage":"en-GB","@id":"https:\/\/hovslagareforeningen.se\/#\/schema\/logo\/image\/","url":"https:\/\/i0.wp.com\/hovslagareforeningen.se\/wp-content\/uploads\/2025\/12\/SHF-logo.png?fit=594%2C558&ssl=1","contentUrl":"https:\/\/i0.wp.com\/hovslagareforeningen.se\/wp-content\/uploads\/2025\/12\/SHF-logo.png?fit=594%2C558&ssl=1","width":594,"height":558,"caption":"Svenska Hovslagaref\u00f6reningen"},"image":{"@id":"https:\/\/hovslagareforeningen.se\/#\/schema\/logo\/image\/"},"sameAs":["https:\/\/www.facebook.com\/SvenskaHovslagareforeningen","https:\/\/www.instagram.com\/svenska_hovslagareforeningen"]}]}},"jetpack_sharing_enabled":true,"_links":{"self":[{"href":"https:\/\/hovslagareforeningen.se\/en\/wp-json\/wp\/v2\/pages\/6467","targetHints":{"allow":["GET"]}}],"collection":[{"href":"https:\/\/hovslagareforeningen.se\/en\/wp-json\/wp\/v2\/pages"}],"about":[{"href":"https:\/\/hovslagareforeningen.se\/en\/wp-json\/wp\/v2\/types\/page"}],"author":[{"embeddable":true,"href":"https:\/\/hovslagareforeningen.se\/en\/wp-json\/wp\/v2\/users\/399"}],"replies":[{"embeddable":true,"href":"https:\/\/hovslagareforeningen.se\/en\/wp-json\/wp\/v2\/comments?post=6467"}],"version-history":[{"count":0,"href":"https:\/\/hovslagareforeningen.se\/en\/wp-json\/wp\/v2\/pages\/6467\/revisions"}],"wp:featuredmedia":[{"embeddable":true,"href":"https:\/\/hovslagareforeningen.se\/en\/wp-json\/wp\/v2\/media\/6060"}],"wp:attachment":[{"href":"https:\/\/hovslagareforeningen.se\/en\/wp-json\/wp\/v2\/media?parent=6467"}],"curies":[{"name":"wp","href":"https:\/\/api.w.org\/{rel}","templated":true}]}}