{"id":699,"date":"2013-11-06T14:06:06","date_gmt":"2013-11-06T13:06:06","guid":{"rendered":"http:\/\/hovslagar14.84.vildmarksdata.net\/?page_id=699"},"modified":"2020-10-20T11:31:57","modified_gmt":"2020-10-20T09:31:57","slug":"medlemskap","status":"publish","type":"page","link":"https:\/\/hovslagareforeningen.se\/en\/medlemskap\/","title":{"rendered":"Medlemskap"},"content":{"rendered":"<h3>Fullt medlemskap<\/h3>\n<p>\u2013 Kan erh\u00e5llas efter avlagd, av SHF, godk\u00e4nd examen<br \/>\n\u2013 Kan erh\u00e5llas av hovslagare ing\u00e5ende i djurh\u00e4lsopersonalen (av Jordbruksverket godk\u00e4nd hovslagare)<br \/>\n\u2013 Kan erh\u00e5llas efter godk\u00e4nd examen vid SHF\u00b4s fortbildning eller annan till\u00e4ggsutbildning d\u00e4r SHF deltar som granskare<br \/>\n\u2013 Kan erh\u00e5llas av svensk eller utl\u00e4ndsk hovslagare med dokumenterade motsvarande kunskaper. Styrelsen beslutar i varje f\u00f6rekommande fall.<\/p>\n<h3>F\u00f6retagsmedlemskap<\/h3>\n<p>\u2013 Kan erh\u00e5llas av ett hovslagerif\u00f6retag t.ex. aktiebolag.<br \/>\nVillkor i enlighet med &#8220;Fullt medlemsskap&#8221; (se ovan), dock med f\u00f6ljande till\u00e4gg<br \/>\n* F\u00f6retaget m\u00e5ste representeras av en fysisk person som \u00e4r kvalificerad enligt &#8220;Fullt medlemsskap&#8221;. Vid erl\u00e4ggande av medlemsavgift m\u00e5ste anges vem som representerar f\u00f6retaget innevarande \u00e5r.<br \/>\n* Anst\u00e4lld hos ett medlemsf\u00f6retag kan bli medlem om kraven enligt &#8220;Fullt medlemsskap&#8221; uppfylls. F\u00f6r varje anst\u00e4lld betalas full medlemsavgift. Reduktion av avgiften kan f\u00e5s om f\u00f6retaget kan uppvisa bevis f\u00f6r att motsvarande f\u00f6rs\u00e4kringar tecknats under medlemstiden.<br \/>\n* Enbart en person fr\u00e5n varje f\u00f6retag \u00e4r valbar till styrelsen.<\/p>\n<h3>L\u00e4rlingsmedlemskap<\/h3>\n<p>\u2013 Kan erh\u00e5llas under utbildningstiden till senast ett \u00e5r efter avslutad grundutbildning, dock h\u00f6gst fyra \u00e5r sammanlagt.<br \/>\nF\u00f6r l\u00e4rlingsmedlem g\u00e4ller f\u00f6ljande<br \/>\n* Har yttrande- och f\u00f6rslagsr\u00e4tt men inte r\u00f6str\u00e4tt<br \/>\n* \u00c4r ej valbar till styrelsen<br \/>\n* Erl\u00e4gger reducerad medlemsavgift<br \/>\n* Ing\u00e5r endast i kollektiv olycksfallsf\u00f6rs\u00e4kring<\/p>\n<h3>St\u00f6djande medlemskap<\/h3>\n<p>\u2013 Kan erh\u00e5llas av den som vill st\u00f6dja f\u00f6reningen.<br \/>\nF\u00f6r st\u00f6djande medlem g\u00e4ller f\u00f6ljande<br \/>\n* F\u00e5r inte vara yrkesverksam hovslagare<br \/>\n* Har inte r\u00f6str\u00e4tt<br \/>\n* \u00c4r ej valbar till styrelsen<br \/>\n* Erl\u00e4gger reducerad medlemsavgift<br \/>\n* Ing\u00e5r inte i kollektiva f\u00f6rs\u00e4kringar<\/p>\n<h3>Hedersmedlemskap<\/h3>\n<p>En person kan utses till hedersmedlem av ett \u00e5rsm\u00f6te. Hedersmedlemmen betalar inte medlemsavgift. F\u00f6rs\u00e4kringar om s\u00e5dan \u00f6nskas, betalas dock av medlemmen.<\/p>","protected":false},"excerpt":{"rendered":"<p>Fullt medlemskap \u2013 Kan erh\u00e5llas efter avlagd, av SHF, godk\u00e4nd examen \u2013 Kan erh\u00e5llas av hovslagare ing\u00e5ende i djurh\u00e4lsopersonalen (av Jordbruksverket godk\u00e4nd hovslagare) \u2013 Kan erh\u00e5llas efter godk\u00e4nd examen vid [&hellip;]<\/p>\n","protected":false},"author":399,"featured_media":0,"parent":0,"menu_order":0,"comment_status":"closed","ping_status":"closed","template":"","meta":{"_EventAllDay":false,"_EventTimezone":"","_EventStartDate":"","_EventEndDate":"","_EventStartDateUTC":"","_EventEndDateUTC":"","_EventShowMap":false,"_EventShowMapLink":false,"_EventURL":"","_EventCost":"","_EventCostDescription":"","_EventCurrencySymbol":"","_EventCurrencyCode":"","_EventCurrencyPosition":"","_EventDateTimeSeparator":"","_EventTimeRangeSeparator":"","_EventOrganizerID":[],"_EventVenueID":[],"_OrganizerEmail":"","_OrganizerPhone":"","_OrganizerWebsite":"","_VenueAddress":"","_VenueCity":"","_VenueCountry":"","_VenueProvince":"","_VenueState":"","_VenueZip":"","_VenuePhone":"","_VenueURL":"","_VenueStateProvince":"","_VenueLat":"","_VenueLng":"","_VenueShowMap":false,"_VenueShowMapLink":false,"footnotes":""},"class_list":["post-699","page","type-page","status-publish","hentry"],"blocksy_meta":[],"yoast_head":"<!-- This site is optimized with the Yoast SEO plugin v27.5 - https:\/\/yoast.com\/product\/yoast-seo-wordpress\/ -->\n<title>Medlemskap - Svenska Hovslagaref\u00f6reningen<\/title>\n<meta name=\"robots\" content=\"index, follow, max-snippet:-1, max-image-preview:large, max-video-preview:-1\" \/>\n<link rel=\"canonical\" href=\"https:\/\/hovslagareforeningen.se\/en\/medlemskap\/\" \/>\n<meta property=\"og:locale\" content=\"en_GB\" \/>\n<meta property=\"og:type\" content=\"article\" \/>\n<meta property=\"og:title\" content=\"Medlemskap - Svenska Hovslagaref\u00f6reningen\" \/>\n<meta property=\"og:description\" content=\"Fullt medlemskap \u2013 Kan erh\u00e5llas efter avlagd, av SHF, godk\u00e4nd examen \u2013 Kan erh\u00e5llas av hovslagare ing\u00e5ende i djurh\u00e4lsopersonalen (av Jordbruksverket godk\u00e4nd hovslagare) \u2013 Kan erh\u00e5llas efter godk\u00e4nd examen vid [&hellip;]\" \/>\n<meta property=\"og:url\" content=\"https:\/\/hovslagareforeningen.se\/en\/medlemskap\/\" \/>\n<meta property=\"og:site_name\" content=\"Svenska Hovslagaref\u00f6reningen\" \/>\n<meta property=\"article:publisher\" content=\"https:\/\/www.facebook.com\/SvenskaHovslagareforeningen\" \/>\n<meta property=\"article:modified_time\" content=\"2020-10-20T09:31:57+00:00\" \/>\n<meta name=\"twitter:card\" content=\"summary_large_image\" \/>\n<meta name=\"twitter:label1\" content=\"Estimated reading time\" \/>\n\t<meta name=\"twitter:data1\" content=\"2 minutes\" \/>\n<script type=\"application\/ld+json\" class=\"yoast-schema-graph\">{\"@context\":\"https:\\\/\\\/schema.org\",\"@graph\":[{\"@type\":\"WebPage\",\"@id\":\"https:\\\/\\\/hovslagareforeningen.se\\\/medlemskap\\\/\",\"url\":\"https:\\\/\\\/hovslagareforeningen.se\\\/medlemskap\\\/\",\"name\":\"Medlemskap - Svenska Hovslagaref\u00f6reningen\",\"isPartOf\":{\"@id\":\"https:\\\/\\\/hovslagareforeningen.se\\\/#website\"},\"datePublished\":\"2013-11-06T13:06:06+00:00\",\"dateModified\":\"2020-10-20T09:31:57+00:00\",\"breadcrumb\":{\"@id\":\"https:\\\/\\\/hovslagareforeningen.se\\\/medlemskap\\\/#breadcrumb\"},\"inLanguage\":\"en-GB\",\"potentialAction\":[{\"@type\":\"ReadAction\",\"target\":[\"https:\\\/\\\/hovslagareforeningen.se\\\/medlemskap\\\/\"]}]},{\"@type\":\"BreadcrumbList\",\"@id\":\"https:\\\/\\\/hovslagareforeningen.se\\\/medlemskap\\\/#breadcrumb\",\"itemListElement\":[{\"@type\":\"ListItem\",\"position\":1,\"name\":\"Hem\",\"item\":\"https:\\\/\\\/hovslagareforeningen.se\\\/\"},{\"@type\":\"ListItem\",\"position\":2,\"name\":\"Medlemskap\"}]},{\"@type\":\"WebSite\",\"@id\":\"https:\\\/\\\/hovslagareforeningen.se\\\/#website\",\"url\":\"https:\\\/\\\/hovslagareforeningen.se\\\/\",\"name\":\"Svenska Hovslagaref\u00f6reningen\",\"description\":\"\",\"publisher\":{\"@id\":\"https:\\\/\\\/hovslagareforeningen.se\\\/#organization\"},\"potentialAction\":[{\"@type\":\"SearchAction\",\"target\":{\"@type\":\"EntryPoint\",\"urlTemplate\":\"https:\\\/\\\/hovslagareforeningen.se\\\/?s={search_term_string}\"},\"query-input\":{\"@type\":\"PropertyValueSpecification\",\"valueRequired\":true,\"valueName\":\"search_term_string\"}}],\"inLanguage\":\"en-GB\"},{\"@type\":\"Organization\",\"@id\":\"https:\\\/\\\/hovslagareforeningen.se\\\/#organization\",\"name\":\"Svenska Hovslagaref\u00f6reningen\",\"url\":\"https:\\\/\\\/hovslagareforeningen.se\\\/\",\"logo\":{\"@type\":\"ImageObject\",\"inLanguage\":\"en-GB\",\"@id\":\"https:\\\/\\\/hovslagareforeningen.se\\\/#\\\/schema\\\/logo\\\/image\\\/\",\"url\":\"https:\\\/\\\/i0.wp.com\\\/hovslagareforeningen.se\\\/wp-content\\\/uploads\\\/2025\\\/12\\\/SHF-logo.png?fit=594%2C558&ssl=1\",\"contentUrl\":\"https:\\\/\\\/i0.wp.com\\\/hovslagareforeningen.se\\\/wp-content\\\/uploads\\\/2025\\\/12\\\/SHF-logo.png?fit=594%2C558&ssl=1\",\"width\":594,\"height\":558,\"caption\":\"Svenska Hovslagaref\u00f6reningen\"},\"image\":{\"@id\":\"https:\\\/\\\/hovslagareforeningen.se\\\/#\\\/schema\\\/logo\\\/image\\\/\"},\"sameAs\":[\"https:\\\/\\\/www.facebook.com\\\/SvenskaHovslagareforeningen\",\"https:\\\/\\\/www.instagram.com\\\/svenska_hovslagareforeningen\"]}]}<\/script>\n<!-- \/ Yoast SEO plugin. -->","yoast_head_json":{"title":"Medlemskap - Svenska Hovslagaref\u00f6reningen","robots":{"index":"index","follow":"follow","max-snippet":"max-snippet:-1","max-image-preview":"max-image-preview:large","max-video-preview":"max-video-preview:-1"},"canonical":"https:\/\/hovslagareforeningen.se\/en\/medlemskap\/","og_locale":"en_GB","og_type":"article","og_title":"Medlemskap - Svenska Hovslagaref\u00f6reningen","og_description":"Fullt medlemskap \u2013 Kan erh\u00e5llas efter avlagd, av SHF, godk\u00e4nd examen \u2013 Kan erh\u00e5llas av hovslagare ing\u00e5ende i djurh\u00e4lsopersonalen (av Jordbruksverket godk\u00e4nd hovslagare) \u2013 Kan erh\u00e5llas efter godk\u00e4nd examen vid [&hellip;]","og_url":"https:\/\/hovslagareforeningen.se\/en\/medlemskap\/","og_site_name":"Svenska Hovslagaref\u00f6reningen","article_publisher":"https:\/\/www.facebook.com\/SvenskaHovslagareforeningen","article_modified_time":"2020-10-20T09:31:57+00:00","twitter_card":"summary_large_image","twitter_misc":{"Estimated reading time":"2 minutes"},"schema":{"@context":"https:\/\/schema.org","@graph":[{"@type":"WebPage","@id":"https:\/\/hovslagareforeningen.se\/medlemskap\/","url":"https:\/\/hovslagareforeningen.se\/medlemskap\/","name":"Medlemskap - Svenska Hovslagaref\u00f6reningen","isPartOf":{"@id":"https:\/\/hovslagareforeningen.se\/#website"},"datePublished":"2013-11-06T13:06:06+00:00","dateModified":"2020-10-20T09:31:57+00:00","breadcrumb":{"@id":"https:\/\/hovslagareforeningen.se\/medlemskap\/#breadcrumb"},"inLanguage":"en-GB","potentialAction":[{"@type":"ReadAction","target":["https:\/\/hovslagareforeningen.se\/medlemskap\/"]}]},{"@type":"BreadcrumbList","@id":"https:\/\/hovslagareforeningen.se\/medlemskap\/#breadcrumb","itemListElement":[{"@type":"ListItem","position":1,"name":"Hem","item":"https:\/\/hovslagareforeningen.se\/"},{"@type":"ListItem","position":2,"name":"Medlemskap"}]},{"@type":"WebSite","@id":"https:\/\/hovslagareforeningen.se\/#website","url":"https:\/\/hovslagareforeningen.se\/","name":"Svenska Hovslagaref\u00f6reningen","description":"","publisher":{"@id":"https:\/\/hovslagareforeningen.se\/#organization"},"potentialAction":[{"@type":"SearchAction","target":{"@type":"EntryPoint","urlTemplate":"https:\/\/hovslagareforeningen.se\/?s={search_term_string}"},"query-input":{"@type":"PropertyValueSpecification","valueRequired":true,"valueName":"search_term_string"}}],"inLanguage":"en-GB"},{"@type":"Organization","@id":"https:\/\/hovslagareforeningen.se\/#organization","name":"Svenska Hovslagaref\u00f6reningen","url":"https:\/\/hovslagareforeningen.se\/","logo":{"@type":"ImageObject","inLanguage":"en-GB","@id":"https:\/\/hovslagareforeningen.se\/#\/schema\/logo\/image\/","url":"https:\/\/i0.wp.com\/hovslagareforeningen.se\/wp-content\/uploads\/2025\/12\/SHF-logo.png?fit=594%2C558&ssl=1","contentUrl":"https:\/\/i0.wp.com\/hovslagareforeningen.se\/wp-content\/uploads\/2025\/12\/SHF-logo.png?fit=594%2C558&ssl=1","width":594,"height":558,"caption":"Svenska Hovslagaref\u00f6reningen"},"image":{"@id":"https:\/\/hovslagareforeningen.se\/#\/schema\/logo\/image\/"},"sameAs":["https:\/\/www.facebook.com\/SvenskaHovslagareforeningen","https:\/\/www.instagram.com\/svenska_hovslagareforeningen"]}]}},"jetpack_sharing_enabled":true,"_links":{"self":[{"href":"https:\/\/hovslagareforeningen.se\/en\/wp-json\/wp\/v2\/pages\/699","targetHints":{"allow":["GET"]}}],"collection":[{"href":"https:\/\/hovslagareforeningen.se\/en\/wp-json\/wp\/v2\/pages"}],"about":[{"href":"https:\/\/hovslagareforeningen.se\/en\/wp-json\/wp\/v2\/types\/page"}],"author":[{"embeddable":true,"href":"https:\/\/hovslagareforeningen.se\/en\/wp-json\/wp\/v2\/users\/399"}],"replies":[{"embeddable":true,"href":"https:\/\/hovslagareforeningen.se\/en\/wp-json\/wp\/v2\/comments?post=699"}],"version-history":[{"count":0,"href":"https:\/\/hovslagareforeningen.se\/en\/wp-json\/wp\/v2\/pages\/699\/revisions"}],"wp:attachment":[{"href":"https:\/\/hovslagareforeningen.se\/en\/wp-json\/wp\/v2\/media?parent=699"}],"curies":[{"name":"wp","href":"https:\/\/api.w.org\/{rel}","templated":true}]}}