{"id":8403,"date":"2026-05-03T10:59:51","date_gmt":"2026-05-03T08:59:51","guid":{"rendered":"https:\/\/hovslagareforeningen.se\/?page_id=8403"},"modified":"2026-05-03T10:59:53","modified_gmt":"2026-05-03T08:59:53","slug":"arets-hovslagarbil-2","status":"publish","type":"page","link":"https:\/\/hovslagareforeningen.se\/en\/arets-hovslagarbil-2\/","title":{"rendered":"\u00c5rets hovslagarbil"},"content":{"rendered":"<div class=\"wp-block-group is-layout-constrained wp-block-group-is-layout-constrained\">\n<div class=\"wp-block-columns is-layout-flex wp-container-core-columns-is-layout-c1fa583f wp-block-columns-is-layout-flex\">\n<div class=\"wp-block-column is-layout-flow wp-block-column-is-layout-flow\" style=\"flex-basis:66.66%\">\n<p><\/p>\n\n\n\n<h2 class=\"wp-block-heading\">Vinnare av \u00e5rets hovslagarbil<\/h2>\n\n\n\n<figure class=\"wp-block-image size-full\"><img data-recalc-dims=\"1\" loading=\"lazy\" decoding=\"async\" width=\"942\" height=\"210\" src=\"https:\/\/i0.wp.com\/hovslagareforeningen.se\/wp-content\/uploads\/2024\/02\/Arets_hovslagarbil_2024-e1777798696629.jpg?resize=942%2C210&#038;ssl=1\" alt=\"\" class=\"wp-image-5956\" srcset=\"https:\/\/i0.wp.com\/hovslagareforeningen.se\/wp-content\/uploads\/2024\/02\/Arets_hovslagarbil_2024-e1777798696629.jpg?w=942&amp;ssl=1 942w, https:\/\/i0.wp.com\/hovslagareforeningen.se\/wp-content\/uploads\/2024\/02\/Arets_hovslagarbil_2024-e1777798696629.jpg?resize=600%2C134&amp;ssl=1 600w, https:\/\/i0.wp.com\/hovslagareforeningen.se\/wp-content\/uploads\/2024\/02\/Arets_hovslagarbil_2024-e1777798696629.jpg?resize=300%2C67&amp;ssl=1 300w, https:\/\/i0.wp.com\/hovslagareforeningen.se\/wp-content\/uploads\/2024\/02\/Arets_hovslagarbil_2024-e1777798696629.jpg?resize=768%2C171&amp;ssl=1 768w, https:\/\/i0.wp.com\/hovslagareforeningen.se\/wp-content\/uploads\/2024\/02\/Arets_hovslagarbil_2024-e1777798696629.jpg?resize=800%2C178&amp;ssl=1 800w, https:\/\/i0.wp.com\/hovslagareforeningen.se\/wp-content\/uploads\/2024\/02\/Arets_hovslagarbil_2024-e1777798696629.jpg?resize=18%2C4&amp;ssl=1 18w\" sizes=\"auto, (max-width: 942px) 100vw, 942px\" \/><\/figure>\n\n\n\n<p><strong>2026 Sebastian Lago, Renault Master<\/strong><\/p>\n\n\n\n<p><strong>2025 Linus Lundkvist, Chevrolet K30<\/strong><\/p>\n\n\n\n<p><strong>2024 Per Nilsson, Ford Custom<\/strong><\/p>\n\n\n\n<p><strong>2023&nbsp; Niklas Pettersson, VW Transporter<\/strong><\/p>\n\n\n\n<p><strong>2022&nbsp; Anders Norman, Ford Custom<\/strong><\/p>\n\n\n\n<p><strong>2014&nbsp; P\u00e4r Olsson, VW Amaroc<\/strong><\/p>\n<\/div>\n<\/div>\n<\/div>","protected":false},"excerpt":{"rendered":"<p>Vinnare av \u00e5rets hovslagarbil 2026 Sebastian Lago, Renault Master 2025 Linus Lundkvist, Chevrolet K30 2024 Per Nilsson, Ford Custom 2023&nbsp; Niklas Pettersson, VW Transporter 2022&nbsp; Anders Norman, Ford Custom 2014&nbsp; [&hellip;]<\/p>\n","protected":false},"author":1469,"featured_media":0,"parent":0,"menu_order":0,"comment_status":"closed","ping_status":"closed","template":"","meta":{"_EventAllDay":false,"_EventTimezone":"","_EventStartDate":"","_EventEndDate":"","_EventStartDateUTC":"","_EventEndDateUTC":"","_EventShowMap":false,"_EventShowMapLink":false,"_EventURL":"","_EventCost":"","_EventCostDescription":"","_EventCurrencySymbol":"","_EventCurrencyCode":"","_EventCurrencyPosition":"","_EventDateTimeSeparator":"","_EventTimeRangeSeparator":"","_EventOrganizerID":[],"_EventVenueID":[],"_OrganizerEmail":"","_OrganizerPhone":"","_OrganizerWebsite":"","_VenueAddress":"","_VenueCity":"","_VenueCountry":"","_VenueProvince":"","_VenueState":"","_VenueZip":"","_VenuePhone":"","_VenueURL":"","_VenueStateProvince":"","_VenueLat":"","_VenueLng":"","_VenueShowMap":false,"_VenueShowMapLink":false,"footnotes":""},"class_list":["post-8403","page","type-page","status-publish","hentry"],"blocksy_meta":[],"yoast_head":"<!-- This site is optimized with the Yoast SEO plugin v27.5 - https:\/\/yoast.com\/product\/yoast-seo-wordpress\/ -->\n<title>\u00c5rets hovslagarbil - Svenska Hovslagaref\u00f6reningen<\/title>\n<meta name=\"robots\" content=\"index, follow, max-snippet:-1, max-image-preview:large, max-video-preview:-1\" \/>\n<link rel=\"canonical\" href=\"https:\/\/hovslagareforeningen.se\/en\/arets-hovslagarbil-2\/\" \/>\n<meta property=\"og:locale\" content=\"en_GB\" \/>\n<meta property=\"og:type\" content=\"article\" \/>\n<meta property=\"og:title\" content=\"\u00c5rets hovslagarbil - Svenska Hovslagaref\u00f6reningen\" \/>\n<meta property=\"og:description\" content=\"Vinnare av \u00e5rets hovslagarbil 2026 Sebastian Lago, Renault Master 2025 Linus Lundkvist, Chevrolet K30 2024 Per Nilsson, Ford Custom 2023&nbsp; Niklas Pettersson, VW Transporter 2022&nbsp; Anders Norman, Ford Custom 2014&nbsp; [&hellip;]\" \/>\n<meta property=\"og:url\" content=\"https:\/\/hovslagareforeningen.se\/en\/arets-hovslagarbil-2\/\" \/>\n<meta property=\"og:site_name\" content=\"Svenska Hovslagaref\u00f6reningen\" \/>\n<meta property=\"article:publisher\" content=\"https:\/\/www.facebook.com\/SvenskaHovslagareforeningen\" \/>\n<meta property=\"article:modified_time\" content=\"2026-05-03T08:59:53+00:00\" \/>\n<meta property=\"og:image\" content=\"https:\/\/hovslagareforeningen.se\/wp-content\/uploads\/2024\/02\/Arets_hovslagarbil_2024-e1777798696629.jpg\" \/>\n<meta name=\"twitter:card\" content=\"summary_large_image\" \/>\n<meta name=\"twitter:label1\" content=\"Estimated reading time\" \/>\n\t<meta name=\"twitter:data1\" content=\"1 minute\" \/>\n<script type=\"application\/ld+json\" class=\"yoast-schema-graph\">{\"@context\":\"https:\\\/\\\/schema.org\",\"@graph\":[{\"@type\":\"WebPage\",\"@id\":\"https:\\\/\\\/hovslagareforeningen.se\\\/arets-hovslagarbil-2\\\/\",\"url\":\"https:\\\/\\\/hovslagareforeningen.se\\\/arets-hovslagarbil-2\\\/\",\"name\":\"\u00c5rets hovslagarbil - Svenska Hovslagaref\u00f6reningen\",\"isPartOf\":{\"@id\":\"https:\\\/\\\/hovslagareforeningen.se\\\/#website\"},\"primaryImageOfPage\":{\"@id\":\"https:\\\/\\\/hovslagareforeningen.se\\\/arets-hovslagarbil-2\\\/#primaryimage\"},\"image\":{\"@id\":\"https:\\\/\\\/hovslagareforeningen.se\\\/arets-hovslagarbil-2\\\/#primaryimage\"},\"thumbnailUrl\":\"https:\\\/\\\/hovslagareforeningen.se\\\/wp-content\\\/uploads\\\/2024\\\/02\\\/Arets_hovslagarbil_2024-e1777798696629.jpg\",\"datePublished\":\"2026-05-03T08:59:51+00:00\",\"dateModified\":\"2026-05-03T08:59:53+00:00\",\"breadcrumb\":{\"@id\":\"https:\\\/\\\/hovslagareforeningen.se\\\/arets-hovslagarbil-2\\\/#breadcrumb\"},\"inLanguage\":\"en-GB\",\"potentialAction\":[{\"@type\":\"ReadAction\",\"target\":[\"https:\\\/\\\/hovslagareforeningen.se\\\/arets-hovslagarbil-2\\\/\"]}]},{\"@type\":\"ImageObject\",\"inLanguage\":\"en-GB\",\"@id\":\"https:\\\/\\\/hovslagareforeningen.se\\\/arets-hovslagarbil-2\\\/#primaryimage\",\"url\":\"https:\\\/\\\/hovslagareforeningen.se\\\/wp-content\\\/uploads\\\/2024\\\/02\\\/Arets_hovslagarbil_2024-e1777798696629.jpg\",\"contentUrl\":\"https:\\\/\\\/hovslagareforeningen.se\\\/wp-content\\\/uploads\\\/2024\\\/02\\\/Arets_hovslagarbil_2024-e1777798696629.jpg\"},{\"@type\":\"BreadcrumbList\",\"@id\":\"https:\\\/\\\/hovslagareforeningen.se\\\/arets-hovslagarbil-2\\\/#breadcrumb\",\"itemListElement\":[{\"@type\":\"ListItem\",\"position\":1,\"name\":\"Hem\",\"item\":\"https:\\\/\\\/hovslagareforeningen.se\\\/\"},{\"@type\":\"ListItem\",\"position\":2,\"name\":\"\u00c5rets hovslagarbil\"}]},{\"@type\":\"WebSite\",\"@id\":\"https:\\\/\\\/hovslagareforeningen.se\\\/#website\",\"url\":\"https:\\\/\\\/hovslagareforeningen.se\\\/\",\"name\":\"Svenska Hovslagaref\u00f6reningen\",\"description\":\"\",\"publisher\":{\"@id\":\"https:\\\/\\\/hovslagareforeningen.se\\\/#organization\"},\"potentialAction\":[{\"@type\":\"SearchAction\",\"target\":{\"@type\":\"EntryPoint\",\"urlTemplate\":\"https:\\\/\\\/hovslagareforeningen.se\\\/?s={search_term_string}\"},\"query-input\":{\"@type\":\"PropertyValueSpecification\",\"valueRequired\":true,\"valueName\":\"search_term_string\"}}],\"inLanguage\":\"en-GB\"},{\"@type\":\"Organization\",\"@id\":\"https:\\\/\\\/hovslagareforeningen.se\\\/#organization\",\"name\":\"Svenska Hovslagaref\u00f6reningen\",\"url\":\"https:\\\/\\\/hovslagareforeningen.se\\\/\",\"logo\":{\"@type\":\"ImageObject\",\"inLanguage\":\"en-GB\",\"@id\":\"https:\\\/\\\/hovslagareforeningen.se\\\/#\\\/schema\\\/logo\\\/image\\\/\",\"url\":\"https:\\\/\\\/i0.wp.com\\\/hovslagareforeningen.se\\\/wp-content\\\/uploads\\\/2025\\\/12\\\/SHF-logo.png?fit=594%2C558&ssl=1\",\"contentUrl\":\"https:\\\/\\\/i0.wp.com\\\/hovslagareforeningen.se\\\/wp-content\\\/uploads\\\/2025\\\/12\\\/SHF-logo.png?fit=594%2C558&ssl=1\",\"width\":594,\"height\":558,\"caption\":\"Svenska Hovslagaref\u00f6reningen\"},\"image\":{\"@id\":\"https:\\\/\\\/hovslagareforeningen.se\\\/#\\\/schema\\\/logo\\\/image\\\/\"},\"sameAs\":[\"https:\\\/\\\/www.facebook.com\\\/SvenskaHovslagareforeningen\",\"https:\\\/\\\/www.instagram.com\\\/svenska_hovslagareforeningen\"]}]}<\/script>\n<!-- \/ Yoast SEO plugin. -->","yoast_head_json":{"title":"\u00c5rets hovslagarbil - Svenska Hovslagaref\u00f6reningen","robots":{"index":"index","follow":"follow","max-snippet":"max-snippet:-1","max-image-preview":"max-image-preview:large","max-video-preview":"max-video-preview:-1"},"canonical":"https:\/\/hovslagareforeningen.se\/en\/arets-hovslagarbil-2\/","og_locale":"en_GB","og_type":"article","og_title":"\u00c5rets hovslagarbil - Svenska Hovslagaref\u00f6reningen","og_description":"Vinnare av \u00e5rets hovslagarbil 2026 Sebastian Lago, Renault Master 2025 Linus Lundkvist, Chevrolet K30 2024 Per Nilsson, Ford Custom 2023&nbsp; Niklas Pettersson, VW Transporter 2022&nbsp; Anders Norman, Ford Custom 2014&nbsp; [&hellip;]","og_url":"https:\/\/hovslagareforeningen.se\/en\/arets-hovslagarbil-2\/","og_site_name":"Svenska Hovslagaref\u00f6reningen","article_publisher":"https:\/\/www.facebook.com\/SvenskaHovslagareforeningen","article_modified_time":"2026-05-03T08:59:53+00:00","og_image":[{"url":"https:\/\/hovslagareforeningen.se\/wp-content\/uploads\/2024\/02\/Arets_hovslagarbil_2024-e1777798696629.jpg","type":"","width":"","height":""}],"twitter_card":"summary_large_image","twitter_misc":{"Estimated reading time":"1 minute"},"schema":{"@context":"https:\/\/schema.org","@graph":[{"@type":"WebPage","@id":"https:\/\/hovslagareforeningen.se\/arets-hovslagarbil-2\/","url":"https:\/\/hovslagareforeningen.se\/arets-hovslagarbil-2\/","name":"\u00c5rets hovslagarbil - Svenska Hovslagaref\u00f6reningen","isPartOf":{"@id":"https:\/\/hovslagareforeningen.se\/#website"},"primaryImageOfPage":{"@id":"https:\/\/hovslagareforeningen.se\/arets-hovslagarbil-2\/#primaryimage"},"image":{"@id":"https:\/\/hovslagareforeningen.se\/arets-hovslagarbil-2\/#primaryimage"},"thumbnailUrl":"https:\/\/hovslagareforeningen.se\/wp-content\/uploads\/2024\/02\/Arets_hovslagarbil_2024-e1777798696629.jpg","datePublished":"2026-05-03T08:59:51+00:00","dateModified":"2026-05-03T08:59:53+00:00","breadcrumb":{"@id":"https:\/\/hovslagareforeningen.se\/arets-hovslagarbil-2\/#breadcrumb"},"inLanguage":"en-GB","potentialAction":[{"@type":"ReadAction","target":["https:\/\/hovslagareforeningen.se\/arets-hovslagarbil-2\/"]}]},{"@type":"ImageObject","inLanguage":"en-GB","@id":"https:\/\/hovslagareforeningen.se\/arets-hovslagarbil-2\/#primaryimage","url":"https:\/\/hovslagareforeningen.se\/wp-content\/uploads\/2024\/02\/Arets_hovslagarbil_2024-e1777798696629.jpg","contentUrl":"https:\/\/hovslagareforeningen.se\/wp-content\/uploads\/2024\/02\/Arets_hovslagarbil_2024-e1777798696629.jpg"},{"@type":"BreadcrumbList","@id":"https:\/\/hovslagareforeningen.se\/arets-hovslagarbil-2\/#breadcrumb","itemListElement":[{"@type":"ListItem","position":1,"name":"Hem","item":"https:\/\/hovslagareforeningen.se\/"},{"@type":"ListItem","position":2,"name":"\u00c5rets hovslagarbil"}]},{"@type":"WebSite","@id":"https:\/\/hovslagareforeningen.se\/#website","url":"https:\/\/hovslagareforeningen.se\/","name":"Svenska Hovslagaref\u00f6reningen","description":"","publisher":{"@id":"https:\/\/hovslagareforeningen.se\/#organization"},"potentialAction":[{"@type":"SearchAction","target":{"@type":"EntryPoint","urlTemplate":"https:\/\/hovslagareforeningen.se\/?s={search_term_string}"},"query-input":{"@type":"PropertyValueSpecification","valueRequired":true,"valueName":"search_term_string"}}],"inLanguage":"en-GB"},{"@type":"Organization","@id":"https:\/\/hovslagareforeningen.se\/#organization","name":"Svenska Hovslagaref\u00f6reningen","url":"https:\/\/hovslagareforeningen.se\/","logo":{"@type":"ImageObject","inLanguage":"en-GB","@id":"https:\/\/hovslagareforeningen.se\/#\/schema\/logo\/image\/","url":"https:\/\/i0.wp.com\/hovslagareforeningen.se\/wp-content\/uploads\/2025\/12\/SHF-logo.png?fit=594%2C558&ssl=1","contentUrl":"https:\/\/i0.wp.com\/hovslagareforeningen.se\/wp-content\/uploads\/2025\/12\/SHF-logo.png?fit=594%2C558&ssl=1","width":594,"height":558,"caption":"Svenska Hovslagaref\u00f6reningen"},"image":{"@id":"https:\/\/hovslagareforeningen.se\/#\/schema\/logo\/image\/"},"sameAs":["https:\/\/www.facebook.com\/SvenskaHovslagareforeningen","https:\/\/www.instagram.com\/svenska_hovslagareforeningen"]}]}},"jetpack_sharing_enabled":true,"_links":{"self":[{"href":"https:\/\/hovslagareforeningen.se\/en\/wp-json\/wp\/v2\/pages\/8403","targetHints":{"allow":["GET"]}}],"collection":[{"href":"https:\/\/hovslagareforeningen.se\/en\/wp-json\/wp\/v2\/pages"}],"about":[{"href":"https:\/\/hovslagareforeningen.se\/en\/wp-json\/wp\/v2\/types\/page"}],"author":[{"embeddable":true,"href":"https:\/\/hovslagareforeningen.se\/en\/wp-json\/wp\/v2\/users\/1469"}],"replies":[{"embeddable":true,"href":"https:\/\/hovslagareforeningen.se\/en\/wp-json\/wp\/v2\/comments?post=8403"}],"version-history":[{"count":0,"href":"https:\/\/hovslagareforeningen.se\/en\/wp-json\/wp\/v2\/pages\/8403\/revisions"}],"wp:attachment":[{"href":"https:\/\/hovslagareforeningen.se\/en\/wp-json\/wp\/v2\/media?parent=8403"}],"curies":[{"name":"wp","href":"https:\/\/api.w.org\/{rel}","templated":true}]}}